{"id":7045,"date":"2020-10-16T12:11:06","date_gmt":"2021-10-08T11:18:17","guid":{"rendered":"https:\/\/www.mugavero.it\/?post_type=product&#038;p=7045"},"modified":"2024-07-23T09:51:11","modified_gmt":"2024-07-23T07:51:11","slug":"gran-riserva","status":"publish","type":"product","link":"https:\/\/www.mugavero.it\/tr\/g\u00fcbre\/gran-riserva\/","title":{"rendered":"Gran Riserva"},"content":{"rendered":"<div class=\"page\" title=\"Page 2\">\n<div class=\"section\">\n<div class=\"layoutArea\">\n<div class=\"column\">\n<p>GRAN RISERVA, hasat sonras\u0131 yaprak d\u00f6ken meyve t\u00fcrlerinde rezerv maddelerin birikimini te\u015fvik etmek i\u00e7in tasarlanm\u0131\u015f bir biyo-uyar\u0131c\u0131d\u0131r.<\/p>\n<p>Tomurcuklar\u0131n dormansi giri\u015fini tetikleyerek filloptoziyi destekler ve h\u0131zland\u0131r\u0131r.Uygulama \u00f6zellikle odunsu yap\u0131n\u0131n olgunla\u015fmas\u0131nda gecikmeye neden olan y\u00fcksek termal de\u011ferlere ve bitkinin beslenme dengesizliklerinin oldu\u011fu sonbaharda etkilidir.<\/p>\n<p>Lignos\u00fclfonatlar\u0131n varl\u0131\u011f\u0131, odunsu yap\u0131ya biyotik ve abiyotik maddelere kar\u015f\u0131 daha fazla diren\u00e7 kazand\u0131r\u0131r.Mevcut mikro elementler, Zn ve Mn \u00fcr\u00fcne belirgin y\u00fczey aktif madde ve ay\u0131rma \u00f6zellikleri verir. GRAN RISERVA asl\u0131nda bitkinin so\u011fu\u011fa kar\u015f\u0131 direncini ve patojenlere (mantarlar ve bakteriler) kar\u015f\u0131 savunmas\u0131n\u0131 iyile\u015ftirir.<\/p>\n<\/div>\n<\/div>\n<\/div>\n<\/div>\n","protected":false},"excerpt":{"rendered":"<p>GRAN RISERVA, hasat sonras\u0131 yaprak d\u00f6ken meyve t\u00fcrlerinde rezerv maddelerin birikimini te\u015fvik etmek i\u00e7in tasarlanm\u0131\u015f bir biyo-uyar\u0131c\u0131d\u0131r.<\/p>\n<p>Tomurcuklar\u0131n dormansi giri\u015fini ind\u00fckleyerek filloptoziyi destekler ve h\u0131zland\u0131r\u0131r, uygulama \u00f6zellikle ah\u015fab\u0131n olgunla\u015fmas\u0131nda bir gecikme ile vurgulanan y\u00fcksek termal de\u011ferlere ve bitkinin beslenme dengesizliklerine sahip sonbaharlar\u0131n varl\u0131\u011f\u0131nda endikedir.<\/p>\n<p><img decoding=\"async\" class=\"alignnone wp-image-7119\" src=\"https:\/\/www.mugavero.it\/wp-content\/uploads\/2021\/10\/BOTTIGLIA.png\" alt=\"\" width=\"42\" height=\"42\" srcset=\"https:\/\/www.mugavero.it\/wp-content\/uploads\/2021\/10\/BOTTIGLIA.png 238w, https:\/\/www.mugavero.it\/wp-content\/uploads\/2021\/10\/BOTTIGLIA-150x150.png 150w, https:\/\/www.mugavero.it\/wp-content\/uploads\/2021\/10\/BOTTIGLIA-187x187.png 187w, https:\/\/www.mugavero.it\/wp-content\/uploads\/2021\/10\/BOTTIGLIA-100x100.png 100w\" sizes=\"(max-width: 42px) 100vw, 42px\" \/>1\u00a0 \u00a0<img decoding=\"async\" class=\"alignnone wp-image-7111\" src=\"https:\/\/www.mugavero.it\/wp-content\/uploads\/2019\/10\/TANICA.png\" alt=\"\" width=\"38\" height=\"38\" srcset=\"https:\/\/www.mugavero.it\/wp-content\/uploads\/2019\/10\/TANICA.png 238w, https:\/\/www.mugavero.it\/wp-content\/uploads\/2019\/10\/TANICA-150x150.png 150w, https:\/\/www.mugavero.it\/wp-content\/uploads\/2019\/10\/TANICA-187x187.png 187w, https:\/\/www.mugavero.it\/wp-content\/uploads\/2019\/10\/TANICA-100x100.png 100w\" sizes=\"(max-width: 38px) 100vw, 38px\" \/>5\/20<\/p>\n<p><img decoding=\"async\" class=\"alignnone wp-image-7076 \" src=\"https:\/\/www.mugavero.it\/wp-content\/uploads\/2019\/01\/FOGLIARE.png\" alt=\"\" width=\"35\" height=\"35\" srcset=\"https:\/\/www.mugavero.it\/wp-content\/uploads\/2019\/01\/FOGLIARE.png 238w, https:\/\/www.mugavero.it\/wp-content\/uploads\/2019\/01\/FOGLIARE-150x150.png 150w, https:\/\/www.mugavero.it\/wp-content\/uploads\/2019\/01\/FOGLIARE-186x187.png 186w, https:\/\/www.mugavero.it\/wp-content\/uploads\/2019\/01\/FOGLIARE-100x100.png 100w\" sizes=\"(max-width: 35px) 100vw, 35px\" \/> Yaprak<\/p>\n<p><img decoding=\"async\" class=\"alignnone wp-image-7083 \" src=\"https:\/\/www.mugavero.it\/wp-content\/uploads\/2019\/01\/FERTIRRIGAZIONE.png\" alt=\"\" width=\"35\" height=\"35\" srcset=\"https:\/\/www.mugavero.it\/wp-content\/uploads\/2019\/01\/FERTIRRIGAZIONE.png 238w, https:\/\/www.mugavero.it\/wp-content\/uploads\/2019\/01\/FERTIRRIGAZIONE-150x150.png 150w, https:\/\/www.mugavero.it\/wp-content\/uploads\/2019\/01\/FERTIRRIGAZIONE-187x187.png 187w, https:\/\/www.mugavero.it\/wp-content\/uploads\/2019\/01\/FERTIRRIGAZIONE-100x100.png 100w\" sizes=\"(max-width: 35px) 100vw, 35px\" \/> G\u00fcbreleme<\/p>\n<p><img decoding=\"async\" class=\"alignnone wp-image-7097 \" src=\"https:\/\/www.mugavero.it\/wp-content\/uploads\/2019\/01\/ECO-SOSTENIBILE.png\" alt=\"\" width=\"30\" height=\"30\" srcset=\"https:\/\/www.mugavero.it\/wp-content\/uploads\/2019\/01\/ECO-SOSTENIBILE.png 238w, https:\/\/www.mugavero.it\/wp-content\/uploads\/2019\/01\/ECO-SOSTENIBILE-150x150.png 150w, https:\/\/www.mugavero.it\/wp-content\/uploads\/2019\/01\/ECO-SOSTENIBILE-187x187.png 187w, https:\/\/www.mugavero.it\/wp-content\/uploads\/2019\/01\/ECO-SOSTENIBILE-100x100.png 100w\" sizes=\"(max-width: 30px) 100vw, 30px\" \/> Eko-s\u00fcrd\u00fcr\u00fclebilir ambalaj<\/p>\n<p><img decoding=\"async\" class=\"alignnone wp-image-7148\" src=\"https:\/\/www.mugavero.it\/wp-content\/uploads\/2021\/11\/RESIDUO_ZERO.png\" alt=\"\" width=\"34\" height=\"34\" srcset=\"https:\/\/www.mugavero.it\/wp-content\/uploads\/2021\/11\/RESIDUO_ZERO.png 418w, https:\/\/www.mugavero.it\/wp-content\/uploads\/2021\/11\/RESIDUO_ZERO-300x300.png 300w, https:\/\/www.mugavero.it\/wp-content\/uploads\/2021\/11\/RESIDUO_ZERO-150x150.png 150w, https:\/\/www.mugavero.it\/wp-content\/uploads\/2021\/11\/RESIDUO_ZERO-187x187.png 187w, https:\/\/www.mugavero.it\/wp-content\/uploads\/2021\/11\/RESIDUO_ZERO-100x100.png 100w\" sizes=\"(max-width: 34px) 100vw, 34px\" \/> S\u0131f\u0131r kal\u0131nt\u0131<\/p>\n","protected":false},"featured_media":7197,"template":"","meta":{"_exactmetrics_skip_tracking":false,"_exactmetrics_sitenote_active":false,"_exactmetrics_sitenote_note":"","_exactmetrics_sitenote_category":0},"yoast_head":"<!-- This site is optimized with the Yoast SEO plugin v23.4 - https:\/\/yoast.com\/wordpress\/plugins\/seo\/ -->\n<title>Gran Riserva | Mugavero | BiyoStim\u00fclantlar<\/title>\n<meta name=\"description\" content=\"GRAN RISERVA, hasat sonras\u0131 yaprak d\u00f6ken meyve t\u00fcrlerinde rezerv maddelerin birikimini te\u015fvik etmek i\u00e7in tasarlanm\u0131\u015f bir biyo-uyar\u0131c\u0131d\u0131r (...)\" \/>\n<meta name=\"robots\" content=\"index, follow, max-snippet:-1, max-image-preview:large, max-video-preview:-1\" \/>\n<link rel=\"canonical\" href=\"https:\/\/www.mugavero.it\/tr\/g\u00fcbre\/gran-riserva\/\" \/>\n<meta property=\"og:locale\" content=\"tr_TR\" \/>\n<meta property=\"og:type\" content=\"article\" \/>\n<meta property=\"og:title\" content=\"Gran Riserva | Mugavero | BiyoStim\u00fclantlar\" \/>\n<meta property=\"og:description\" content=\"GRAN RISERVA, hasat sonras\u0131 yaprak d\u00f6ken meyve t\u00fcrlerinde rezerv maddelerin birikimini te\u015fvik etmek i\u00e7in tasarlanm\u0131\u015f bir biyo-uyar\u0131c\u0131d\u0131r (...)\" \/>\n<meta property=\"og:url\" content=\"https:\/\/www.mugavero.it\/tr\/g\u00fcbre\/gran-riserva\/\" \/>\n<meta property=\"og:site_name\" content=\"Mugavero\" \/>\n<meta property=\"article:publisher\" content=\"https:\/\/www.facebook.com\/mugaverofertilizers\/\" \/>\n<meta property=\"article:modified_time\" content=\"2024-07-23T07:51:11+00:00\" \/>\n<meta property=\"og:image\" content=\"https:\/\/www.mugavero.it\/wp-content\/uploads\/2020\/10\/GRAN-RISERVA.png\" \/>\n\t<meta property=\"og:image:width\" content=\"1181\" \/>\n\t<meta property=\"og:image:height\" content=\"1181\" \/>\n\t<meta property=\"og:image:type\" content=\"image\/png\" \/>\n<meta name=\"twitter:card\" content=\"summary_large_image\" \/>\n<meta name=\"twitter:label1\" content=\"Tahmini okuma s\u00fcresi\" \/>\n\t<meta name=\"twitter:data1\" content=\"1 dakika\" \/>\n<script type=\"application\/ld+json\" class=\"yoast-schema-graph\">{\"@context\":\"https:\/\/schema.org\",\"@graph\":[{\"@type\":\"WebPage\",\"@id\":\"https:\/\/www.mugavero.it\/tr\/g\u00fcbre\/gran-riserva\/\",\"url\":\"https:\/\/www.mugavero.it\/tr\/g\u00fcbre\/gran-riserva\/\",\"name\":\"Gran Riserva | Mugavero | BiyoStim\u00fclantlar\",\"isPartOf\":{\"@id\":\"https:\/\/www.mugavero.it\/tr\/#website\"},\"primaryImageOfPage\":{\"@id\":\"https:\/\/www.mugavero.it\/tr\/g\u00fcbre\/gran-riserva\/#primaryimage\"},\"image\":{\"@id\":\"https:\/\/www.mugavero.it\/tr\/g\u00fcbre\/gran-riserva\/#primaryimage\"},\"thumbnailUrl\":\"https:\/\/www.mugavero.it\/wp-content\/uploads\/2020\/10\/GRAN-RISERVA.png\",\"datePublished\":\"2021-10-08T11:18:17+00:00\",\"dateModified\":\"2024-07-23T07:51:11+00:00\",\"description\":\"GRAN RISERVA, hasat sonras\u0131 yaprak d\u00f6ken meyve t\u00fcrlerinde rezerv maddelerin birikimini te\u015fvik etmek i\u00e7in tasarlanm\u0131\u015f bir biyo-uyar\u0131c\u0131d\u0131r (...)\",\"breadcrumb\":{\"@id\":\"https:\/\/www.mugavero.it\/tr\/g\u00fcbre\/gran-riserva\/#breadcrumb\"},\"inLanguage\":\"tr\",\"potentialAction\":[{\"@type\":\"ReadAction\",\"target\":[\"https:\/\/www.mugavero.it\/tr\/g\u00fcbre\/gran-riserva\/\"]}]},{\"@type\":\"ImageObject\",\"inLanguage\":\"tr\",\"@id\":\"https:\/\/www.mugavero.it\/tr\/g\u00fcbre\/gran-riserva\/#primaryimage\",\"url\":\"https:\/\/www.mugavero.it\/wp-content\/uploads\/2020\/10\/GRAN-RISERVA.png\",\"contentUrl\":\"https:\/\/www.mugavero.it\/wp-content\/uploads\/2020\/10\/GRAN-RISERVA.png\",\"width\":1181,\"height\":1181},{\"@type\":\"BreadcrumbList\",\"@id\":\"https:\/\/www.mugavero.it\/tr\/g\u00fcbre\/gran-riserva\/#breadcrumb\",\"itemListElement\":[{\"@type\":\"ListItem\",\"position\":1,\"name\":\"Home\",\"item\":\"https:\/\/www.mugavero.it\/tr\/\"},{\"@type\":\"ListItem\",\"position\":2,\"name\":\"Catalogo\",\"item\":\"https:\/\/www.mugavero.it\/tr\/katalog\/\"},{\"@type\":\"ListItem\",\"position\":3,\"name\":\"Gran Riserva\"}]},{\"@type\":\"WebSite\",\"@id\":\"https:\/\/www.mugavero.it\/tr\/#website\",\"url\":\"https:\/\/www.mugavero.it\/tr\/\",\"name\":\"Mugavero Fertilizers\",\"description\":\"It&#039;s Green, White and Red\",\"publisher\":{\"@id\":\"https:\/\/www.mugavero.it\/tr\/#organization\"},\"potentialAction\":[{\"@type\":\"SearchAction\",\"target\":{\"@type\":\"EntryPoint\",\"urlTemplate\":\"https:\/\/www.mugavero.it\/tr\/?s={search_term_string}\"},\"query-input\":{\"@type\":\"PropertyValueSpecification\",\"valueRequired\":true,\"valueName\":\"search_term_string\"}}],\"inLanguage\":\"tr\"},{\"@type\":\"Organization\",\"@id\":\"https:\/\/www.mugavero.it\/tr\/#organization\",\"name\":\"Mugavero Fertilizzanti\",\"url\":\"https:\/\/www.mugavero.it\/tr\/\",\"logo\":{\"@type\":\"ImageObject\",\"inLanguage\":\"tr\",\"@id\":\"https:\/\/www.mugavero.it\/tr\/#\/schema\/logo\/image\/\",\"url\":\"https:\/\/www.mugavero.it\/wp-content\/uploads\/2019\/03\/MUGAVERO-LOGO-ita.png\",\"contentUrl\":\"https:\/\/www.mugavero.it\/wp-content\/uploads\/2019\/03\/MUGAVERO-LOGO-ita.png\",\"width\":1000,\"height\":656,\"caption\":\"Mugavero Fertilizzanti\"},\"image\":{\"@id\":\"https:\/\/www.mugavero.it\/tr\/#\/schema\/logo\/image\/\"},\"sameAs\":[\"https:\/\/www.facebook.com\/mugaverofertilizers\/\",\"https:\/\/www.instagram.com\/mugaverofertilizers\/\",\"https:\/\/www.linkedin.com\/company\/mugavero-fertilizers-official\/\",\"https:\/\/www.youtube.com\/channel\/UCcVmJoiUaqBv_pMIGSe6E2A\"]}]}<\/script>\n<!-- \/ Yoast SEO plugin. -->","yoast_head_json":{"title":"Gran Riserva | Mugavero | BiyoStim\u00fclantlar","description":"GRAN RISERVA, hasat sonras\u0131 yaprak d\u00f6ken meyve t\u00fcrlerinde rezerv maddelerin birikimini te\u015fvik etmek i\u00e7in tasarlanm\u0131\u015f bir biyo-uyar\u0131c\u0131d\u0131r (...)","robots":{"index":"index","follow":"follow","max-snippet":"max-snippet:-1","max-image-preview":"max-image-preview:large","max-video-preview":"max-video-preview:-1"},"canonical":"https:\/\/www.mugavero.it\/tr\/g\u00fcbre\/gran-riserva\/","og_locale":"tr_TR","og_type":"article","og_title":"Gran Riserva | Mugavero | BiyoStim\u00fclantlar","og_description":"GRAN RISERVA, hasat sonras\u0131 yaprak d\u00f6ken meyve t\u00fcrlerinde rezerv maddelerin birikimini te\u015fvik etmek i\u00e7in tasarlanm\u0131\u015f bir biyo-uyar\u0131c\u0131d\u0131r (...)","og_url":"https:\/\/www.mugavero.it\/tr\/g\u00fcbre\/gran-riserva\/","og_site_name":"Mugavero","article_publisher":"https:\/\/www.facebook.com\/mugaverofertilizers\/","article_modified_time":"2024-07-23T07:51:11+00:00","og_image":[{"width":1181,"height":1181,"url":"https:\/\/www.mugavero.it\/wp-content\/uploads\/2020\/10\/GRAN-RISERVA.png","type":"image\/png"}],"twitter_card":"summary_large_image","twitter_misc":{"Tahmini okuma s\u00fcresi":"1 dakika"},"schema":{"@context":"https:\/\/schema.org","@graph":[{"@type":"WebPage","@id":"https:\/\/www.mugavero.it\/tr\/g\u00fcbre\/gran-riserva\/","url":"https:\/\/www.mugavero.it\/tr\/g\u00fcbre\/gran-riserva\/","name":"Gran Riserva | Mugavero | BiyoStim\u00fclantlar","isPartOf":{"@id":"https:\/\/www.mugavero.it\/tr\/#website"},"primaryImageOfPage":{"@id":"https:\/\/www.mugavero.it\/tr\/g\u00fcbre\/gran-riserva\/#primaryimage"},"image":{"@id":"https:\/\/www.mugavero.it\/tr\/g\u00fcbre\/gran-riserva\/#primaryimage"},"thumbnailUrl":"https:\/\/www.mugavero.it\/wp-content\/uploads\/2020\/10\/GRAN-RISERVA.png","datePublished":"2021-10-08T11:18:17+00:00","dateModified":"2024-07-23T07:51:11+00:00","description":"GRAN RISERVA, hasat sonras\u0131 yaprak d\u00f6ken meyve t\u00fcrlerinde rezerv maddelerin birikimini te\u015fvik etmek i\u00e7in tasarlanm\u0131\u015f bir biyo-uyar\u0131c\u0131d\u0131r (...)","breadcrumb":{"@id":"https:\/\/www.mugavero.it\/tr\/g\u00fcbre\/gran-riserva\/#breadcrumb"},"inLanguage":"tr","potentialAction":[{"@type":"ReadAction","target":["https:\/\/www.mugavero.it\/tr\/g\u00fcbre\/gran-riserva\/"]}]},{"@type":"ImageObject","inLanguage":"tr","@id":"https:\/\/www.mugavero.it\/tr\/g\u00fcbre\/gran-riserva\/#primaryimage","url":"https:\/\/www.mugavero.it\/wp-content\/uploads\/2020\/10\/GRAN-RISERVA.png","contentUrl":"https:\/\/www.mugavero.it\/wp-content\/uploads\/2020\/10\/GRAN-RISERVA.png","width":1181,"height":1181},{"@type":"BreadcrumbList","@id":"https:\/\/www.mugavero.it\/tr\/g\u00fcbre\/gran-riserva\/#breadcrumb","itemListElement":[{"@type":"ListItem","position":1,"name":"Home","item":"https:\/\/www.mugavero.it\/tr\/"},{"@type":"ListItem","position":2,"name":"Catalogo","item":"https:\/\/www.mugavero.it\/tr\/katalog\/"},{"@type":"ListItem","position":3,"name":"Gran Riserva"}]},{"@type":"WebSite","@id":"https:\/\/www.mugavero.it\/tr\/#website","url":"https:\/\/www.mugavero.it\/tr\/","name":"Mugavero Fertilizers","description":"It&#039;s Green, White and Red","publisher":{"@id":"https:\/\/www.mugavero.it\/tr\/#organization"},"potentialAction":[{"@type":"SearchAction","target":{"@type":"EntryPoint","urlTemplate":"https:\/\/www.mugavero.it\/tr\/?s={search_term_string}"},"query-input":{"@type":"PropertyValueSpecification","valueRequired":true,"valueName":"search_term_string"}}],"inLanguage":"tr"},{"@type":"Organization","@id":"https:\/\/www.mugavero.it\/tr\/#organization","name":"Mugavero Fertilizzanti","url":"https:\/\/www.mugavero.it\/tr\/","logo":{"@type":"ImageObject","inLanguage":"tr","@id":"https:\/\/www.mugavero.it\/tr\/#\/schema\/logo\/image\/","url":"https:\/\/www.mugavero.it\/wp-content\/uploads\/2019\/03\/MUGAVERO-LOGO-ita.png","contentUrl":"https:\/\/www.mugavero.it\/wp-content\/uploads\/2019\/03\/MUGAVERO-LOGO-ita.png","width":1000,"height":656,"caption":"Mugavero Fertilizzanti"},"image":{"@id":"https:\/\/www.mugavero.it\/tr\/#\/schema\/logo\/image\/"},"sameAs":["https:\/\/www.facebook.com\/mugaverofertilizers\/","https:\/\/www.instagram.com\/mugaverofertilizers\/","https:\/\/www.linkedin.com\/company\/mugavero-fertilizers-official\/","https:\/\/www.youtube.com\/channel\/UCcVmJoiUaqBv_pMIGSe6E2A"]}]}},"_links":{"self":[{"href":"https:\/\/www.mugavero.it\/tr\/wp-json\/wp\/v2\/product\/7045"}],"collection":[{"href":"https:\/\/www.mugavero.it\/tr\/wp-json\/wp\/v2\/product"}],"about":[{"href":"https:\/\/www.mugavero.it\/tr\/wp-json\/wp\/v2\/types\/product"}],"wp:featuredmedia":[{"embeddable":true,"href":"https:\/\/www.mugavero.it\/tr\/wp-json\/wp\/v2\/media\/7197"}],"wp:attachment":[{"href":"https:\/\/www.mugavero.it\/tr\/wp-json\/wp\/v2\/media?parent=7045"}],"curies":[{"name":"wp","href":"https:\/\/api.w.org\/{rel}","templated":true}]}}