{"id":6906,"date":"2021-09-13T11:02:21","date_gmt":"2021-09-13T09:06:02","guid":{"rendered":"https:\/\/www.mugavero.it\/?post_type=product&#038;p=6906"},"modified":"2022-11-01T17:41:05","modified_gmt":"2022-11-01T16:41:05","slug":"supra","status":"publish","type":"product","link":"https:\/\/www.mugavero.it\/tr\/g\u00fcbre\/supra\/","title":{"rendered":"Supra"},"content":{"rendered":"<p>Supra, \u00f6zellikle zorlu t\u00fcm mahsuller i\u00e7in uygun bir yaprak g\u00fcbresidir.<br \/>\nY\u00fcksek nitrojen i\u00e7eri\u011fine (%16) sahiptir ve SO3 a\u00e7\u0131s\u0131ndan zengindir, Supra, do\u011fal adjuvan \u00f6zellikleri ile bilinen ah\u015faptan ekstrakte edilen organik bile\u015fikler olan lignins\u00fclfonatlarla \u015felatl\u0131 magnezyum ve \u00e7inko ile zenginle\u015ftirilmi\u015ftir.<br \/>\nDi\u011fer t\u00fcm mahsuller i\u00e7in vejetatif-\u00fcretken d\u00f6ng\u00fc s\u0131ras\u0131nda, yaprak d\u00f6kmeyen meyve mahsullerinde vejetatif yeniden ba\u015flatmadan \u00f6nce m\u00fcdahale edin.<br \/>\nBu\u011fdayda Supra&#8217;y\u0131 ince karde\u015flemeden ba\u015faklamaya kadar, ayr\u0131ca tah\u0131l\u0131n kalitesini art\u0131rmak i\u00e7in ay\u0131klamayla birlikte kullan\u0131n.<\/p>\n","protected":false},"excerpt":{"rendered":"<p>Supra, \u00f6zellikle zorlu t\u00fcm mahsuller i\u00e7in uygun bir yaprak g\u00fcbresidir.<\/p>\n<p><img decoding=\"async\" class=\"alignnone wp-image-7111\" src=\"https:\/\/www.mugavero.it\/wp-content\/uploads\/2019\/10\/TANICA.png\" alt=\"\" width=\"38\" height=\"38\" srcset=\"https:\/\/www.mugavero.it\/wp-content\/uploads\/2019\/10\/TANICA.png 238w, https:\/\/www.mugavero.it\/wp-content\/uploads\/2019\/10\/TANICA-150x150.png 150w, https:\/\/www.mugavero.it\/wp-content\/uploads\/2019\/10\/TANICA-187x187.png 187w, https:\/\/www.mugavero.it\/wp-content\/uploads\/2019\/10\/TANICA-100x100.png 100w\" sizes=\"(max-width: 38px) 100vw, 38px\" \/>5\/20<\/p>\n<p><img decoding=\"async\" class=\"alignnone wp-image-7076 \" src=\"https:\/\/www.mugavero.it\/wp-content\/uploads\/2019\/01\/FOGLIARE.png\" alt=\"\" width=\"35\" height=\"35\" srcset=\"https:\/\/www.mugavero.it\/wp-content\/uploads\/2019\/01\/FOGLIARE.png 238w, https:\/\/www.mugavero.it\/wp-content\/uploads\/2019\/01\/FOGLIARE-150x150.png 150w, https:\/\/www.mugavero.it\/wp-content\/uploads\/2019\/01\/FOGLIARE-186x187.png 186w, https:\/\/www.mugavero.it\/wp-content\/uploads\/2019\/01\/FOGLIARE-100x100.png 100w\" sizes=\"(max-width: 35px) 100vw, 35px\" \/> Yaprak<\/p>\n<p><img decoding=\"async\" class=\"alignnone wp-image-7097 \" src=\"https:\/\/www.mugavero.it\/wp-content\/uploads\/2019\/01\/ECO-SOSTENIBILE.png\" alt=\"\" width=\"30\" height=\"30\" srcset=\"https:\/\/www.mugavero.it\/wp-content\/uploads\/2019\/01\/ECO-SOSTENIBILE.png 238w, https:\/\/www.mugavero.it\/wp-content\/uploads\/2019\/01\/ECO-SOSTENIBILE-150x150.png 150w, https:\/\/www.mugavero.it\/wp-content\/uploads\/2019\/01\/ECO-SOSTENIBILE-187x187.png 187w, https:\/\/www.mugavero.it\/wp-content\/uploads\/2019\/01\/ECO-SOSTENIBILE-100x100.png 100w\" sizes=\"(max-width: 30px) 100vw, 30px\" \/> Eko-s\u00fcrd\u00fcr\u00fclebilir ambalaj<\/p>\n","protected":false},"featured_media":7213,"template":"","meta":{"_exactmetrics_skip_tracking":false,"_exactmetrics_sitenote_active":false,"_exactmetrics_sitenote_note":"","_exactmetrics_sitenote_category":0},"yoast_head":"<!-- This site is optimized with the Yoast SEO plugin v23.4 - https:\/\/yoast.com\/wordpress\/plugins\/seo\/ -->\n<title>Supra | Mugavero<\/title>\n<meta name=\"robots\" content=\"index, follow, max-snippet:-1, max-image-preview:large, max-video-preview:-1\" \/>\n<link rel=\"canonical\" href=\"https:\/\/www.mugavero.it\/tr\/g\u00fcbre\/supra\/\" \/>\n<meta property=\"og:locale\" content=\"tr_TR\" \/>\n<meta property=\"og:type\" content=\"article\" \/>\n<meta property=\"og:title\" content=\"Supra | Mugavero\" \/>\n<meta property=\"og:description\" content=\"Supra, \u00f6zellikle zorlu t\u00fcm mahsuller i\u00e7in uygun bir yaprak g\u00fcbresidir.  5\/20   Yaprak   Eko-s\u00fcrd\u00fcr\u00fclebilir ambalaj\" \/>\n<meta property=\"og:url\" content=\"https:\/\/www.mugavero.it\/tr\/g\u00fcbre\/supra\/\" \/>\n<meta property=\"og:site_name\" content=\"Mugavero\" \/>\n<meta property=\"article:publisher\" content=\"https:\/\/www.facebook.com\/mugaverofertilizers\/\" \/>\n<meta property=\"article:modified_time\" content=\"2022-11-01T16:41:05+00:00\" \/>\n<meta property=\"og:image\" content=\"https:\/\/www.mugavero.it\/wp-content\/uploads\/2021\/09\/SUPRA-1024x1024.png\" \/>\n\t<meta property=\"og:image:width\" content=\"1024\" \/>\n\t<meta property=\"og:image:height\" content=\"1024\" \/>\n\t<meta property=\"og:image:type\" content=\"image\/png\" \/>\n<meta name=\"twitter:card\" content=\"summary_large_image\" \/>\n<meta name=\"twitter:label1\" content=\"Tahmini okuma s\u00fcresi\" \/>\n\t<meta name=\"twitter:data1\" content=\"1 dakika\" \/>\n<script type=\"application\/ld+json\" class=\"yoast-schema-graph\">{\"@context\":\"https:\/\/schema.org\",\"@graph\":[{\"@type\":\"WebPage\",\"@id\":\"https:\/\/www.mugavero.it\/tr\/g\u00fcbre\/supra\/\",\"url\":\"https:\/\/www.mugavero.it\/tr\/g\u00fcbre\/supra\/\",\"name\":\"Supra | Mugavero\",\"isPartOf\":{\"@id\":\"https:\/\/www.mugavero.it\/tr\/#website\"},\"primaryImageOfPage\":{\"@id\":\"https:\/\/www.mugavero.it\/tr\/g\u00fcbre\/supra\/#primaryimage\"},\"image\":{\"@id\":\"https:\/\/www.mugavero.it\/tr\/g\u00fcbre\/supra\/#primaryimage\"},\"thumbnailUrl\":\"https:\/\/www.mugavero.it\/wp-content\/uploads\/2021\/09\/SUPRA.png\",\"datePublished\":\"2021-09-13T09:06:02+00:00\",\"dateModified\":\"2022-11-01T16:41:05+00:00\",\"breadcrumb\":{\"@id\":\"https:\/\/www.mugavero.it\/tr\/g\u00fcbre\/supra\/#breadcrumb\"},\"inLanguage\":\"tr\",\"potentialAction\":[{\"@type\":\"ReadAction\",\"target\":[\"https:\/\/www.mugavero.it\/tr\/g\u00fcbre\/supra\/\"]}]},{\"@type\":\"ImageObject\",\"inLanguage\":\"tr\",\"@id\":\"https:\/\/www.mugavero.it\/tr\/g\u00fcbre\/supra\/#primaryimage\",\"url\":\"https:\/\/www.mugavero.it\/wp-content\/uploads\/2021\/09\/SUPRA.png\",\"contentUrl\":\"https:\/\/www.mugavero.it\/wp-content\/uploads\/2021\/09\/SUPRA.png\",\"width\":3000,\"height\":3000},{\"@type\":\"BreadcrumbList\",\"@id\":\"https:\/\/www.mugavero.it\/tr\/g\u00fcbre\/supra\/#breadcrumb\",\"itemListElement\":[{\"@type\":\"ListItem\",\"position\":1,\"name\":\"Home\",\"item\":\"https:\/\/www.mugavero.it\/tr\/\"},{\"@type\":\"ListItem\",\"position\":2,\"name\":\"Catalogo\",\"item\":\"https:\/\/www.mugavero.it\/tr\/katalog\/\"},{\"@type\":\"ListItem\",\"position\":3,\"name\":\"Supra\"}]},{\"@type\":\"WebSite\",\"@id\":\"https:\/\/www.mugavero.it\/tr\/#website\",\"url\":\"https:\/\/www.mugavero.it\/tr\/\",\"name\":\"Mugavero Fertilizers\",\"description\":\"It&#039;s Green, White and Red\",\"publisher\":{\"@id\":\"https:\/\/www.mugavero.it\/tr\/#organization\"},\"potentialAction\":[{\"@type\":\"SearchAction\",\"target\":{\"@type\":\"EntryPoint\",\"urlTemplate\":\"https:\/\/www.mugavero.it\/tr\/?s={search_term_string}\"},\"query-input\":{\"@type\":\"PropertyValueSpecification\",\"valueRequired\":true,\"valueName\":\"search_term_string\"}}],\"inLanguage\":\"tr\"},{\"@type\":\"Organization\",\"@id\":\"https:\/\/www.mugavero.it\/tr\/#organization\",\"name\":\"Mugavero Fertilizzanti\",\"url\":\"https:\/\/www.mugavero.it\/tr\/\",\"logo\":{\"@type\":\"ImageObject\",\"inLanguage\":\"tr\",\"@id\":\"https:\/\/www.mugavero.it\/tr\/#\/schema\/logo\/image\/\",\"url\":\"https:\/\/www.mugavero.it\/wp-content\/uploads\/2019\/03\/MUGAVERO-LOGO-ita.png\",\"contentUrl\":\"https:\/\/www.mugavero.it\/wp-content\/uploads\/2019\/03\/MUGAVERO-LOGO-ita.png\",\"width\":1000,\"height\":656,\"caption\":\"Mugavero Fertilizzanti\"},\"image\":{\"@id\":\"https:\/\/www.mugavero.it\/tr\/#\/schema\/logo\/image\/\"},\"sameAs\":[\"https:\/\/www.facebook.com\/mugaverofertilizers\/\",\"https:\/\/www.instagram.com\/mugaverofertilizers\/\",\"https:\/\/www.linkedin.com\/company\/mugavero-fertilizers-official\/\",\"https:\/\/www.youtube.com\/channel\/UCcVmJoiUaqBv_pMIGSe6E2A\"]}]}<\/script>\n<!-- \/ Yoast SEO plugin. -->","yoast_head_json":{"title":"Supra | Mugavero","robots":{"index":"index","follow":"follow","max-snippet":"max-snippet:-1","max-image-preview":"max-image-preview:large","max-video-preview":"max-video-preview:-1"},"canonical":"https:\/\/www.mugavero.it\/tr\/g\u00fcbre\/supra\/","og_locale":"tr_TR","og_type":"article","og_title":"Supra | Mugavero","og_description":"Supra, \u00f6zellikle zorlu t\u00fcm mahsuller i\u00e7in uygun bir yaprak g\u00fcbresidir.  5\/20   Yaprak   Eko-s\u00fcrd\u00fcr\u00fclebilir ambalaj","og_url":"https:\/\/www.mugavero.it\/tr\/g\u00fcbre\/supra\/","og_site_name":"Mugavero","article_publisher":"https:\/\/www.facebook.com\/mugaverofertilizers\/","article_modified_time":"2022-11-01T16:41:05+00:00","og_image":[{"width":1024,"height":1024,"url":"https:\/\/www.mugavero.it\/wp-content\/uploads\/2021\/09\/SUPRA-1024x1024.png","type":"image\/png"}],"twitter_card":"summary_large_image","twitter_misc":{"Tahmini okuma s\u00fcresi":"1 dakika"},"schema":{"@context":"https:\/\/schema.org","@graph":[{"@type":"WebPage","@id":"https:\/\/www.mugavero.it\/tr\/g\u00fcbre\/supra\/","url":"https:\/\/www.mugavero.it\/tr\/g\u00fcbre\/supra\/","name":"Supra | Mugavero","isPartOf":{"@id":"https:\/\/www.mugavero.it\/tr\/#website"},"primaryImageOfPage":{"@id":"https:\/\/www.mugavero.it\/tr\/g\u00fcbre\/supra\/#primaryimage"},"image":{"@id":"https:\/\/www.mugavero.it\/tr\/g\u00fcbre\/supra\/#primaryimage"},"thumbnailUrl":"https:\/\/www.mugavero.it\/wp-content\/uploads\/2021\/09\/SUPRA.png","datePublished":"2021-09-13T09:06:02+00:00","dateModified":"2022-11-01T16:41:05+00:00","breadcrumb":{"@id":"https:\/\/www.mugavero.it\/tr\/g\u00fcbre\/supra\/#breadcrumb"},"inLanguage":"tr","potentialAction":[{"@type":"ReadAction","target":["https:\/\/www.mugavero.it\/tr\/g\u00fcbre\/supra\/"]}]},{"@type":"ImageObject","inLanguage":"tr","@id":"https:\/\/www.mugavero.it\/tr\/g\u00fcbre\/supra\/#primaryimage","url":"https:\/\/www.mugavero.it\/wp-content\/uploads\/2021\/09\/SUPRA.png","contentUrl":"https:\/\/www.mugavero.it\/wp-content\/uploads\/2021\/09\/SUPRA.png","width":3000,"height":3000},{"@type":"BreadcrumbList","@id":"https:\/\/www.mugavero.it\/tr\/g\u00fcbre\/supra\/#breadcrumb","itemListElement":[{"@type":"ListItem","position":1,"name":"Home","item":"https:\/\/www.mugavero.it\/tr\/"},{"@type":"ListItem","position":2,"name":"Catalogo","item":"https:\/\/www.mugavero.it\/tr\/katalog\/"},{"@type":"ListItem","position":3,"name":"Supra"}]},{"@type":"WebSite","@id":"https:\/\/www.mugavero.it\/tr\/#website","url":"https:\/\/www.mugavero.it\/tr\/","name":"Mugavero Fertilizers","description":"It&#039;s Green, White and Red","publisher":{"@id":"https:\/\/www.mugavero.it\/tr\/#organization"},"potentialAction":[{"@type":"SearchAction","target":{"@type":"EntryPoint","urlTemplate":"https:\/\/www.mugavero.it\/tr\/?s={search_term_string}"},"query-input":{"@type":"PropertyValueSpecification","valueRequired":true,"valueName":"search_term_string"}}],"inLanguage":"tr"},{"@type":"Organization","@id":"https:\/\/www.mugavero.it\/tr\/#organization","name":"Mugavero Fertilizzanti","url":"https:\/\/www.mugavero.it\/tr\/","logo":{"@type":"ImageObject","inLanguage":"tr","@id":"https:\/\/www.mugavero.it\/tr\/#\/schema\/logo\/image\/","url":"https:\/\/www.mugavero.it\/wp-content\/uploads\/2019\/03\/MUGAVERO-LOGO-ita.png","contentUrl":"https:\/\/www.mugavero.it\/wp-content\/uploads\/2019\/03\/MUGAVERO-LOGO-ita.png","width":1000,"height":656,"caption":"Mugavero Fertilizzanti"},"image":{"@id":"https:\/\/www.mugavero.it\/tr\/#\/schema\/logo\/image\/"},"sameAs":["https:\/\/www.facebook.com\/mugaverofertilizers\/","https:\/\/www.instagram.com\/mugaverofertilizers\/","https:\/\/www.linkedin.com\/company\/mugavero-fertilizers-official\/","https:\/\/www.youtube.com\/channel\/UCcVmJoiUaqBv_pMIGSe6E2A"]}]}},"_links":{"self":[{"href":"https:\/\/www.mugavero.it\/tr\/wp-json\/wp\/v2\/product\/6906"}],"collection":[{"href":"https:\/\/www.mugavero.it\/tr\/wp-json\/wp\/v2\/product"}],"about":[{"href":"https:\/\/www.mugavero.it\/tr\/wp-json\/wp\/v2\/types\/product"}],"wp:featuredmedia":[{"embeddable":true,"href":"https:\/\/www.mugavero.it\/tr\/wp-json\/wp\/v2\/media\/7213"}],"wp:attachment":[{"href":"https:\/\/www.mugavero.it\/tr\/wp-json\/wp\/v2\/media?parent=6906"}],"curies":[{"name":"wp","href":"https:\/\/api.w.org\/{rel}","templated":true}]}}