{"id":6801,"date":"2021-09-03T11:28:54","date_gmt":"2021-09-03T09:42:14","guid":{"rendered":"https:\/\/www.mugavero.it\/?post_type=product&#038;p=6801"},"modified":"2024-10-21T14:48:43","modified_gmt":"2024-10-21T12:48:43","slug":"petaloso","status":"publish","type":"product","link":"https:\/\/www.mugavero.it\/tr\/g\u00fcbre\/petaloso\/","title":{"rendered":"Petaloso"},"content":{"rendered":"<p>Petaloso, Petaloso, Bor ve Molibden i\u00e7eren, \u00f6zellikle zorlu mahs\u00fcller i\u00e7in uygun bir s\u0131v\u0131 form\u00fclasyondur. Yapraktan uygulanmas\u0131, \u00e7i\u00e7e\u011fin yap\u0131s\u0131n\u0131 iyile\u015ftirerek ve polen olu\u015fumunu te\u015fvik ederek bitki \u00fczerinde h\u0131zl\u0131 bir tepki sa\u011flar. \u00c7i\u00e7eklenme ve bitkinin termal stresinin en y\u00fcksek oldu\u011fu d\u00f6nemlerde sera bitkileri i\u00e7in ve yaprak \u00fczerindeki nitrat i\u00e7eri\u011finin azalt\u0131lmas\u0131 gerekti\u011finde yaprakl\u0131 sebzeler i\u00e7in uygundur.<\/p>\n","protected":false},"excerpt":{"rendered":"<p>Petaloso, Petaloso, Bor ve Molibden i\u00e7eren, \u00f6zellikle zorlu mahs\u00fcller i\u00e7in uygun bir s\u0131v\u0131 form\u00fclasyondur. Yapraktan uygulanmas\u0131, \u00e7i\u00e7e\u011fin yap\u0131s\u0131n\u0131 iyile\u015ftirerek ve polen olu\u015fumunu te\u015fvik ederek bitki \u00fczerinde h\u0131zl\u0131 bir tepki sa\u011flar. \u00c7i\u00e7eklenme ve bitkinin termal stresinin en y\u00fcksek oldu\u011fu d\u00f6nemlerde sera bitkileri i\u00e7in ve yaprak \u00fczerindeki nitrat i\u00e7eri\u011finin azalt\u0131lmas\u0131 gerekti\u011finde yaprakl\u0131 sebzeler i\u00e7in uygundur.<\/p>\n<p><img decoding=\"async\" class=\"alignnone wp-image-7119\" src=\"https:\/\/www.mugavero.it\/wp-content\/uploads\/2021\/10\/BOTTIGLIA.png\" alt=\"\" width=\"42\" height=\"42\" srcset=\"https:\/\/www.mugavero.it\/wp-content\/uploads\/2021\/10\/BOTTIGLIA.png 238w, https:\/\/www.mugavero.it\/wp-content\/uploads\/2021\/10\/BOTTIGLIA-150x150.png 150w, https:\/\/www.mugavero.it\/wp-content\/uploads\/2021\/10\/BOTTIGLIA-187x187.png 187w, https:\/\/www.mugavero.it\/wp-content\/uploads\/2021\/10\/BOTTIGLIA-100x100.png 100w\" sizes=\"(max-width: 42px) 100vw, 42px\" \/>1\u00a0 \u00a0<img decoding=\"async\" class=\"alignnone wp-image-7111\" src=\"https:\/\/www.mugavero.it\/wp-content\/uploads\/2019\/10\/TANICA.png\" alt=\"\" width=\"38\" height=\"38\" srcset=\"https:\/\/www.mugavero.it\/wp-content\/uploads\/2019\/10\/TANICA.png 238w, https:\/\/www.mugavero.it\/wp-content\/uploads\/2019\/10\/TANICA-150x150.png 150w, https:\/\/www.mugavero.it\/wp-content\/uploads\/2019\/10\/TANICA-187x187.png 187w, https:\/\/www.mugavero.it\/wp-content\/uploads\/2019\/10\/TANICA-100x100.png 100w\" sizes=\"(max-width: 38px) 100vw, 38px\" \/>5\/20<\/p>\n<p><img decoding=\"async\" class=\"alignnone wp-image-7076 \" src=\"https:\/\/www.mugavero.it\/wp-content\/uploads\/2019\/01\/FOGLIARE.png\" alt=\"\" width=\"35\" height=\"35\" srcset=\"https:\/\/www.mugavero.it\/wp-content\/uploads\/2019\/01\/FOGLIARE.png 238w, https:\/\/www.mugavero.it\/wp-content\/uploads\/2019\/01\/FOGLIARE-150x150.png 150w, https:\/\/www.mugavero.it\/wp-content\/uploads\/2019\/01\/FOGLIARE-186x187.png 186w, https:\/\/www.mugavero.it\/wp-content\/uploads\/2019\/01\/FOGLIARE-100x100.png 100w\" sizes=\"(max-width: 35px) 100vw, 35px\" \/> Yaprak<\/p>\n<p><img decoding=\"async\" class=\"alignnone wp-image-7090 \" src=\"https:\/\/www.mugavero.it\/wp-content\/uploads\/2019\/01\/CONSENTITO-IN-BIO.png\" alt=\"\" width=\"32\" height=\"32\" srcset=\"https:\/\/www.mugavero.it\/wp-content\/uploads\/2019\/01\/CONSENTITO-IN-BIO.png 238w, https:\/\/www.mugavero.it\/wp-content\/uploads\/2019\/01\/CONSENTITO-IN-BIO-150x150.png 150w, https:\/\/www.mugavero.it\/wp-content\/uploads\/2019\/01\/CONSENTITO-IN-BIO-186x187.png 186w, https:\/\/www.mugavero.it\/wp-content\/uploads\/2019\/01\/CONSENTITO-IN-BIO-100x100.png 100w\" sizes=\"(max-width: 32px) 100vw, 32px\" \/><span style=\"font-weight: 400;\">Biyolojik tar\u0131m onayl\u0131<\/span><\/p>\n<p><img decoding=\"async\" class=\"alignnone wp-image-7097 \" src=\"https:\/\/www.mugavero.it\/wp-content\/uploads\/2019\/01\/ECO-SOSTENIBILE.png\" alt=\"\" width=\"30\" height=\"30\" srcset=\"https:\/\/www.mugavero.it\/wp-content\/uploads\/2019\/01\/ECO-SOSTENIBILE.png 238w, https:\/\/www.mugavero.it\/wp-content\/uploads\/2019\/01\/ECO-SOSTENIBILE-150x150.png 150w, https:\/\/www.mugavero.it\/wp-content\/uploads\/2019\/01\/ECO-SOSTENIBILE-187x187.png 187w, https:\/\/www.mugavero.it\/wp-content\/uploads\/2019\/01\/ECO-SOSTENIBILE-100x100.png 100w\" sizes=\"(max-width: 30px) 100vw, 30px\" \/> Eko-s\u00fcrd\u00fcr\u00fclebilir ambalaj<\/p>\n","protected":false},"featured_media":10802,"template":"","meta":{"_exactmetrics_skip_tracking":false,"_exactmetrics_sitenote_active":false,"_exactmetrics_sitenote_note":"","_exactmetrics_sitenote_category":0},"yoast_head":"<!-- This site is optimized with the Yoast SEO plugin v23.4 - https:\/\/yoast.com\/wordpress\/plugins\/seo\/ -->\n<title>Petaloso | Mugavero | BiyoStim\u00fclantlar<\/title>\n<meta name=\"description\" content=\"Petaloso, Petaloso, Bor ve Molibden i\u00e7eren, \u00f6zellikle zorlu mahs\u00fcller i\u00e7in uygun bir s\u0131v\u0131 form\u00fclasyondur. Yapraktan uygulanmas\u0131, \u00e7i\u00e7e\u011fin yap\u0131s\u0131n\u0131 (...)\" \/>\n<meta name=\"robots\" content=\"index, follow, max-snippet:-1, max-image-preview:large, max-video-preview:-1\" \/>\n<link rel=\"canonical\" href=\"https:\/\/www.mugavero.it\/tr\/g\u00fcbre\/petaloso\/\" \/>\n<meta property=\"og:locale\" content=\"tr_TR\" \/>\n<meta property=\"og:type\" content=\"article\" \/>\n<meta property=\"og:title\" content=\"Petaloso | Mugavero | BiyoStim\u00fclantlar\" \/>\n<meta property=\"og:description\" content=\"Petaloso, Petaloso, Bor ve Molibden i\u00e7eren, \u00f6zellikle zorlu mahs\u00fcller i\u00e7in uygun bir s\u0131v\u0131 form\u00fclasyondur. Yapraktan uygulanmas\u0131, \u00e7i\u00e7e\u011fin yap\u0131s\u0131n\u0131 (...)\" \/>\n<meta property=\"og:url\" content=\"https:\/\/www.mugavero.it\/tr\/g\u00fcbre\/petaloso\/\" \/>\n<meta property=\"og:site_name\" content=\"Mugavero\" \/>\n<meta property=\"article:publisher\" content=\"https:\/\/www.facebook.com\/mugaverofertilizers\/\" \/>\n<meta property=\"article:modified_time\" content=\"2024-10-21T12:48:43+00:00\" \/>\n<meta property=\"og:image\" content=\"https:\/\/www.mugavero.it\/wp-content\/uploads\/2021\/09\/PETALOSO-3.png\" \/>\n\t<meta property=\"og:image:width\" content=\"1181\" \/>\n\t<meta property=\"og:image:height\" content=\"1181\" \/>\n\t<meta property=\"og:image:type\" content=\"image\/png\" \/>\n<meta name=\"twitter:card\" content=\"summary_large_image\" \/>\n<meta name=\"twitter:label1\" content=\"Tahmini okuma s\u00fcresi\" \/>\n\t<meta name=\"twitter:data1\" content=\"1 dakika\" \/>\n<script type=\"application\/ld+json\" class=\"yoast-schema-graph\">{\"@context\":\"https:\/\/schema.org\",\"@graph\":[{\"@type\":\"WebPage\",\"@id\":\"https:\/\/www.mugavero.it\/tr\/g\u00fcbre\/petaloso\/\",\"url\":\"https:\/\/www.mugavero.it\/tr\/g\u00fcbre\/petaloso\/\",\"name\":\"Petaloso | Mugavero | BiyoStim\u00fclantlar\",\"isPartOf\":{\"@id\":\"https:\/\/www.mugavero.it\/tr\/#website\"},\"primaryImageOfPage\":{\"@id\":\"https:\/\/www.mugavero.it\/tr\/g\u00fcbre\/petaloso\/#primaryimage\"},\"image\":{\"@id\":\"https:\/\/www.mugavero.it\/tr\/g\u00fcbre\/petaloso\/#primaryimage\"},\"thumbnailUrl\":\"https:\/\/www.mugavero.it\/wp-content\/uploads\/2021\/09\/PETALOSO-3.png\",\"datePublished\":\"2021-09-03T09:42:14+00:00\",\"dateModified\":\"2024-10-21T12:48:43+00:00\",\"description\":\"Petaloso, Petaloso, Bor ve Molibden i\u00e7eren, \u00f6zellikle zorlu mahs\u00fcller i\u00e7in uygun bir s\u0131v\u0131 form\u00fclasyondur. Yapraktan uygulanmas\u0131, \u00e7i\u00e7e\u011fin yap\u0131s\u0131n\u0131 (...)\",\"breadcrumb\":{\"@id\":\"https:\/\/www.mugavero.it\/tr\/g\u00fcbre\/petaloso\/#breadcrumb\"},\"inLanguage\":\"tr\",\"potentialAction\":[{\"@type\":\"ReadAction\",\"target\":[\"https:\/\/www.mugavero.it\/tr\/g\u00fcbre\/petaloso\/\"]}]},{\"@type\":\"ImageObject\",\"inLanguage\":\"tr\",\"@id\":\"https:\/\/www.mugavero.it\/tr\/g\u00fcbre\/petaloso\/#primaryimage\",\"url\":\"https:\/\/www.mugavero.it\/wp-content\/uploads\/2021\/09\/PETALOSO-3.png\",\"contentUrl\":\"https:\/\/www.mugavero.it\/wp-content\/uploads\/2021\/09\/PETALOSO-3.png\",\"width\":1181,\"height\":1181},{\"@type\":\"BreadcrumbList\",\"@id\":\"https:\/\/www.mugavero.it\/tr\/g\u00fcbre\/petaloso\/#breadcrumb\",\"itemListElement\":[{\"@type\":\"ListItem\",\"position\":1,\"name\":\"Home\",\"item\":\"https:\/\/www.mugavero.it\/tr\/\"},{\"@type\":\"ListItem\",\"position\":2,\"name\":\"Catalogo\",\"item\":\"https:\/\/www.mugavero.it\/tr\/katalog\/\"},{\"@type\":\"ListItem\",\"position\":3,\"name\":\"Petaloso\"}]},{\"@type\":\"WebSite\",\"@id\":\"https:\/\/www.mugavero.it\/tr\/#website\",\"url\":\"https:\/\/www.mugavero.it\/tr\/\",\"name\":\"Mugavero Fertilizers\",\"description\":\"It&#039;s Green, White and Red\",\"publisher\":{\"@id\":\"https:\/\/www.mugavero.it\/tr\/#organization\"},\"potentialAction\":[{\"@type\":\"SearchAction\",\"target\":{\"@type\":\"EntryPoint\",\"urlTemplate\":\"https:\/\/www.mugavero.it\/tr\/?s={search_term_string}\"},\"query-input\":{\"@type\":\"PropertyValueSpecification\",\"valueRequired\":true,\"valueName\":\"search_term_string\"}}],\"inLanguage\":\"tr\"},{\"@type\":\"Organization\",\"@id\":\"https:\/\/www.mugavero.it\/tr\/#organization\",\"name\":\"Mugavero Fertilizzanti\",\"url\":\"https:\/\/www.mugavero.it\/tr\/\",\"logo\":{\"@type\":\"ImageObject\",\"inLanguage\":\"tr\",\"@id\":\"https:\/\/www.mugavero.it\/tr\/#\/schema\/logo\/image\/\",\"url\":\"https:\/\/www.mugavero.it\/wp-content\/uploads\/2019\/03\/MUGAVERO-LOGO-ita.png\",\"contentUrl\":\"https:\/\/www.mugavero.it\/wp-content\/uploads\/2019\/03\/MUGAVERO-LOGO-ita.png\",\"width\":1000,\"height\":656,\"caption\":\"Mugavero Fertilizzanti\"},\"image\":{\"@id\":\"https:\/\/www.mugavero.it\/tr\/#\/schema\/logo\/image\/\"},\"sameAs\":[\"https:\/\/www.facebook.com\/mugaverofertilizers\/\",\"https:\/\/www.instagram.com\/mugaverofertilizers\/\",\"https:\/\/www.linkedin.com\/company\/mugavero-fertilizers-official\/\",\"https:\/\/www.youtube.com\/channel\/UCcVmJoiUaqBv_pMIGSe6E2A\"]}]}<\/script>\n<!-- \/ Yoast SEO plugin. -->","yoast_head_json":{"title":"Petaloso | Mugavero | BiyoStim\u00fclantlar","description":"Petaloso, Petaloso, Bor ve Molibden i\u00e7eren, \u00f6zellikle zorlu mahs\u00fcller i\u00e7in uygun bir s\u0131v\u0131 form\u00fclasyondur. Yapraktan uygulanmas\u0131, \u00e7i\u00e7e\u011fin yap\u0131s\u0131n\u0131 (...)","robots":{"index":"index","follow":"follow","max-snippet":"max-snippet:-1","max-image-preview":"max-image-preview:large","max-video-preview":"max-video-preview:-1"},"canonical":"https:\/\/www.mugavero.it\/tr\/g\u00fcbre\/petaloso\/","og_locale":"tr_TR","og_type":"article","og_title":"Petaloso | Mugavero | BiyoStim\u00fclantlar","og_description":"Petaloso, Petaloso, Bor ve Molibden i\u00e7eren, \u00f6zellikle zorlu mahs\u00fcller i\u00e7in uygun bir s\u0131v\u0131 form\u00fclasyondur. Yapraktan uygulanmas\u0131, \u00e7i\u00e7e\u011fin yap\u0131s\u0131n\u0131 (...)","og_url":"https:\/\/www.mugavero.it\/tr\/g\u00fcbre\/petaloso\/","og_site_name":"Mugavero","article_publisher":"https:\/\/www.facebook.com\/mugaverofertilizers\/","article_modified_time":"2024-10-21T12:48:43+00:00","og_image":[{"width":1181,"height":1181,"url":"https:\/\/www.mugavero.it\/wp-content\/uploads\/2021\/09\/PETALOSO-3.png","type":"image\/png"}],"twitter_card":"summary_large_image","twitter_misc":{"Tahmini okuma s\u00fcresi":"1 dakika"},"schema":{"@context":"https:\/\/schema.org","@graph":[{"@type":"WebPage","@id":"https:\/\/www.mugavero.it\/tr\/g\u00fcbre\/petaloso\/","url":"https:\/\/www.mugavero.it\/tr\/g\u00fcbre\/petaloso\/","name":"Petaloso | Mugavero | BiyoStim\u00fclantlar","isPartOf":{"@id":"https:\/\/www.mugavero.it\/tr\/#website"},"primaryImageOfPage":{"@id":"https:\/\/www.mugavero.it\/tr\/g\u00fcbre\/petaloso\/#primaryimage"},"image":{"@id":"https:\/\/www.mugavero.it\/tr\/g\u00fcbre\/petaloso\/#primaryimage"},"thumbnailUrl":"https:\/\/www.mugavero.it\/wp-content\/uploads\/2021\/09\/PETALOSO-3.png","datePublished":"2021-09-03T09:42:14+00:00","dateModified":"2024-10-21T12:48:43+00:00","description":"Petaloso, Petaloso, Bor ve Molibden i\u00e7eren, \u00f6zellikle zorlu mahs\u00fcller i\u00e7in uygun bir s\u0131v\u0131 form\u00fclasyondur. Yapraktan uygulanmas\u0131, \u00e7i\u00e7e\u011fin yap\u0131s\u0131n\u0131 (...)","breadcrumb":{"@id":"https:\/\/www.mugavero.it\/tr\/g\u00fcbre\/petaloso\/#breadcrumb"},"inLanguage":"tr","potentialAction":[{"@type":"ReadAction","target":["https:\/\/www.mugavero.it\/tr\/g\u00fcbre\/petaloso\/"]}]},{"@type":"ImageObject","inLanguage":"tr","@id":"https:\/\/www.mugavero.it\/tr\/g\u00fcbre\/petaloso\/#primaryimage","url":"https:\/\/www.mugavero.it\/wp-content\/uploads\/2021\/09\/PETALOSO-3.png","contentUrl":"https:\/\/www.mugavero.it\/wp-content\/uploads\/2021\/09\/PETALOSO-3.png","width":1181,"height":1181},{"@type":"BreadcrumbList","@id":"https:\/\/www.mugavero.it\/tr\/g\u00fcbre\/petaloso\/#breadcrumb","itemListElement":[{"@type":"ListItem","position":1,"name":"Home","item":"https:\/\/www.mugavero.it\/tr\/"},{"@type":"ListItem","position":2,"name":"Catalogo","item":"https:\/\/www.mugavero.it\/tr\/katalog\/"},{"@type":"ListItem","position":3,"name":"Petaloso"}]},{"@type":"WebSite","@id":"https:\/\/www.mugavero.it\/tr\/#website","url":"https:\/\/www.mugavero.it\/tr\/","name":"Mugavero Fertilizers","description":"It&#039;s Green, White and Red","publisher":{"@id":"https:\/\/www.mugavero.it\/tr\/#organization"},"potentialAction":[{"@type":"SearchAction","target":{"@type":"EntryPoint","urlTemplate":"https:\/\/www.mugavero.it\/tr\/?s={search_term_string}"},"query-input":{"@type":"PropertyValueSpecification","valueRequired":true,"valueName":"search_term_string"}}],"inLanguage":"tr"},{"@type":"Organization","@id":"https:\/\/www.mugavero.it\/tr\/#organization","name":"Mugavero Fertilizzanti","url":"https:\/\/www.mugavero.it\/tr\/","logo":{"@type":"ImageObject","inLanguage":"tr","@id":"https:\/\/www.mugavero.it\/tr\/#\/schema\/logo\/image\/","url":"https:\/\/www.mugavero.it\/wp-content\/uploads\/2019\/03\/MUGAVERO-LOGO-ita.png","contentUrl":"https:\/\/www.mugavero.it\/wp-content\/uploads\/2019\/03\/MUGAVERO-LOGO-ita.png","width":1000,"height":656,"caption":"Mugavero Fertilizzanti"},"image":{"@id":"https:\/\/www.mugavero.it\/tr\/#\/schema\/logo\/image\/"},"sameAs":["https:\/\/www.facebook.com\/mugaverofertilizers\/","https:\/\/www.instagram.com\/mugaverofertilizers\/","https:\/\/www.linkedin.com\/company\/mugavero-fertilizers-official\/","https:\/\/www.youtube.com\/channel\/UCcVmJoiUaqBv_pMIGSe6E2A"]}]}},"_links":{"self":[{"href":"https:\/\/www.mugavero.it\/tr\/wp-json\/wp\/v2\/product\/6801"}],"collection":[{"href":"https:\/\/www.mugavero.it\/tr\/wp-json\/wp\/v2\/product"}],"about":[{"href":"https:\/\/www.mugavero.it\/tr\/wp-json\/wp\/v2\/types\/product"}],"wp:featuredmedia":[{"embeddable":true,"href":"https:\/\/www.mugavero.it\/tr\/wp-json\/wp\/v2\/media\/10802"}],"wp:attachment":[{"href":"https:\/\/www.mugavero.it\/tr\/wp-json\/wp\/v2\/media?parent=6801"}],"curies":[{"name":"wp","href":"https:\/\/api.w.org\/{rel}","templated":true}]}}