{"id":3065,"date":"2019-01-22T09:37:52","date_gmt":"2019-03-22T15:02:57","guid":{"rendered":"https:\/\/www.mugavero.it\/?post_type=product&#038;p=3065"},"modified":"2024-07-23T09:41:16","modified_gmt":"2024-07-23T07:41:16","slug":"kelpstar-boro","status":"publish","type":"product","link":"https:\/\/www.mugavero.it\/tr\/g\u00fcbre\/kelpstar-boro\/","title":{"rendered":"Kelpstar Boro"},"content":{"rendered":"<p>KELPSTAR, G\u00fcney Afrika k\u0131y\u0131lar\u0131ndan elde edilen, ECKLONIA MAXIMA Yosununun 11 mg\/L oksin ve 0.03 mg\/L sitokinin i\u00e7erikli s\u0131v\u0131 \u00f6z\u00fcd\u00fcr. Is\u0131 ve kimyasal i\u00e7ermeyen, so\u011fuk mikronizasyon denilen mekanik bir i\u015flem yoluyla konsantre edilen KELPSTAR s\u0131v\u0131s\u0131, hi\u00e7bir de\u011fi\u015fikli\u011fe u\u011framadan elde edilir.<\/p>\n<p>KELPSTAR BORO, bor yetmezli\u011fine kar\u015f\u0131 kullan\u0131lan, \u00f6zellikle \u00e7i\u00e7eklenme ve meyve olu\u015fumunu destekleyen bir g\u00fcbredir.<br \/>\nBu \u00fcr\u00fcn y\u00fcksek i\u00e7erikli oksinler (11 mg \/ liter), sitokininler (0.03 mg \/ liter) ve ciberellinler<br \/>\ni\u00e7erdi\u011fi i\u00e7in tercih\u00a0edilen kahverengi yosunla (ECKLONIA MAXIMA) birlikte bor ihtiva eder.<br \/>\nBor ve yosun aras\u0131ndaki g\u00f6revda\u015fl\u0131k, bitkideki \u00e7i\u00e7eklenmenin ve meyve olu\u015fumunun g\u00fc\u00e7lenmesine izin verirken uzun s\u00fcreli enerji veren ve uyaran etkisi meyvenin b\u00fcy\u00fcme d\u00f6nemlerinde etkisini s\u00fcrd\u00fcr\u00fcr. Bor, meyvenin ba\u015far\u0131l\u0131 olma s\u00fcreciyle me\u015fgul elementtir. \u00d6zellikle antijenik ind\u00fcksiyonu artt\u0131r\u0131r, polen t\u00fcp\u00fcn\u00fcn \u00e7imlenmesini ve stigman\u0131n al\u0131c\u0131l\u0131\u011f\u0131n\u0131 uyar\u0131r.<br \/>\nKELPSTAR BORO\u2019nun kullan\u0131m\u0131 meyve d\u00fc\u015fmesini azaltmay\u0131, daha iri, \u015fekilli, organoleptik \u00f6zellikli, raf \u00f6mr\u00fc uzun meyveler elde etmeyi sa\u011flar. KELPSTAR BORO etkisinin artmas\u0131 i\u00e7in Tyson ile kar\u0131\u015ft\u0131r\u0131labilir.<\/p>\n","protected":false},"excerpt":{"rendered":"<p>KELPSTAR BORO, bor yetmezli\u011fine kar\u015f\u0131 kullan\u0131lan, \u00f6zellikle \u00e7i\u00e7eklenme ve meyve olu\u015fumunu destekleyen bir g\u00fcbredir.<\/p>\n<p><img decoding=\"async\" class=\"alignnone wp-image-7119\" src=\"https:\/\/www.mugavero.it\/wp-content\/uploads\/2021\/10\/BOTTIGLIA.png\" alt=\"\" width=\"42\" height=\"42\" srcset=\"https:\/\/www.mugavero.it\/wp-content\/uploads\/2021\/10\/BOTTIGLIA.png 238w, https:\/\/www.mugavero.it\/wp-content\/uploads\/2021\/10\/BOTTIGLIA-150x150.png 150w, https:\/\/www.mugavero.it\/wp-content\/uploads\/2021\/10\/BOTTIGLIA-187x187.png 187w, https:\/\/www.mugavero.it\/wp-content\/uploads\/2021\/10\/BOTTIGLIA-100x100.png 100w\" sizes=\"(max-width: 42px) 100vw, 42px\" \/>1\u00a0 \u00a0<img decoding=\"async\" class=\"alignnone wp-image-7111\" src=\"https:\/\/www.mugavero.it\/wp-content\/uploads\/2019\/10\/TANICA.png\" alt=\"\" width=\"38\" height=\"38\" srcset=\"https:\/\/www.mugavero.it\/wp-content\/uploads\/2019\/10\/TANICA.png 238w, https:\/\/www.mugavero.it\/wp-content\/uploads\/2019\/10\/TANICA-150x150.png 150w, https:\/\/www.mugavero.it\/wp-content\/uploads\/2019\/10\/TANICA-187x187.png 187w, https:\/\/www.mugavero.it\/wp-content\/uploads\/2019\/10\/TANICA-100x100.png 100w\" sizes=\"(max-width: 38px) 100vw, 38px\" \/>5\/20<\/p>\n<p><img decoding=\"async\" class=\"alignnone wp-image-7076 \" src=\"https:\/\/www.mugavero.it\/wp-content\/uploads\/2019\/01\/FOGLIARE.png\" alt=\"\" width=\"35\" height=\"35\" srcset=\"https:\/\/www.mugavero.it\/wp-content\/uploads\/2019\/01\/FOGLIARE.png 238w, https:\/\/www.mugavero.it\/wp-content\/uploads\/2019\/01\/FOGLIARE-150x150.png 150w, https:\/\/www.mugavero.it\/wp-content\/uploads\/2019\/01\/FOGLIARE-186x187.png 186w, https:\/\/www.mugavero.it\/wp-content\/uploads\/2019\/01\/FOGLIARE-100x100.png 100w\" sizes=\"(max-width: 35px) 100vw, 35px\" \/> Yaprak<\/p>\n<p><img decoding=\"async\" class=\"alignnone wp-image-7090 \" src=\"https:\/\/www.mugavero.it\/wp-content\/uploads\/2019\/01\/CONSENTITO-IN-BIO.png\" alt=\"\" width=\"32\" height=\"32\" srcset=\"https:\/\/www.mugavero.it\/wp-content\/uploads\/2019\/01\/CONSENTITO-IN-BIO.png 238w, https:\/\/www.mugavero.it\/wp-content\/uploads\/2019\/01\/CONSENTITO-IN-BIO-150x150.png 150w, https:\/\/www.mugavero.it\/wp-content\/uploads\/2019\/01\/CONSENTITO-IN-BIO-186x187.png 186w, https:\/\/www.mugavero.it\/wp-content\/uploads\/2019\/01\/CONSENTITO-IN-BIO-100x100.png 100w\" sizes=\"(max-width: 32px) 100vw, 32px\" \/><span style=\"font-weight: 400;\">Biyolojik tar\u0131m onayl\u0131<\/span><\/p>\n<p><img decoding=\"async\" class=\"alignnone wp-image-7097 \" src=\"https:\/\/www.mugavero.it\/wp-content\/uploads\/2019\/01\/ECO-SOSTENIBILE.png\" alt=\"\" width=\"30\" height=\"30\" srcset=\"https:\/\/www.mugavero.it\/wp-content\/uploads\/2019\/01\/ECO-SOSTENIBILE.png 238w, https:\/\/www.mugavero.it\/wp-content\/uploads\/2019\/01\/ECO-SOSTENIBILE-150x150.png 150w, https:\/\/www.mugavero.it\/wp-content\/uploads\/2019\/01\/ECO-SOSTENIBILE-187x187.png 187w, https:\/\/www.mugavero.it\/wp-content\/uploads\/2019\/01\/ECO-SOSTENIBILE-100x100.png 100w\" sizes=\"(max-width: 30px) 100vw, 30px\" \/> Eko-s\u00fcrd\u00fcr\u00fclebilir ambalaj<\/p>\n","protected":false},"featured_media":6578,"template":"","meta":{"_exactmetrics_skip_tracking":false,"_exactmetrics_sitenote_active":false,"_exactmetrics_sitenote_note":"","_exactmetrics_sitenote_category":0},"yoast_head":"<!-- This site is optimized with the Yoast SEO plugin v23.4 - https:\/\/yoast.com\/wordpress\/plugins\/seo\/ -->\n<title>Kelpstar Boro | Mugavero | BiyoStim\u00fclantlar<\/title>\n<meta name=\"description\" content=\"KELPSTAR, G\u00fcney Afrika k\u0131y\u0131lar\u0131ndan elde edilen, ECKLONIA MAXIMA yosunun 11 mg\/L oksin ve 0.03 mg\/L sitokinin i\u00e7erikli s\u0131v\u0131 \u00f6z\u00fcd\u00fcr (...)\" \/>\n<meta name=\"robots\" content=\"index, follow, max-snippet:-1, max-image-preview:large, max-video-preview:-1\" \/>\n<link rel=\"canonical\" href=\"https:\/\/www.mugavero.it\/tr\/g\u00fcbre\/kelpstar-boro\/\" \/>\n<meta property=\"og:locale\" content=\"tr_TR\" \/>\n<meta property=\"og:type\" content=\"article\" \/>\n<meta property=\"og:title\" content=\"Kelpstar Boro | Mugavero | BiyoStim\u00fclantlar\" \/>\n<meta property=\"og:description\" content=\"KELPSTAR, G\u00fcney Afrika k\u0131y\u0131lar\u0131ndan elde edilen, ECKLONIA MAXIMA yosunun 11 mg\/L oksin ve 0.03 mg\/L sitokinin i\u00e7erikli s\u0131v\u0131 \u00f6z\u00fcd\u00fcr (...)\" \/>\n<meta property=\"og:url\" content=\"https:\/\/www.mugavero.it\/tr\/g\u00fcbre\/kelpstar-boro\/\" \/>\n<meta property=\"og:site_name\" content=\"Mugavero\" \/>\n<meta property=\"article:publisher\" content=\"https:\/\/www.facebook.com\/mugaverofertilizers\/\" \/>\n<meta property=\"article:modified_time\" content=\"2024-07-23T07:41:16+00:00\" \/>\n<meta property=\"og:image\" content=\"https:\/\/www.mugavero.it\/wp-content\/uploads\/2019\/01\/KELPSTAR-BORO1.png\" \/>\n\t<meta property=\"og:image:width\" content=\"600\" \/>\n\t<meta property=\"og:image:height\" content=\"600\" \/>\n\t<meta property=\"og:image:type\" content=\"image\/png\" \/>\n<meta name=\"twitter:card\" content=\"summary_large_image\" \/>\n<meta name=\"twitter:label1\" content=\"Tahmini okuma s\u00fcresi\" \/>\n\t<meta name=\"twitter:data1\" content=\"1 dakika\" \/>\n<script type=\"application\/ld+json\" class=\"yoast-schema-graph\">{\"@context\":\"https:\/\/schema.org\",\"@graph\":[{\"@type\":\"WebPage\",\"@id\":\"https:\/\/www.mugavero.it\/tr\/g\u00fcbre\/kelpstar-boro\/\",\"url\":\"https:\/\/www.mugavero.it\/tr\/g\u00fcbre\/kelpstar-boro\/\",\"name\":\"Kelpstar Boro | Mugavero | BiyoStim\u00fclantlar\",\"isPartOf\":{\"@id\":\"https:\/\/www.mugavero.it\/tr\/#website\"},\"primaryImageOfPage\":{\"@id\":\"https:\/\/www.mugavero.it\/tr\/g\u00fcbre\/kelpstar-boro\/#primaryimage\"},\"image\":{\"@id\":\"https:\/\/www.mugavero.it\/tr\/g\u00fcbre\/kelpstar-boro\/#primaryimage\"},\"thumbnailUrl\":\"https:\/\/www.mugavero.it\/wp-content\/uploads\/2019\/01\/KELPSTAR-BORO1.png\",\"datePublished\":\"2019-03-22T15:02:57+00:00\",\"dateModified\":\"2024-07-23T07:41:16+00:00\",\"description\":\"KELPSTAR, G\u00fcney Afrika k\u0131y\u0131lar\u0131ndan elde edilen, ECKLONIA MAXIMA yosunun 11 mg\/L oksin ve 0.03 mg\/L sitokinin i\u00e7erikli s\u0131v\u0131 \u00f6z\u00fcd\u00fcr (...)\",\"breadcrumb\":{\"@id\":\"https:\/\/www.mugavero.it\/tr\/g\u00fcbre\/kelpstar-boro\/#breadcrumb\"},\"inLanguage\":\"tr\",\"potentialAction\":[{\"@type\":\"ReadAction\",\"target\":[\"https:\/\/www.mugavero.it\/tr\/g\u00fcbre\/kelpstar-boro\/\"]}]},{\"@type\":\"ImageObject\",\"inLanguage\":\"tr\",\"@id\":\"https:\/\/www.mugavero.it\/tr\/g\u00fcbre\/kelpstar-boro\/#primaryimage\",\"url\":\"https:\/\/www.mugavero.it\/wp-content\/uploads\/2019\/01\/KELPSTAR-BORO1.png\",\"contentUrl\":\"https:\/\/www.mugavero.it\/wp-content\/uploads\/2019\/01\/KELPSTAR-BORO1.png\",\"width\":600,\"height\":600},{\"@type\":\"BreadcrumbList\",\"@id\":\"https:\/\/www.mugavero.it\/tr\/g\u00fcbre\/kelpstar-boro\/#breadcrumb\",\"itemListElement\":[{\"@type\":\"ListItem\",\"position\":1,\"name\":\"Home\",\"item\":\"https:\/\/www.mugavero.it\/tr\/\"},{\"@type\":\"ListItem\",\"position\":2,\"name\":\"Catalogo\",\"item\":\"https:\/\/www.mugavero.it\/tr\/katalog\/\"},{\"@type\":\"ListItem\",\"position\":3,\"name\":\"Kelpstar Boro\"}]},{\"@type\":\"WebSite\",\"@id\":\"https:\/\/www.mugavero.it\/tr\/#website\",\"url\":\"https:\/\/www.mugavero.it\/tr\/\",\"name\":\"Mugavero Fertilizers\",\"description\":\"It&#039;s Green, White and Red\",\"publisher\":{\"@id\":\"https:\/\/www.mugavero.it\/tr\/#organization\"},\"potentialAction\":[{\"@type\":\"SearchAction\",\"target\":{\"@type\":\"EntryPoint\",\"urlTemplate\":\"https:\/\/www.mugavero.it\/tr\/?s={search_term_string}\"},\"query-input\":{\"@type\":\"PropertyValueSpecification\",\"valueRequired\":true,\"valueName\":\"search_term_string\"}}],\"inLanguage\":\"tr\"},{\"@type\":\"Organization\",\"@id\":\"https:\/\/www.mugavero.it\/tr\/#organization\",\"name\":\"Mugavero Fertilizzanti\",\"url\":\"https:\/\/www.mugavero.it\/tr\/\",\"logo\":{\"@type\":\"ImageObject\",\"inLanguage\":\"tr\",\"@id\":\"https:\/\/www.mugavero.it\/tr\/#\/schema\/logo\/image\/\",\"url\":\"https:\/\/www.mugavero.it\/wp-content\/uploads\/2019\/03\/MUGAVERO-LOGO-ita.png\",\"contentUrl\":\"https:\/\/www.mugavero.it\/wp-content\/uploads\/2019\/03\/MUGAVERO-LOGO-ita.png\",\"width\":1000,\"height\":656,\"caption\":\"Mugavero Fertilizzanti\"},\"image\":{\"@id\":\"https:\/\/www.mugavero.it\/tr\/#\/schema\/logo\/image\/\"},\"sameAs\":[\"https:\/\/www.facebook.com\/mugaverofertilizers\/\",\"https:\/\/www.instagram.com\/mugaverofertilizers\/\",\"https:\/\/www.linkedin.com\/company\/mugavero-fertilizers-official\/\",\"https:\/\/www.youtube.com\/channel\/UCcVmJoiUaqBv_pMIGSe6E2A\"]}]}<\/script>\n<!-- \/ Yoast SEO plugin. -->","yoast_head_json":{"title":"Kelpstar Boro | Mugavero | BiyoStim\u00fclantlar","description":"KELPSTAR, G\u00fcney Afrika k\u0131y\u0131lar\u0131ndan elde edilen, ECKLONIA MAXIMA yosunun 11 mg\/L oksin ve 0.03 mg\/L sitokinin i\u00e7erikli s\u0131v\u0131 \u00f6z\u00fcd\u00fcr (...)","robots":{"index":"index","follow":"follow","max-snippet":"max-snippet:-1","max-image-preview":"max-image-preview:large","max-video-preview":"max-video-preview:-1"},"canonical":"https:\/\/www.mugavero.it\/tr\/g\u00fcbre\/kelpstar-boro\/","og_locale":"tr_TR","og_type":"article","og_title":"Kelpstar Boro | Mugavero | BiyoStim\u00fclantlar","og_description":"KELPSTAR, G\u00fcney Afrika k\u0131y\u0131lar\u0131ndan elde edilen, ECKLONIA MAXIMA yosunun 11 mg\/L oksin ve 0.03 mg\/L sitokinin i\u00e7erikli s\u0131v\u0131 \u00f6z\u00fcd\u00fcr (...)","og_url":"https:\/\/www.mugavero.it\/tr\/g\u00fcbre\/kelpstar-boro\/","og_site_name":"Mugavero","article_publisher":"https:\/\/www.facebook.com\/mugaverofertilizers\/","article_modified_time":"2024-07-23T07:41:16+00:00","og_image":[{"width":600,"height":600,"url":"https:\/\/www.mugavero.it\/wp-content\/uploads\/2019\/01\/KELPSTAR-BORO1.png","type":"image\/png"}],"twitter_card":"summary_large_image","twitter_misc":{"Tahmini okuma s\u00fcresi":"1 dakika"},"schema":{"@context":"https:\/\/schema.org","@graph":[{"@type":"WebPage","@id":"https:\/\/www.mugavero.it\/tr\/g\u00fcbre\/kelpstar-boro\/","url":"https:\/\/www.mugavero.it\/tr\/g\u00fcbre\/kelpstar-boro\/","name":"Kelpstar Boro | Mugavero | BiyoStim\u00fclantlar","isPartOf":{"@id":"https:\/\/www.mugavero.it\/tr\/#website"},"primaryImageOfPage":{"@id":"https:\/\/www.mugavero.it\/tr\/g\u00fcbre\/kelpstar-boro\/#primaryimage"},"image":{"@id":"https:\/\/www.mugavero.it\/tr\/g\u00fcbre\/kelpstar-boro\/#primaryimage"},"thumbnailUrl":"https:\/\/www.mugavero.it\/wp-content\/uploads\/2019\/01\/KELPSTAR-BORO1.png","datePublished":"2019-03-22T15:02:57+00:00","dateModified":"2024-07-23T07:41:16+00:00","description":"KELPSTAR, G\u00fcney Afrika k\u0131y\u0131lar\u0131ndan elde edilen, ECKLONIA MAXIMA yosunun 11 mg\/L oksin ve 0.03 mg\/L sitokinin i\u00e7erikli s\u0131v\u0131 \u00f6z\u00fcd\u00fcr (...)","breadcrumb":{"@id":"https:\/\/www.mugavero.it\/tr\/g\u00fcbre\/kelpstar-boro\/#breadcrumb"},"inLanguage":"tr","potentialAction":[{"@type":"ReadAction","target":["https:\/\/www.mugavero.it\/tr\/g\u00fcbre\/kelpstar-boro\/"]}]},{"@type":"ImageObject","inLanguage":"tr","@id":"https:\/\/www.mugavero.it\/tr\/g\u00fcbre\/kelpstar-boro\/#primaryimage","url":"https:\/\/www.mugavero.it\/wp-content\/uploads\/2019\/01\/KELPSTAR-BORO1.png","contentUrl":"https:\/\/www.mugavero.it\/wp-content\/uploads\/2019\/01\/KELPSTAR-BORO1.png","width":600,"height":600},{"@type":"BreadcrumbList","@id":"https:\/\/www.mugavero.it\/tr\/g\u00fcbre\/kelpstar-boro\/#breadcrumb","itemListElement":[{"@type":"ListItem","position":1,"name":"Home","item":"https:\/\/www.mugavero.it\/tr\/"},{"@type":"ListItem","position":2,"name":"Catalogo","item":"https:\/\/www.mugavero.it\/tr\/katalog\/"},{"@type":"ListItem","position":3,"name":"Kelpstar Boro"}]},{"@type":"WebSite","@id":"https:\/\/www.mugavero.it\/tr\/#website","url":"https:\/\/www.mugavero.it\/tr\/","name":"Mugavero Fertilizers","description":"It&#039;s Green, White and Red","publisher":{"@id":"https:\/\/www.mugavero.it\/tr\/#organization"},"potentialAction":[{"@type":"SearchAction","target":{"@type":"EntryPoint","urlTemplate":"https:\/\/www.mugavero.it\/tr\/?s={search_term_string}"},"query-input":{"@type":"PropertyValueSpecification","valueRequired":true,"valueName":"search_term_string"}}],"inLanguage":"tr"},{"@type":"Organization","@id":"https:\/\/www.mugavero.it\/tr\/#organization","name":"Mugavero Fertilizzanti","url":"https:\/\/www.mugavero.it\/tr\/","logo":{"@type":"ImageObject","inLanguage":"tr","@id":"https:\/\/www.mugavero.it\/tr\/#\/schema\/logo\/image\/","url":"https:\/\/www.mugavero.it\/wp-content\/uploads\/2019\/03\/MUGAVERO-LOGO-ita.png","contentUrl":"https:\/\/www.mugavero.it\/wp-content\/uploads\/2019\/03\/MUGAVERO-LOGO-ita.png","width":1000,"height":656,"caption":"Mugavero Fertilizzanti"},"image":{"@id":"https:\/\/www.mugavero.it\/tr\/#\/schema\/logo\/image\/"},"sameAs":["https:\/\/www.facebook.com\/mugaverofertilizers\/","https:\/\/www.instagram.com\/mugaverofertilizers\/","https:\/\/www.linkedin.com\/company\/mugavero-fertilizers-official\/","https:\/\/www.youtube.com\/channel\/UCcVmJoiUaqBv_pMIGSe6E2A"]}]}},"_links":{"self":[{"href":"https:\/\/www.mugavero.it\/tr\/wp-json\/wp\/v2\/product\/3065"}],"collection":[{"href":"https:\/\/www.mugavero.it\/tr\/wp-json\/wp\/v2\/product"}],"about":[{"href":"https:\/\/www.mugavero.it\/tr\/wp-json\/wp\/v2\/types\/product"}],"wp:featuredmedia":[{"embeddable":true,"href":"https:\/\/www.mugavero.it\/tr\/wp-json\/wp\/v2\/media\/6578"}],"wp:attachment":[{"href":"https:\/\/www.mugavero.it\/tr\/wp-json\/wp\/v2\/media?parent=3065"}],"curies":[{"name":"wp","href":"https:\/\/api.w.org\/{rel}","templated":true}]}}