{"id":3063,"date":"2019-01-22T09:42:48","date_gmt":"2019-03-22T14:48:07","guid":{"rendered":"https:\/\/www.mugavero.it\/?post_type=product&#038;p=3063"},"modified":"2024-07-23T10:47:47","modified_gmt":"2024-07-23T08:47:47","slug":"tonical","status":"publish","type":"product","link":"https:\/\/www.mugavero.it\/tr\/g\u00fcbre\/tonical\/","title":{"rendered":"Tonical"},"content":{"rendered":"<p>TONICALaminoasitli ve peptitli kalsiyum kompleksinden elde edilen, i\u00e7eri\u011finde y\u00fcksek miktarda oksin (11 mg\/lt), sitokinin (0.03 mg\/lt) ve ciberelli bulunan,\u00a0 kahverengi yosun \u00f6zleriyle (ECKLONIA MAXIMA) zenginle\u015ftirilmi\u015f bir s\u0131v\u0131 form\u00fclasyondur.<\/p>\n<p>Kalsiyum h\u00fccre duvar\u0131n\u0131n kal\u0131nla\u015fmas\u0131 ve dayan\u0131kl\u0131la\u015fmas\u0131nda, dolay\u0131s\u0131yla sebzenin ve meyvenin k\u0131vam\u0131nda \u00e7ok temel bir rol oynar.<br \/>\nMeyve olu\u015fumu s\u0131ras\u0131nda hasattan biraz once TON\u0130CAL\u2019in uygulanmas\u0131 \u00fcr\u00fcn\u00fcn dayan\u0131kl\u0131l\u0131\u011f\u0131n\u0131,<br \/>\norganoleptik \u00f6zelliklerini, rengini ve raf\u00a0\u00f6mr\u00fcn\u00fc iyile\u015ftirir.<\/p>\n<p>Kalsiyum eksikli\u011fi sebzelerin yaprak ya\u011f\u0131n\u0131n, domates tepesinin \u00e7\u00fcr\u00fcmesinin, \u00fcz\u00fcm sap\u0131\u00a0 urumas\u0131n\u0131n, elmada ac\u0131 bene\u011fin, armut kabu\u011funun ayr\u0131lmas\u0131 ve benzeri hastal\u0131klar\u0131n temelidir.<\/p>\n<p>Aminoasitlerin ve peptidlerin varl\u0131\u011f\u0131, meyvenin d\u0131\u015f kabu\u011funun dayan\u0131kl\u0131 olmas\u0131 ve\u00a0 \u00e7atlamamas\u0131n\u0131<br \/>\nsa\u011flamak \u00fczere kalsiyumun h\u00fccre zar\u0131na giri\u015fine izin verir.<\/p>\n","protected":false},"excerpt":{"rendered":"<p>TONICAL aminoasitli ve peptitli kalsiyum kompleksinden elde edilen, i\u00e7eri\u011finde y\u00fcksek miktarda oksin (11 mg\/lt), sitokinin (0.03 mg\/lt) ve ciberelli bulunan,\u00a0 kahverengi yosun \u00f6zleriyle (ECKLONIA MAXIMA) zenginle\u015ftirilmi\u015f bir s\u0131v\u0131 form\u00fclasyondur.<\/p>\n<p><img decoding=\"async\" class=\"alignnone wp-image-7119\" src=\"https:\/\/www.mugavero.it\/wp-content\/uploads\/2021\/10\/BOTTIGLIA.png\" alt=\"\" width=\"42\" height=\"42\" srcset=\"https:\/\/www.mugavero.it\/wp-content\/uploads\/2021\/10\/BOTTIGLIA.png 238w, https:\/\/www.mugavero.it\/wp-content\/uploads\/2021\/10\/BOTTIGLIA-150x150.png 150w, https:\/\/www.mugavero.it\/wp-content\/uploads\/2021\/10\/BOTTIGLIA-187x187.png 187w, https:\/\/www.mugavero.it\/wp-content\/uploads\/2021\/10\/BOTTIGLIA-100x100.png 100w\" sizes=\"(max-width: 42px) 100vw, 42px\" \/>1\u00a0 \u00a0<img decoding=\"async\" class=\"alignnone wp-image-7111\" src=\"https:\/\/www.mugavero.it\/wp-content\/uploads\/2019\/10\/TANICA.png\" alt=\"\" width=\"38\" height=\"38\" srcset=\"https:\/\/www.mugavero.it\/wp-content\/uploads\/2019\/10\/TANICA.png 238w, https:\/\/www.mugavero.it\/wp-content\/uploads\/2019\/10\/TANICA-150x150.png 150w, https:\/\/www.mugavero.it\/wp-content\/uploads\/2019\/10\/TANICA-187x187.png 187w, https:\/\/www.mugavero.it\/wp-content\/uploads\/2019\/10\/TANICA-100x100.png 100w\" sizes=\"(max-width: 38px) 100vw, 38px\" \/>5\/20<\/p>\n<p><img decoding=\"async\" class=\"alignnone wp-image-7076 \" src=\"https:\/\/www.mugavero.it\/wp-content\/uploads\/2019\/01\/FOGLIARE.png\" alt=\"\" width=\"35\" height=\"35\" srcset=\"https:\/\/www.mugavero.it\/wp-content\/uploads\/2019\/01\/FOGLIARE.png 238w, https:\/\/www.mugavero.it\/wp-content\/uploads\/2019\/01\/FOGLIARE-150x150.png 150w, https:\/\/www.mugavero.it\/wp-content\/uploads\/2019\/01\/FOGLIARE-186x187.png 186w, https:\/\/www.mugavero.it\/wp-content\/uploads\/2019\/01\/FOGLIARE-100x100.png 100w\" sizes=\"(max-width: 35px) 100vw, 35px\" \/> Yaprak<\/p>\n<p><img decoding=\"async\" class=\"alignnone wp-image-7083 \" src=\"https:\/\/www.mugavero.it\/wp-content\/uploads\/2019\/01\/FERTIRRIGAZIONE.png\" alt=\"\" width=\"35\" height=\"35\" srcset=\"https:\/\/www.mugavero.it\/wp-content\/uploads\/2019\/01\/FERTIRRIGAZIONE.png 238w, https:\/\/www.mugavero.it\/wp-content\/uploads\/2019\/01\/FERTIRRIGAZIONE-150x150.png 150w, https:\/\/www.mugavero.it\/wp-content\/uploads\/2019\/01\/FERTIRRIGAZIONE-187x187.png 187w, https:\/\/www.mugavero.it\/wp-content\/uploads\/2019\/01\/FERTIRRIGAZIONE-100x100.png 100w\" sizes=\"(max-width: 35px) 100vw, 35px\" \/> G\u00fcbreleme<\/p>\n<p><img decoding=\"async\" class=\"alignnone wp-image-7097 \" src=\"https:\/\/www.mugavero.it\/wp-content\/uploads\/2019\/01\/ECO-SOSTENIBILE.png\" alt=\"\" width=\"30\" height=\"30\" srcset=\"https:\/\/www.mugavero.it\/wp-content\/uploads\/2019\/01\/ECO-SOSTENIBILE.png 238w, https:\/\/www.mugavero.it\/wp-content\/uploads\/2019\/01\/ECO-SOSTENIBILE-150x150.png 150w, https:\/\/www.mugavero.it\/wp-content\/uploads\/2019\/01\/ECO-SOSTENIBILE-187x187.png 187w, https:\/\/www.mugavero.it\/wp-content\/uploads\/2019\/01\/ECO-SOSTENIBILE-100x100.png 100w\" sizes=\"(max-width: 30px) 100vw, 30px\" \/> Eko-s\u00fcrd\u00fcr\u00fclebilir ambalaj<\/p>\n","protected":false},"featured_media":6557,"template":"","meta":{"_exactmetrics_skip_tracking":false,"_exactmetrics_sitenote_active":false,"_exactmetrics_sitenote_note":"","_exactmetrics_sitenote_category":0},"yoast_head":"<!-- This site is optimized with the Yoast SEO plugin v23.4 - https:\/\/yoast.com\/wordpress\/plugins\/seo\/ -->\n<title>Tonical | Mugavero<\/title>\n<meta name=\"description\" content=\"TONICAL aminoasitli ve peptitli kalsiyum kompleksinden elde edilen, i\u00e7eri\u011finde y\u00fcksek miktarda oksin (11 mg\/lt), sitokinin (0.03 mg\/lt) ve ciberelli (...)\" \/>\n<meta name=\"robots\" content=\"index, follow, max-snippet:-1, max-image-preview:large, max-video-preview:-1\" \/>\n<link rel=\"canonical\" href=\"https:\/\/www.mugavero.it\/tr\/g\u00fcbre\/tonical\/\" \/>\n<meta property=\"og:locale\" content=\"tr_TR\" \/>\n<meta property=\"og:type\" content=\"article\" \/>\n<meta property=\"og:title\" content=\"Tonical | Mugavero\" \/>\n<meta property=\"og:description\" content=\"TONICAL aminoasitli ve peptitli kalsiyum kompleksinden elde edilen, i\u00e7eri\u011finde y\u00fcksek miktarda oksin (11 mg\/lt), sitokinin (0.03 mg\/lt) ve ciberelli (...)\" \/>\n<meta property=\"og:url\" content=\"https:\/\/www.mugavero.it\/tr\/g\u00fcbre\/tonical\/\" \/>\n<meta property=\"og:site_name\" content=\"Mugavero\" \/>\n<meta property=\"article:publisher\" content=\"https:\/\/www.facebook.com\/mugaverofertilizers\/\" \/>\n<meta property=\"article:modified_time\" content=\"2024-07-23T08:47:47+00:00\" \/>\n<meta property=\"og:image\" content=\"https:\/\/www.mugavero.it\/wp-content\/uploads\/2019\/01\/TONICAL1.png\" \/>\n\t<meta property=\"og:image:width\" content=\"600\" \/>\n\t<meta property=\"og:image:height\" content=\"600\" \/>\n\t<meta property=\"og:image:type\" content=\"image\/png\" \/>\n<meta name=\"twitter:card\" content=\"summary_large_image\" \/>\n<meta name=\"twitter:label1\" content=\"Tahmini okuma s\u00fcresi\" \/>\n\t<meta name=\"twitter:data1\" content=\"1 dakika\" \/>\n<script type=\"application\/ld+json\" class=\"yoast-schema-graph\">{\"@context\":\"https:\/\/schema.org\",\"@graph\":[{\"@type\":\"WebPage\",\"@id\":\"https:\/\/www.mugavero.it\/tr\/g\u00fcbre\/tonical\/\",\"url\":\"https:\/\/www.mugavero.it\/tr\/g\u00fcbre\/tonical\/\",\"name\":\"Tonical | Mugavero\",\"isPartOf\":{\"@id\":\"https:\/\/www.mugavero.it\/tr\/#website\"},\"primaryImageOfPage\":{\"@id\":\"https:\/\/www.mugavero.it\/tr\/g\u00fcbre\/tonical\/#primaryimage\"},\"image\":{\"@id\":\"https:\/\/www.mugavero.it\/tr\/g\u00fcbre\/tonical\/#primaryimage\"},\"thumbnailUrl\":\"https:\/\/www.mugavero.it\/wp-content\/uploads\/2019\/01\/TONICAL1.png\",\"datePublished\":\"2019-03-22T14:48:07+00:00\",\"dateModified\":\"2024-07-23T08:47:47+00:00\",\"description\":\"TONICAL aminoasitli ve peptitli kalsiyum kompleksinden elde edilen, i\u00e7eri\u011finde y\u00fcksek miktarda oksin (11 mg\/lt), sitokinin (0.03 mg\/lt) ve ciberelli (...)\",\"breadcrumb\":{\"@id\":\"https:\/\/www.mugavero.it\/tr\/g\u00fcbre\/tonical\/#breadcrumb\"},\"inLanguage\":\"tr\",\"potentialAction\":[{\"@type\":\"ReadAction\",\"target\":[\"https:\/\/www.mugavero.it\/tr\/g\u00fcbre\/tonical\/\"]}]},{\"@type\":\"ImageObject\",\"inLanguage\":\"tr\",\"@id\":\"https:\/\/www.mugavero.it\/tr\/g\u00fcbre\/tonical\/#primaryimage\",\"url\":\"https:\/\/www.mugavero.it\/wp-content\/uploads\/2019\/01\/TONICAL1.png\",\"contentUrl\":\"https:\/\/www.mugavero.it\/wp-content\/uploads\/2019\/01\/TONICAL1.png\",\"width\":600,\"height\":600,\"caption\":\"Peperone\"},{\"@type\":\"BreadcrumbList\",\"@id\":\"https:\/\/www.mugavero.it\/tr\/g\u00fcbre\/tonical\/#breadcrumb\",\"itemListElement\":[{\"@type\":\"ListItem\",\"position\":1,\"name\":\"Home\",\"item\":\"https:\/\/www.mugavero.it\/tr\/\"},{\"@type\":\"ListItem\",\"position\":2,\"name\":\"Catalogo\",\"item\":\"https:\/\/www.mugavero.it\/tr\/katalog\/\"},{\"@type\":\"ListItem\",\"position\":3,\"name\":\"Tonical\"}]},{\"@type\":\"WebSite\",\"@id\":\"https:\/\/www.mugavero.it\/tr\/#website\",\"url\":\"https:\/\/www.mugavero.it\/tr\/\",\"name\":\"Mugavero Fertilizers\",\"description\":\"It&#039;s Green, White and Red\",\"publisher\":{\"@id\":\"https:\/\/www.mugavero.it\/tr\/#organization\"},\"potentialAction\":[{\"@type\":\"SearchAction\",\"target\":{\"@type\":\"EntryPoint\",\"urlTemplate\":\"https:\/\/www.mugavero.it\/tr\/?s={search_term_string}\"},\"query-input\":{\"@type\":\"PropertyValueSpecification\",\"valueRequired\":true,\"valueName\":\"search_term_string\"}}],\"inLanguage\":\"tr\"},{\"@type\":\"Organization\",\"@id\":\"https:\/\/www.mugavero.it\/tr\/#organization\",\"name\":\"Mugavero Fertilizzanti\",\"url\":\"https:\/\/www.mugavero.it\/tr\/\",\"logo\":{\"@type\":\"ImageObject\",\"inLanguage\":\"tr\",\"@id\":\"https:\/\/www.mugavero.it\/tr\/#\/schema\/logo\/image\/\",\"url\":\"https:\/\/www.mugavero.it\/wp-content\/uploads\/2019\/03\/MUGAVERO-LOGO-ita.png\",\"contentUrl\":\"https:\/\/www.mugavero.it\/wp-content\/uploads\/2019\/03\/MUGAVERO-LOGO-ita.png\",\"width\":1000,\"height\":656,\"caption\":\"Mugavero Fertilizzanti\"},\"image\":{\"@id\":\"https:\/\/www.mugavero.it\/tr\/#\/schema\/logo\/image\/\"},\"sameAs\":[\"https:\/\/www.facebook.com\/mugaverofertilizers\/\",\"https:\/\/www.instagram.com\/mugaverofertilizers\/\",\"https:\/\/www.linkedin.com\/company\/mugavero-fertilizers-official\/\",\"https:\/\/www.youtube.com\/channel\/UCcVmJoiUaqBv_pMIGSe6E2A\"]}]}<\/script>\n<!-- \/ Yoast SEO plugin. -->","yoast_head_json":{"title":"Tonical | Mugavero","description":"TONICAL aminoasitli ve peptitli kalsiyum kompleksinden elde edilen, i\u00e7eri\u011finde y\u00fcksek miktarda oksin (11 mg\/lt), sitokinin (0.03 mg\/lt) ve ciberelli (...)","robots":{"index":"index","follow":"follow","max-snippet":"max-snippet:-1","max-image-preview":"max-image-preview:large","max-video-preview":"max-video-preview:-1"},"canonical":"https:\/\/www.mugavero.it\/tr\/g\u00fcbre\/tonical\/","og_locale":"tr_TR","og_type":"article","og_title":"Tonical | Mugavero","og_description":"TONICAL aminoasitli ve peptitli kalsiyum kompleksinden elde edilen, i\u00e7eri\u011finde y\u00fcksek miktarda oksin (11 mg\/lt), sitokinin (0.03 mg\/lt) ve ciberelli (...)","og_url":"https:\/\/www.mugavero.it\/tr\/g\u00fcbre\/tonical\/","og_site_name":"Mugavero","article_publisher":"https:\/\/www.facebook.com\/mugaverofertilizers\/","article_modified_time":"2024-07-23T08:47:47+00:00","og_image":[{"width":600,"height":600,"url":"https:\/\/www.mugavero.it\/wp-content\/uploads\/2019\/01\/TONICAL1.png","type":"image\/png"}],"twitter_card":"summary_large_image","twitter_misc":{"Tahmini okuma s\u00fcresi":"1 dakika"},"schema":{"@context":"https:\/\/schema.org","@graph":[{"@type":"WebPage","@id":"https:\/\/www.mugavero.it\/tr\/g\u00fcbre\/tonical\/","url":"https:\/\/www.mugavero.it\/tr\/g\u00fcbre\/tonical\/","name":"Tonical | Mugavero","isPartOf":{"@id":"https:\/\/www.mugavero.it\/tr\/#website"},"primaryImageOfPage":{"@id":"https:\/\/www.mugavero.it\/tr\/g\u00fcbre\/tonical\/#primaryimage"},"image":{"@id":"https:\/\/www.mugavero.it\/tr\/g\u00fcbre\/tonical\/#primaryimage"},"thumbnailUrl":"https:\/\/www.mugavero.it\/wp-content\/uploads\/2019\/01\/TONICAL1.png","datePublished":"2019-03-22T14:48:07+00:00","dateModified":"2024-07-23T08:47:47+00:00","description":"TONICAL aminoasitli ve peptitli kalsiyum kompleksinden elde edilen, i\u00e7eri\u011finde y\u00fcksek miktarda oksin (11 mg\/lt), sitokinin (0.03 mg\/lt) ve ciberelli (...)","breadcrumb":{"@id":"https:\/\/www.mugavero.it\/tr\/g\u00fcbre\/tonical\/#breadcrumb"},"inLanguage":"tr","potentialAction":[{"@type":"ReadAction","target":["https:\/\/www.mugavero.it\/tr\/g\u00fcbre\/tonical\/"]}]},{"@type":"ImageObject","inLanguage":"tr","@id":"https:\/\/www.mugavero.it\/tr\/g\u00fcbre\/tonical\/#primaryimage","url":"https:\/\/www.mugavero.it\/wp-content\/uploads\/2019\/01\/TONICAL1.png","contentUrl":"https:\/\/www.mugavero.it\/wp-content\/uploads\/2019\/01\/TONICAL1.png","width":600,"height":600,"caption":"Peperone"},{"@type":"BreadcrumbList","@id":"https:\/\/www.mugavero.it\/tr\/g\u00fcbre\/tonical\/#breadcrumb","itemListElement":[{"@type":"ListItem","position":1,"name":"Home","item":"https:\/\/www.mugavero.it\/tr\/"},{"@type":"ListItem","position":2,"name":"Catalogo","item":"https:\/\/www.mugavero.it\/tr\/katalog\/"},{"@type":"ListItem","position":3,"name":"Tonical"}]},{"@type":"WebSite","@id":"https:\/\/www.mugavero.it\/tr\/#website","url":"https:\/\/www.mugavero.it\/tr\/","name":"Mugavero Fertilizers","description":"It&#039;s Green, White and Red","publisher":{"@id":"https:\/\/www.mugavero.it\/tr\/#organization"},"potentialAction":[{"@type":"SearchAction","target":{"@type":"EntryPoint","urlTemplate":"https:\/\/www.mugavero.it\/tr\/?s={search_term_string}"},"query-input":{"@type":"PropertyValueSpecification","valueRequired":true,"valueName":"search_term_string"}}],"inLanguage":"tr"},{"@type":"Organization","@id":"https:\/\/www.mugavero.it\/tr\/#organization","name":"Mugavero Fertilizzanti","url":"https:\/\/www.mugavero.it\/tr\/","logo":{"@type":"ImageObject","inLanguage":"tr","@id":"https:\/\/www.mugavero.it\/tr\/#\/schema\/logo\/image\/","url":"https:\/\/www.mugavero.it\/wp-content\/uploads\/2019\/03\/MUGAVERO-LOGO-ita.png","contentUrl":"https:\/\/www.mugavero.it\/wp-content\/uploads\/2019\/03\/MUGAVERO-LOGO-ita.png","width":1000,"height":656,"caption":"Mugavero Fertilizzanti"},"image":{"@id":"https:\/\/www.mugavero.it\/tr\/#\/schema\/logo\/image\/"},"sameAs":["https:\/\/www.facebook.com\/mugaverofertilizers\/","https:\/\/www.instagram.com\/mugaverofertilizers\/","https:\/\/www.linkedin.com\/company\/mugavero-fertilizers-official\/","https:\/\/www.youtube.com\/channel\/UCcVmJoiUaqBv_pMIGSe6E2A"]}]}},"_links":{"self":[{"href":"https:\/\/www.mugavero.it\/tr\/wp-json\/wp\/v2\/product\/3063"}],"collection":[{"href":"https:\/\/www.mugavero.it\/tr\/wp-json\/wp\/v2\/product"}],"about":[{"href":"https:\/\/www.mugavero.it\/tr\/wp-json\/wp\/v2\/types\/product"}],"wp:featuredmedia":[{"embeddable":true,"href":"https:\/\/www.mugavero.it\/tr\/wp-json\/wp\/v2\/media\/6557"}],"wp:attachment":[{"href":"https:\/\/www.mugavero.it\/tr\/wp-json\/wp\/v2\/media?parent=3063"}],"curies":[{"name":"wp","href":"https:\/\/api.w.org\/{rel}","templated":true}]}}