{"id":3060,"date":"2019-01-22T08:19:51","date_gmt":"2019-03-22T12:04:11","guid":{"rendered":"https:\/\/www.mugavero.it\/?post_type=product&#038;p=3060"},"modified":"2024-10-17T13:08:27","modified_gmt":"2024-10-17T11:08:27","slug":"algastar-biyostimulantlar","status":"publish","type":"product","link":"https:\/\/www.mugavero.it\/tr\/g\u00fcbre\/algastar-biyostimulantlar\/","title":{"rendered":"Algastar"},"content":{"rendered":"<p>ALGASTAR, <span style=\"font-weight: 400;\">\u0130rlanda\u2019n\u0131n Donegal k\u0131y\u0131lar\u0131ndaki yosunlardan elde edilen tamamen do\u011fal bir biyostim\u00fclantt\u0131r<\/span><\/p>\n<p>Biyolojik olarak i\u00e7erdi\u011fi aktif bile\u015fenlerin d\u0131\u015f\u0131nda 60 \u00e7e\u015fit organik mikroelementi ve do\u011fal fitohormonlar\u0131, vitaminleri, enzimleri, peptitleri, serbest aminoasitleri dengeli bir bi\u00e7imde i\u00e7erisinde bar\u0131nd\u0131r\u0131r. \u0130\u00e7eri\u011finden<br \/>\ndolay\u0131 ALGASTAR rahatl\u0131kla k\u00f6kten ya da yapraktan uygulanabilir.<br \/>\nALGASTAR\u2019\u0131n \u00e7ok \u00e7e\u015fitli i\u00e7eri\u011fi, bitkinin farkl\u0131 b\u00fcy\u00fcme aktivitelerini etkiler: oksin (auxine) k\u00f6k yap\u0131s\u0131n\u0131n geli\u015fimini,<br \/>\nh\u00fccrelerin uzamas\u0131n\u0131 ve meyvenin tutumunu iyile\u015ftirir;<br \/>\nsitokinin (citochinine) h\u00fccrelerin alt katmanlar\u0131n\u0131 geli\u015ftirir; betain, bitkinin farkl\u0131 stres ortamlar\u0131na dayanmas\u0131n\u0131<br \/>\nsa\u011flar.<br \/>\n\u00dcr\u00fcn ayn\u0131 zamanda \u015fu hormonlar\u0131 i\u00e7erir: Oksin (Auxine) 22.78 ug\/kg; Sitokinin (Citochinine) 0.354 aug\/kg; Gibberelline 17.20 ug\/kg; Betain 7.152 ug\/kg<\/p>\n","protected":false},"excerpt":{"rendered":"<p>ALGASTAR, \u0130rlanda\u2019n\u0131n Donegal k\u0131y\u0131lar\u0131ndaki yosunlardan elde edilen tamamen do\u011fal<\/p>\n<p><img decoding=\"async\" class=\"alignnone wp-image-7119\" src=\"https:\/\/www.mugavero.it\/wp-content\/uploads\/2021\/10\/BOTTIGLIA.png\" alt=\"\" width=\"42\" height=\"42\" srcset=\"https:\/\/www.mugavero.it\/wp-content\/uploads\/2021\/10\/BOTTIGLIA.png 238w, https:\/\/www.mugavero.it\/wp-content\/uploads\/2021\/10\/BOTTIGLIA-150x150.png 150w, https:\/\/www.mugavero.it\/wp-content\/uploads\/2021\/10\/BOTTIGLIA-187x187.png 187w, https:\/\/www.mugavero.it\/wp-content\/uploads\/2021\/10\/BOTTIGLIA-100x100.png 100w\" sizes=\"(max-width: 42px) 100vw, 42px\" \/>1\u00a0 \u00a0<img decoding=\"async\" class=\"alignnone wp-image-7111\" src=\"https:\/\/www.mugavero.it\/wp-content\/uploads\/2019\/10\/TANICA.png\" alt=\"\" width=\"38\" height=\"38\" srcset=\"https:\/\/www.mugavero.it\/wp-content\/uploads\/2019\/10\/TANICA.png 238w, https:\/\/www.mugavero.it\/wp-content\/uploads\/2019\/10\/TANICA-150x150.png 150w, https:\/\/www.mugavero.it\/wp-content\/uploads\/2019\/10\/TANICA-187x187.png 187w, https:\/\/www.mugavero.it\/wp-content\/uploads\/2019\/10\/TANICA-100x100.png 100w\" sizes=\"(max-width: 38px) 100vw, 38px\" \/>5\/20<\/p>\n<p><img decoding=\"async\" class=\"alignnone wp-image-7076 \" src=\"https:\/\/www.mugavero.it\/wp-content\/uploads\/2019\/01\/FOGLIARE.png\" alt=\"\" width=\"35\" height=\"35\" srcset=\"https:\/\/www.mugavero.it\/wp-content\/uploads\/2019\/01\/FOGLIARE.png 238w, https:\/\/www.mugavero.it\/wp-content\/uploads\/2019\/01\/FOGLIARE-150x150.png 150w, https:\/\/www.mugavero.it\/wp-content\/uploads\/2019\/01\/FOGLIARE-186x187.png 186w, https:\/\/www.mugavero.it\/wp-content\/uploads\/2019\/01\/FOGLIARE-100x100.png 100w\" sizes=\"(max-width: 35px) 100vw, 35px\" \/> Yaprak<\/p>\n<p><img decoding=\"async\" class=\"alignnone wp-image-7083 \" src=\"https:\/\/www.mugavero.it\/wp-content\/uploads\/2019\/01\/FERTIRRIGAZIONE.png\" alt=\"\" width=\"35\" height=\"35\" srcset=\"https:\/\/www.mugavero.it\/wp-content\/uploads\/2019\/01\/FERTIRRIGAZIONE.png 238w, https:\/\/www.mugavero.it\/wp-content\/uploads\/2019\/01\/FERTIRRIGAZIONE-150x150.png 150w, https:\/\/www.mugavero.it\/wp-content\/uploads\/2019\/01\/FERTIRRIGAZIONE-187x187.png 187w, https:\/\/www.mugavero.it\/wp-content\/uploads\/2019\/01\/FERTIRRIGAZIONE-100x100.png 100w\" sizes=\"(max-width: 35px) 100vw, 35px\" \/> G\u00fcbreleme<\/p>\n<p><img decoding=\"async\" class=\"alignnone wp-image-7090 \" src=\"https:\/\/www.mugavero.it\/wp-content\/uploads\/2019\/01\/CONSENTITO-IN-BIO.png\" alt=\"\" width=\"32\" height=\"32\" srcset=\"https:\/\/www.mugavero.it\/wp-content\/uploads\/2019\/01\/CONSENTITO-IN-BIO.png 238w, https:\/\/www.mugavero.it\/wp-content\/uploads\/2019\/01\/CONSENTITO-IN-BIO-150x150.png 150w, https:\/\/www.mugavero.it\/wp-content\/uploads\/2019\/01\/CONSENTITO-IN-BIO-186x187.png 186w, https:\/\/www.mugavero.it\/wp-content\/uploads\/2019\/01\/CONSENTITO-IN-BIO-100x100.png 100w\" sizes=\"(max-width: 32px) 100vw, 32px\" \/><span style=\"font-weight: 400;\">Biyolojik tar\u0131m onayl\u0131<\/span><\/p>\n<p><img decoding=\"async\" class=\"alignnone wp-image-7097 \" src=\"https:\/\/www.mugavero.it\/wp-content\/uploads\/2019\/01\/ECO-SOSTENIBILE.png\" alt=\"\" width=\"30\" height=\"30\" srcset=\"https:\/\/www.mugavero.it\/wp-content\/uploads\/2019\/01\/ECO-SOSTENIBILE.png 238w, https:\/\/www.mugavero.it\/wp-content\/uploads\/2019\/01\/ECO-SOSTENIBILE-150x150.png 150w, https:\/\/www.mugavero.it\/wp-content\/uploads\/2019\/01\/ECO-SOSTENIBILE-187x187.png 187w, https:\/\/www.mugavero.it\/wp-content\/uploads\/2019\/01\/ECO-SOSTENIBILE-100x100.png 100w\" sizes=\"(max-width: 30px) 100vw, 30px\" \/> Eko-s\u00fcrd\u00fcr\u00fclebilir ambalaj<\/p>\n<p>&nbsp;<\/p>\n","protected":false},"featured_media":6536,"template":"","meta":{"_exactmetrics_skip_tracking":false,"_exactmetrics_sitenote_active":false,"_exactmetrics_sitenote_note":"","_exactmetrics_sitenote_category":0},"yoast_head":"<!-- This site is optimized with the Yoast SEO plugin v23.4 - https:\/\/yoast.com\/wordpress\/plugins\/seo\/ -->\n<title>Algastar | Mugavero | BiyoStim\u00fclantlar<\/title>\n<meta name=\"description\" content=\"ALGASTAR, \u0130rlanda\u2019n\u0131n Donegal k\u0131y\u0131lar\u0131ndaki yosunlardan elde edilen tamamen do\u011fal ASKOF\u0130LLUM NODOSUM\u2019 un s\u0131v\u0131 konsantre \u00f6z\u00fct\u00fcd\u00fcr.\" \/>\n<meta name=\"robots\" content=\"index, follow, max-snippet:-1, max-image-preview:large, max-video-preview:-1\" \/>\n<link rel=\"canonical\" href=\"https:\/\/www.mugavero.it\/tr\/g\u00fcbre\/algastar-biyostimulantlar\/\" \/>\n<meta property=\"og:locale\" content=\"tr_TR\" \/>\n<meta property=\"og:type\" content=\"article\" \/>\n<meta property=\"og:title\" content=\"Algastar | Mugavero | BiyoStim\u00fclantlar\" \/>\n<meta property=\"og:description\" content=\"ALGASTAR, \u0130rlanda\u2019n\u0131n Donegal k\u0131y\u0131lar\u0131ndaki yosunlardan elde edilen tamamen do\u011fal ASKOF\u0130LLUM NODOSUM\u2019 un s\u0131v\u0131 konsantre \u00f6z\u00fct\u00fcd\u00fcr.\" \/>\n<meta property=\"og:url\" content=\"https:\/\/www.mugavero.it\/tr\/g\u00fcbre\/algastar-biyostimulantlar\/\" \/>\n<meta property=\"og:site_name\" content=\"Mugavero\" \/>\n<meta property=\"article:publisher\" content=\"https:\/\/www.facebook.com\/mugaverofertilizers\/\" \/>\n<meta property=\"article:modified_time\" content=\"2024-10-17T11:08:27+00:00\" \/>\n<meta property=\"og:image\" content=\"https:\/\/www.mugavero.it\/wp-content\/uploads\/2019\/01\/ALGASTAR1.png\" \/>\n\t<meta property=\"og:image:width\" content=\"600\" \/>\n\t<meta property=\"og:image:height\" content=\"600\" \/>\n\t<meta property=\"og:image:type\" content=\"image\/png\" \/>\n<meta name=\"twitter:card\" content=\"summary_large_image\" \/>\n<meta name=\"twitter:label1\" content=\"Tahmini okuma s\u00fcresi\" \/>\n\t<meta name=\"twitter:data1\" content=\"1 dakika\" \/>\n<script type=\"application\/ld+json\" class=\"yoast-schema-graph\">{\"@context\":\"https:\/\/schema.org\",\"@graph\":[{\"@type\":\"WebPage\",\"@id\":\"https:\/\/www.mugavero.it\/tr\/g\u00fcbre\/algastar-biyostimulantlar\/\",\"url\":\"https:\/\/www.mugavero.it\/tr\/g\u00fcbre\/algastar-biyostimulantlar\/\",\"name\":\"Algastar | Mugavero | BiyoStim\u00fclantlar\",\"isPartOf\":{\"@id\":\"https:\/\/www.mugavero.it\/tr\/#website\"},\"primaryImageOfPage\":{\"@id\":\"https:\/\/www.mugavero.it\/tr\/g\u00fcbre\/algastar-biyostimulantlar\/#primaryimage\"},\"image\":{\"@id\":\"https:\/\/www.mugavero.it\/tr\/g\u00fcbre\/algastar-biyostimulantlar\/#primaryimage\"},\"thumbnailUrl\":\"https:\/\/www.mugavero.it\/wp-content\/uploads\/2019\/01\/ALGASTAR1.png\",\"datePublished\":\"2019-03-22T12:04:11+00:00\",\"dateModified\":\"2024-10-17T11:08:27+00:00\",\"description\":\"ALGASTAR, \u0130rlanda\u2019n\u0131n Donegal k\u0131y\u0131lar\u0131ndaki yosunlardan elde edilen tamamen do\u011fal ASKOF\u0130LLUM NODOSUM\u2019 un s\u0131v\u0131 konsantre \u00f6z\u00fct\u00fcd\u00fcr.\",\"breadcrumb\":{\"@id\":\"https:\/\/www.mugavero.it\/tr\/g\u00fcbre\/algastar-biyostimulantlar\/#breadcrumb\"},\"inLanguage\":\"tr\",\"potentialAction\":[{\"@type\":\"ReadAction\",\"target\":[\"https:\/\/www.mugavero.it\/tr\/g\u00fcbre\/algastar-biyostimulantlar\/\"]}]},{\"@type\":\"ImageObject\",\"inLanguage\":\"tr\",\"@id\":\"https:\/\/www.mugavero.it\/tr\/g\u00fcbre\/algastar-biyostimulantlar\/#primaryimage\",\"url\":\"https:\/\/www.mugavero.it\/wp-content\/uploads\/2019\/01\/ALGASTAR1.png\",\"contentUrl\":\"https:\/\/www.mugavero.it\/wp-content\/uploads\/2019\/01\/ALGASTAR1.png\",\"width\":600,\"height\":600},{\"@type\":\"BreadcrumbList\",\"@id\":\"https:\/\/www.mugavero.it\/tr\/g\u00fcbre\/algastar-biyostimulantlar\/#breadcrumb\",\"itemListElement\":[{\"@type\":\"ListItem\",\"position\":1,\"name\":\"Home\",\"item\":\"https:\/\/www.mugavero.it\/tr\/\"},{\"@type\":\"ListItem\",\"position\":2,\"name\":\"Catalogo\",\"item\":\"https:\/\/www.mugavero.it\/tr\/katalog\/\"},{\"@type\":\"ListItem\",\"position\":3,\"name\":\"Algastar\"}]},{\"@type\":\"WebSite\",\"@id\":\"https:\/\/www.mugavero.it\/tr\/#website\",\"url\":\"https:\/\/www.mugavero.it\/tr\/\",\"name\":\"Mugavero Fertilizers\",\"description\":\"It&#039;s Green, White and Red\",\"publisher\":{\"@id\":\"https:\/\/www.mugavero.it\/tr\/#organization\"},\"potentialAction\":[{\"@type\":\"SearchAction\",\"target\":{\"@type\":\"EntryPoint\",\"urlTemplate\":\"https:\/\/www.mugavero.it\/tr\/?s={search_term_string}\"},\"query-input\":{\"@type\":\"PropertyValueSpecification\",\"valueRequired\":true,\"valueName\":\"search_term_string\"}}],\"inLanguage\":\"tr\"},{\"@type\":\"Organization\",\"@id\":\"https:\/\/www.mugavero.it\/tr\/#organization\",\"name\":\"Mugavero Fertilizzanti\",\"url\":\"https:\/\/www.mugavero.it\/tr\/\",\"logo\":{\"@type\":\"ImageObject\",\"inLanguage\":\"tr\",\"@id\":\"https:\/\/www.mugavero.it\/tr\/#\/schema\/logo\/image\/\",\"url\":\"https:\/\/www.mugavero.it\/wp-content\/uploads\/2019\/03\/MUGAVERO-LOGO-ita.png\",\"contentUrl\":\"https:\/\/www.mugavero.it\/wp-content\/uploads\/2019\/03\/MUGAVERO-LOGO-ita.png\",\"width\":1000,\"height\":656,\"caption\":\"Mugavero Fertilizzanti\"},\"image\":{\"@id\":\"https:\/\/www.mugavero.it\/tr\/#\/schema\/logo\/image\/\"},\"sameAs\":[\"https:\/\/www.facebook.com\/mugaverofertilizers\/\",\"https:\/\/www.instagram.com\/mugaverofertilizers\/\",\"https:\/\/www.linkedin.com\/company\/mugavero-fertilizers-official\/\",\"https:\/\/www.youtube.com\/channel\/UCcVmJoiUaqBv_pMIGSe6E2A\"]}]}<\/script>\n<!-- \/ Yoast SEO plugin. -->","yoast_head_json":{"title":"Algastar | Mugavero | BiyoStim\u00fclantlar","description":"ALGASTAR, \u0130rlanda\u2019n\u0131n Donegal k\u0131y\u0131lar\u0131ndaki yosunlardan elde edilen tamamen do\u011fal ASKOF\u0130LLUM NODOSUM\u2019 un s\u0131v\u0131 konsantre \u00f6z\u00fct\u00fcd\u00fcr.","robots":{"index":"index","follow":"follow","max-snippet":"max-snippet:-1","max-image-preview":"max-image-preview:large","max-video-preview":"max-video-preview:-1"},"canonical":"https:\/\/www.mugavero.it\/tr\/g\u00fcbre\/algastar-biyostimulantlar\/","og_locale":"tr_TR","og_type":"article","og_title":"Algastar | Mugavero | BiyoStim\u00fclantlar","og_description":"ALGASTAR, \u0130rlanda\u2019n\u0131n Donegal k\u0131y\u0131lar\u0131ndaki yosunlardan elde edilen tamamen do\u011fal ASKOF\u0130LLUM NODOSUM\u2019 un s\u0131v\u0131 konsantre \u00f6z\u00fct\u00fcd\u00fcr.","og_url":"https:\/\/www.mugavero.it\/tr\/g\u00fcbre\/algastar-biyostimulantlar\/","og_site_name":"Mugavero","article_publisher":"https:\/\/www.facebook.com\/mugaverofertilizers\/","article_modified_time":"2024-10-17T11:08:27+00:00","og_image":[{"width":600,"height":600,"url":"https:\/\/www.mugavero.it\/wp-content\/uploads\/2019\/01\/ALGASTAR1.png","type":"image\/png"}],"twitter_card":"summary_large_image","twitter_misc":{"Tahmini okuma s\u00fcresi":"1 dakika"},"schema":{"@context":"https:\/\/schema.org","@graph":[{"@type":"WebPage","@id":"https:\/\/www.mugavero.it\/tr\/g\u00fcbre\/algastar-biyostimulantlar\/","url":"https:\/\/www.mugavero.it\/tr\/g\u00fcbre\/algastar-biyostimulantlar\/","name":"Algastar | Mugavero | BiyoStim\u00fclantlar","isPartOf":{"@id":"https:\/\/www.mugavero.it\/tr\/#website"},"primaryImageOfPage":{"@id":"https:\/\/www.mugavero.it\/tr\/g\u00fcbre\/algastar-biyostimulantlar\/#primaryimage"},"image":{"@id":"https:\/\/www.mugavero.it\/tr\/g\u00fcbre\/algastar-biyostimulantlar\/#primaryimage"},"thumbnailUrl":"https:\/\/www.mugavero.it\/wp-content\/uploads\/2019\/01\/ALGASTAR1.png","datePublished":"2019-03-22T12:04:11+00:00","dateModified":"2024-10-17T11:08:27+00:00","description":"ALGASTAR, \u0130rlanda\u2019n\u0131n Donegal k\u0131y\u0131lar\u0131ndaki yosunlardan elde edilen tamamen do\u011fal ASKOF\u0130LLUM NODOSUM\u2019 un s\u0131v\u0131 konsantre \u00f6z\u00fct\u00fcd\u00fcr.","breadcrumb":{"@id":"https:\/\/www.mugavero.it\/tr\/g\u00fcbre\/algastar-biyostimulantlar\/#breadcrumb"},"inLanguage":"tr","potentialAction":[{"@type":"ReadAction","target":["https:\/\/www.mugavero.it\/tr\/g\u00fcbre\/algastar-biyostimulantlar\/"]}]},{"@type":"ImageObject","inLanguage":"tr","@id":"https:\/\/www.mugavero.it\/tr\/g\u00fcbre\/algastar-biyostimulantlar\/#primaryimage","url":"https:\/\/www.mugavero.it\/wp-content\/uploads\/2019\/01\/ALGASTAR1.png","contentUrl":"https:\/\/www.mugavero.it\/wp-content\/uploads\/2019\/01\/ALGASTAR1.png","width":600,"height":600},{"@type":"BreadcrumbList","@id":"https:\/\/www.mugavero.it\/tr\/g\u00fcbre\/algastar-biyostimulantlar\/#breadcrumb","itemListElement":[{"@type":"ListItem","position":1,"name":"Home","item":"https:\/\/www.mugavero.it\/tr\/"},{"@type":"ListItem","position":2,"name":"Catalogo","item":"https:\/\/www.mugavero.it\/tr\/katalog\/"},{"@type":"ListItem","position":3,"name":"Algastar"}]},{"@type":"WebSite","@id":"https:\/\/www.mugavero.it\/tr\/#website","url":"https:\/\/www.mugavero.it\/tr\/","name":"Mugavero Fertilizers","description":"It&#039;s Green, White and Red","publisher":{"@id":"https:\/\/www.mugavero.it\/tr\/#organization"},"potentialAction":[{"@type":"SearchAction","target":{"@type":"EntryPoint","urlTemplate":"https:\/\/www.mugavero.it\/tr\/?s={search_term_string}"},"query-input":{"@type":"PropertyValueSpecification","valueRequired":true,"valueName":"search_term_string"}}],"inLanguage":"tr"},{"@type":"Organization","@id":"https:\/\/www.mugavero.it\/tr\/#organization","name":"Mugavero Fertilizzanti","url":"https:\/\/www.mugavero.it\/tr\/","logo":{"@type":"ImageObject","inLanguage":"tr","@id":"https:\/\/www.mugavero.it\/tr\/#\/schema\/logo\/image\/","url":"https:\/\/www.mugavero.it\/wp-content\/uploads\/2019\/03\/MUGAVERO-LOGO-ita.png","contentUrl":"https:\/\/www.mugavero.it\/wp-content\/uploads\/2019\/03\/MUGAVERO-LOGO-ita.png","width":1000,"height":656,"caption":"Mugavero Fertilizzanti"},"image":{"@id":"https:\/\/www.mugavero.it\/tr\/#\/schema\/logo\/image\/"},"sameAs":["https:\/\/www.facebook.com\/mugaverofertilizers\/","https:\/\/www.instagram.com\/mugaverofertilizers\/","https:\/\/www.linkedin.com\/company\/mugavero-fertilizers-official\/","https:\/\/www.youtube.com\/channel\/UCcVmJoiUaqBv_pMIGSe6E2A"]}]}},"_links":{"self":[{"href":"https:\/\/www.mugavero.it\/tr\/wp-json\/wp\/v2\/product\/3060"}],"collection":[{"href":"https:\/\/www.mugavero.it\/tr\/wp-json\/wp\/v2\/product"}],"about":[{"href":"https:\/\/www.mugavero.it\/tr\/wp-json\/wp\/v2\/types\/product"}],"wp:featuredmedia":[{"embeddable":true,"href":"https:\/\/www.mugavero.it\/tr\/wp-json\/wp\/v2\/media\/6536"}],"wp:attachment":[{"href":"https:\/\/www.mugavero.it\/tr\/wp-json\/wp\/v2\/media?parent=3060"}],"curies":[{"name":"wp","href":"https:\/\/api.w.org\/{rel}","templated":true}]}}