{"id":2996,"date":"2019-01-22T08:40:05","date_gmt":"2019-03-11T18:05:47","guid":{"rendered":"https:\/\/www.mugavero.it\/?post_type=product&#038;p=2996"},"modified":"2024-10-22T10:26:03","modified_gmt":"2024-10-22T08:26:03","slug":"azoflash","status":"publish","type":"product","link":"https:\/\/www.mugavero.it\/tr\/g\u00fcbre\/azoflash\/","title":{"rendered":"Azoflash"},"content":{"rendered":"","protected":false},"excerpt":{"rendered":"<p>Azofash, yaprak uygulamas\u0131 i\u00e7in \u00fcreaz inhibit\u00f6r\u00fc (NBPT) ile y\u00fcksek Azot konsantrasyonu i\u00e7eren bir s\u0131v\u0131 form\u00fclasyondur. \u00dc\u00e7 Azot formunu (nitrik,amonyak ve \u00fcre) m\u00fckemmel ve dengeli bir \u015fekilde sunar ve t\u00fcm vejetatif d\u00f6ng\u00fc boyunca bitkilerin azot ihtiya\u00e7lar\u0131n\u0131 kar\u015f\u0131layabilmektedir.<\/p>\n<p><img decoding=\"async\" class=\"alignnone wp-image-7111\" src=\"https:\/\/www.mugavero.it\/wp-content\/uploads\/2019\/10\/TANICA.png\" alt=\"\" width=\"38\" height=\"38\" srcset=\"https:\/\/www.mugavero.it\/wp-content\/uploads\/2019\/10\/TANICA.png 238w, https:\/\/www.mugavero.it\/wp-content\/uploads\/2019\/10\/TANICA-150x150.png 150w, https:\/\/www.mugavero.it\/wp-content\/uploads\/2019\/10\/TANICA-187x187.png 187w, https:\/\/www.mugavero.it\/wp-content\/uploads\/2019\/10\/TANICA-100x100.png 100w\" sizes=\"(max-width: 38px) 100vw, 38px\" \/>5\/20<\/p>\n<p><img decoding=\"async\" class=\"alignnone wp-image-7076 \" src=\"https:\/\/www.mugavero.it\/wp-content\/uploads\/2019\/01\/FOGLIARE.png\" alt=\"\" width=\"35\" height=\"35\" srcset=\"https:\/\/www.mugavero.it\/wp-content\/uploads\/2019\/01\/FOGLIARE.png 238w, https:\/\/www.mugavero.it\/wp-content\/uploads\/2019\/01\/FOGLIARE-150x150.png 150w, https:\/\/www.mugavero.it\/wp-content\/uploads\/2019\/01\/FOGLIARE-186x187.png 186w, https:\/\/www.mugavero.it\/wp-content\/uploads\/2019\/01\/FOGLIARE-100x100.png 100w\" sizes=\"(max-width: 35px) 100vw, 35px\" \/> Yaprak<\/p>\n<p><img decoding=\"async\" class=\"alignnone wp-image-7097 \" src=\"https:\/\/www.mugavero.it\/wp-content\/uploads\/2019\/01\/ECO-SOSTENIBILE.png\" alt=\"\" width=\"30\" height=\"30\" srcset=\"https:\/\/www.mugavero.it\/wp-content\/uploads\/2019\/01\/ECO-SOSTENIBILE.png 238w, https:\/\/www.mugavero.it\/wp-content\/uploads\/2019\/01\/ECO-SOSTENIBILE-150x150.png 150w, https:\/\/www.mugavero.it\/wp-content\/uploads\/2019\/01\/ECO-SOSTENIBILE-187x187.png 187w, https:\/\/www.mugavero.it\/wp-content\/uploads\/2019\/01\/ECO-SOSTENIBILE-100x100.png 100w\" sizes=\"(max-width: 30px) 100vw, 30px\" \/> Eko-s\u00fcrd\u00fcr\u00fclebilir ambalaj<\/p>\n","protected":false},"featured_media":6915,"template":"","meta":{"_exactmetrics_skip_tracking":false,"_exactmetrics_sitenote_active":false,"_exactmetrics_sitenote_note":"","_exactmetrics_sitenote_category":0},"yoast_head":"<!-- This site is optimized with the Yoast SEO plugin v23.4 - https:\/\/yoast.com\/wordpress\/plugins\/seo\/ -->\n<title>Azoflash | Mugavero<\/title>\n<meta name=\"description\" content=\"Azofash, yaprak uygulamas\u0131 i\u00e7in \u00fcreaz inhibit\u00f6r\u00fc(NBPT) ile y\u00fcksek bir Azot konsantrasyonu i\u00e7erenbir s\u0131v\u0131 form\u00fclasyondur. \u00dc\u00e7 Azot formunu (..)\" \/>\n<meta name=\"robots\" content=\"index, follow, max-snippet:-1, max-image-preview:large, max-video-preview:-1\" \/>\n<link rel=\"canonical\" href=\"https:\/\/www.mugavero.it\/tr\/g\u00fcbre\/azoflash\/\" \/>\n<meta property=\"og:locale\" content=\"tr_TR\" \/>\n<meta property=\"og:type\" content=\"article\" \/>\n<meta property=\"og:title\" content=\"Azoflash | Mugavero\" \/>\n<meta property=\"og:description\" content=\"Azofash, yaprak uygulamas\u0131 i\u00e7in \u00fcreaz inhibit\u00f6r\u00fc(NBPT) ile y\u00fcksek bir Azot konsantrasyonu i\u00e7erenbir s\u0131v\u0131 form\u00fclasyondur. \u00dc\u00e7 Azot formunu (..)\" \/>\n<meta property=\"og:url\" content=\"https:\/\/www.mugavero.it\/tr\/g\u00fcbre\/azoflash\/\" \/>\n<meta property=\"og:site_name\" content=\"Mugavero\" \/>\n<meta property=\"article:publisher\" content=\"https:\/\/www.facebook.com\/mugaverofertilizers\/\" \/>\n<meta property=\"article:modified_time\" content=\"2024-10-22T08:26:03+00:00\" \/>\n<meta property=\"og:image\" content=\"https:\/\/www.mugavero.it\/wp-content\/uploads\/2019\/01\/AZOFLASHsito.png\" \/>\n\t<meta property=\"og:image:width\" content=\"600\" \/>\n\t<meta property=\"og:image:height\" content=\"600\" \/>\n\t<meta property=\"og:image:type\" content=\"image\/png\" \/>\n<meta name=\"twitter:card\" content=\"summary_large_image\" \/>\n<meta name=\"twitter:label1\" content=\"Tahmini okuma s\u00fcresi\" \/>\n\t<meta name=\"twitter:data1\" content=\"1 dakika\" \/>\n<script type=\"application\/ld+json\" class=\"yoast-schema-graph\">{\"@context\":\"https:\/\/schema.org\",\"@graph\":[{\"@type\":\"WebPage\",\"@id\":\"https:\/\/www.mugavero.it\/tr\/g\u00fcbre\/azoflash\/\",\"url\":\"https:\/\/www.mugavero.it\/tr\/g\u00fcbre\/azoflash\/\",\"name\":\"Azoflash | Mugavero\",\"isPartOf\":{\"@id\":\"https:\/\/www.mugavero.it\/tr\/#website\"},\"primaryImageOfPage\":{\"@id\":\"https:\/\/www.mugavero.it\/tr\/g\u00fcbre\/azoflash\/#primaryimage\"},\"image\":{\"@id\":\"https:\/\/www.mugavero.it\/tr\/g\u00fcbre\/azoflash\/#primaryimage\"},\"thumbnailUrl\":\"https:\/\/www.mugavero.it\/wp-content\/uploads\/2019\/01\/AZOFLASHsito.png\",\"datePublished\":\"2019-03-11T18:05:47+00:00\",\"dateModified\":\"2024-10-22T08:26:03+00:00\",\"description\":\"Azofash, yaprak uygulamas\u0131 i\u00e7in \u00fcreaz inhibit\u00f6r\u00fc(NBPT) ile y\u00fcksek bir Azot konsantrasyonu i\u00e7erenbir s\u0131v\u0131 form\u00fclasyondur. \u00dc\u00e7 Azot formunu (..)\",\"breadcrumb\":{\"@id\":\"https:\/\/www.mugavero.it\/tr\/g\u00fcbre\/azoflash\/#breadcrumb\"},\"inLanguage\":\"tr\",\"potentialAction\":[{\"@type\":\"ReadAction\",\"target\":[\"https:\/\/www.mugavero.it\/tr\/g\u00fcbre\/azoflash\/\"]}]},{\"@type\":\"ImageObject\",\"inLanguage\":\"tr\",\"@id\":\"https:\/\/www.mugavero.it\/tr\/g\u00fcbre\/azoflash\/#primaryimage\",\"url\":\"https:\/\/www.mugavero.it\/wp-content\/uploads\/2019\/01\/AZOFLASHsito.png\",\"contentUrl\":\"https:\/\/www.mugavero.it\/wp-content\/uploads\/2019\/01\/AZOFLASHsito.png\",\"width\":600,\"height\":600},{\"@type\":\"BreadcrumbList\",\"@id\":\"https:\/\/www.mugavero.it\/tr\/g\u00fcbre\/azoflash\/#breadcrumb\",\"itemListElement\":[{\"@type\":\"ListItem\",\"position\":1,\"name\":\"Home\",\"item\":\"https:\/\/www.mugavero.it\/tr\/\"},{\"@type\":\"ListItem\",\"position\":2,\"name\":\"Catalogo\",\"item\":\"https:\/\/www.mugavero.it\/tr\/katalog\/\"},{\"@type\":\"ListItem\",\"position\":3,\"name\":\"Azoflash\"}]},{\"@type\":\"WebSite\",\"@id\":\"https:\/\/www.mugavero.it\/tr\/#website\",\"url\":\"https:\/\/www.mugavero.it\/tr\/\",\"name\":\"Mugavero Fertilizers\",\"description\":\"It&#039;s Green, White and Red\",\"publisher\":{\"@id\":\"https:\/\/www.mugavero.it\/tr\/#organization\"},\"potentialAction\":[{\"@type\":\"SearchAction\",\"target\":{\"@type\":\"EntryPoint\",\"urlTemplate\":\"https:\/\/www.mugavero.it\/tr\/?s={search_term_string}\"},\"query-input\":{\"@type\":\"PropertyValueSpecification\",\"valueRequired\":true,\"valueName\":\"search_term_string\"}}],\"inLanguage\":\"tr\"},{\"@type\":\"Organization\",\"@id\":\"https:\/\/www.mugavero.it\/tr\/#organization\",\"name\":\"Mugavero Fertilizzanti\",\"url\":\"https:\/\/www.mugavero.it\/tr\/\",\"logo\":{\"@type\":\"ImageObject\",\"inLanguage\":\"tr\",\"@id\":\"https:\/\/www.mugavero.it\/tr\/#\/schema\/logo\/image\/\",\"url\":\"https:\/\/www.mugavero.it\/wp-content\/uploads\/2019\/03\/MUGAVERO-LOGO-ita.png\",\"contentUrl\":\"https:\/\/www.mugavero.it\/wp-content\/uploads\/2019\/03\/MUGAVERO-LOGO-ita.png\",\"width\":1000,\"height\":656,\"caption\":\"Mugavero Fertilizzanti\"},\"image\":{\"@id\":\"https:\/\/www.mugavero.it\/tr\/#\/schema\/logo\/image\/\"},\"sameAs\":[\"https:\/\/www.facebook.com\/mugaverofertilizers\/\",\"https:\/\/www.instagram.com\/mugaverofertilizers\/\",\"https:\/\/www.linkedin.com\/company\/mugavero-fertilizers-official\/\",\"https:\/\/www.youtube.com\/channel\/UCcVmJoiUaqBv_pMIGSe6E2A\"]}]}<\/script>\n<!-- \/ Yoast SEO plugin. -->","yoast_head_json":{"title":"Azoflash | Mugavero","description":"Azofash, yaprak uygulamas\u0131 i\u00e7in \u00fcreaz inhibit\u00f6r\u00fc(NBPT) ile y\u00fcksek bir Azot konsantrasyonu i\u00e7erenbir s\u0131v\u0131 form\u00fclasyondur. \u00dc\u00e7 Azot formunu (..)","robots":{"index":"index","follow":"follow","max-snippet":"max-snippet:-1","max-image-preview":"max-image-preview:large","max-video-preview":"max-video-preview:-1"},"canonical":"https:\/\/www.mugavero.it\/tr\/g\u00fcbre\/azoflash\/","og_locale":"tr_TR","og_type":"article","og_title":"Azoflash | Mugavero","og_description":"Azofash, yaprak uygulamas\u0131 i\u00e7in \u00fcreaz inhibit\u00f6r\u00fc(NBPT) ile y\u00fcksek bir Azot konsantrasyonu i\u00e7erenbir s\u0131v\u0131 form\u00fclasyondur. \u00dc\u00e7 Azot formunu (..)","og_url":"https:\/\/www.mugavero.it\/tr\/g\u00fcbre\/azoflash\/","og_site_name":"Mugavero","article_publisher":"https:\/\/www.facebook.com\/mugaverofertilizers\/","article_modified_time":"2024-10-22T08:26:03+00:00","og_image":[{"width":600,"height":600,"url":"https:\/\/www.mugavero.it\/wp-content\/uploads\/2019\/01\/AZOFLASHsito.png","type":"image\/png"}],"twitter_card":"summary_large_image","twitter_misc":{"Tahmini okuma s\u00fcresi":"1 dakika"},"schema":{"@context":"https:\/\/schema.org","@graph":[{"@type":"WebPage","@id":"https:\/\/www.mugavero.it\/tr\/g\u00fcbre\/azoflash\/","url":"https:\/\/www.mugavero.it\/tr\/g\u00fcbre\/azoflash\/","name":"Azoflash | Mugavero","isPartOf":{"@id":"https:\/\/www.mugavero.it\/tr\/#website"},"primaryImageOfPage":{"@id":"https:\/\/www.mugavero.it\/tr\/g\u00fcbre\/azoflash\/#primaryimage"},"image":{"@id":"https:\/\/www.mugavero.it\/tr\/g\u00fcbre\/azoflash\/#primaryimage"},"thumbnailUrl":"https:\/\/www.mugavero.it\/wp-content\/uploads\/2019\/01\/AZOFLASHsito.png","datePublished":"2019-03-11T18:05:47+00:00","dateModified":"2024-10-22T08:26:03+00:00","description":"Azofash, yaprak uygulamas\u0131 i\u00e7in \u00fcreaz inhibit\u00f6r\u00fc(NBPT) ile y\u00fcksek bir Azot konsantrasyonu i\u00e7erenbir s\u0131v\u0131 form\u00fclasyondur. \u00dc\u00e7 Azot formunu (..)","breadcrumb":{"@id":"https:\/\/www.mugavero.it\/tr\/g\u00fcbre\/azoflash\/#breadcrumb"},"inLanguage":"tr","potentialAction":[{"@type":"ReadAction","target":["https:\/\/www.mugavero.it\/tr\/g\u00fcbre\/azoflash\/"]}]},{"@type":"ImageObject","inLanguage":"tr","@id":"https:\/\/www.mugavero.it\/tr\/g\u00fcbre\/azoflash\/#primaryimage","url":"https:\/\/www.mugavero.it\/wp-content\/uploads\/2019\/01\/AZOFLASHsito.png","contentUrl":"https:\/\/www.mugavero.it\/wp-content\/uploads\/2019\/01\/AZOFLASHsito.png","width":600,"height":600},{"@type":"BreadcrumbList","@id":"https:\/\/www.mugavero.it\/tr\/g\u00fcbre\/azoflash\/#breadcrumb","itemListElement":[{"@type":"ListItem","position":1,"name":"Home","item":"https:\/\/www.mugavero.it\/tr\/"},{"@type":"ListItem","position":2,"name":"Catalogo","item":"https:\/\/www.mugavero.it\/tr\/katalog\/"},{"@type":"ListItem","position":3,"name":"Azoflash"}]},{"@type":"WebSite","@id":"https:\/\/www.mugavero.it\/tr\/#website","url":"https:\/\/www.mugavero.it\/tr\/","name":"Mugavero Fertilizers","description":"It&#039;s Green, White and Red","publisher":{"@id":"https:\/\/www.mugavero.it\/tr\/#organization"},"potentialAction":[{"@type":"SearchAction","target":{"@type":"EntryPoint","urlTemplate":"https:\/\/www.mugavero.it\/tr\/?s={search_term_string}"},"query-input":{"@type":"PropertyValueSpecification","valueRequired":true,"valueName":"search_term_string"}}],"inLanguage":"tr"},{"@type":"Organization","@id":"https:\/\/www.mugavero.it\/tr\/#organization","name":"Mugavero Fertilizzanti","url":"https:\/\/www.mugavero.it\/tr\/","logo":{"@type":"ImageObject","inLanguage":"tr","@id":"https:\/\/www.mugavero.it\/tr\/#\/schema\/logo\/image\/","url":"https:\/\/www.mugavero.it\/wp-content\/uploads\/2019\/03\/MUGAVERO-LOGO-ita.png","contentUrl":"https:\/\/www.mugavero.it\/wp-content\/uploads\/2019\/03\/MUGAVERO-LOGO-ita.png","width":1000,"height":656,"caption":"Mugavero Fertilizzanti"},"image":{"@id":"https:\/\/www.mugavero.it\/tr\/#\/schema\/logo\/image\/"},"sameAs":["https:\/\/www.facebook.com\/mugaverofertilizers\/","https:\/\/www.instagram.com\/mugaverofertilizers\/","https:\/\/www.linkedin.com\/company\/mugavero-fertilizers-official\/","https:\/\/www.youtube.com\/channel\/UCcVmJoiUaqBv_pMIGSe6E2A"]}]}},"_links":{"self":[{"href":"https:\/\/www.mugavero.it\/tr\/wp-json\/wp\/v2\/product\/2996"}],"collection":[{"href":"https:\/\/www.mugavero.it\/tr\/wp-json\/wp\/v2\/product"}],"about":[{"href":"https:\/\/www.mugavero.it\/tr\/wp-json\/wp\/v2\/types\/product"}],"wp:featuredmedia":[{"embeddable":true,"href":"https:\/\/www.mugavero.it\/tr\/wp-json\/wp\/v2\/media\/6915"}],"wp:attachment":[{"href":"https:\/\/www.mugavero.it\/tr\/wp-json\/wp\/v2\/media?parent=2996"}],"curies":[{"name":"wp","href":"https:\/\/api.w.org\/{rel}","templated":true}]}}