{"id":2993,"date":"2019-01-19T18:24:07","date_gmt":"2019-03-11T17:52:36","guid":{"rendered":"https:\/\/www.mugavero.it\/?post_type=product&#038;p=2993"},"modified":"2024-07-17T16:45:51","modified_gmt":"2024-07-17T14:45:51","slug":"natural-zeolite","status":"publish","type":"product","link":"https:\/\/www.mugavero.it\/tr\/g\u00fcbre\/natural-zeolite\/","title":{"rendered":"Natural Zeolite"},"content":{"rendered":"<p>Do\u011fal Zeolitler, milyonlarca y\u0131l \u00f6nce volkanik\u00a0lavlar\u0131n alkalin tuzlu g\u00f6llerde birikip\u00a0\u00e7\u00f6kelmesiyle olu\u015fmu\u015f minerallerdir.<\/p>\n<p>Mineralojik olarak al\u00fcminosilikatlar ailesine mensup\u00a0olup partik\u00fcl olarak zengin kanal ve i\u00e7 kovuk\u00a0yap\u0131s\u0131na sahiptir. \u00d6zellikle NATURAL ZEOLITE aralar\u0131nda\u00a0b\u00fcy\u00fck bo\u015f hacimli kristal yap\u0131s\u0131 ile bilinir.\u00a0Bu \u00f6zellikler gerekti\u011finde su tutan gerekti\u011finde\u00a0su salan y\u00fcksek higroskopik (nem \u00e7eken) g\u00fc\u00e7 verir.\u00a0Mineralin noktasal g\u00f6zeneklili\u011fi d\u00fc\u015f\u00fck konsantrasyonda\u00a0dahi su molek\u00fcllerinin emilebilmesini\u00a0ve \u0131s\u0131 artt\u0131k\u00e7a sal\u0131n\u0131m\u0131n\u0131 m\u00fcmk\u00fcn k\u0131lar.<\/p>\n<p>NATURAL ZEOLITE\u2019\u0131n fiziksel kimyasal yap\u0131s\u0131 bitkinin epidermal\u00a0katmanlar\u0131nda nemin kontrol\u00fc ve d\u00fczenlenmesi<br \/>\ni\u00e7in m\u00fckemmel bir ortam sunar. \u00dcr\u00fcn\u00fcn uygulanmas\u0131,\u00a0Botrytis Cinerea, Phytophthora Infestans, Plasmopara<br \/>\nViticola, Oidium gibi ana fungal hastal\u0131klara sebep olabilecek\u00a0istenmeyen mikro iklim ortamlar\u0131nda nemden<br \/>\nkaynakl\u0131 sorunlar\u0131 b\u00fcy\u00fck \u00f6l\u00e7\u00fcde azaltmaktad\u0131r.<\/p>\n<p>Fitopatojenik mantar\u0131n iplikcikleri varl\u0131klar\u0131n\u0131 s\u00fcrd\u00fcrmek\u00a0i\u00e7in vejetasyon y\u00fczeyinde neme ihtiya\u00e7 duyarlar,<br \/>\naksi takdirde b\u00fcy\u00fcyemez ve geli\u015femezler.<br \/>\nHigroskopik kontrole ek olarak iyile\u015ftirici NATURAL\u00a0ZEOLITE\u2019\u0131n su birikimini azalt\u0131p yapraklardaki mikro<br \/>\n\u00e7atlamalar\u0131 iyile\u015ftirme s\u00fcrecine ve bitki dokusundaki\u00a0patojenlerin iplikciklerinin tesirini \u00f6nlemeye de katk\u0131s\u0131<br \/>\nbulunur.<\/p>\n<p>NATURAL ZEOLITE pek \u00e7ok testte b\u00f6lgedeki patojeni\u00a0\u00f6nemli \u00f6l\u00e7\u00fcde azaltarak B. cinerea\u2019n\u0131n \u00f6nemli bir kontrol<br \/>\najan\u0131 oldu\u011funu kan\u0131tlam\u0131\u015ft\u0131r.<\/p>\n","protected":false},"excerpt":{"rendered":"<p>Do\u011fal Zeolitler, milyonlarca y\u0131l \u00f6nce volkanik\u00a0lavlar\u0131n alkalin tuzlu g\u00f6llerde birikip\u00a0\u00e7\u00f6kelmesiyle olu\u015fmu\u015f minerallerdir.<\/p>\n<p><img decoding=\"async\" class=\"alignnone wp-image-7275 \" src=\"https:\/\/www.mugavero.it\/wp-content\/uploads\/2019\/01\/SECCHIO.png\" alt=\"\" width=\"49\" height=\"49\" srcset=\"https:\/\/www.mugavero.it\/wp-content\/uploads\/2019\/01\/SECCHIO.png 417w, https:\/\/www.mugavero.it\/wp-content\/uploads\/2019\/01\/SECCHIO-300x300.png 300w, https:\/\/www.mugavero.it\/wp-content\/uploads\/2019\/01\/SECCHIO-150x150.png 150w, https:\/\/www.mugavero.it\/wp-content\/uploads\/2019\/01\/SECCHIO-187x187.png 187w, https:\/\/www.mugavero.it\/wp-content\/uploads\/2019\/01\/SECCHIO-100x100.png 100w\" sizes=\"(max-width: 49px) 100vw, 49px\" \/>6\/25<\/p>\n<p><img decoding=\"async\" class=\"alignnone wp-image-7076 \" src=\"https:\/\/www.mugavero.it\/wp-content\/uploads\/2019\/01\/FOGLIARE.png\" alt=\"\" width=\"35\" height=\"35\" srcset=\"https:\/\/www.mugavero.it\/wp-content\/uploads\/2019\/01\/FOGLIARE.png 238w, https:\/\/www.mugavero.it\/wp-content\/uploads\/2019\/01\/FOGLIARE-150x150.png 150w, https:\/\/www.mugavero.it\/wp-content\/uploads\/2019\/01\/FOGLIARE-186x187.png 186w, https:\/\/www.mugavero.it\/wp-content\/uploads\/2019\/01\/FOGLIARE-100x100.png 100w\" sizes=\"(max-width: 35px) 100vw, 35px\" \/> Yaprak<\/p>\n<p><img decoding=\"async\" class=\"alignnone wp-image-7083 \" src=\"https:\/\/www.mugavero.it\/wp-content\/uploads\/2019\/01\/FERTIRRIGAZIONE.png\" alt=\"\" width=\"35\" height=\"35\" srcset=\"https:\/\/www.mugavero.it\/wp-content\/uploads\/2019\/01\/FERTIRRIGAZIONE.png 238w, https:\/\/www.mugavero.it\/wp-content\/uploads\/2019\/01\/FERTIRRIGAZIONE-150x150.png 150w, https:\/\/www.mugavero.it\/wp-content\/uploads\/2019\/01\/FERTIRRIGAZIONE-187x187.png 187w, https:\/\/www.mugavero.it\/wp-content\/uploads\/2019\/01\/FERTIRRIGAZIONE-100x100.png 100w\" sizes=\"(max-width: 35px) 100vw, 35px\" \/> G\u00fcbreleme<\/p>\n<p><img decoding=\"async\" class=\"alignnone wp-image-7097 \" src=\"https:\/\/www.mugavero.it\/wp-content\/uploads\/2019\/01\/ECO-SOSTENIBILE.png\" alt=\"\" width=\"30\" height=\"30\" srcset=\"https:\/\/www.mugavero.it\/wp-content\/uploads\/2019\/01\/ECO-SOSTENIBILE.png 238w, https:\/\/www.mugavero.it\/wp-content\/uploads\/2019\/01\/ECO-SOSTENIBILE-150x150.png 150w, https:\/\/www.mugavero.it\/wp-content\/uploads\/2019\/01\/ECO-SOSTENIBILE-187x187.png 187w, https:\/\/www.mugavero.it\/wp-content\/uploads\/2019\/01\/ECO-SOSTENIBILE-100x100.png 100w\" sizes=\"(max-width: 30px) 100vw, 30px\" \/> Eko-s\u00fcrd\u00fcr\u00fclebilir ambalaj<\/p>\n<p><img decoding=\"async\" class=\"alignnone wp-image-7090 \" src=\"https:\/\/www.mugavero.it\/wp-content\/uploads\/2019\/01\/CONSENTITO-IN-BIO.png\" alt=\"\" width=\"32\" height=\"32\" srcset=\"https:\/\/www.mugavero.it\/wp-content\/uploads\/2019\/01\/CONSENTITO-IN-BIO.png 238w, https:\/\/www.mugavero.it\/wp-content\/uploads\/2019\/01\/CONSENTITO-IN-BIO-150x150.png 150w, https:\/\/www.mugavero.it\/wp-content\/uploads\/2019\/01\/CONSENTITO-IN-BIO-186x187.png 186w, https:\/\/www.mugavero.it\/wp-content\/uploads\/2019\/01\/CONSENTITO-IN-BIO-100x100.png 100w\" sizes=\"(max-width: 32px) 100vw, 32px\" \/><span style=\"font-weight: 400;\">Biyolojik tar\u0131m onayl\u0131<\/span><\/p>\n","protected":false},"featured_media":7163,"template":"","meta":{"_exactmetrics_skip_tracking":false,"_exactmetrics_sitenote_active":false,"_exactmetrics_sitenote_note":"","_exactmetrics_sitenote_category":0},"yoast_head":"<!-- This site is optimized with the Yoast SEO plugin v23.4 - https:\/\/yoast.com\/wordpress\/plugins\/seo\/ -->\n<title>Natural Zeolite | Mugavero | Diren\u00e7 \u0130nd\u00fckt\u00f6r\u00fc<\/title>\n<meta name=\"description\" content=\"Do\u011fal Zeolitler, milyonlarca y\u0131l \u00f6nce volkanik\u00a0lavlar\u0131n alkalin tuzlu g\u00f6llerde birikip\u00a0\u00e7\u00f6kelmesiyle olu\u015fmu\u015f minerallerdir (...)\" \/>\n<meta name=\"robots\" content=\"index, follow, max-snippet:-1, max-image-preview:large, max-video-preview:-1\" \/>\n<link rel=\"canonical\" href=\"https:\/\/www.mugavero.it\/tr\/g\u00fcbre\/natural-zeolite\/\" \/>\n<meta property=\"og:locale\" content=\"tr_TR\" \/>\n<meta property=\"og:type\" content=\"article\" \/>\n<meta property=\"og:title\" content=\"Natural Zeolite | Mugavero | Diren\u00e7 \u0130nd\u00fckt\u00f6r\u00fc\" \/>\n<meta property=\"og:description\" content=\"Do\u011fal Zeolitler, milyonlarca y\u0131l \u00f6nce volkanik\u00a0lavlar\u0131n alkalin tuzlu g\u00f6llerde birikip\u00a0\u00e7\u00f6kelmesiyle olu\u015fmu\u015f minerallerdir (...)\" \/>\n<meta property=\"og:url\" content=\"https:\/\/www.mugavero.it\/tr\/g\u00fcbre\/natural-zeolite\/\" \/>\n<meta property=\"og:site_name\" content=\"Mugavero\" \/>\n<meta property=\"article:publisher\" content=\"https:\/\/www.facebook.com\/mugaverofertilizers\/\" \/>\n<meta property=\"article:modified_time\" content=\"2024-07-17T14:45:51+00:00\" \/>\n<meta property=\"og:image\" content=\"https:\/\/www.mugavero.it\/wp-content\/uploads\/2019\/01\/NATURAL-ZEOLITE.png\" \/>\n\t<meta property=\"og:image:width\" content=\"2048\" \/>\n\t<meta property=\"og:image:height\" content=\"2048\" \/>\n\t<meta property=\"og:image:type\" content=\"image\/png\" \/>\n<meta name=\"twitter:card\" content=\"summary_large_image\" \/>\n<meta name=\"twitter:label1\" content=\"Tahmini okuma s\u00fcresi\" \/>\n\t<meta name=\"twitter:data1\" content=\"2 dakika\" \/>\n<script type=\"application\/ld+json\" class=\"yoast-schema-graph\">{\"@context\":\"https:\/\/schema.org\",\"@graph\":[{\"@type\":\"WebPage\",\"@id\":\"https:\/\/www.mugavero.it\/tr\/g\u00fcbre\/natural-zeolite\/\",\"url\":\"https:\/\/www.mugavero.it\/tr\/g\u00fcbre\/natural-zeolite\/\",\"name\":\"Natural Zeolite | Mugavero | Diren\u00e7 \u0130nd\u00fckt\u00f6r\u00fc\",\"isPartOf\":{\"@id\":\"https:\/\/www.mugavero.it\/tr\/#website\"},\"primaryImageOfPage\":{\"@id\":\"https:\/\/www.mugavero.it\/tr\/g\u00fcbre\/natural-zeolite\/#primaryimage\"},\"image\":{\"@id\":\"https:\/\/www.mugavero.it\/tr\/g\u00fcbre\/natural-zeolite\/#primaryimage\"},\"thumbnailUrl\":\"https:\/\/www.mugavero.it\/wp-content\/uploads\/2019\/01\/NATURAL-ZEOLITE.png\",\"datePublished\":\"2019-03-11T17:52:36+00:00\",\"dateModified\":\"2024-07-17T14:45:51+00:00\",\"description\":\"Do\u011fal Zeolitler, milyonlarca y\u0131l \u00f6nce volkanik\u00a0lavlar\u0131n alkalin tuzlu g\u00f6llerde birikip\u00a0\u00e7\u00f6kelmesiyle olu\u015fmu\u015f minerallerdir (...)\",\"breadcrumb\":{\"@id\":\"https:\/\/www.mugavero.it\/tr\/g\u00fcbre\/natural-zeolite\/#breadcrumb\"},\"inLanguage\":\"tr\",\"potentialAction\":[{\"@type\":\"ReadAction\",\"target\":[\"https:\/\/www.mugavero.it\/tr\/g\u00fcbre\/natural-zeolite\/\"]}]},{\"@type\":\"ImageObject\",\"inLanguage\":\"tr\",\"@id\":\"https:\/\/www.mugavero.it\/tr\/g\u00fcbre\/natural-zeolite\/#primaryimage\",\"url\":\"https:\/\/www.mugavero.it\/wp-content\/uploads\/2019\/01\/NATURAL-ZEOLITE.png\",\"contentUrl\":\"https:\/\/www.mugavero.it\/wp-content\/uploads\/2019\/01\/NATURAL-ZEOLITE.png\",\"width\":2048,\"height\":2048},{\"@type\":\"BreadcrumbList\",\"@id\":\"https:\/\/www.mugavero.it\/tr\/g\u00fcbre\/natural-zeolite\/#breadcrumb\",\"itemListElement\":[{\"@type\":\"ListItem\",\"position\":1,\"name\":\"Home\",\"item\":\"https:\/\/www.mugavero.it\/tr\/\"},{\"@type\":\"ListItem\",\"position\":2,\"name\":\"Catalogo\",\"item\":\"https:\/\/www.mugavero.it\/tr\/katalog\/\"},{\"@type\":\"ListItem\",\"position\":3,\"name\":\"Natural Zeolite\"}]},{\"@type\":\"WebSite\",\"@id\":\"https:\/\/www.mugavero.it\/tr\/#website\",\"url\":\"https:\/\/www.mugavero.it\/tr\/\",\"name\":\"Mugavero Fertilizers\",\"description\":\"It&#039;s Green, White and Red\",\"publisher\":{\"@id\":\"https:\/\/www.mugavero.it\/tr\/#organization\"},\"potentialAction\":[{\"@type\":\"SearchAction\",\"target\":{\"@type\":\"EntryPoint\",\"urlTemplate\":\"https:\/\/www.mugavero.it\/tr\/?s={search_term_string}\"},\"query-input\":{\"@type\":\"PropertyValueSpecification\",\"valueRequired\":true,\"valueName\":\"search_term_string\"}}],\"inLanguage\":\"tr\"},{\"@type\":\"Organization\",\"@id\":\"https:\/\/www.mugavero.it\/tr\/#organization\",\"name\":\"Mugavero Fertilizzanti\",\"url\":\"https:\/\/www.mugavero.it\/tr\/\",\"logo\":{\"@type\":\"ImageObject\",\"inLanguage\":\"tr\",\"@id\":\"https:\/\/www.mugavero.it\/tr\/#\/schema\/logo\/image\/\",\"url\":\"https:\/\/www.mugavero.it\/wp-content\/uploads\/2019\/03\/MUGAVERO-LOGO-ita.png\",\"contentUrl\":\"https:\/\/www.mugavero.it\/wp-content\/uploads\/2019\/03\/MUGAVERO-LOGO-ita.png\",\"width\":1000,\"height\":656,\"caption\":\"Mugavero Fertilizzanti\"},\"image\":{\"@id\":\"https:\/\/www.mugavero.it\/tr\/#\/schema\/logo\/image\/\"},\"sameAs\":[\"https:\/\/www.facebook.com\/mugaverofertilizers\/\",\"https:\/\/www.instagram.com\/mugaverofertilizers\/\",\"https:\/\/www.linkedin.com\/company\/mugavero-fertilizers-official\/\",\"https:\/\/www.youtube.com\/channel\/UCcVmJoiUaqBv_pMIGSe6E2A\"]}]}<\/script>\n<!-- \/ Yoast SEO plugin. -->","yoast_head_json":{"title":"Natural Zeolite | Mugavero | Diren\u00e7 \u0130nd\u00fckt\u00f6r\u00fc","description":"Do\u011fal Zeolitler, milyonlarca y\u0131l \u00f6nce volkanik\u00a0lavlar\u0131n alkalin tuzlu g\u00f6llerde birikip\u00a0\u00e7\u00f6kelmesiyle olu\u015fmu\u015f minerallerdir (...)","robots":{"index":"index","follow":"follow","max-snippet":"max-snippet:-1","max-image-preview":"max-image-preview:large","max-video-preview":"max-video-preview:-1"},"canonical":"https:\/\/www.mugavero.it\/tr\/g\u00fcbre\/natural-zeolite\/","og_locale":"tr_TR","og_type":"article","og_title":"Natural Zeolite | Mugavero | Diren\u00e7 \u0130nd\u00fckt\u00f6r\u00fc","og_description":"Do\u011fal Zeolitler, milyonlarca y\u0131l \u00f6nce volkanik\u00a0lavlar\u0131n alkalin tuzlu g\u00f6llerde birikip\u00a0\u00e7\u00f6kelmesiyle olu\u015fmu\u015f minerallerdir (...)","og_url":"https:\/\/www.mugavero.it\/tr\/g\u00fcbre\/natural-zeolite\/","og_site_name":"Mugavero","article_publisher":"https:\/\/www.facebook.com\/mugaverofertilizers\/","article_modified_time":"2024-07-17T14:45:51+00:00","og_image":[{"width":2048,"height":2048,"url":"https:\/\/www.mugavero.it\/wp-content\/uploads\/2019\/01\/NATURAL-ZEOLITE.png","type":"image\/png"}],"twitter_card":"summary_large_image","twitter_misc":{"Tahmini okuma s\u00fcresi":"2 dakika"},"schema":{"@context":"https:\/\/schema.org","@graph":[{"@type":"WebPage","@id":"https:\/\/www.mugavero.it\/tr\/g\u00fcbre\/natural-zeolite\/","url":"https:\/\/www.mugavero.it\/tr\/g\u00fcbre\/natural-zeolite\/","name":"Natural Zeolite | Mugavero | Diren\u00e7 \u0130nd\u00fckt\u00f6r\u00fc","isPartOf":{"@id":"https:\/\/www.mugavero.it\/tr\/#website"},"primaryImageOfPage":{"@id":"https:\/\/www.mugavero.it\/tr\/g\u00fcbre\/natural-zeolite\/#primaryimage"},"image":{"@id":"https:\/\/www.mugavero.it\/tr\/g\u00fcbre\/natural-zeolite\/#primaryimage"},"thumbnailUrl":"https:\/\/www.mugavero.it\/wp-content\/uploads\/2019\/01\/NATURAL-ZEOLITE.png","datePublished":"2019-03-11T17:52:36+00:00","dateModified":"2024-07-17T14:45:51+00:00","description":"Do\u011fal Zeolitler, milyonlarca y\u0131l \u00f6nce volkanik\u00a0lavlar\u0131n alkalin tuzlu g\u00f6llerde birikip\u00a0\u00e7\u00f6kelmesiyle olu\u015fmu\u015f minerallerdir (...)","breadcrumb":{"@id":"https:\/\/www.mugavero.it\/tr\/g\u00fcbre\/natural-zeolite\/#breadcrumb"},"inLanguage":"tr","potentialAction":[{"@type":"ReadAction","target":["https:\/\/www.mugavero.it\/tr\/g\u00fcbre\/natural-zeolite\/"]}]},{"@type":"ImageObject","inLanguage":"tr","@id":"https:\/\/www.mugavero.it\/tr\/g\u00fcbre\/natural-zeolite\/#primaryimage","url":"https:\/\/www.mugavero.it\/wp-content\/uploads\/2019\/01\/NATURAL-ZEOLITE.png","contentUrl":"https:\/\/www.mugavero.it\/wp-content\/uploads\/2019\/01\/NATURAL-ZEOLITE.png","width":2048,"height":2048},{"@type":"BreadcrumbList","@id":"https:\/\/www.mugavero.it\/tr\/g\u00fcbre\/natural-zeolite\/#breadcrumb","itemListElement":[{"@type":"ListItem","position":1,"name":"Home","item":"https:\/\/www.mugavero.it\/tr\/"},{"@type":"ListItem","position":2,"name":"Catalogo","item":"https:\/\/www.mugavero.it\/tr\/katalog\/"},{"@type":"ListItem","position":3,"name":"Natural Zeolite"}]},{"@type":"WebSite","@id":"https:\/\/www.mugavero.it\/tr\/#website","url":"https:\/\/www.mugavero.it\/tr\/","name":"Mugavero Fertilizers","description":"It&#039;s Green, White and Red","publisher":{"@id":"https:\/\/www.mugavero.it\/tr\/#organization"},"potentialAction":[{"@type":"SearchAction","target":{"@type":"EntryPoint","urlTemplate":"https:\/\/www.mugavero.it\/tr\/?s={search_term_string}"},"query-input":{"@type":"PropertyValueSpecification","valueRequired":true,"valueName":"search_term_string"}}],"inLanguage":"tr"},{"@type":"Organization","@id":"https:\/\/www.mugavero.it\/tr\/#organization","name":"Mugavero Fertilizzanti","url":"https:\/\/www.mugavero.it\/tr\/","logo":{"@type":"ImageObject","inLanguage":"tr","@id":"https:\/\/www.mugavero.it\/tr\/#\/schema\/logo\/image\/","url":"https:\/\/www.mugavero.it\/wp-content\/uploads\/2019\/03\/MUGAVERO-LOGO-ita.png","contentUrl":"https:\/\/www.mugavero.it\/wp-content\/uploads\/2019\/03\/MUGAVERO-LOGO-ita.png","width":1000,"height":656,"caption":"Mugavero Fertilizzanti"},"image":{"@id":"https:\/\/www.mugavero.it\/tr\/#\/schema\/logo\/image\/"},"sameAs":["https:\/\/www.facebook.com\/mugaverofertilizers\/","https:\/\/www.instagram.com\/mugaverofertilizers\/","https:\/\/www.linkedin.com\/company\/mugavero-fertilizers-official\/","https:\/\/www.youtube.com\/channel\/UCcVmJoiUaqBv_pMIGSe6E2A"]}]}},"_links":{"self":[{"href":"https:\/\/www.mugavero.it\/tr\/wp-json\/wp\/v2\/product\/2993"}],"collection":[{"href":"https:\/\/www.mugavero.it\/tr\/wp-json\/wp\/v2\/product"}],"about":[{"href":"https:\/\/www.mugavero.it\/tr\/wp-json\/wp\/v2\/types\/product"}],"wp:featuredmedia":[{"embeddable":true,"href":"https:\/\/www.mugavero.it\/tr\/wp-json\/wp\/v2\/media\/7163"}],"wp:attachment":[{"href":"https:\/\/www.mugavero.it\/tr\/wp-json\/wp\/v2\/media?parent=2993"}],"curies":[{"name":"wp","href":"https:\/\/api.w.org\/{rel}","templated":true}]}}