{"id":2986,"date":"2019-01-19T13:55:41","date_gmt":"2019-03-11T12:08:40","guid":{"rendered":"https:\/\/www.mugavero.it\/?post_type=product&#038;p=2986"},"modified":"2024-07-17T17:08:32","modified_gmt":"2024-07-17T15:08:32","slug":"megafer-plus","status":"publish","type":"product","link":"https:\/\/www.mugavero.it\/tr\/g\u00fcbre\/megafer-plus\/","title":{"rendered":"MEGAFER PLUS"},"content":{"rendered":"<p>Demir \u015felatl\u0131, mikrogran\u00fcl formda, suda y\u00fcksek \u00e7\u00f6z\u00fcn\u00fcrl\u00fckl\u00fc.<br \/>\nDemir klorozu sebepli sararma ve manganez vb di\u011fer\u00a0mikro besleyicilerin emiliminin dengeleyicisi.<br \/>\nK\u00f6k taraf\u0131ndan kolayca emilmesi \u00f6nleyici ve\/veya tedavi\u00a0edici etkiyle bitkinin yaprak ye\u015filli\u011fine sebep olur.<br \/>\nUYGULAMA D\u00d6NEM\u0130<\/p>\n<p>\u00d6NLEY\u0130C\u0130 UYGULAMA<br \/>\nVejetatif b\u00fcy\u00fcme yeniden ba\u015flad\u0131\u011f\u0131nda ya da demir\u00a0klorozu ilk g\u00f6r\u00fcnmeye ba\u015flad\u0131\u011f\u0131nda(tepe yapraklar\u0131n<br \/>\na\u011fz\u0131nda sararma) ki bu d\u00f6nem yo\u011fun ye\u015fil damarl\u0131\u00a0yapraklar ve zay\u0131f tomurcuk geli\u015fimi ile kolayca farkedilebilir.<\/p>\n<p>&nbsp;<\/p>\n<p>TEDAV\u0130 ED\u0130C\u0130 UYGULAMA<br \/>\nTepe yapraklar\u0131n\u0131n \u00e7\u00fcr\u00fcmesi gibi ciddi klorotik semptomlarda,<br \/>\ngen\u00e7 meyve d\u00f6k\u00fcm\u00fc, zay\u0131f vejetasyon vb durumlarda.<\/p>\n<p><strong>MEGAFER PLUS<\/strong><br \/>\nTEMEL \u00d6ZELL\u0130KLER\u0130<br \/>\n\u2022 \u00c7\u00f6z\u00fcnebilirlik 250 gr \/ lt<br \/>\n\u2022 Y\u00fcksek orto-orto isomeri<br \/>\n\u2022 Topraktaki dayan\u0131kl\u0131l\u0131k s\u00fcresi (&gt; 3 ay)<br \/>\n\u2022 Bitki sadece 3 &#8211; 5 i\u00e7erisinde ye\u015file d\u00f6ner<br \/>\n\u2022 100% \u015felatl\u0131<br \/>\n\u2022 \u015eelat\u0131n topraktaki stabilitesi pH 2 &#8211; 11<\/p>\n","protected":false},"excerpt":{"rendered":"<p>Demir \u015felatl\u0131, mikrogran\u00fcl formda, suda y\u00fcksek \u00e7\u00f6z\u00fcn\u00fcrl\u00fckl\u00fc.<br \/>\nDemir klorozu sebepli sararma ve manganez vb di\u011fer\u00a0mikro besleyicilerin emiliminin dengeleyicisi.<\/p>\n<p><img decoding=\"async\" class=\"alignnone wp-image-7282 \" src=\"https:\/\/www.mugavero.it\/wp-content\/uploads\/2019\/01\/ASTUCCIO.png\" alt=\"\" width=\"37\" height=\"37\" srcset=\"https:\/\/www.mugavero.it\/wp-content\/uploads\/2019\/01\/ASTUCCIO.png 418w, https:\/\/www.mugavero.it\/wp-content\/uploads\/2019\/01\/ASTUCCIO-300x300.png 300w, https:\/\/www.mugavero.it\/wp-content\/uploads\/2019\/01\/ASTUCCIO-150x150.png 150w, https:\/\/www.mugavero.it\/wp-content\/uploads\/2019\/01\/ASTUCCIO-187x187.png 187w, https:\/\/www.mugavero.it\/wp-content\/uploads\/2019\/01\/ASTUCCIO-100x100.png 100w\" sizes=\"(max-width: 37px) 100vw, 37px\" \/>1\/5<\/p>\n<p><img decoding=\"async\" class=\"alignnone wp-image-7083 \" src=\"https:\/\/www.mugavero.it\/wp-content\/uploads\/2019\/01\/FERTIRRIGAZIONE.png\" alt=\"\" width=\"35\" height=\"35\" srcset=\"https:\/\/www.mugavero.it\/wp-content\/uploads\/2019\/01\/FERTIRRIGAZIONE.png 238w, https:\/\/www.mugavero.it\/wp-content\/uploads\/2019\/01\/FERTIRRIGAZIONE-150x150.png 150w, https:\/\/www.mugavero.it\/wp-content\/uploads\/2019\/01\/FERTIRRIGAZIONE-187x187.png 187w, https:\/\/www.mugavero.it\/wp-content\/uploads\/2019\/01\/FERTIRRIGAZIONE-100x100.png 100w\" sizes=\"(max-width: 35px) 100vw, 35px\" \/> G\u00fcbreleme<\/p>\n<p><img decoding=\"async\" class=\"alignnone wp-image-7090 \" src=\"https:\/\/www.mugavero.it\/wp-content\/uploads\/2019\/01\/CONSENTITO-IN-BIO.png\" alt=\"\" width=\"32\" height=\"32\" srcset=\"https:\/\/www.mugavero.it\/wp-content\/uploads\/2019\/01\/CONSENTITO-IN-BIO.png 238w, https:\/\/www.mugavero.it\/wp-content\/uploads\/2019\/01\/CONSENTITO-IN-BIO-150x150.png 150w, https:\/\/www.mugavero.it\/wp-content\/uploads\/2019\/01\/CONSENTITO-IN-BIO-186x187.png 186w, https:\/\/www.mugavero.it\/wp-content\/uploads\/2019\/01\/CONSENTITO-IN-BIO-100x100.png 100w\" sizes=\"(max-width: 32px) 100vw, 32px\" \/><span style=\"font-weight: 400;\">Biyolojik tar\u0131m onayl\u0131<\/span><\/p>\n<p>&nbsp;<\/p>\n","protected":false},"featured_media":11562,"template":"","meta":{"_exactmetrics_skip_tracking":false,"_exactmetrics_sitenote_active":false,"_exactmetrics_sitenote_note":"","_exactmetrics_sitenote_category":0},"yoast_head":"<!-- This site is optimized with the Yoast SEO plugin v23.4 - https:\/\/yoast.com\/wordpress\/plugins\/seo\/ -->\n<title>MEGAFER PLUS | Mugavero | Meso ve mikro elementler<\/title>\n<meta name=\"description\" content=\"Demir \u015felatl\u0131, mikrogran\u00fcl formda, suda y\u00fcksek \u00e7\u00f6z\u00fcn\u00fcrl\u00fckl\u00fc.Demir klorozu sebepli sararma ve manganez vb di\u011fer\u00a0mikro besleyicilerin (...)\" \/>\n<meta name=\"robots\" content=\"index, follow, max-snippet:-1, max-image-preview:large, max-video-preview:-1\" \/>\n<link rel=\"canonical\" href=\"https:\/\/www.mugavero.it\/tr\/g\u00fcbre\/megafer-plus\/\" \/>\n<meta property=\"og:locale\" content=\"tr_TR\" \/>\n<meta property=\"og:type\" content=\"article\" \/>\n<meta property=\"og:title\" content=\"MEGAFER PLUS | Mugavero | Meso ve mikro elementler\" \/>\n<meta property=\"og:description\" content=\"Demir \u015felatl\u0131, mikrogran\u00fcl formda, suda y\u00fcksek \u00e7\u00f6z\u00fcn\u00fcrl\u00fckl\u00fc.Demir klorozu sebepli sararma ve manganez vb di\u011fer\u00a0mikro besleyicilerin (...)\" \/>\n<meta property=\"og:url\" content=\"https:\/\/www.mugavero.it\/tr\/g\u00fcbre\/megafer-plus\/\" \/>\n<meta property=\"og:site_name\" content=\"Mugavero\" \/>\n<meta property=\"article:publisher\" content=\"https:\/\/www.facebook.com\/mugaverofertilizers\/\" \/>\n<meta property=\"article:modified_time\" content=\"2024-07-17T15:08:32+00:00\" \/>\n<meta property=\"og:image\" content=\"https:\/\/www.mugavero.it\/wp-content\/uploads\/2019\/01\/MEGAFER_PLUS-1.png\" \/>\n\t<meta property=\"og:image:width\" content=\"1141\" \/>\n\t<meta property=\"og:image:height\" content=\"1633\" \/>\n\t<meta property=\"og:image:type\" content=\"image\/png\" \/>\n<meta name=\"twitter:card\" content=\"summary_large_image\" \/>\n<meta name=\"twitter:label1\" content=\"Tahmini okuma s\u00fcresi\" \/>\n\t<meta name=\"twitter:data1\" content=\"1 dakika\" \/>\n<script type=\"application\/ld+json\" class=\"yoast-schema-graph\">{\"@context\":\"https:\/\/schema.org\",\"@graph\":[{\"@type\":\"WebPage\",\"@id\":\"https:\/\/www.mugavero.it\/tr\/g\u00fcbre\/megafer-plus\/\",\"url\":\"https:\/\/www.mugavero.it\/tr\/g\u00fcbre\/megafer-plus\/\",\"name\":\"MEGAFER PLUS | Mugavero | Meso ve mikro elementler\",\"isPartOf\":{\"@id\":\"https:\/\/www.mugavero.it\/tr\/#website\"},\"primaryImageOfPage\":{\"@id\":\"https:\/\/www.mugavero.it\/tr\/g\u00fcbre\/megafer-plus\/#primaryimage\"},\"image\":{\"@id\":\"https:\/\/www.mugavero.it\/tr\/g\u00fcbre\/megafer-plus\/#primaryimage\"},\"thumbnailUrl\":\"https:\/\/www.mugavero.it\/wp-content\/uploads\/2019\/01\/MEGAFER_PLUS-1.png\",\"datePublished\":\"2019-03-11T12:08:40+00:00\",\"dateModified\":\"2024-07-17T15:08:32+00:00\",\"description\":\"Demir \u015felatl\u0131, mikrogran\u00fcl formda, suda y\u00fcksek \u00e7\u00f6z\u00fcn\u00fcrl\u00fckl\u00fc.Demir klorozu sebepli sararma ve manganez vb di\u011fer\u00a0mikro besleyicilerin (...)\",\"breadcrumb\":{\"@id\":\"https:\/\/www.mugavero.it\/tr\/g\u00fcbre\/megafer-plus\/#breadcrumb\"},\"inLanguage\":\"tr\",\"potentialAction\":[{\"@type\":\"ReadAction\",\"target\":[\"https:\/\/www.mugavero.it\/tr\/g\u00fcbre\/megafer-plus\/\"]}]},{\"@type\":\"ImageObject\",\"inLanguage\":\"tr\",\"@id\":\"https:\/\/www.mugavero.it\/tr\/g\u00fcbre\/megafer-plus\/#primaryimage\",\"url\":\"https:\/\/www.mugavero.it\/wp-content\/uploads\/2019\/01\/MEGAFER_PLUS-1.png\",\"contentUrl\":\"https:\/\/www.mugavero.it\/wp-content\/uploads\/2019\/01\/MEGAFER_PLUS-1.png\",\"width\":1141,\"height\":1633},{\"@type\":\"BreadcrumbList\",\"@id\":\"https:\/\/www.mugavero.it\/tr\/g\u00fcbre\/megafer-plus\/#breadcrumb\",\"itemListElement\":[{\"@type\":\"ListItem\",\"position\":1,\"name\":\"Home\",\"item\":\"https:\/\/www.mugavero.it\/tr\/\"},{\"@type\":\"ListItem\",\"position\":2,\"name\":\"Catalogo\",\"item\":\"https:\/\/www.mugavero.it\/tr\/katalog\/\"},{\"@type\":\"ListItem\",\"position\":3,\"name\":\"MEGAFER PLUS\"}]},{\"@type\":\"WebSite\",\"@id\":\"https:\/\/www.mugavero.it\/tr\/#website\",\"url\":\"https:\/\/www.mugavero.it\/tr\/\",\"name\":\"Mugavero Fertilizers\",\"description\":\"It&#039;s Green, White and Red\",\"publisher\":{\"@id\":\"https:\/\/www.mugavero.it\/tr\/#organization\"},\"potentialAction\":[{\"@type\":\"SearchAction\",\"target\":{\"@type\":\"EntryPoint\",\"urlTemplate\":\"https:\/\/www.mugavero.it\/tr\/?s={search_term_string}\"},\"query-input\":{\"@type\":\"PropertyValueSpecification\",\"valueRequired\":true,\"valueName\":\"search_term_string\"}}],\"inLanguage\":\"tr\"},{\"@type\":\"Organization\",\"@id\":\"https:\/\/www.mugavero.it\/tr\/#organization\",\"name\":\"Mugavero Fertilizzanti\",\"url\":\"https:\/\/www.mugavero.it\/tr\/\",\"logo\":{\"@type\":\"ImageObject\",\"inLanguage\":\"tr\",\"@id\":\"https:\/\/www.mugavero.it\/tr\/#\/schema\/logo\/image\/\",\"url\":\"https:\/\/www.mugavero.it\/wp-content\/uploads\/2019\/03\/MUGAVERO-LOGO-ita.png\",\"contentUrl\":\"https:\/\/www.mugavero.it\/wp-content\/uploads\/2019\/03\/MUGAVERO-LOGO-ita.png\",\"width\":1000,\"height\":656,\"caption\":\"Mugavero Fertilizzanti\"},\"image\":{\"@id\":\"https:\/\/www.mugavero.it\/tr\/#\/schema\/logo\/image\/\"},\"sameAs\":[\"https:\/\/www.facebook.com\/mugaverofertilizers\/\",\"https:\/\/www.instagram.com\/mugaverofertilizers\/\",\"https:\/\/www.linkedin.com\/company\/mugavero-fertilizers-official\/\",\"https:\/\/www.youtube.com\/channel\/UCcVmJoiUaqBv_pMIGSe6E2A\"]}]}<\/script>\n<!-- \/ Yoast SEO plugin. -->","yoast_head_json":{"title":"MEGAFER PLUS | Mugavero | Meso ve mikro elementler","description":"Demir \u015felatl\u0131, mikrogran\u00fcl formda, suda y\u00fcksek \u00e7\u00f6z\u00fcn\u00fcrl\u00fckl\u00fc.Demir klorozu sebepli sararma ve manganez vb di\u011fer\u00a0mikro besleyicilerin (...)","robots":{"index":"index","follow":"follow","max-snippet":"max-snippet:-1","max-image-preview":"max-image-preview:large","max-video-preview":"max-video-preview:-1"},"canonical":"https:\/\/www.mugavero.it\/tr\/g\u00fcbre\/megafer-plus\/","og_locale":"tr_TR","og_type":"article","og_title":"MEGAFER PLUS | Mugavero | Meso ve mikro elementler","og_description":"Demir \u015felatl\u0131, mikrogran\u00fcl formda, suda y\u00fcksek \u00e7\u00f6z\u00fcn\u00fcrl\u00fckl\u00fc.Demir klorozu sebepli sararma ve manganez vb di\u011fer\u00a0mikro besleyicilerin (...)","og_url":"https:\/\/www.mugavero.it\/tr\/g\u00fcbre\/megafer-plus\/","og_site_name":"Mugavero","article_publisher":"https:\/\/www.facebook.com\/mugaverofertilizers\/","article_modified_time":"2024-07-17T15:08:32+00:00","og_image":[{"width":1141,"height":1633,"url":"https:\/\/www.mugavero.it\/wp-content\/uploads\/2019\/01\/MEGAFER_PLUS-1.png","type":"image\/png"}],"twitter_card":"summary_large_image","twitter_misc":{"Tahmini okuma s\u00fcresi":"1 dakika"},"schema":{"@context":"https:\/\/schema.org","@graph":[{"@type":"WebPage","@id":"https:\/\/www.mugavero.it\/tr\/g\u00fcbre\/megafer-plus\/","url":"https:\/\/www.mugavero.it\/tr\/g\u00fcbre\/megafer-plus\/","name":"MEGAFER PLUS | Mugavero | Meso ve mikro elementler","isPartOf":{"@id":"https:\/\/www.mugavero.it\/tr\/#website"},"primaryImageOfPage":{"@id":"https:\/\/www.mugavero.it\/tr\/g\u00fcbre\/megafer-plus\/#primaryimage"},"image":{"@id":"https:\/\/www.mugavero.it\/tr\/g\u00fcbre\/megafer-plus\/#primaryimage"},"thumbnailUrl":"https:\/\/www.mugavero.it\/wp-content\/uploads\/2019\/01\/MEGAFER_PLUS-1.png","datePublished":"2019-03-11T12:08:40+00:00","dateModified":"2024-07-17T15:08:32+00:00","description":"Demir \u015felatl\u0131, mikrogran\u00fcl formda, suda y\u00fcksek \u00e7\u00f6z\u00fcn\u00fcrl\u00fckl\u00fc.Demir klorozu sebepli sararma ve manganez vb di\u011fer\u00a0mikro besleyicilerin (...)","breadcrumb":{"@id":"https:\/\/www.mugavero.it\/tr\/g\u00fcbre\/megafer-plus\/#breadcrumb"},"inLanguage":"tr","potentialAction":[{"@type":"ReadAction","target":["https:\/\/www.mugavero.it\/tr\/g\u00fcbre\/megafer-plus\/"]}]},{"@type":"ImageObject","inLanguage":"tr","@id":"https:\/\/www.mugavero.it\/tr\/g\u00fcbre\/megafer-plus\/#primaryimage","url":"https:\/\/www.mugavero.it\/wp-content\/uploads\/2019\/01\/MEGAFER_PLUS-1.png","contentUrl":"https:\/\/www.mugavero.it\/wp-content\/uploads\/2019\/01\/MEGAFER_PLUS-1.png","width":1141,"height":1633},{"@type":"BreadcrumbList","@id":"https:\/\/www.mugavero.it\/tr\/g\u00fcbre\/megafer-plus\/#breadcrumb","itemListElement":[{"@type":"ListItem","position":1,"name":"Home","item":"https:\/\/www.mugavero.it\/tr\/"},{"@type":"ListItem","position":2,"name":"Catalogo","item":"https:\/\/www.mugavero.it\/tr\/katalog\/"},{"@type":"ListItem","position":3,"name":"MEGAFER PLUS"}]},{"@type":"WebSite","@id":"https:\/\/www.mugavero.it\/tr\/#website","url":"https:\/\/www.mugavero.it\/tr\/","name":"Mugavero Fertilizers","description":"It&#039;s Green, White and Red","publisher":{"@id":"https:\/\/www.mugavero.it\/tr\/#organization"},"potentialAction":[{"@type":"SearchAction","target":{"@type":"EntryPoint","urlTemplate":"https:\/\/www.mugavero.it\/tr\/?s={search_term_string}"},"query-input":{"@type":"PropertyValueSpecification","valueRequired":true,"valueName":"search_term_string"}}],"inLanguage":"tr"},{"@type":"Organization","@id":"https:\/\/www.mugavero.it\/tr\/#organization","name":"Mugavero Fertilizzanti","url":"https:\/\/www.mugavero.it\/tr\/","logo":{"@type":"ImageObject","inLanguage":"tr","@id":"https:\/\/www.mugavero.it\/tr\/#\/schema\/logo\/image\/","url":"https:\/\/www.mugavero.it\/wp-content\/uploads\/2019\/03\/MUGAVERO-LOGO-ita.png","contentUrl":"https:\/\/www.mugavero.it\/wp-content\/uploads\/2019\/03\/MUGAVERO-LOGO-ita.png","width":1000,"height":656,"caption":"Mugavero Fertilizzanti"},"image":{"@id":"https:\/\/www.mugavero.it\/tr\/#\/schema\/logo\/image\/"},"sameAs":["https:\/\/www.facebook.com\/mugaverofertilizers\/","https:\/\/www.instagram.com\/mugaverofertilizers\/","https:\/\/www.linkedin.com\/company\/mugavero-fertilizers-official\/","https:\/\/www.youtube.com\/channel\/UCcVmJoiUaqBv_pMIGSe6E2A"]}]}},"_links":{"self":[{"href":"https:\/\/www.mugavero.it\/tr\/wp-json\/wp\/v2\/product\/2986"}],"collection":[{"href":"https:\/\/www.mugavero.it\/tr\/wp-json\/wp\/v2\/product"}],"about":[{"href":"https:\/\/www.mugavero.it\/tr\/wp-json\/wp\/v2\/types\/product"}],"wp:featuredmedia":[{"embeddable":true,"href":"https:\/\/www.mugavero.it\/tr\/wp-json\/wp\/v2\/media\/11562"}],"wp:attachment":[{"href":"https:\/\/www.mugavero.it\/tr\/wp-json\/wp\/v2\/media?parent=2986"}],"curies":[{"name":"wp","href":"https:\/\/api.w.org\/{rel}","templated":true}]}}