{"id":2896,"date":"2019-01-21T17:29:07","date_gmt":"2019-03-07T12:17:55","guid":{"rendered":"https:\/\/www.mugavero.it\/?post_type=product&#038;p=2896"},"modified":"2023-11-16T13:19:12","modified_gmt":"2023-11-16T12:19:12","slug":"mugasol-13-40-13","status":"publish","type":"product","link":"https:\/\/www.mugavero.it\/tr\/g\u00fcbre\/mugasol-13-40-13\/","title":{"rendered":"MUGASOL 13.40.13"},"content":{"rendered":"<p>MUGASOL \u00fcr\u00fcn hatt\u0131 Avrupa men\u015feli, % 100 suda \u00e7\u00f6z\u00fcnebilir\u00a0en saf ham maddelerle \u00fcretilmektedir. Form\u00fclasyondaki\u00a0\u00e7e\u015fitlilik ekinin b\u00fct\u00fcn vejetatif a\u015famalardaki\u00a0ihtiya\u00e7lar\u0131n\u0131 kar\u015f\u0131layabilmektedir. Firmam\u0131z fosforu<br \/>\n(P) sadece mono-amonyum fosfattan ve mono-potasyum\u00a0fosfattan elde etmektedir.<\/p>\n<p>MUGASOL \u00fcr\u00fcn \u00e7e\u015fitleri ekimden hasada kadar her\u00a0a\u015famada, a\u015famaya uygun olan form\u00fcl\u00fcn kullan\u0131m\u0131yla\u00a0damla sulama y\u00f6ntemiyle uygulanabilir.\u00a0\u00dcretim s\u00fcrecinin sonunda MUGASOL g\u00fcbreleri kontrol\u00a0alt\u0131nda tutulan bir ortamda \u00f6zel bir kurutma tesisinden\u00a0ge\u00e7irilir. \u00dcretimin bu son a\u015famas\u0131, bu tarz \u00fcr\u00fcnlerde\u00a0d\u00fcnyada bulabilece\u011finiz en d\u00fc\u015f\u00fck nem oran\u0131n\u0131 garantiler.\u00a0Bu da \u00fcr\u00fcn\u00fcn raf \u00f6mr\u00fcn\u00fcn dikkate de\u011fer oranda\u00a0artmas\u0131na sebep olur.<\/p>\n<p>\u00dcr\u00fcn\u00fcn rahat ve kolay uygulanmas\u0131\u00a0i\u00e7in torbalar\u0131n y\u0131rt\u0131lmas\u0131 da \u00f6nlenmi\u015ftir<\/p>\n","protected":false},"excerpt":{"rendered":"<p>Mugasol serisi, toplam ve an\u0131nda \u00e7\u00f6z\u00fcn\u00fcrl\u00fck ile karakterize edilen, klor\u00fcr i\u00e7ermeyen, suda \u00e7\u00f6z\u00fcn\u00fcr kompleks g\u00fcbreler i\u00e7erir. Mugasoller, asma, so\u011fan ve t\u00fct\u00fcn gibi klora veya tuzlulu\u011fa duyarl\u0131 mahsullerin g\u00fcbrelenmesinde kullan\u0131m i\u00e7in idealdir.<\/p>\n<p><img decoding=\"async\" class=\"alignnone wp-image-7289\" src=\"https:\/\/www.mugavero.it\/wp-content\/uploads\/2019\/01\/SACCO.png\" alt=\"\" width=\"42\" height=\"42\" srcset=\"https:\/\/www.mugavero.it\/wp-content\/uploads\/2019\/01\/SACCO.png 417w, https:\/\/www.mugavero.it\/wp-content\/uploads\/2019\/01\/SACCO-300x300.png 300w, https:\/\/www.mugavero.it\/wp-content\/uploads\/2019\/01\/SACCO-150x150.png 150w, https:\/\/www.mugavero.it\/wp-content\/uploads\/2019\/01\/SACCO-187x187.png 187w, https:\/\/www.mugavero.it\/wp-content\/uploads\/2019\/01\/SACCO-100x100.png 100w\" sizes=\"(max-width: 42px) 100vw, 42px\" \/>25 kg<\/p>\n<p><img decoding=\"async\" class=\"alignnone wp-image-7083 \" src=\"https:\/\/www.mugavero.it\/wp-content\/uploads\/2019\/01\/FERTIRRIGAZIONE.png\" alt=\"\" width=\"41\" height=\"41\" srcset=\"https:\/\/www.mugavero.it\/wp-content\/uploads\/2019\/01\/FERTIRRIGAZIONE.png 238w, https:\/\/www.mugavero.it\/wp-content\/uploads\/2019\/01\/FERTIRRIGAZIONE-150x150.png 150w, https:\/\/www.mugavero.it\/wp-content\/uploads\/2019\/01\/FERTIRRIGAZIONE-187x187.png 187w, https:\/\/www.mugavero.it\/wp-content\/uploads\/2019\/01\/FERTIRRIGAZIONE-100x100.png 100w\" sizes=\"(max-width: 41px) 100vw, 41px\" \/> Fertigasyon uygulamas\u0131<\/p>\n<p>&nbsp;<\/p>\n","protected":false},"featured_media":11855,"template":"","meta":{"_exactmetrics_skip_tracking":false,"_exactmetrics_sitenote_active":false,"_exactmetrics_sitenote_note":"","_exactmetrics_sitenote_category":0},"yoast_head":"<!-- This site is optimized with the Yoast SEO plugin v23.4 - https:\/\/yoast.com\/wordpress\/plugins\/seo\/ -->\n<title>MUGASOL 13.40.13 | Mugavero<\/title>\n<meta name=\"robots\" content=\"index, follow, max-snippet:-1, max-image-preview:large, max-video-preview:-1\" \/>\n<link rel=\"canonical\" href=\"https:\/\/www.mugavero.it\/tr\/g\u00fcbre\/mugasol-13-40-13\/\" \/>\n<meta property=\"og:locale\" content=\"tr_TR\" \/>\n<meta property=\"og:type\" content=\"article\" \/>\n<meta property=\"og:title\" content=\"MUGASOL 13.40.13 | Mugavero\" \/>\n<meta property=\"og:description\" content=\"Mugasol serisi, toplam ve an\u0131nda \u00e7\u00f6z\u00fcn\u00fcrl\u00fck ile karakterize edilen, klor\u00fcr i\u00e7ermeyen, suda \u00e7\u00f6z\u00fcn\u00fcr kompleks g\u00fcbreler i\u00e7erir. Mugasoller, asma, so\u011fan ve t\u00fct\u00fcn gibi klora veya tuzlulu\u011fa duyarl\u0131 mahsullerin g\u00fcbrelenmesinde kullan\u0131m i\u00e7in idealdir.  25 kg   Fertigasyon uygulamas\u0131  &nbsp;\" \/>\n<meta property=\"og:url\" content=\"https:\/\/www.mugavero.it\/tr\/g\u00fcbre\/mugasol-13-40-13\/\" \/>\n<meta property=\"og:site_name\" content=\"Mugavero\" \/>\n<meta property=\"article:publisher\" content=\"https:\/\/www.facebook.com\/mugaverofertilizers\/\" \/>\n<meta property=\"article:modified_time\" content=\"2023-11-16T12:19:12+00:00\" \/>\n<meta property=\"og:image\" content=\"https:\/\/www.mugavero.it\/wp-content\/uploads\/2019\/01\/mugasol-foglia.png\" \/>\n\t<meta property=\"og:image:width\" content=\"1378\" \/>\n\t<meta property=\"og:image:height\" content=\"1733\" \/>\n\t<meta property=\"og:image:type\" content=\"image\/png\" \/>\n<meta name=\"twitter:card\" content=\"summary_large_image\" \/>\n<meta name=\"twitter:label1\" content=\"Tahmini okuma s\u00fcresi\" \/>\n\t<meta name=\"twitter:data1\" content=\"1 dakika\" \/>\n<script type=\"application\/ld+json\" class=\"yoast-schema-graph\">{\"@context\":\"https:\/\/schema.org\",\"@graph\":[{\"@type\":\"WebPage\",\"@id\":\"https:\/\/www.mugavero.it\/tr\/g\u00fcbre\/mugasol-13-40-13\/\",\"url\":\"https:\/\/www.mugavero.it\/tr\/g\u00fcbre\/mugasol-13-40-13\/\",\"name\":\"MUGASOL 13.40.13 | Mugavero\",\"isPartOf\":{\"@id\":\"https:\/\/www.mugavero.it\/tr\/#website\"},\"primaryImageOfPage\":{\"@id\":\"https:\/\/www.mugavero.it\/tr\/g\u00fcbre\/mugasol-13-40-13\/#primaryimage\"},\"image\":{\"@id\":\"https:\/\/www.mugavero.it\/tr\/g\u00fcbre\/mugasol-13-40-13\/#primaryimage\"},\"thumbnailUrl\":\"https:\/\/www.mugavero.it\/wp-content\/uploads\/2019\/01\/mugasol-foglia.png\",\"datePublished\":\"2019-03-07T12:17:55+00:00\",\"dateModified\":\"2023-11-16T12:19:12+00:00\",\"breadcrumb\":{\"@id\":\"https:\/\/www.mugavero.it\/tr\/g\u00fcbre\/mugasol-13-40-13\/#breadcrumb\"},\"inLanguage\":\"tr\",\"potentialAction\":[{\"@type\":\"ReadAction\",\"target\":[\"https:\/\/www.mugavero.it\/tr\/g\u00fcbre\/mugasol-13-40-13\/\"]}]},{\"@type\":\"ImageObject\",\"inLanguage\":\"tr\",\"@id\":\"https:\/\/www.mugavero.it\/tr\/g\u00fcbre\/mugasol-13-40-13\/#primaryimage\",\"url\":\"https:\/\/www.mugavero.it\/wp-content\/uploads\/2019\/01\/mugasol-foglia.png\",\"contentUrl\":\"https:\/\/www.mugavero.it\/wp-content\/uploads\/2019\/01\/mugasol-foglia.png\",\"width\":1378,\"height\":1733},{\"@type\":\"BreadcrumbList\",\"@id\":\"https:\/\/www.mugavero.it\/tr\/g\u00fcbre\/mugasol-13-40-13\/#breadcrumb\",\"itemListElement\":[{\"@type\":\"ListItem\",\"position\":1,\"name\":\"Home\",\"item\":\"https:\/\/www.mugavero.it\/tr\/\"},{\"@type\":\"ListItem\",\"position\":2,\"name\":\"Catalogo\",\"item\":\"https:\/\/www.mugavero.it\/tr\/katalog\/\"},{\"@type\":\"ListItem\",\"position\":3,\"name\":\"MUGASOL 13.40.13\"}]},{\"@type\":\"WebSite\",\"@id\":\"https:\/\/www.mugavero.it\/tr\/#website\",\"url\":\"https:\/\/www.mugavero.it\/tr\/\",\"name\":\"Mugavero Fertilizers\",\"description\":\"It&#039;s Green, White and Red\",\"publisher\":{\"@id\":\"https:\/\/www.mugavero.it\/tr\/#organization\"},\"potentialAction\":[{\"@type\":\"SearchAction\",\"target\":{\"@type\":\"EntryPoint\",\"urlTemplate\":\"https:\/\/www.mugavero.it\/tr\/?s={search_term_string}\"},\"query-input\":{\"@type\":\"PropertyValueSpecification\",\"valueRequired\":true,\"valueName\":\"search_term_string\"}}],\"inLanguage\":\"tr\"},{\"@type\":\"Organization\",\"@id\":\"https:\/\/www.mugavero.it\/tr\/#organization\",\"name\":\"Mugavero Fertilizzanti\",\"url\":\"https:\/\/www.mugavero.it\/tr\/\",\"logo\":{\"@type\":\"ImageObject\",\"inLanguage\":\"tr\",\"@id\":\"https:\/\/www.mugavero.it\/tr\/#\/schema\/logo\/image\/\",\"url\":\"https:\/\/www.mugavero.it\/wp-content\/uploads\/2019\/03\/MUGAVERO-LOGO-ita.png\",\"contentUrl\":\"https:\/\/www.mugavero.it\/wp-content\/uploads\/2019\/03\/MUGAVERO-LOGO-ita.png\",\"width\":1000,\"height\":656,\"caption\":\"Mugavero Fertilizzanti\"},\"image\":{\"@id\":\"https:\/\/www.mugavero.it\/tr\/#\/schema\/logo\/image\/\"},\"sameAs\":[\"https:\/\/www.facebook.com\/mugaverofertilizers\/\",\"https:\/\/www.instagram.com\/mugaverofertilizers\/\",\"https:\/\/www.linkedin.com\/company\/mugavero-fertilizers-official\/\",\"https:\/\/www.youtube.com\/channel\/UCcVmJoiUaqBv_pMIGSe6E2A\"]}]}<\/script>\n<!-- \/ Yoast SEO plugin. -->","yoast_head_json":{"title":"MUGASOL 13.40.13 | Mugavero","robots":{"index":"index","follow":"follow","max-snippet":"max-snippet:-1","max-image-preview":"max-image-preview:large","max-video-preview":"max-video-preview:-1"},"canonical":"https:\/\/www.mugavero.it\/tr\/g\u00fcbre\/mugasol-13-40-13\/","og_locale":"tr_TR","og_type":"article","og_title":"MUGASOL 13.40.13 | Mugavero","og_description":"Mugasol serisi, toplam ve an\u0131nda \u00e7\u00f6z\u00fcn\u00fcrl\u00fck ile karakterize edilen, klor\u00fcr i\u00e7ermeyen, suda \u00e7\u00f6z\u00fcn\u00fcr kompleks g\u00fcbreler i\u00e7erir. Mugasoller, asma, so\u011fan ve t\u00fct\u00fcn gibi klora veya tuzlulu\u011fa duyarl\u0131 mahsullerin g\u00fcbrelenmesinde kullan\u0131m i\u00e7in idealdir.  25 kg   Fertigasyon uygulamas\u0131  &nbsp;","og_url":"https:\/\/www.mugavero.it\/tr\/g\u00fcbre\/mugasol-13-40-13\/","og_site_name":"Mugavero","article_publisher":"https:\/\/www.facebook.com\/mugaverofertilizers\/","article_modified_time":"2023-11-16T12:19:12+00:00","og_image":[{"width":1378,"height":1733,"url":"https:\/\/www.mugavero.it\/wp-content\/uploads\/2019\/01\/mugasol-foglia.png","type":"image\/png"}],"twitter_card":"summary_large_image","twitter_misc":{"Tahmini okuma s\u00fcresi":"1 dakika"},"schema":{"@context":"https:\/\/schema.org","@graph":[{"@type":"WebPage","@id":"https:\/\/www.mugavero.it\/tr\/g\u00fcbre\/mugasol-13-40-13\/","url":"https:\/\/www.mugavero.it\/tr\/g\u00fcbre\/mugasol-13-40-13\/","name":"MUGASOL 13.40.13 | Mugavero","isPartOf":{"@id":"https:\/\/www.mugavero.it\/tr\/#website"},"primaryImageOfPage":{"@id":"https:\/\/www.mugavero.it\/tr\/g\u00fcbre\/mugasol-13-40-13\/#primaryimage"},"image":{"@id":"https:\/\/www.mugavero.it\/tr\/g\u00fcbre\/mugasol-13-40-13\/#primaryimage"},"thumbnailUrl":"https:\/\/www.mugavero.it\/wp-content\/uploads\/2019\/01\/mugasol-foglia.png","datePublished":"2019-03-07T12:17:55+00:00","dateModified":"2023-11-16T12:19:12+00:00","breadcrumb":{"@id":"https:\/\/www.mugavero.it\/tr\/g\u00fcbre\/mugasol-13-40-13\/#breadcrumb"},"inLanguage":"tr","potentialAction":[{"@type":"ReadAction","target":["https:\/\/www.mugavero.it\/tr\/g\u00fcbre\/mugasol-13-40-13\/"]}]},{"@type":"ImageObject","inLanguage":"tr","@id":"https:\/\/www.mugavero.it\/tr\/g\u00fcbre\/mugasol-13-40-13\/#primaryimage","url":"https:\/\/www.mugavero.it\/wp-content\/uploads\/2019\/01\/mugasol-foglia.png","contentUrl":"https:\/\/www.mugavero.it\/wp-content\/uploads\/2019\/01\/mugasol-foglia.png","width":1378,"height":1733},{"@type":"BreadcrumbList","@id":"https:\/\/www.mugavero.it\/tr\/g\u00fcbre\/mugasol-13-40-13\/#breadcrumb","itemListElement":[{"@type":"ListItem","position":1,"name":"Home","item":"https:\/\/www.mugavero.it\/tr\/"},{"@type":"ListItem","position":2,"name":"Catalogo","item":"https:\/\/www.mugavero.it\/tr\/katalog\/"},{"@type":"ListItem","position":3,"name":"MUGASOL 13.40.13"}]},{"@type":"WebSite","@id":"https:\/\/www.mugavero.it\/tr\/#website","url":"https:\/\/www.mugavero.it\/tr\/","name":"Mugavero Fertilizers","description":"It&#039;s Green, White and Red","publisher":{"@id":"https:\/\/www.mugavero.it\/tr\/#organization"},"potentialAction":[{"@type":"SearchAction","target":{"@type":"EntryPoint","urlTemplate":"https:\/\/www.mugavero.it\/tr\/?s={search_term_string}"},"query-input":{"@type":"PropertyValueSpecification","valueRequired":true,"valueName":"search_term_string"}}],"inLanguage":"tr"},{"@type":"Organization","@id":"https:\/\/www.mugavero.it\/tr\/#organization","name":"Mugavero Fertilizzanti","url":"https:\/\/www.mugavero.it\/tr\/","logo":{"@type":"ImageObject","inLanguage":"tr","@id":"https:\/\/www.mugavero.it\/tr\/#\/schema\/logo\/image\/","url":"https:\/\/www.mugavero.it\/wp-content\/uploads\/2019\/03\/MUGAVERO-LOGO-ita.png","contentUrl":"https:\/\/www.mugavero.it\/wp-content\/uploads\/2019\/03\/MUGAVERO-LOGO-ita.png","width":1000,"height":656,"caption":"Mugavero Fertilizzanti"},"image":{"@id":"https:\/\/www.mugavero.it\/tr\/#\/schema\/logo\/image\/"},"sameAs":["https:\/\/www.facebook.com\/mugaverofertilizers\/","https:\/\/www.instagram.com\/mugaverofertilizers\/","https:\/\/www.linkedin.com\/company\/mugavero-fertilizers-official\/","https:\/\/www.youtube.com\/channel\/UCcVmJoiUaqBv_pMIGSe6E2A"]}]}},"_links":{"self":[{"href":"https:\/\/www.mugavero.it\/tr\/wp-json\/wp\/v2\/product\/2896"}],"collection":[{"href":"https:\/\/www.mugavero.it\/tr\/wp-json\/wp\/v2\/product"}],"about":[{"href":"https:\/\/www.mugavero.it\/tr\/wp-json\/wp\/v2\/types\/product"}],"wp:featuredmedia":[{"embeddable":true,"href":"https:\/\/www.mugavero.it\/tr\/wp-json\/wp\/v2\/media\/11855"}],"wp:attachment":[{"href":"https:\/\/www.mugavero.it\/tr\/wp-json\/wp\/v2\/media?parent=2896"}],"curies":[{"name":"wp","href":"https:\/\/api.w.org\/{rel}","templated":true}]}}