{"id":2881,"date":"2019-01-16T16:39:46","date_gmt":"2019-03-07T10:13:27","guid":{"rendered":"https:\/\/www.mugavero.it\/?post_type=product&#038;p=2881"},"modified":"2024-10-21T15:22:00","modified_gmt":"2024-10-21T13:22:00","slug":"complesal-bio","status":"publish","type":"product","link":"https:\/\/www.mugavero.it\/tr\/g\u00fcbre\/complesal-bio\/","title":{"rendered":"Complesal Bio"},"content":{"rendered":"<p>COMPLESAL BIO Nitrojen (N), Fosfor (P) ve Potasyum\u00a0(K) i\u00e7eren organo-mineral g\u00fcbredir.\u00a0Azot tamamen organik maddeden, etten elde edilir.<\/p>\n<p>Bu, mikroorganizmalar taraf\u0131ndan toprakta ammonyum\u00a0ve nitrik azota s\u0131z\u0131nt\u0131 yapmadan s\u00fczerek yava\u015f bir<br \/>\nd\u00f6n\u00fc\u015f\u00fcm sa\u011flar.\u00a0Fosfor kemikten elde edilir ve organik yap\u0131s\u0131 uzun s\u00fcreli\u00a0eri\u015fim sa\u011flar.\u00a0Potasyum s\u00fclfattan elde edilen y\u00fcksek oranl\u0131 potasyum,\u00a0\u015feker birikimini ve meyve renkelenmesini art\u0131r\u0131r.\u00a0Bu da kaliteyi art\u0131rmaktad\u0131r.<br \/>\nK\u00fck\u00fcrt\u00fcn (S) asitleyici etkisi normalde toprak koloidleri\u00a0taraf\u0131ndan tutulan baz\u0131 besinlerin bitki i\u00e7in serbestle\u015fmesini<br \/>\nsa\u011flar.\u00a0COMPLESAL BIO&#8217;da bulunan organik karbon (C) topra\u011f\u0131n\u00a0yap\u0131s\u0131n\u0131 iyile\u015ftirerek ve mikroflora ve mikrofauna<br \/>\netkinliklerini destekleyerek topra\u011f\u0131n verimlili\u011fini art\u0131r\u0131r.<\/p>\n<p>Son olarak, tozsuz ve d\u00fc\u015f\u00fck nemli homojen form\u00fclasyon,\u00a0zaman ge\u00e7se bile dengeyi ve y\u00fcksek \u00fcr\u00fcn kalitesini<br \/>\ngaranti eder.<\/p>\n","protected":false},"excerpt":{"rendered":"<div class=\"page\" title=\"Page 80\">\n<div class=\"section\">\n<div class=\"layoutArea\">\n<div class=\"column\"><strong><span class=\"Y2IQFc\" lang=\"tr\">Complesal Bio, azot, fosfor ve potasyum i\u00e7eren ve kalsiyum a\u00e7\u0131s\u0131ndan zengin, organik tar\u0131mda yetkilendirilmi\u015f organik mineral g\u00fcbredir.<\/span><\/strong><\/div>\n<\/div>\n<\/div>\n<\/div>\n<p><img decoding=\"async\" class=\"wp-image-7308 alignnone\" src=\"https:\/\/www.mugavero.it\/wp-content\/uploads\/2019\/01\/SACCHETTO-1.png\" alt=\"\" width=\"42\" height=\"42\" srcset=\"https:\/\/www.mugavero.it\/wp-content\/uploads\/2019\/01\/SACCHETTO-1.png 418w, https:\/\/www.mugavero.it\/wp-content\/uploads\/2019\/01\/SACCHETTO-1-300x300.png 300w, https:\/\/www.mugavero.it\/wp-content\/uploads\/2019\/01\/SACCHETTO-1-150x150.png 150w, https:\/\/www.mugavero.it\/wp-content\/uploads\/2019\/01\/SACCHETTO-1-187x187.png 187w, https:\/\/www.mugavero.it\/wp-content\/uploads\/2019\/01\/SACCHETTO-1-100x100.png 100w\" sizes=\"(max-width: 42px) 100vw, 42px\" \/>25 kg<\/p>\n<p><img decoding=\"async\" class=\"alignnone wp-image-7301\" src=\"https:\/\/www.mugavero.it\/wp-content\/uploads\/2019\/01\/MECCANICA.png\" alt=\"\" width=\"41\" height=\"41\" srcset=\"https:\/\/www.mugavero.it\/wp-content\/uploads\/2019\/01\/MECCANICA.png 418w, https:\/\/www.mugavero.it\/wp-content\/uploads\/2019\/01\/MECCANICA-300x300.png 300w, https:\/\/www.mugavero.it\/wp-content\/uploads\/2019\/01\/MECCANICA-150x150.png 150w, https:\/\/www.mugavero.it\/wp-content\/uploads\/2019\/01\/MECCANICA-187x187.png 187w, https:\/\/www.mugavero.it\/wp-content\/uploads\/2019\/01\/MECCANICA-100x100.png 100w\" sizes=\"(max-width: 41px) 100vw, 41px\" \/>Mekanik Uygulama<\/p>\n<p><img decoding=\"async\" class=\"alignnone wp-image-7090\" src=\"https:\/\/www.mugavero.it\/wp-content\/uploads\/2019\/01\/CONSENTITO-IN-BIO.png\" alt=\"\" width=\"42\" height=\"42\" srcset=\"https:\/\/www.mugavero.it\/wp-content\/uploads\/2019\/01\/CONSENTITO-IN-BIO.png 238w, https:\/\/www.mugavero.it\/wp-content\/uploads\/2019\/01\/CONSENTITO-IN-BIO-150x150.png 150w, https:\/\/www.mugavero.it\/wp-content\/uploads\/2019\/01\/CONSENTITO-IN-BIO-186x187.png 186w, https:\/\/www.mugavero.it\/wp-content\/uploads\/2019\/01\/CONSENTITO-IN-BIO-100x100.png 100w\" sizes=\"(max-width: 42px) 100vw, 42px\" \/> <span style=\"font-weight: 400;\">Biyolojik tar\u0131m onayl\u0131<\/span><\/p>\n<p>&nbsp;<\/p>\n<p>&nbsp;<\/p>\n","protected":false},"featured_media":2039,"template":"","meta":{"_exactmetrics_skip_tracking":false,"_exactmetrics_sitenote_active":false,"_exactmetrics_sitenote_note":"","_exactmetrics_sitenote_category":0},"yoast_head":"<!-- This site is optimized with the Yoast SEO plugin v23.4 - https:\/\/yoast.com\/wordpress\/plugins\/seo\/ -->\n<title>Complesal Bio | Mugavero<\/title>\n<meta name=\"description\" content=\"COMPLESAL BIO Nitrojen (N), Fosfor (P) ve Potasyum\u00a0(K) i\u00e7eren organo-mineral g\u00fcbredir.\u00a0Azot tamamen organik maddeden, etten elde edilir.\" \/>\n<meta name=\"robots\" content=\"index, follow, max-snippet:-1, max-image-preview:large, max-video-preview:-1\" \/>\n<link rel=\"canonical\" href=\"https:\/\/www.mugavero.it\/tr\/g\u00fcbre\/complesal-bio\/\" \/>\n<meta property=\"og:locale\" content=\"tr_TR\" \/>\n<meta property=\"og:type\" content=\"article\" \/>\n<meta property=\"og:title\" content=\"Complesal Bio | Mugavero\" \/>\n<meta property=\"og:description\" content=\"COMPLESAL BIO Nitrojen (N), Fosfor (P) ve Potasyum\u00a0(K) i\u00e7eren organo-mineral g\u00fcbredir.\u00a0Azot tamamen organik maddeden, etten elde edilir.\" \/>\n<meta property=\"og:url\" content=\"https:\/\/www.mugavero.it\/tr\/g\u00fcbre\/complesal-bio\/\" \/>\n<meta property=\"og:site_name\" content=\"Mugavero\" \/>\n<meta property=\"article:publisher\" content=\"https:\/\/www.facebook.com\/mugaverofertilizers\/\" \/>\n<meta property=\"article:modified_time\" content=\"2024-10-21T13:22:00+00:00\" \/>\n<meta property=\"og:image\" content=\"https:\/\/www.mugavero.it\/wp-content\/uploads\/2019\/01\/07.complesal_bio-1024x1024.png\" \/>\n\t<meta property=\"og:image:width\" content=\"1024\" \/>\n\t<meta property=\"og:image:height\" content=\"1024\" \/>\n\t<meta property=\"og:image:type\" content=\"image\/png\" \/>\n<meta name=\"twitter:card\" content=\"summary_large_image\" \/>\n<meta name=\"twitter:label1\" content=\"Tahmini okuma s\u00fcresi\" \/>\n\t<meta name=\"twitter:data1\" content=\"1 dakika\" \/>\n<script type=\"application\/ld+json\" class=\"yoast-schema-graph\">{\"@context\":\"https:\/\/schema.org\",\"@graph\":[{\"@type\":\"WebPage\",\"@id\":\"https:\/\/www.mugavero.it\/tr\/g\u00fcbre\/complesal-bio\/\",\"url\":\"https:\/\/www.mugavero.it\/tr\/g\u00fcbre\/complesal-bio\/\",\"name\":\"Complesal Bio | Mugavero\",\"isPartOf\":{\"@id\":\"https:\/\/www.mugavero.it\/tr\/#website\"},\"primaryImageOfPage\":{\"@id\":\"https:\/\/www.mugavero.it\/tr\/g\u00fcbre\/complesal-bio\/#primaryimage\"},\"image\":{\"@id\":\"https:\/\/www.mugavero.it\/tr\/g\u00fcbre\/complesal-bio\/#primaryimage\"},\"thumbnailUrl\":\"https:\/\/www.mugavero.it\/wp-content\/uploads\/2019\/01\/07.complesal_bio-1024x1024.png\",\"datePublished\":\"2019-03-07T10:13:27+00:00\",\"dateModified\":\"2024-10-21T13:22:00+00:00\",\"description\":\"COMPLESAL BIO Nitrojen (N), Fosfor (P) ve Potasyum\u00a0(K) i\u00e7eren organo-mineral g\u00fcbredir.\u00a0Azot tamamen organik maddeden, etten elde edilir.\",\"breadcrumb\":{\"@id\":\"https:\/\/www.mugavero.it\/tr\/g\u00fcbre\/complesal-bio\/#breadcrumb\"},\"inLanguage\":\"tr\",\"potentialAction\":[{\"@type\":\"ReadAction\",\"target\":[\"https:\/\/www.mugavero.it\/tr\/g\u00fcbre\/complesal-bio\/\"]}]},{\"@type\":\"ImageObject\",\"inLanguage\":\"tr\",\"@id\":\"https:\/\/www.mugavero.it\/tr\/g\u00fcbre\/complesal-bio\/#primaryimage\",\"url\":\"https:\/\/www.mugavero.it\/wp-content\/uploads\/2019\/01\/07.complesal_bio-1024x1024.png\",\"contentUrl\":\"https:\/\/www.mugavero.it\/wp-content\/uploads\/2019\/01\/07.complesal_bio-1024x1024.png\",\"width\":1024,\"height\":1024},{\"@type\":\"BreadcrumbList\",\"@id\":\"https:\/\/www.mugavero.it\/tr\/g\u00fcbre\/complesal-bio\/#breadcrumb\",\"itemListElement\":[{\"@type\":\"ListItem\",\"position\":1,\"name\":\"Home\",\"item\":\"https:\/\/www.mugavero.it\/tr\/\"},{\"@type\":\"ListItem\",\"position\":2,\"name\":\"Catalogo\",\"item\":\"https:\/\/www.mugavero.it\/tr\/katalog\/\"},{\"@type\":\"ListItem\",\"position\":3,\"name\":\"Complesal Bio\"}]},{\"@type\":\"WebSite\",\"@id\":\"https:\/\/www.mugavero.it\/tr\/#website\",\"url\":\"https:\/\/www.mugavero.it\/tr\/\",\"name\":\"Mugavero Fertilizers\",\"description\":\"It&#039;s Green, White and Red\",\"publisher\":{\"@id\":\"https:\/\/www.mugavero.it\/tr\/#organization\"},\"potentialAction\":[{\"@type\":\"SearchAction\",\"target\":{\"@type\":\"EntryPoint\",\"urlTemplate\":\"https:\/\/www.mugavero.it\/tr\/?s={search_term_string}\"},\"query-input\":{\"@type\":\"PropertyValueSpecification\",\"valueRequired\":true,\"valueName\":\"search_term_string\"}}],\"inLanguage\":\"tr\"},{\"@type\":\"Organization\",\"@id\":\"https:\/\/www.mugavero.it\/tr\/#organization\",\"name\":\"Mugavero Fertilizzanti\",\"url\":\"https:\/\/www.mugavero.it\/tr\/\",\"logo\":{\"@type\":\"ImageObject\",\"inLanguage\":\"tr\",\"@id\":\"https:\/\/www.mugavero.it\/tr\/#\/schema\/logo\/image\/\",\"url\":\"https:\/\/www.mugavero.it\/wp-content\/uploads\/2019\/03\/MUGAVERO-LOGO-ita.png\",\"contentUrl\":\"https:\/\/www.mugavero.it\/wp-content\/uploads\/2019\/03\/MUGAVERO-LOGO-ita.png\",\"width\":1000,\"height\":656,\"caption\":\"Mugavero Fertilizzanti\"},\"image\":{\"@id\":\"https:\/\/www.mugavero.it\/tr\/#\/schema\/logo\/image\/\"},\"sameAs\":[\"https:\/\/www.facebook.com\/mugaverofertilizers\/\",\"https:\/\/www.instagram.com\/mugaverofertilizers\/\",\"https:\/\/www.linkedin.com\/company\/mugavero-fertilizers-official\/\",\"https:\/\/www.youtube.com\/channel\/UCcVmJoiUaqBv_pMIGSe6E2A\"]}]}<\/script>\n<!-- \/ Yoast SEO plugin. -->","yoast_head_json":{"title":"Complesal Bio | Mugavero","description":"COMPLESAL BIO Nitrojen (N), Fosfor (P) ve Potasyum\u00a0(K) i\u00e7eren organo-mineral g\u00fcbredir.\u00a0Azot tamamen organik maddeden, etten elde edilir.","robots":{"index":"index","follow":"follow","max-snippet":"max-snippet:-1","max-image-preview":"max-image-preview:large","max-video-preview":"max-video-preview:-1"},"canonical":"https:\/\/www.mugavero.it\/tr\/g\u00fcbre\/complesal-bio\/","og_locale":"tr_TR","og_type":"article","og_title":"Complesal Bio | Mugavero","og_description":"COMPLESAL BIO Nitrojen (N), Fosfor (P) ve Potasyum\u00a0(K) i\u00e7eren organo-mineral g\u00fcbredir.\u00a0Azot tamamen organik maddeden, etten elde edilir.","og_url":"https:\/\/www.mugavero.it\/tr\/g\u00fcbre\/complesal-bio\/","og_site_name":"Mugavero","article_publisher":"https:\/\/www.facebook.com\/mugaverofertilizers\/","article_modified_time":"2024-10-21T13:22:00+00:00","og_image":[{"width":1024,"height":1024,"url":"https:\/\/www.mugavero.it\/wp-content\/uploads\/2019\/01\/07.complesal_bio-1024x1024.png","type":"image\/png"}],"twitter_card":"summary_large_image","twitter_misc":{"Tahmini okuma s\u00fcresi":"1 dakika"},"schema":{"@context":"https:\/\/schema.org","@graph":[{"@type":"WebPage","@id":"https:\/\/www.mugavero.it\/tr\/g\u00fcbre\/complesal-bio\/","url":"https:\/\/www.mugavero.it\/tr\/g\u00fcbre\/complesal-bio\/","name":"Complesal Bio | Mugavero","isPartOf":{"@id":"https:\/\/www.mugavero.it\/tr\/#website"},"primaryImageOfPage":{"@id":"https:\/\/www.mugavero.it\/tr\/g\u00fcbre\/complesal-bio\/#primaryimage"},"image":{"@id":"https:\/\/www.mugavero.it\/tr\/g\u00fcbre\/complesal-bio\/#primaryimage"},"thumbnailUrl":"https:\/\/www.mugavero.it\/wp-content\/uploads\/2019\/01\/07.complesal_bio-1024x1024.png","datePublished":"2019-03-07T10:13:27+00:00","dateModified":"2024-10-21T13:22:00+00:00","description":"COMPLESAL BIO Nitrojen (N), Fosfor (P) ve Potasyum\u00a0(K) i\u00e7eren organo-mineral g\u00fcbredir.\u00a0Azot tamamen organik maddeden, etten elde edilir.","breadcrumb":{"@id":"https:\/\/www.mugavero.it\/tr\/g\u00fcbre\/complesal-bio\/#breadcrumb"},"inLanguage":"tr","potentialAction":[{"@type":"ReadAction","target":["https:\/\/www.mugavero.it\/tr\/g\u00fcbre\/complesal-bio\/"]}]},{"@type":"ImageObject","inLanguage":"tr","@id":"https:\/\/www.mugavero.it\/tr\/g\u00fcbre\/complesal-bio\/#primaryimage","url":"https:\/\/www.mugavero.it\/wp-content\/uploads\/2019\/01\/07.complesal_bio-1024x1024.png","contentUrl":"https:\/\/www.mugavero.it\/wp-content\/uploads\/2019\/01\/07.complesal_bio-1024x1024.png","width":1024,"height":1024},{"@type":"BreadcrumbList","@id":"https:\/\/www.mugavero.it\/tr\/g\u00fcbre\/complesal-bio\/#breadcrumb","itemListElement":[{"@type":"ListItem","position":1,"name":"Home","item":"https:\/\/www.mugavero.it\/tr\/"},{"@type":"ListItem","position":2,"name":"Catalogo","item":"https:\/\/www.mugavero.it\/tr\/katalog\/"},{"@type":"ListItem","position":3,"name":"Complesal Bio"}]},{"@type":"WebSite","@id":"https:\/\/www.mugavero.it\/tr\/#website","url":"https:\/\/www.mugavero.it\/tr\/","name":"Mugavero Fertilizers","description":"It&#039;s Green, White and Red","publisher":{"@id":"https:\/\/www.mugavero.it\/tr\/#organization"},"potentialAction":[{"@type":"SearchAction","target":{"@type":"EntryPoint","urlTemplate":"https:\/\/www.mugavero.it\/tr\/?s={search_term_string}"},"query-input":{"@type":"PropertyValueSpecification","valueRequired":true,"valueName":"search_term_string"}}],"inLanguage":"tr"},{"@type":"Organization","@id":"https:\/\/www.mugavero.it\/tr\/#organization","name":"Mugavero Fertilizzanti","url":"https:\/\/www.mugavero.it\/tr\/","logo":{"@type":"ImageObject","inLanguage":"tr","@id":"https:\/\/www.mugavero.it\/tr\/#\/schema\/logo\/image\/","url":"https:\/\/www.mugavero.it\/wp-content\/uploads\/2019\/03\/MUGAVERO-LOGO-ita.png","contentUrl":"https:\/\/www.mugavero.it\/wp-content\/uploads\/2019\/03\/MUGAVERO-LOGO-ita.png","width":1000,"height":656,"caption":"Mugavero Fertilizzanti"},"image":{"@id":"https:\/\/www.mugavero.it\/tr\/#\/schema\/logo\/image\/"},"sameAs":["https:\/\/www.facebook.com\/mugaverofertilizers\/","https:\/\/www.instagram.com\/mugaverofertilizers\/","https:\/\/www.linkedin.com\/company\/mugavero-fertilizers-official\/","https:\/\/www.youtube.com\/channel\/UCcVmJoiUaqBv_pMIGSe6E2A"]}]}},"_links":{"self":[{"href":"https:\/\/www.mugavero.it\/tr\/wp-json\/wp\/v2\/product\/2881"}],"collection":[{"href":"https:\/\/www.mugavero.it\/tr\/wp-json\/wp\/v2\/product"}],"about":[{"href":"https:\/\/www.mugavero.it\/tr\/wp-json\/wp\/v2\/types\/product"}],"wp:featuredmedia":[{"embeddable":true,"href":"https:\/\/www.mugavero.it\/tr\/wp-json\/wp\/v2\/media\/2039"}],"wp:attachment":[{"href":"https:\/\/www.mugavero.it\/tr\/wp-json\/wp\/v2\/media?parent=2881"}],"curies":[{"name":"wp","href":"https:\/\/api.w.org\/{rel}","templated":true}]}}