{"id":2879,"date":"2019-01-16T16:35:35","date_gmt":"2019-03-07T10:09:10","guid":{"rendered":"https:\/\/www.mugavero.it\/?post_type=product&#038;p=2879"},"modified":"2019-03-07T11:19:19","modified_gmt":"2019-03-07T10:19:19","slug":"mido-18-18-6","status":"publish","type":"product","link":"https:\/\/www.mugavero.it\/tr\/g\u00fcbre\/mido-18-18-6\/","title":{"rendered":"MIDO 18.18.6"},"content":{"rendered":"<p>MIDO \u00fcr\u00fcnleri gran\u00fcl kompleks taban ve \u00fcst NPK g\u00fcbreleri\u00a0i\u00e7ermektedir. Form\u00fclasyonlar\u0131n \u00f6zelli\u011fi i\u00e7erdi\u011fi<br \/>\nsaf ve sub-asit tepkime ile y\u00fcksek \u00e7\u00f6z\u00fcnebilirlikte ham\u00a0madde ve y\u00fcksek i\u00e7erikli mikro element ve potasyum<br \/>\ns\u00fclfatt\u0131r.<\/p>\n<p>MIDO \u00fcr\u00fcnleri verimli hasat i\u00e7in gerekli b\u00fct\u00fcn besin\u00a0ihtiya\u00e7lar\u0131n\u0131 temin etmek \u00fczere tasarlanm\u0131\u015ft\u0131r. Bu da<br \/>\nkaliteli \u00fcretim ve y\u00fcksek verim sa\u011flamak i\u00e7in dengeli\u00a0miktarda Azot, Fosfor, Potasyum ve mikro element<br \/>\ndemektir.<\/p>\n<p>\u00dc\u00e7 farkl\u0131 dozda geleneksel g\u00fcbrenin yerine \u00fc\u00e7 ana elementi\u00a0i\u00e7eren MIDO g\u00fcbrelerini kullanarak sadece tek<br \/>\nbir g\u00fcbreleme yapman\u0131z m\u00fcmk\u00fcnd\u00fcr. Bu \u00e7ift\u00e7i i\u00e7in\u00a0\u00f6nemli bir ekonomik avantaj sa\u011flar. MIDO \u00fcz\u00fcm ba\u011flar\u0131, meyve bah\u00e7eleri, bah\u00e7ecilik, fidanl\u0131k\u00a0ve end\u00fcstriyel \u00fcr\u00fcnler i\u00e7in tasarlanm\u0131\u015ft\u0131r.<\/p>\n","protected":false},"excerpt":{"rendered":"<p>NPK 18-18-6 + 3 MgO<\/p>\n<p><img decoding=\"async\" class=\"alignnone wp-image-1983\" src=\"https:\/\/www.mugavero.it\/wp-content\/uploads\/2017\/01\/rafia.png\" alt=\"\" width=\"30\" height=\"30\" srcset=\"https:\/\/www.mugavero.it\/wp-content\/uploads\/2017\/01\/rafia.png 120w, https:\/\/www.mugavero.it\/wp-content\/uploads\/2017\/01\/rafia-100x100.png 100w\" sizes=\"(max-width: 30px) 100vw, 30px\" \/>Polietilen torbalarda<\/p>\n<p><img decoding=\"async\" class=\"alignnone wp-image-1981\" src=\"https:\/\/www.mugavero.it\/wp-content\/uploads\/2017\/01\/peso.png\" alt=\"\" width=\"30\" height=\"30\" srcset=\"https:\/\/www.mugavero.it\/wp-content\/uploads\/2017\/01\/peso.png 120w, https:\/\/www.mugavero.it\/wp-content\/uploads\/2017\/01\/peso-100x100.png 100w\" sizes=\"(max-width: 30px) 100vw, 30px\" \/>25kg<\/p>\n<p><img decoding=\"async\" class=\"alignnone wp-image-1979\" src=\"https:\/\/www.mugavero.it\/wp-content\/uploads\/2017\/01\/GRANULAR.png\" alt=\"\" width=\"30\" height=\"30\" srcset=\"https:\/\/www.mugavero.it\/wp-content\/uploads\/2017\/01\/GRANULAR.png 120w, https:\/\/www.mugavero.it\/wp-content\/uploads\/2017\/01\/GRANULAR-100x100.png 100w\" sizes=\"(max-width: 30px) 100vw, 30px\" \/>Gran\u00fcl<\/p>\n<p><img decoding=\"async\" class=\"alignnone wp-image-2371\" src=\"https:\/\/www.mugavero.it\/wp-content\/uploads\/2019\/02\/form.png\" alt=\"\" width=\"30\" height=\"31\" srcset=\"https:\/\/www.mugavero.it\/wp-content\/uploads\/2019\/02\/form.png 121w, https:\/\/www.mugavero.it\/wp-content\/uploads\/2019\/02\/form-100x100.png 100w\" sizes=\"(max-width: 30px) 100vw, 30px\" \/>\u0130\u00c7ERIK ISTE\u011eE G\u00d6RE HAZIRLANABILIR<\/p>\n<p>&nbsp;<\/p>\n","protected":false},"featured_media":2517,"template":"","meta":{"_exactmetrics_skip_tracking":false,"_exactmetrics_sitenote_active":false,"_exactmetrics_sitenote_note":"","_exactmetrics_sitenote_category":0},"yoast_head":"<!-- This site is optimized with the Yoast SEO plugin v23.4 - https:\/\/yoast.com\/wordpress\/plugins\/seo\/ -->\n<title>MIDO 18.18.6 | Mugavero<\/title>\n<meta name=\"robots\" content=\"index, follow, max-snippet:-1, max-image-preview:large, max-video-preview:-1\" \/>\n<link rel=\"canonical\" href=\"https:\/\/www.mugavero.it\/g\u00fcbre\/complesal\/\" \/>\n<meta property=\"og:locale\" content=\"tr_TR\" \/>\n<meta property=\"og:type\" content=\"article\" \/>\n<meta property=\"og:title\" content=\"MIDO 18.18.6 | Mugavero\" \/>\n<meta property=\"og:description\" content=\"NPK 18-18-6 + 3 MgO  Polietilen torbalarda  25kg  Gran\u00fcl  \u0130\u00c7ERIK ISTE\u011eE G\u00d6RE HAZIRLANABILIR  &nbsp;\" \/>\n<meta property=\"og:url\" content=\"https:\/\/www.mugavero.it\/g\u00fcbre\/complesal\/\" \/>\n<meta property=\"og:site_name\" content=\"Mugavero\" \/>\n<meta property=\"article:publisher\" content=\"https:\/\/www.facebook.com\/mugaverofertilizers\/\" \/>\n<meta property=\"article:modified_time\" content=\"2019-03-07T10:19:19+00:00\" \/>\n<meta property=\"og:image\" content=\"https:\/\/www.mugavero.it\/wp-content\/uploads\/2019\/02\/mido18186.jpg\" \/>\n\t<meta property=\"og:image:width\" content=\"1024\" \/>\n\t<meta property=\"og:image:height\" content=\"1024\" \/>\n\t<meta property=\"og:image:type\" content=\"image\/jpeg\" \/>\n<meta name=\"twitter:card\" content=\"summary_large_image\" \/>\n<meta name=\"twitter:label1\" content=\"Tahmini okuma s\u00fcresi\" \/>\n\t<meta name=\"twitter:data1\" content=\"1 dakika\" \/>\n<script type=\"application\/ld+json\" class=\"yoast-schema-graph\">{\"@context\":\"https:\/\/schema.org\",\"@graph\":[{\"@type\":\"WebPage\",\"@id\":\"https:\/\/www.mugavero.it\/g\u00fcbre\/complesal\/\",\"url\":\"https:\/\/www.mugavero.it\/g\u00fcbre\/complesal\/\",\"name\":\"MIDO 18.18.6 | Mugavero\",\"isPartOf\":{\"@id\":\"https:\/\/www.mugavero.it\/tr\/#website\"},\"primaryImageOfPage\":{\"@id\":\"https:\/\/www.mugavero.it\/g\u00fcbre\/complesal\/#primaryimage\"},\"image\":{\"@id\":\"https:\/\/www.mugavero.it\/g\u00fcbre\/complesal\/#primaryimage\"},\"thumbnailUrl\":\"https:\/\/www.mugavero.it\/wp-content\/uploads\/2019\/02\/mido18186.jpg\",\"datePublished\":\"2019-03-07T10:09:10+00:00\",\"dateModified\":\"2019-03-07T10:19:19+00:00\",\"breadcrumb\":{\"@id\":\"https:\/\/www.mugavero.it\/g\u00fcbre\/complesal\/#breadcrumb\"},\"inLanguage\":\"tr\",\"potentialAction\":[{\"@type\":\"ReadAction\",\"target\":[\"https:\/\/www.mugavero.it\/g\u00fcbre\/complesal\/\"]}]},{\"@type\":\"ImageObject\",\"inLanguage\":\"tr\",\"@id\":\"https:\/\/www.mugavero.it\/g\u00fcbre\/complesal\/#primaryimage\",\"url\":\"https:\/\/www.mugavero.it\/wp-content\/uploads\/2019\/02\/mido18186.jpg\",\"contentUrl\":\"https:\/\/www.mugavero.it\/wp-content\/uploads\/2019\/02\/mido18186.jpg\",\"width\":1024,\"height\":1024},{\"@type\":\"BreadcrumbList\",\"@id\":\"https:\/\/www.mugavero.it\/g\u00fcbre\/complesal\/#breadcrumb\",\"itemListElement\":[{\"@type\":\"ListItem\",\"position\":1,\"name\":\"Home\",\"item\":\"https:\/\/www.mugavero.it\/tr\/\"},{\"@type\":\"ListItem\",\"position\":2,\"name\":\"Catalogo\",\"item\":\"https:\/\/www.mugavero.it\/tr\/katalog\/\"},{\"@type\":\"ListItem\",\"position\":3,\"name\":\"MIDO 18.18.6\"}]},{\"@type\":\"WebSite\",\"@id\":\"https:\/\/www.mugavero.it\/tr\/#website\",\"url\":\"https:\/\/www.mugavero.it\/tr\/\",\"name\":\"Mugavero Fertilizers\",\"description\":\"It&#039;s Green, White and Red\",\"publisher\":{\"@id\":\"https:\/\/www.mugavero.it\/tr\/#organization\"},\"potentialAction\":[{\"@type\":\"SearchAction\",\"target\":{\"@type\":\"EntryPoint\",\"urlTemplate\":\"https:\/\/www.mugavero.it\/tr\/?s={search_term_string}\"},\"query-input\":{\"@type\":\"PropertyValueSpecification\",\"valueRequired\":true,\"valueName\":\"search_term_string\"}}],\"inLanguage\":\"tr\"},{\"@type\":\"Organization\",\"@id\":\"https:\/\/www.mugavero.it\/tr\/#organization\",\"name\":\"Mugavero Fertilizzanti\",\"url\":\"https:\/\/www.mugavero.it\/tr\/\",\"logo\":{\"@type\":\"ImageObject\",\"inLanguage\":\"tr\",\"@id\":\"https:\/\/www.mugavero.it\/tr\/#\/schema\/logo\/image\/\",\"url\":\"https:\/\/www.mugavero.it\/wp-content\/uploads\/2019\/03\/MUGAVERO-LOGO-ita.png\",\"contentUrl\":\"https:\/\/www.mugavero.it\/wp-content\/uploads\/2019\/03\/MUGAVERO-LOGO-ita.png\",\"width\":1000,\"height\":656,\"caption\":\"Mugavero Fertilizzanti\"},\"image\":{\"@id\":\"https:\/\/www.mugavero.it\/tr\/#\/schema\/logo\/image\/\"},\"sameAs\":[\"https:\/\/www.facebook.com\/mugaverofertilizers\/\",\"https:\/\/www.instagram.com\/mugaverofertilizers\/\",\"https:\/\/www.linkedin.com\/company\/mugavero-fertilizers-official\/\",\"https:\/\/www.youtube.com\/channel\/UCcVmJoiUaqBv_pMIGSe6E2A\"]}]}<\/script>\n<!-- \/ Yoast SEO plugin. -->","yoast_head_json":{"title":"MIDO 18.18.6 | Mugavero","robots":{"index":"index","follow":"follow","max-snippet":"max-snippet:-1","max-image-preview":"max-image-preview:large","max-video-preview":"max-video-preview:-1"},"canonical":"https:\/\/www.mugavero.it\/g\u00fcbre\/complesal\/","og_locale":"tr_TR","og_type":"article","og_title":"MIDO 18.18.6 | Mugavero","og_description":"NPK 18-18-6 + 3 MgO  Polietilen torbalarda  25kg  Gran\u00fcl  \u0130\u00c7ERIK ISTE\u011eE G\u00d6RE HAZIRLANABILIR  &nbsp;","og_url":"https:\/\/www.mugavero.it\/g\u00fcbre\/complesal\/","og_site_name":"Mugavero","article_publisher":"https:\/\/www.facebook.com\/mugaverofertilizers\/","article_modified_time":"2019-03-07T10:19:19+00:00","og_image":[{"width":1024,"height":1024,"url":"https:\/\/www.mugavero.it\/wp-content\/uploads\/2019\/02\/mido18186.jpg","type":"image\/jpeg"}],"twitter_card":"summary_large_image","twitter_misc":{"Tahmini okuma s\u00fcresi":"1 dakika"},"schema":{"@context":"https:\/\/schema.org","@graph":[{"@type":"WebPage","@id":"https:\/\/www.mugavero.it\/g\u00fcbre\/complesal\/","url":"https:\/\/www.mugavero.it\/g\u00fcbre\/complesal\/","name":"MIDO 18.18.6 | Mugavero","isPartOf":{"@id":"https:\/\/www.mugavero.it\/tr\/#website"},"primaryImageOfPage":{"@id":"https:\/\/www.mugavero.it\/g\u00fcbre\/complesal\/#primaryimage"},"image":{"@id":"https:\/\/www.mugavero.it\/g\u00fcbre\/complesal\/#primaryimage"},"thumbnailUrl":"https:\/\/www.mugavero.it\/wp-content\/uploads\/2019\/02\/mido18186.jpg","datePublished":"2019-03-07T10:09:10+00:00","dateModified":"2019-03-07T10:19:19+00:00","breadcrumb":{"@id":"https:\/\/www.mugavero.it\/g\u00fcbre\/complesal\/#breadcrumb"},"inLanguage":"tr","potentialAction":[{"@type":"ReadAction","target":["https:\/\/www.mugavero.it\/g\u00fcbre\/complesal\/"]}]},{"@type":"ImageObject","inLanguage":"tr","@id":"https:\/\/www.mugavero.it\/g\u00fcbre\/complesal\/#primaryimage","url":"https:\/\/www.mugavero.it\/wp-content\/uploads\/2019\/02\/mido18186.jpg","contentUrl":"https:\/\/www.mugavero.it\/wp-content\/uploads\/2019\/02\/mido18186.jpg","width":1024,"height":1024},{"@type":"BreadcrumbList","@id":"https:\/\/www.mugavero.it\/g\u00fcbre\/complesal\/#breadcrumb","itemListElement":[{"@type":"ListItem","position":1,"name":"Home","item":"https:\/\/www.mugavero.it\/tr\/"},{"@type":"ListItem","position":2,"name":"Catalogo","item":"https:\/\/www.mugavero.it\/tr\/katalog\/"},{"@type":"ListItem","position":3,"name":"MIDO 18.18.6"}]},{"@type":"WebSite","@id":"https:\/\/www.mugavero.it\/tr\/#website","url":"https:\/\/www.mugavero.it\/tr\/","name":"Mugavero Fertilizers","description":"It&#039;s Green, White and Red","publisher":{"@id":"https:\/\/www.mugavero.it\/tr\/#organization"},"potentialAction":[{"@type":"SearchAction","target":{"@type":"EntryPoint","urlTemplate":"https:\/\/www.mugavero.it\/tr\/?s={search_term_string}"},"query-input":{"@type":"PropertyValueSpecification","valueRequired":true,"valueName":"search_term_string"}}],"inLanguage":"tr"},{"@type":"Organization","@id":"https:\/\/www.mugavero.it\/tr\/#organization","name":"Mugavero Fertilizzanti","url":"https:\/\/www.mugavero.it\/tr\/","logo":{"@type":"ImageObject","inLanguage":"tr","@id":"https:\/\/www.mugavero.it\/tr\/#\/schema\/logo\/image\/","url":"https:\/\/www.mugavero.it\/wp-content\/uploads\/2019\/03\/MUGAVERO-LOGO-ita.png","contentUrl":"https:\/\/www.mugavero.it\/wp-content\/uploads\/2019\/03\/MUGAVERO-LOGO-ita.png","width":1000,"height":656,"caption":"Mugavero Fertilizzanti"},"image":{"@id":"https:\/\/www.mugavero.it\/tr\/#\/schema\/logo\/image\/"},"sameAs":["https:\/\/www.facebook.com\/mugaverofertilizers\/","https:\/\/www.instagram.com\/mugaverofertilizers\/","https:\/\/www.linkedin.com\/company\/mugavero-fertilizers-official\/","https:\/\/www.youtube.com\/channel\/UCcVmJoiUaqBv_pMIGSe6E2A"]}]}},"_links":{"self":[{"href":"https:\/\/www.mugavero.it\/tr\/wp-json\/wp\/v2\/product\/2879"}],"collection":[{"href":"https:\/\/www.mugavero.it\/tr\/wp-json\/wp\/v2\/product"}],"about":[{"href":"https:\/\/www.mugavero.it\/tr\/wp-json\/wp\/v2\/types\/product"}],"wp:featuredmedia":[{"embeddable":true,"href":"https:\/\/www.mugavero.it\/tr\/wp-json\/wp\/v2\/media\/2517"}],"wp:attachment":[{"href":"https:\/\/www.mugavero.it\/tr\/wp-json\/wp\/v2\/media?parent=2879"}],"curies":[{"name":"wp","href":"https:\/\/api.w.org\/{rel}","templated":true}]}}