{"id":2853,"date":"2019-01-16T13:54:08","date_gmt":"2019-03-04T14:15:40","guid":{"rendered":"https:\/\/www.mugavero.it\/?post_type=product&#038;p=2853"},"modified":"2023-11-16T17:00:17","modified_gmt":"2023-11-16T16:00:17","slug":"magicolor-13-16-8","status":"publish","type":"product","link":"https:\/\/www.mugavero.it\/tr\/g\u00fcbre\/magicolor-13-16-8\/","title":{"rendered":"Magicolor 13.16.8"},"content":{"rendered":"<p>MAGICOLOR sabitlenmi\u015f amonyum azot, y\u00fcksek \u00e7\u00f6z\u00fcnebilir\u00a0fosfor, potasyum s\u00fclfat ve magnezyum i\u00e7eren,<br \/>\nmineral NPK g\u00fcbredir.<\/p>\n<p><strong>Temel \u00f6zellikleri \u015funlard\u0131r:<\/strong><br \/>\n\u2022 Sabitlenmi\u015f azot<br \/>\n\u2022 Tamam\u0131yla k\u00fck\u00fcrtten t\u00fcremi\u015f potasyum<br \/>\n\u2022 Demir ve magnezyumla g\u00fc\u00e7lendirilmi\u015f<br \/>\n\u2022 Ek\u015fime etkili (asitlendirici)<br \/>\n\u2022 Y\u00fcksek oranda s\u00fclf\u00fcrik anhidrit<\/p>\n<p>Lokalize nitrik azot ve sabitlenmi\u015f amonyum kaynakl\u0131\u00a0azot, bitkilerin vejetatif d\u00f6ng\u00fc s\u00fcresinde daha uzun\u00a0s\u00fcre azot ihtiya\u00e7lar\u0131n\u0131n giderilmesine izin verir.<br \/>\n\u0130\u00e7eri\u011findeki potasyumsa sadece s\u00fclfattan t\u00fcrer ve MAGICOLOR\u2019un\u00a0klora duyarl\u0131 bitkilerde de kullan\u0131lmas\u0131na<br \/>\nizin verir. Y\u00fcksek orandaki demir ve magnezyumsa\u00a0yapraklar\u0131n daha yo\u011fun renklenmesine ve bitkide fark\u00a0edilebilir kalite art\u0131\u015f\u0131na sebep olur.<\/p>\n","protected":false},"excerpt":{"rendered":"<p>Magicolor, klora duyarl\u0131 mahsullerde de kullan\u0131labilen, y\u00fcksek \u00e7\u00f6z\u00fcn\u00fcrl\u00fc\u011fe sahip karma\u015f\u0131k gran\u00fcl g\u00fcbrelerdir; mahsule bitki \u00f6rt\u00fcs\u00fcn\u00fc ye\u015fillendiren ve \u00fcretim kalitesinde genel bir geli\u015fme sa\u011flayan mezo ve mikro besinler (demir, manganez ve \u00e7inko) i\u00e7erirler.<\/p>\n<p><img decoding=\"async\" class=\"alignnone wp-image-7308\" src=\"https:\/\/www.mugavero.it\/wp-content\/uploads\/2019\/01\/SACCHETTO-1.png\" alt=\"\" width=\"42\" height=\"41\" srcset=\"https:\/\/www.mugavero.it\/wp-content\/uploads\/2019\/01\/SACCHETTO-1.png 418w, https:\/\/www.mugavero.it\/wp-content\/uploads\/2019\/01\/SACCHETTO-1-300x300.png 300w, https:\/\/www.mugavero.it\/wp-content\/uploads\/2019\/01\/SACCHETTO-1-150x150.png 150w, https:\/\/www.mugavero.it\/wp-content\/uploads\/2019\/01\/SACCHETTO-1-187x187.png 187w, https:\/\/www.mugavero.it\/wp-content\/uploads\/2019\/01\/SACCHETTO-1-100x100.png 100w\" sizes=\"(max-width: 42px) 100vw, 42px\" \/>25 kg<br \/>\n<img decoding=\"async\" class=\"alignnone wp-image-7301\" src=\"https:\/\/www.mugavero.it\/wp-content\/uploads\/2019\/01\/MECCANICA.png\" alt=\"\" width=\"41\" height=\"42\" srcset=\"https:\/\/www.mugavero.it\/wp-content\/uploads\/2019\/01\/MECCANICA.png 418w, https:\/\/www.mugavero.it\/wp-content\/uploads\/2019\/01\/MECCANICA-300x300.png 300w, https:\/\/www.mugavero.it\/wp-content\/uploads\/2019\/01\/MECCANICA-150x150.png 150w, https:\/\/www.mugavero.it\/wp-content\/uploads\/2019\/01\/MECCANICA-187x187.png 187w, https:\/\/www.mugavero.it\/wp-content\/uploads\/2019\/01\/MECCANICA-100x100.png 100w\" sizes=\"(max-width: 41px) 100vw, 41px\" \/>Mekanik Uygulama<\/p>\n<p>&nbsp;<\/p>\n","protected":false},"featured_media":11899,"template":"","meta":{"_exactmetrics_skip_tracking":false,"_exactmetrics_sitenote_active":false,"_exactmetrics_sitenote_note":"","_exactmetrics_sitenote_category":0},"yoast_head":"<!-- This site is optimized with the Yoast SEO plugin v23.4 - https:\/\/yoast.com\/wordpress\/plugins\/seo\/ -->\n<title>Magicolor 13.16.8 | Mugavero<\/title>\n<meta name=\"description\" content=\"Magicolor, klora duyarl\u0131 mahsullerde de kullan\u0131labilen, y\u00fcksek \u00e7\u00f6z\u00fcn\u00fcrl\u00fc\u011fe sahip karma\u015f\u0131k gran\u00fcl g\u00fcbrelerdir;\" \/>\n<meta name=\"robots\" content=\"index, follow, max-snippet:-1, max-image-preview:large, max-video-preview:-1\" \/>\n<link rel=\"canonical\" href=\"https:\/\/www.mugavero.it\/g\u00fcbre\/magicolor-13-16-8\/\" \/>\n<meta property=\"og:locale\" content=\"tr_TR\" \/>\n<meta property=\"og:type\" content=\"article\" \/>\n<meta property=\"og:title\" content=\"Magicolor 13.16.8 | Mugavero\" \/>\n<meta property=\"og:description\" content=\"Magicolor, klora duyarl\u0131 mahsullerde de kullan\u0131labilen, y\u00fcksek \u00e7\u00f6z\u00fcn\u00fcrl\u00fc\u011fe sahip karma\u015f\u0131k gran\u00fcl g\u00fcbrelerdir;\" \/>\n<meta property=\"og:url\" content=\"https:\/\/www.mugavero.it\/g\u00fcbre\/magicolor-13-16-8\/\" \/>\n<meta property=\"og:site_name\" content=\"Mugavero\" \/>\n<meta property=\"article:publisher\" content=\"https:\/\/www.facebook.com\/mugaverofertilizers\/\" \/>\n<meta property=\"article:modified_time\" content=\"2023-11-16T16:00:17+00:00\" \/>\n<meta property=\"og:image\" content=\"https:\/\/www.mugavero.it\/wp-content\/uploads\/2023\/11\/magicolor.png\" \/>\n\t<meta property=\"og:image:width\" content=\"1378\" \/>\n\t<meta property=\"og:image:height\" content=\"1733\" \/>\n\t<meta property=\"og:image:type\" content=\"image\/png\" \/>\n<meta name=\"twitter:card\" content=\"summary_large_image\" \/>\n<meta name=\"twitter:label1\" content=\"Tahmini okuma s\u00fcresi\" \/>\n\t<meta name=\"twitter:data1\" content=\"1 dakika\" \/>\n<script type=\"application\/ld+json\" class=\"yoast-schema-graph\">{\"@context\":\"https:\/\/schema.org\",\"@graph\":[{\"@type\":\"WebPage\",\"@id\":\"https:\/\/www.mugavero.it\/g\u00fcbre\/magicolor-13-16-8\/\",\"url\":\"https:\/\/www.mugavero.it\/g\u00fcbre\/magicolor-13-16-8\/\",\"name\":\"Magicolor 13.16.8 | Mugavero\",\"isPartOf\":{\"@id\":\"https:\/\/www.mugavero.it\/tr\/#website\"},\"primaryImageOfPage\":{\"@id\":\"https:\/\/www.mugavero.it\/g\u00fcbre\/magicolor-13-16-8\/#primaryimage\"},\"image\":{\"@id\":\"https:\/\/www.mugavero.it\/g\u00fcbre\/magicolor-13-16-8\/#primaryimage\"},\"thumbnailUrl\":\"https:\/\/www.mugavero.it\/wp-content\/uploads\/2023\/11\/magicolor.png\",\"datePublished\":\"2019-03-04T14:15:40+00:00\",\"dateModified\":\"2023-11-16T16:00:17+00:00\",\"description\":\"Magicolor, klora duyarl\u0131 mahsullerde de kullan\u0131labilen, y\u00fcksek \u00e7\u00f6z\u00fcn\u00fcrl\u00fc\u011fe sahip karma\u015f\u0131k gran\u00fcl g\u00fcbrelerdir;\",\"breadcrumb\":{\"@id\":\"https:\/\/www.mugavero.it\/g\u00fcbre\/magicolor-13-16-8\/#breadcrumb\"},\"inLanguage\":\"tr\",\"potentialAction\":[{\"@type\":\"ReadAction\",\"target\":[\"https:\/\/www.mugavero.it\/g\u00fcbre\/magicolor-13-16-8\/\"]}]},{\"@type\":\"ImageObject\",\"inLanguage\":\"tr\",\"@id\":\"https:\/\/www.mugavero.it\/g\u00fcbre\/magicolor-13-16-8\/#primaryimage\",\"url\":\"https:\/\/www.mugavero.it\/wp-content\/uploads\/2023\/11\/magicolor.png\",\"contentUrl\":\"https:\/\/www.mugavero.it\/wp-content\/uploads\/2023\/11\/magicolor.png\",\"width\":1378,\"height\":1733},{\"@type\":\"BreadcrumbList\",\"@id\":\"https:\/\/www.mugavero.it\/g\u00fcbre\/magicolor-13-16-8\/#breadcrumb\",\"itemListElement\":[{\"@type\":\"ListItem\",\"position\":1,\"name\":\"Home\",\"item\":\"https:\/\/www.mugavero.it\/tr\/\"},{\"@type\":\"ListItem\",\"position\":2,\"name\":\"Catalogo\",\"item\":\"https:\/\/www.mugavero.it\/tr\/katalog\/\"},{\"@type\":\"ListItem\",\"position\":3,\"name\":\"Magicolor 13.16.8\"}]},{\"@type\":\"WebSite\",\"@id\":\"https:\/\/www.mugavero.it\/tr\/#website\",\"url\":\"https:\/\/www.mugavero.it\/tr\/\",\"name\":\"Mugavero Fertilizers\",\"description\":\"It&#039;s Green, White and Red\",\"publisher\":{\"@id\":\"https:\/\/www.mugavero.it\/tr\/#organization\"},\"potentialAction\":[{\"@type\":\"SearchAction\",\"target\":{\"@type\":\"EntryPoint\",\"urlTemplate\":\"https:\/\/www.mugavero.it\/tr\/?s={search_term_string}\"},\"query-input\":{\"@type\":\"PropertyValueSpecification\",\"valueRequired\":true,\"valueName\":\"search_term_string\"}}],\"inLanguage\":\"tr\"},{\"@type\":\"Organization\",\"@id\":\"https:\/\/www.mugavero.it\/tr\/#organization\",\"name\":\"Mugavero Fertilizzanti\",\"url\":\"https:\/\/www.mugavero.it\/tr\/\",\"logo\":{\"@type\":\"ImageObject\",\"inLanguage\":\"tr\",\"@id\":\"https:\/\/www.mugavero.it\/tr\/#\/schema\/logo\/image\/\",\"url\":\"https:\/\/www.mugavero.it\/wp-content\/uploads\/2019\/03\/MUGAVERO-LOGO-ita.png\",\"contentUrl\":\"https:\/\/www.mugavero.it\/wp-content\/uploads\/2019\/03\/MUGAVERO-LOGO-ita.png\",\"width\":1000,\"height\":656,\"caption\":\"Mugavero Fertilizzanti\"},\"image\":{\"@id\":\"https:\/\/www.mugavero.it\/tr\/#\/schema\/logo\/image\/\"},\"sameAs\":[\"https:\/\/www.facebook.com\/mugaverofertilizers\/\",\"https:\/\/www.instagram.com\/mugaverofertilizers\/\",\"https:\/\/www.linkedin.com\/company\/mugavero-fertilizers-official\/\",\"https:\/\/www.youtube.com\/channel\/UCcVmJoiUaqBv_pMIGSe6E2A\"]}]}<\/script>\n<!-- \/ Yoast SEO plugin. -->","yoast_head_json":{"title":"Magicolor 13.16.8 | Mugavero","description":"Magicolor, klora duyarl\u0131 mahsullerde de kullan\u0131labilen, y\u00fcksek \u00e7\u00f6z\u00fcn\u00fcrl\u00fc\u011fe sahip karma\u015f\u0131k gran\u00fcl g\u00fcbrelerdir;","robots":{"index":"index","follow":"follow","max-snippet":"max-snippet:-1","max-image-preview":"max-image-preview:large","max-video-preview":"max-video-preview:-1"},"canonical":"https:\/\/www.mugavero.it\/g\u00fcbre\/magicolor-13-16-8\/","og_locale":"tr_TR","og_type":"article","og_title":"Magicolor 13.16.8 | Mugavero","og_description":"Magicolor, klora duyarl\u0131 mahsullerde de kullan\u0131labilen, y\u00fcksek \u00e7\u00f6z\u00fcn\u00fcrl\u00fc\u011fe sahip karma\u015f\u0131k gran\u00fcl g\u00fcbrelerdir;","og_url":"https:\/\/www.mugavero.it\/g\u00fcbre\/magicolor-13-16-8\/","og_site_name":"Mugavero","article_publisher":"https:\/\/www.facebook.com\/mugaverofertilizers\/","article_modified_time":"2023-11-16T16:00:17+00:00","og_image":[{"width":1378,"height":1733,"url":"https:\/\/www.mugavero.it\/wp-content\/uploads\/2023\/11\/magicolor.png","type":"image\/png"}],"twitter_card":"summary_large_image","twitter_misc":{"Tahmini okuma s\u00fcresi":"1 dakika"},"schema":{"@context":"https:\/\/schema.org","@graph":[{"@type":"WebPage","@id":"https:\/\/www.mugavero.it\/g\u00fcbre\/magicolor-13-16-8\/","url":"https:\/\/www.mugavero.it\/g\u00fcbre\/magicolor-13-16-8\/","name":"Magicolor 13.16.8 | Mugavero","isPartOf":{"@id":"https:\/\/www.mugavero.it\/tr\/#website"},"primaryImageOfPage":{"@id":"https:\/\/www.mugavero.it\/g\u00fcbre\/magicolor-13-16-8\/#primaryimage"},"image":{"@id":"https:\/\/www.mugavero.it\/g\u00fcbre\/magicolor-13-16-8\/#primaryimage"},"thumbnailUrl":"https:\/\/www.mugavero.it\/wp-content\/uploads\/2023\/11\/magicolor.png","datePublished":"2019-03-04T14:15:40+00:00","dateModified":"2023-11-16T16:00:17+00:00","description":"Magicolor, klora duyarl\u0131 mahsullerde de kullan\u0131labilen, y\u00fcksek \u00e7\u00f6z\u00fcn\u00fcrl\u00fc\u011fe sahip karma\u015f\u0131k gran\u00fcl g\u00fcbrelerdir;","breadcrumb":{"@id":"https:\/\/www.mugavero.it\/g\u00fcbre\/magicolor-13-16-8\/#breadcrumb"},"inLanguage":"tr","potentialAction":[{"@type":"ReadAction","target":["https:\/\/www.mugavero.it\/g\u00fcbre\/magicolor-13-16-8\/"]}]},{"@type":"ImageObject","inLanguage":"tr","@id":"https:\/\/www.mugavero.it\/g\u00fcbre\/magicolor-13-16-8\/#primaryimage","url":"https:\/\/www.mugavero.it\/wp-content\/uploads\/2023\/11\/magicolor.png","contentUrl":"https:\/\/www.mugavero.it\/wp-content\/uploads\/2023\/11\/magicolor.png","width":1378,"height":1733},{"@type":"BreadcrumbList","@id":"https:\/\/www.mugavero.it\/g\u00fcbre\/magicolor-13-16-8\/#breadcrumb","itemListElement":[{"@type":"ListItem","position":1,"name":"Home","item":"https:\/\/www.mugavero.it\/tr\/"},{"@type":"ListItem","position":2,"name":"Catalogo","item":"https:\/\/www.mugavero.it\/tr\/katalog\/"},{"@type":"ListItem","position":3,"name":"Magicolor 13.16.8"}]},{"@type":"WebSite","@id":"https:\/\/www.mugavero.it\/tr\/#website","url":"https:\/\/www.mugavero.it\/tr\/","name":"Mugavero Fertilizers","description":"It&#039;s Green, White and Red","publisher":{"@id":"https:\/\/www.mugavero.it\/tr\/#organization"},"potentialAction":[{"@type":"SearchAction","target":{"@type":"EntryPoint","urlTemplate":"https:\/\/www.mugavero.it\/tr\/?s={search_term_string}"},"query-input":{"@type":"PropertyValueSpecification","valueRequired":true,"valueName":"search_term_string"}}],"inLanguage":"tr"},{"@type":"Organization","@id":"https:\/\/www.mugavero.it\/tr\/#organization","name":"Mugavero Fertilizzanti","url":"https:\/\/www.mugavero.it\/tr\/","logo":{"@type":"ImageObject","inLanguage":"tr","@id":"https:\/\/www.mugavero.it\/tr\/#\/schema\/logo\/image\/","url":"https:\/\/www.mugavero.it\/wp-content\/uploads\/2019\/03\/MUGAVERO-LOGO-ita.png","contentUrl":"https:\/\/www.mugavero.it\/wp-content\/uploads\/2019\/03\/MUGAVERO-LOGO-ita.png","width":1000,"height":656,"caption":"Mugavero Fertilizzanti"},"image":{"@id":"https:\/\/www.mugavero.it\/tr\/#\/schema\/logo\/image\/"},"sameAs":["https:\/\/www.facebook.com\/mugaverofertilizers\/","https:\/\/www.instagram.com\/mugaverofertilizers\/","https:\/\/www.linkedin.com\/company\/mugavero-fertilizers-official\/","https:\/\/www.youtube.com\/channel\/UCcVmJoiUaqBv_pMIGSe6E2A"]}]}},"_links":{"self":[{"href":"https:\/\/www.mugavero.it\/tr\/wp-json\/wp\/v2\/product\/2853"}],"collection":[{"href":"https:\/\/www.mugavero.it\/tr\/wp-json\/wp\/v2\/product"}],"about":[{"href":"https:\/\/www.mugavero.it\/tr\/wp-json\/wp\/v2\/types\/product"}],"wp:featuredmedia":[{"embeddable":true,"href":"https:\/\/www.mugavero.it\/tr\/wp-json\/wp\/v2\/media\/11899"}],"wp:attachment":[{"href":"https:\/\/www.mugavero.it\/tr\/wp-json\/wp\/v2\/media?parent=2853"}],"curies":[{"name":"wp","href":"https:\/\/api.w.org\/{rel}","templated":true}]}}