{"id":2850,"date":"2019-01-15T19:16:51","date_gmt":"2019-03-04T13:52:09","guid":{"rendered":"https:\/\/www.mugavero.it\/?post_type=product&#038;p=2850"},"modified":"2024-09-20T11:20:19","modified_gmt":"2024-09-20T09:20:19","slug":"aurea-46","status":"publish","type":"product","link":"https:\/\/www.mugavero.it\/tr\/g\u00fcbre\/aurea-46\/","title":{"rendered":"AUREA 46"},"content":{"rendered":"<p>AUREA \u00fcr\u00fcnleri yava\u015f sal\u0131n\u0131ml\u0131 \u00fcr\u00fcnlerdir. N-b\u00fctil tiyofosforik\u00a0triamit (NBPT) molek\u00fcl\u00fc ile tamamen i\u015flenmi\u015f<br \/>\n\u00fcreik azot i\u00e7erirler. \u00dcreaz inhibit\u00f6r\u00fcd\u00fcr ve enzimin\u00a0ge\u00e7ici inhibisyonu yoluyla \u00fcreik azotun (fazla u\u00e7ucu<br \/>\nolan) amonya\u011fa d\u00f6n\u00fc\u015fmesini engeller.\u00a0\u00dcreaz enzimi do\u011fada mantarlar ve toprakta bulunan\u00a0bakteriler taraf\u0131ndan y\u00fcksek miktarda \u00fcretilir.<\/p>\n<p>G\u00fcbrenin\u00a0uygulanmas\u0131ndan hemen sonra \u00fcre, hidroliz yoluyla,\u00a0amonya\u011f\u0131n havaya u\u00e7mas\u0131na sebep olan amonyum<br \/>\nkarbonat \u00fcreten \u00fcreaz enzimiyle etkile\u015fime girer. Ayr\u0131ca,\u00a0hidrolize ba\u011fl\u0131 olarak, pH de\u011ferinin y\u00fckselmesine\u00a0sebep olan ve topra\u011f\u0131n alkali ko\u015fullar\u0131n\u0131n d\u00fc\u015fmesiyle\u00a0sonu\u00e7lanan hidroksil (OH-) gruplar\u0131 serbest kal\u0131r.<br \/>\n\u00dcreaz inhibit\u00f6r\u00fc, \u00fcreik azotu sabitler ve aksi takdirde\u00a0ger\u00e7ekle\u015febilecek, ani amonya\u011fa d\u00f6n\u00fc\u015f\u00fcm\u00fc engeller.<br \/>\nB\u00f6ylece \u00fcreik azotun, buharla\u015fmay\u0131 fark edilebilir\u00a0oranda d\u00fc\u015f\u00fcrecek bi\u00e7imde topra\u011fa yerle\u015fmesi i\u00e7in yeterince<br \/>\ns\u00fcresi olur (Azotun u\u00e7mas\u0131n\u0131 % 50 oran\u0131nda\u00a0azalt\u0131r; \u00f6zellikle s\u0131cak ve kuru iklimlerde \u00f6nemlidir).<\/p>\n<p>Azotun bitkiler i\u00e7in daha uzun s\u00fcre mevcut olmas\u0131n\u0131n\u00a0yan\u0131nda, bitkiler ihtiya\u00e7lar\u0131n\u0131 her \u00f6nemli bitkisel evrede<br \/>\norant\u0131sal olarak kar\u015f\u0131layabilmektedirler. Bu, y\u00fcksek\u00a0hasat ve kaliteye, daha az m\u00fcdahale ve dozaja imk\u00e2n<br \/>\ntan\u0131r.\u00a0AUREA g\u00fcbreleri \u00e7evre dostu \u00fcr\u00fcnlerdir ve Avrupa Komisyonu\u2019nun\u00a0atmosfere yay\u0131lan CO2 miktar\u0131n\u0131 azaltma<br \/>\nkonusundaki direktifleriyle uyumludur.<\/p>\n","protected":false},"excerpt":{"rendered":"<p>AUREA \u00fcr\u00fcnleri yava\u015f sal\u0131n\u0131ml\u0131 \u00fcr\u00fcnlerdir. N-b\u00fctil tiyofosforik\u00a0triamit (NBPT) molek\u00fcl\u00fc ile tamamen i\u015flenmi\u015f \u00fcreik azot i\u00e7erirler.<\/p>\n<p><img decoding=\"async\" class=\"alignnone wp-image-1983\" src=\"https:\/\/www.mugavero.it\/wp-content\/uploads\/2017\/01\/rafia.png\" alt=\"\" width=\"30\" height=\"30\" srcset=\"https:\/\/www.mugavero.it\/wp-content\/uploads\/2017\/01\/rafia.png 120w, https:\/\/www.mugavero.it\/wp-content\/uploads\/2017\/01\/rafia-100x100.png 100w\" sizes=\"(max-width: 30px) 100vw, 30px\" \/>Polietilen torbalarda<\/p>\n<p><img decoding=\"async\" class=\"alignnone wp-image-1981\" src=\"https:\/\/www.mugavero.it\/wp-content\/uploads\/2017\/01\/peso.png\" alt=\"\" width=\"30\" height=\"30\" srcset=\"https:\/\/www.mugavero.it\/wp-content\/uploads\/2017\/01\/peso.png 120w, https:\/\/www.mugavero.it\/wp-content\/uploads\/2017\/01\/peso-100x100.png 100w\" sizes=\"(max-width: 30px) 100vw, 30px\" \/>25kg<\/p>\n<p><img decoding=\"async\" class=\"alignnone wp-image-1979\" src=\"https:\/\/www.mugavero.it\/wp-content\/uploads\/2017\/01\/GRANULAR.png\" alt=\"\" width=\"30\" height=\"30\" srcset=\"https:\/\/www.mugavero.it\/wp-content\/uploads\/2017\/01\/GRANULAR.png 120w, https:\/\/www.mugavero.it\/wp-content\/uploads\/2017\/01\/GRANULAR-100x100.png 100w\" sizes=\"(max-width: 30px) 100vw, 30px\" \/>Gran\u00fcl (iste\u011fe g\u00f6re damla sulama)<\/p>\n<p><img decoding=\"async\" class=\"alignnone wp-image-7329\" src=\"https:\/\/www.mugavero.it\/wp-content\/uploads\/2019\/01\/LENTO-RILASCIO.png\" alt=\"\" width=\"41\" height=\"41\" srcset=\"https:\/\/www.mugavero.it\/wp-content\/uploads\/2019\/01\/LENTO-RILASCIO.png 418w, https:\/\/www.mugavero.it\/wp-content\/uploads\/2019\/01\/LENTO-RILASCIO-300x300.png 300w, https:\/\/www.mugavero.it\/wp-content\/uploads\/2019\/01\/LENTO-RILASCIO-150x150.png 150w, https:\/\/www.mugavero.it\/wp-content\/uploads\/2019\/01\/LENTO-RILASCIO-187x187.png 187w, https:\/\/www.mugavero.it\/wp-content\/uploads\/2019\/01\/LENTO-RILASCIO-100x100.png 100w\" sizes=\"(max-width: 41px) 100vw, 41px\" \/><span style=\"font-weight: 400;\">Yava\u015f sal\u0131n\u0131m<\/span><\/p>\n<p>&nbsp;<\/p>\n","protected":false},"featured_media":11885,"template":"","meta":{"_exactmetrics_skip_tracking":false,"_exactmetrics_sitenote_active":false,"_exactmetrics_sitenote_note":"","_exactmetrics_sitenote_category":0},"yoast_head":"<!-- This site is optimized with the Yoast SEO plugin v23.4 - https:\/\/yoast.com\/wordpress\/plugins\/seo\/ -->\n<title>AUREA 46 | Mugavero<\/title>\n<meta name=\"robots\" content=\"index, follow, max-snippet:-1, max-image-preview:large, max-video-preview:-1\" \/>\n<link rel=\"canonical\" href=\"https:\/\/www.mugavero.it\/tr\/g\u00fcbre\/aurea-46\/\" \/>\n<meta property=\"og:locale\" content=\"tr_TR\" \/>\n<meta property=\"og:type\" content=\"article\" \/>\n<meta property=\"og:title\" content=\"AUREA 46 | Mugavero\" \/>\n<meta property=\"og:description\" content=\"AUREA \u00fcr\u00fcnleri yava\u015f sal\u0131n\u0131ml\u0131 \u00fcr\u00fcnlerdir. N-b\u00fctil tiyofosforik\u00a0triamit (NBPT) molek\u00fcl\u00fc ile tamamen i\u015flenmi\u015f \u00fcreik azot i\u00e7erirler.  Polietilen torbalarda  25kg  Gran\u00fcl (iste\u011fe g\u00f6re damla sulama)  Yava\u015f sal\u0131n\u0131m  &nbsp;\" \/>\n<meta property=\"og:url\" content=\"https:\/\/www.mugavero.it\/tr\/g\u00fcbre\/aurea-46\/\" \/>\n<meta property=\"og:site_name\" content=\"Mugavero\" \/>\n<meta property=\"article:publisher\" content=\"https:\/\/www.facebook.com\/mugaverofertilizers\/\" \/>\n<meta property=\"article:modified_time\" content=\"2024-09-20T09:20:19+00:00\" \/>\n<meta property=\"og:image\" content=\"https:\/\/www.mugavero.it\/wp-content\/uploads\/2023\/11\/Aurea.png\" \/>\n\t<meta property=\"og:image:width\" content=\"1378\" \/>\n\t<meta property=\"og:image:height\" content=\"1733\" \/>\n\t<meta property=\"og:image:type\" content=\"image\/png\" \/>\n<meta name=\"twitter:card\" content=\"summary_large_image\" \/>\n<meta name=\"twitter:label1\" content=\"Tahmini okuma s\u00fcresi\" \/>\n\t<meta name=\"twitter:data1\" content=\"2 dakika\" \/>\n<script type=\"application\/ld+json\" class=\"yoast-schema-graph\">{\"@context\":\"https:\/\/schema.org\",\"@graph\":[{\"@type\":\"WebPage\",\"@id\":\"https:\/\/www.mugavero.it\/tr\/g\u00fcbre\/aurea-46\/\",\"url\":\"https:\/\/www.mugavero.it\/tr\/g\u00fcbre\/aurea-46\/\",\"name\":\"AUREA 46 | Mugavero\",\"isPartOf\":{\"@id\":\"https:\/\/www.mugavero.it\/tr\/#website\"},\"primaryImageOfPage\":{\"@id\":\"https:\/\/www.mugavero.it\/tr\/g\u00fcbre\/aurea-46\/#primaryimage\"},\"image\":{\"@id\":\"https:\/\/www.mugavero.it\/tr\/g\u00fcbre\/aurea-46\/#primaryimage\"},\"thumbnailUrl\":\"https:\/\/www.mugavero.it\/wp-content\/uploads\/2023\/11\/Aurea.png\",\"datePublished\":\"2019-03-04T13:52:09+00:00\",\"dateModified\":\"2024-09-20T09:20:19+00:00\",\"breadcrumb\":{\"@id\":\"https:\/\/www.mugavero.it\/tr\/g\u00fcbre\/aurea-46\/#breadcrumb\"},\"inLanguage\":\"tr\",\"potentialAction\":[{\"@type\":\"ReadAction\",\"target\":[\"https:\/\/www.mugavero.it\/tr\/g\u00fcbre\/aurea-46\/\"]}]},{\"@type\":\"ImageObject\",\"inLanguage\":\"tr\",\"@id\":\"https:\/\/www.mugavero.it\/tr\/g\u00fcbre\/aurea-46\/#primaryimage\",\"url\":\"https:\/\/www.mugavero.it\/wp-content\/uploads\/2023\/11\/Aurea.png\",\"contentUrl\":\"https:\/\/www.mugavero.it\/wp-content\/uploads\/2023\/11\/Aurea.png\",\"width\":1378,\"height\":1733},{\"@type\":\"BreadcrumbList\",\"@id\":\"https:\/\/www.mugavero.it\/tr\/g\u00fcbre\/aurea-46\/#breadcrumb\",\"itemListElement\":[{\"@type\":\"ListItem\",\"position\":1,\"name\":\"Home\",\"item\":\"https:\/\/www.mugavero.it\/tr\/\"},{\"@type\":\"ListItem\",\"position\":2,\"name\":\"Catalogo\",\"item\":\"https:\/\/www.mugavero.it\/tr\/katalog\/\"},{\"@type\":\"ListItem\",\"position\":3,\"name\":\"AUREA 46\"}]},{\"@type\":\"WebSite\",\"@id\":\"https:\/\/www.mugavero.it\/tr\/#website\",\"url\":\"https:\/\/www.mugavero.it\/tr\/\",\"name\":\"Mugavero Fertilizers\",\"description\":\"It&#039;s Green, White and Red\",\"publisher\":{\"@id\":\"https:\/\/www.mugavero.it\/tr\/#organization\"},\"potentialAction\":[{\"@type\":\"SearchAction\",\"target\":{\"@type\":\"EntryPoint\",\"urlTemplate\":\"https:\/\/www.mugavero.it\/tr\/?s={search_term_string}\"},\"query-input\":{\"@type\":\"PropertyValueSpecification\",\"valueRequired\":true,\"valueName\":\"search_term_string\"}}],\"inLanguage\":\"tr\"},{\"@type\":\"Organization\",\"@id\":\"https:\/\/www.mugavero.it\/tr\/#organization\",\"name\":\"Mugavero Fertilizzanti\",\"url\":\"https:\/\/www.mugavero.it\/tr\/\",\"logo\":{\"@type\":\"ImageObject\",\"inLanguage\":\"tr\",\"@id\":\"https:\/\/www.mugavero.it\/tr\/#\/schema\/logo\/image\/\",\"url\":\"https:\/\/www.mugavero.it\/wp-content\/uploads\/2019\/03\/MUGAVERO-LOGO-ita.png\",\"contentUrl\":\"https:\/\/www.mugavero.it\/wp-content\/uploads\/2019\/03\/MUGAVERO-LOGO-ita.png\",\"width\":1000,\"height\":656,\"caption\":\"Mugavero Fertilizzanti\"},\"image\":{\"@id\":\"https:\/\/www.mugavero.it\/tr\/#\/schema\/logo\/image\/\"},\"sameAs\":[\"https:\/\/www.facebook.com\/mugaverofertilizers\/\",\"https:\/\/www.instagram.com\/mugaverofertilizers\/\",\"https:\/\/www.linkedin.com\/company\/mugavero-fertilizers-official\/\",\"https:\/\/www.youtube.com\/channel\/UCcVmJoiUaqBv_pMIGSe6E2A\"]}]}<\/script>\n<!-- \/ Yoast SEO plugin. -->","yoast_head_json":{"title":"AUREA 46 | Mugavero","robots":{"index":"index","follow":"follow","max-snippet":"max-snippet:-1","max-image-preview":"max-image-preview:large","max-video-preview":"max-video-preview:-1"},"canonical":"https:\/\/www.mugavero.it\/tr\/g\u00fcbre\/aurea-46\/","og_locale":"tr_TR","og_type":"article","og_title":"AUREA 46 | Mugavero","og_description":"AUREA \u00fcr\u00fcnleri yava\u015f sal\u0131n\u0131ml\u0131 \u00fcr\u00fcnlerdir. N-b\u00fctil tiyofosforik\u00a0triamit (NBPT) molek\u00fcl\u00fc ile tamamen i\u015flenmi\u015f \u00fcreik azot i\u00e7erirler.  Polietilen torbalarda  25kg  Gran\u00fcl (iste\u011fe g\u00f6re damla sulama)  Yava\u015f sal\u0131n\u0131m  &nbsp;","og_url":"https:\/\/www.mugavero.it\/tr\/g\u00fcbre\/aurea-46\/","og_site_name":"Mugavero","article_publisher":"https:\/\/www.facebook.com\/mugaverofertilizers\/","article_modified_time":"2024-09-20T09:20:19+00:00","og_image":[{"width":1378,"height":1733,"url":"https:\/\/www.mugavero.it\/wp-content\/uploads\/2023\/11\/Aurea.png","type":"image\/png"}],"twitter_card":"summary_large_image","twitter_misc":{"Tahmini okuma s\u00fcresi":"2 dakika"},"schema":{"@context":"https:\/\/schema.org","@graph":[{"@type":"WebPage","@id":"https:\/\/www.mugavero.it\/tr\/g\u00fcbre\/aurea-46\/","url":"https:\/\/www.mugavero.it\/tr\/g\u00fcbre\/aurea-46\/","name":"AUREA 46 | Mugavero","isPartOf":{"@id":"https:\/\/www.mugavero.it\/tr\/#website"},"primaryImageOfPage":{"@id":"https:\/\/www.mugavero.it\/tr\/g\u00fcbre\/aurea-46\/#primaryimage"},"image":{"@id":"https:\/\/www.mugavero.it\/tr\/g\u00fcbre\/aurea-46\/#primaryimage"},"thumbnailUrl":"https:\/\/www.mugavero.it\/wp-content\/uploads\/2023\/11\/Aurea.png","datePublished":"2019-03-04T13:52:09+00:00","dateModified":"2024-09-20T09:20:19+00:00","breadcrumb":{"@id":"https:\/\/www.mugavero.it\/tr\/g\u00fcbre\/aurea-46\/#breadcrumb"},"inLanguage":"tr","potentialAction":[{"@type":"ReadAction","target":["https:\/\/www.mugavero.it\/tr\/g\u00fcbre\/aurea-46\/"]}]},{"@type":"ImageObject","inLanguage":"tr","@id":"https:\/\/www.mugavero.it\/tr\/g\u00fcbre\/aurea-46\/#primaryimage","url":"https:\/\/www.mugavero.it\/wp-content\/uploads\/2023\/11\/Aurea.png","contentUrl":"https:\/\/www.mugavero.it\/wp-content\/uploads\/2023\/11\/Aurea.png","width":1378,"height":1733},{"@type":"BreadcrumbList","@id":"https:\/\/www.mugavero.it\/tr\/g\u00fcbre\/aurea-46\/#breadcrumb","itemListElement":[{"@type":"ListItem","position":1,"name":"Home","item":"https:\/\/www.mugavero.it\/tr\/"},{"@type":"ListItem","position":2,"name":"Catalogo","item":"https:\/\/www.mugavero.it\/tr\/katalog\/"},{"@type":"ListItem","position":3,"name":"AUREA 46"}]},{"@type":"WebSite","@id":"https:\/\/www.mugavero.it\/tr\/#website","url":"https:\/\/www.mugavero.it\/tr\/","name":"Mugavero Fertilizers","description":"It&#039;s Green, White and Red","publisher":{"@id":"https:\/\/www.mugavero.it\/tr\/#organization"},"potentialAction":[{"@type":"SearchAction","target":{"@type":"EntryPoint","urlTemplate":"https:\/\/www.mugavero.it\/tr\/?s={search_term_string}"},"query-input":{"@type":"PropertyValueSpecification","valueRequired":true,"valueName":"search_term_string"}}],"inLanguage":"tr"},{"@type":"Organization","@id":"https:\/\/www.mugavero.it\/tr\/#organization","name":"Mugavero Fertilizzanti","url":"https:\/\/www.mugavero.it\/tr\/","logo":{"@type":"ImageObject","inLanguage":"tr","@id":"https:\/\/www.mugavero.it\/tr\/#\/schema\/logo\/image\/","url":"https:\/\/www.mugavero.it\/wp-content\/uploads\/2019\/03\/MUGAVERO-LOGO-ita.png","contentUrl":"https:\/\/www.mugavero.it\/wp-content\/uploads\/2019\/03\/MUGAVERO-LOGO-ita.png","width":1000,"height":656,"caption":"Mugavero Fertilizzanti"},"image":{"@id":"https:\/\/www.mugavero.it\/tr\/#\/schema\/logo\/image\/"},"sameAs":["https:\/\/www.facebook.com\/mugaverofertilizers\/","https:\/\/www.instagram.com\/mugaverofertilizers\/","https:\/\/www.linkedin.com\/company\/mugavero-fertilizers-official\/","https:\/\/www.youtube.com\/channel\/UCcVmJoiUaqBv_pMIGSe6E2A"]}]}},"_links":{"self":[{"href":"https:\/\/www.mugavero.it\/tr\/wp-json\/wp\/v2\/product\/2850"}],"collection":[{"href":"https:\/\/www.mugavero.it\/tr\/wp-json\/wp\/v2\/product"}],"about":[{"href":"https:\/\/www.mugavero.it\/tr\/wp-json\/wp\/v2\/types\/product"}],"wp:featuredmedia":[{"embeddable":true,"href":"https:\/\/www.mugavero.it\/tr\/wp-json\/wp\/v2\/media\/11885"}],"wp:attachment":[{"href":"https:\/\/www.mugavero.it\/tr\/wp-json\/wp\/v2\/media?parent=2850"}],"curies":[{"name":"wp","href":"https:\/\/api.w.org\/{rel}","templated":true}]}}