{"id":2849,"date":"2019-02-15T15:09:44","date_gmt":"2019-03-04T13:21:05","guid":{"rendered":"https:\/\/www.mugavero.it\/?post_type=product&#038;p=2849"},"modified":"2024-10-17T15:13:44","modified_gmt":"2024-10-17T13:13:44","slug":"midotec-gold","status":"publish","type":"product","link":"https:\/\/www.mugavero.it\/tr\/g\u00fcbre\/midotec-gold\/","title":{"rendered":"MIDOTEC GOLD"},"content":{"rendered":"<p><span style=\"font-weight: 400;\">MIDOTEC GOLD t\u00fcm \u00fcr\u00fcnlerde taban ve \u00fcst g\u00fcbrelemede kullan\u0131labilecek bir kompleks gran\u00fcl NPK g\u00fcbredir.<\/span><\/p>\n<p>Farkl\u0131 formlarda bulunan azot (N) hem amonyum azotu\u00a0gibi haz\u0131r, hem de yava\u015f sal\u0131n\u0131ml\u0131 bulunur (IBDU).<br \/>\nAmonyum i\u00e7eri\u011fi b\u00fcy\u00fcme ba\u015flang\u0131c\u0131ndaki ihtiya\u00e7lar\u0131\u00a0giderir. Bu s\u0131rada IBDU (izob\u00fctilendi\u00fcre) kaynakl\u0131 azot\u00a0bitkinin geli\u015fim s\u00fcreci boyunca ihtiya\u00e7 duydu\u011fu azotu,\u00a0asimile edilebilir formda yava\u015f\u00e7a ve derece derece\u00a0a\u00e7\u0131\u011fa \u00e7\u0131karacak bir rezerv sa\u011flar.<\/p>\n<p>Tertemiz hammaddeden elde edilen fosfor (P) tamamen\u00a0\u00e7\u00f6z\u00fcnebilirdir.<br \/>\nPotasyum s\u00fclfattan elde edilen potasyum (K) \u00fcr\u00fcn kalitesini\u00a0art\u0131rmak \u00fczere meyvenin \u015feker birikimine ve rengine<br \/>\nyard\u0131m eder.\u00a0K\u00fck\u00fcrt\u00fcn asitle\u015ftirici \u00f6zelli\u011fi toprak koloitlerinde tutulan\u00a0besleyici elementlerin hareket etmesine izin verir.<\/p>\n<p>Y\u00fcksek miktarda var olan mikroelementler (demir,\u00a0magnezyum) yaprak renklenmesini yo\u011funla\u015ft\u0131r\u0131p \u00fcr\u00fcn\u00a0kalitesini art\u0131rarak bu elementlerin eksikli\u011finden kaynaklanan\u00a0fizyopati risklerini azaltmaya yard\u0131mc\u0131 olur.<br \/>\nMIDOTEC GOLD homojen par\u00e7al\u0131 ve tozsuz bir \u00fcr\u00fcnd\u00fcr.\u00a0B\u00f6ylece toprak \u00fczerinde daha iyi ve do\u011fru yay\u0131l\u0131r.<\/p>\n","protected":false},"excerpt":{"rendered":"<p>Midotec Gold, t\u00fcm mahsullerin temel ve \u00f6rt\u00fcc\u00fc g\u00fcbrelemesi i\u00e7in spesifik olan Isobutylideneurea (IBDU) bazl\u0131 yava\u015f sal\u0131nan nitrojen i\u00e7eren kompleks gran\u00fcl bir g\u00fcbredir.<\/p>\n<p><img decoding=\"async\" class=\"alignnone wp-image-7308\" src=\"https:\/\/www.mugavero.it\/wp-content\/uploads\/2019\/01\/SACCHETTO-1.png\" alt=\"\" width=\"42\" height=\"41\" srcset=\"https:\/\/www.mugavero.it\/wp-content\/uploads\/2019\/01\/SACCHETTO-1.png 418w, https:\/\/www.mugavero.it\/wp-content\/uploads\/2019\/01\/SACCHETTO-1-300x300.png 300w, https:\/\/www.mugavero.it\/wp-content\/uploads\/2019\/01\/SACCHETTO-1-150x150.png 150w, https:\/\/www.mugavero.it\/wp-content\/uploads\/2019\/01\/SACCHETTO-1-187x187.png 187w, https:\/\/www.mugavero.it\/wp-content\/uploads\/2019\/01\/SACCHETTO-1-100x100.png 100w\" sizes=\"(max-width: 42px) 100vw, 42px\" \/>25 kg<\/p>\n<p><img decoding=\"async\" class=\"alignnone wp-image-7322\" src=\"https:\/\/www.mugavero.it\/wp-content\/uploads\/2019\/01\/ECO-SOSTENIBILE-1.png\" alt=\"\" width=\"42\" height=\"42\" srcset=\"https:\/\/www.mugavero.it\/wp-content\/uploads\/2019\/01\/ECO-SOSTENIBILE-1.png 418w, https:\/\/www.mugavero.it\/wp-content\/uploads\/2019\/01\/ECO-SOSTENIBILE-1-300x300.png 300w, https:\/\/www.mugavero.it\/wp-content\/uploads\/2019\/01\/ECO-SOSTENIBILE-1-150x150.png 150w, https:\/\/www.mugavero.it\/wp-content\/uploads\/2019\/01\/ECO-SOSTENIBILE-1-187x187.png 187w, https:\/\/www.mugavero.it\/wp-content\/uploads\/2019\/01\/ECO-SOSTENIBILE-1-100x100.png 100w\" sizes=\"(max-width: 42px) 100vw, 42px\" \/>Eko-s\u00fcrd\u00fcr\u00fclebilir teknoloji<\/p>\n<p><img decoding=\"async\" class=\"alignnone wp-image-7301\" src=\"https:\/\/www.mugavero.it\/wp-content\/uploads\/2019\/01\/MECCANICA.png\" alt=\"\" width=\"41\" height=\"41\" srcset=\"https:\/\/www.mugavero.it\/wp-content\/uploads\/2019\/01\/MECCANICA.png 418w, https:\/\/www.mugavero.it\/wp-content\/uploads\/2019\/01\/MECCANICA-300x300.png 300w, https:\/\/www.mugavero.it\/wp-content\/uploads\/2019\/01\/MECCANICA-150x150.png 150w, https:\/\/www.mugavero.it\/wp-content\/uploads\/2019\/01\/MECCANICA-187x187.png 187w, https:\/\/www.mugavero.it\/wp-content\/uploads\/2019\/01\/MECCANICA-100x100.png 100w\" sizes=\"(max-width: 41px) 100vw, 41px\" \/>Mekanik Uygulama<\/p>\n<p><img decoding=\"async\" class=\"alignnone wp-image-7329\" src=\"https:\/\/www.mugavero.it\/wp-content\/uploads\/2019\/01\/LENTO-RILASCIO.png\" alt=\"\" width=\"41\" height=\"41\" srcset=\"https:\/\/www.mugavero.it\/wp-content\/uploads\/2019\/01\/LENTO-RILASCIO.png 418w, https:\/\/www.mugavero.it\/wp-content\/uploads\/2019\/01\/LENTO-RILASCIO-300x300.png 300w, https:\/\/www.mugavero.it\/wp-content\/uploads\/2019\/01\/LENTO-RILASCIO-150x150.png 150w, https:\/\/www.mugavero.it\/wp-content\/uploads\/2019\/01\/LENTO-RILASCIO-187x187.png 187w, https:\/\/www.mugavero.it\/wp-content\/uploads\/2019\/01\/LENTO-RILASCIO-100x100.png 100w\" sizes=\"(max-width: 41px) 100vw, 41px\" \/><span style=\"font-weight: 400;\">Yava\u015f sal\u0131n\u0131m<\/span><\/p>\n<p>&nbsp;<\/p>\n","protected":false},"featured_media":8347,"template":"","meta":{"_exactmetrics_skip_tracking":false,"_exactmetrics_sitenote_active":false,"_exactmetrics_sitenote_note":"","_exactmetrics_sitenote_category":0},"yoast_head":"<!-- This site is optimized with the Yoast SEO plugin v23.4 - https:\/\/yoast.com\/wordpress\/plugins\/seo\/ -->\n<title>MIDOTEC GOLD | Mugavero<\/title>\n<meta name=\"robots\" content=\"index, follow, max-snippet:-1, max-image-preview:large, max-video-preview:-1\" \/>\n<link rel=\"canonical\" href=\"https:\/\/www.mugavero.it\/tr\/g\u00fcbre\/midotec-gold\/\" \/>\n<meta property=\"og:locale\" content=\"tr_TR\" \/>\n<meta property=\"og:type\" content=\"article\" \/>\n<meta property=\"og:title\" content=\"MIDOTEC GOLD | Mugavero\" \/>\n<meta property=\"og:description\" content=\"Midotec Gold, t\u00fcm mahsullerin temel ve \u00f6rt\u00fcc\u00fc g\u00fcbrelemesi i\u00e7in spesifik olan Isobutylideneurea (IBDU) bazl\u0131 yava\u015f sal\u0131nan nitrojen i\u00e7eren kompleks gran\u00fcl bir g\u00fcbredir.  25 kg  Eko-s\u00fcrd\u00fcr\u00fclebilir teknoloji  Mekanik Uygulama  Yava\u015f sal\u0131n\u0131m  &nbsp;\" \/>\n<meta property=\"og:url\" content=\"https:\/\/www.mugavero.it\/tr\/g\u00fcbre\/midotec-gold\/\" \/>\n<meta property=\"og:site_name\" content=\"Mugavero\" \/>\n<meta property=\"article:publisher\" content=\"https:\/\/www.facebook.com\/mugaverofertilizers\/\" \/>\n<meta property=\"article:modified_time\" content=\"2024-10-17T13:13:44+00:00\" \/>\n<meta property=\"og:image\" content=\"https:\/\/www.mugavero.it\/wp-content\/uploads\/2019\/02\/MIDOTEC-gold_new.png\" \/>\n\t<meta property=\"og:image:width\" content=\"1378\" \/>\n\t<meta property=\"og:image:height\" content=\"1733\" \/>\n\t<meta property=\"og:image:type\" content=\"image\/png\" \/>\n<meta name=\"twitter:card\" content=\"summary_large_image\" \/>\n<meta name=\"twitter:label1\" content=\"Tahmini okuma s\u00fcresi\" \/>\n\t<meta name=\"twitter:data1\" content=\"1 dakika\" \/>\n<script type=\"application\/ld+json\" class=\"yoast-schema-graph\">{\"@context\":\"https:\/\/schema.org\",\"@graph\":[{\"@type\":\"WebPage\",\"@id\":\"https:\/\/www.mugavero.it\/tr\/g\u00fcbre\/midotec-gold\/\",\"url\":\"https:\/\/www.mugavero.it\/tr\/g\u00fcbre\/midotec-gold\/\",\"name\":\"MIDOTEC GOLD | Mugavero\",\"isPartOf\":{\"@id\":\"https:\/\/www.mugavero.it\/tr\/#website\"},\"primaryImageOfPage\":{\"@id\":\"https:\/\/www.mugavero.it\/tr\/g\u00fcbre\/midotec-gold\/#primaryimage\"},\"image\":{\"@id\":\"https:\/\/www.mugavero.it\/tr\/g\u00fcbre\/midotec-gold\/#primaryimage\"},\"thumbnailUrl\":\"https:\/\/www.mugavero.it\/wp-content\/uploads\/2019\/02\/MIDOTEC-gold_new.png\",\"datePublished\":\"2019-03-04T13:21:05+00:00\",\"dateModified\":\"2024-10-17T13:13:44+00:00\",\"breadcrumb\":{\"@id\":\"https:\/\/www.mugavero.it\/tr\/g\u00fcbre\/midotec-gold\/#breadcrumb\"},\"inLanguage\":\"tr\",\"potentialAction\":[{\"@type\":\"ReadAction\",\"target\":[\"https:\/\/www.mugavero.it\/tr\/g\u00fcbre\/midotec-gold\/\"]}]},{\"@type\":\"ImageObject\",\"inLanguage\":\"tr\",\"@id\":\"https:\/\/www.mugavero.it\/tr\/g\u00fcbre\/midotec-gold\/#primaryimage\",\"url\":\"https:\/\/www.mugavero.it\/wp-content\/uploads\/2019\/02\/MIDOTEC-gold_new.png\",\"contentUrl\":\"https:\/\/www.mugavero.it\/wp-content\/uploads\/2019\/02\/MIDOTEC-gold_new.png\",\"width\":1378,\"height\":1733},{\"@type\":\"BreadcrumbList\",\"@id\":\"https:\/\/www.mugavero.it\/tr\/g\u00fcbre\/midotec-gold\/#breadcrumb\",\"itemListElement\":[{\"@type\":\"ListItem\",\"position\":1,\"name\":\"Home\",\"item\":\"https:\/\/www.mugavero.it\/tr\/\"},{\"@type\":\"ListItem\",\"position\":2,\"name\":\"Catalogo\",\"item\":\"https:\/\/www.mugavero.it\/tr\/katalog\/\"},{\"@type\":\"ListItem\",\"position\":3,\"name\":\"MIDOTEC GOLD\"}]},{\"@type\":\"WebSite\",\"@id\":\"https:\/\/www.mugavero.it\/tr\/#website\",\"url\":\"https:\/\/www.mugavero.it\/tr\/\",\"name\":\"Mugavero Fertilizers\",\"description\":\"It&#039;s Green, White and Red\",\"publisher\":{\"@id\":\"https:\/\/www.mugavero.it\/tr\/#organization\"},\"potentialAction\":[{\"@type\":\"SearchAction\",\"target\":{\"@type\":\"EntryPoint\",\"urlTemplate\":\"https:\/\/www.mugavero.it\/tr\/?s={search_term_string}\"},\"query-input\":{\"@type\":\"PropertyValueSpecification\",\"valueRequired\":true,\"valueName\":\"search_term_string\"}}],\"inLanguage\":\"tr\"},{\"@type\":\"Organization\",\"@id\":\"https:\/\/www.mugavero.it\/tr\/#organization\",\"name\":\"Mugavero Fertilizzanti\",\"url\":\"https:\/\/www.mugavero.it\/tr\/\",\"logo\":{\"@type\":\"ImageObject\",\"inLanguage\":\"tr\",\"@id\":\"https:\/\/www.mugavero.it\/tr\/#\/schema\/logo\/image\/\",\"url\":\"https:\/\/www.mugavero.it\/wp-content\/uploads\/2019\/03\/MUGAVERO-LOGO-ita.png\",\"contentUrl\":\"https:\/\/www.mugavero.it\/wp-content\/uploads\/2019\/03\/MUGAVERO-LOGO-ita.png\",\"width\":1000,\"height\":656,\"caption\":\"Mugavero Fertilizzanti\"},\"image\":{\"@id\":\"https:\/\/www.mugavero.it\/tr\/#\/schema\/logo\/image\/\"},\"sameAs\":[\"https:\/\/www.facebook.com\/mugaverofertilizers\/\",\"https:\/\/www.instagram.com\/mugaverofertilizers\/\",\"https:\/\/www.linkedin.com\/company\/mugavero-fertilizers-official\/\",\"https:\/\/www.youtube.com\/channel\/UCcVmJoiUaqBv_pMIGSe6E2A\"]}]}<\/script>\n<!-- \/ Yoast SEO plugin. -->","yoast_head_json":{"title":"MIDOTEC GOLD | Mugavero","robots":{"index":"index","follow":"follow","max-snippet":"max-snippet:-1","max-image-preview":"max-image-preview:large","max-video-preview":"max-video-preview:-1"},"canonical":"https:\/\/www.mugavero.it\/tr\/g\u00fcbre\/midotec-gold\/","og_locale":"tr_TR","og_type":"article","og_title":"MIDOTEC GOLD | Mugavero","og_description":"Midotec Gold, t\u00fcm mahsullerin temel ve \u00f6rt\u00fcc\u00fc g\u00fcbrelemesi i\u00e7in spesifik olan Isobutylideneurea (IBDU) bazl\u0131 yava\u015f sal\u0131nan nitrojen i\u00e7eren kompleks gran\u00fcl bir g\u00fcbredir.  25 kg  Eko-s\u00fcrd\u00fcr\u00fclebilir teknoloji  Mekanik Uygulama  Yava\u015f sal\u0131n\u0131m  &nbsp;","og_url":"https:\/\/www.mugavero.it\/tr\/g\u00fcbre\/midotec-gold\/","og_site_name":"Mugavero","article_publisher":"https:\/\/www.facebook.com\/mugaverofertilizers\/","article_modified_time":"2024-10-17T13:13:44+00:00","og_image":[{"width":1378,"height":1733,"url":"https:\/\/www.mugavero.it\/wp-content\/uploads\/2019\/02\/MIDOTEC-gold_new.png","type":"image\/png"}],"twitter_card":"summary_large_image","twitter_misc":{"Tahmini okuma s\u00fcresi":"1 dakika"},"schema":{"@context":"https:\/\/schema.org","@graph":[{"@type":"WebPage","@id":"https:\/\/www.mugavero.it\/tr\/g\u00fcbre\/midotec-gold\/","url":"https:\/\/www.mugavero.it\/tr\/g\u00fcbre\/midotec-gold\/","name":"MIDOTEC GOLD | Mugavero","isPartOf":{"@id":"https:\/\/www.mugavero.it\/tr\/#website"},"primaryImageOfPage":{"@id":"https:\/\/www.mugavero.it\/tr\/g\u00fcbre\/midotec-gold\/#primaryimage"},"image":{"@id":"https:\/\/www.mugavero.it\/tr\/g\u00fcbre\/midotec-gold\/#primaryimage"},"thumbnailUrl":"https:\/\/www.mugavero.it\/wp-content\/uploads\/2019\/02\/MIDOTEC-gold_new.png","datePublished":"2019-03-04T13:21:05+00:00","dateModified":"2024-10-17T13:13:44+00:00","breadcrumb":{"@id":"https:\/\/www.mugavero.it\/tr\/g\u00fcbre\/midotec-gold\/#breadcrumb"},"inLanguage":"tr","potentialAction":[{"@type":"ReadAction","target":["https:\/\/www.mugavero.it\/tr\/g\u00fcbre\/midotec-gold\/"]}]},{"@type":"ImageObject","inLanguage":"tr","@id":"https:\/\/www.mugavero.it\/tr\/g\u00fcbre\/midotec-gold\/#primaryimage","url":"https:\/\/www.mugavero.it\/wp-content\/uploads\/2019\/02\/MIDOTEC-gold_new.png","contentUrl":"https:\/\/www.mugavero.it\/wp-content\/uploads\/2019\/02\/MIDOTEC-gold_new.png","width":1378,"height":1733},{"@type":"BreadcrumbList","@id":"https:\/\/www.mugavero.it\/tr\/g\u00fcbre\/midotec-gold\/#breadcrumb","itemListElement":[{"@type":"ListItem","position":1,"name":"Home","item":"https:\/\/www.mugavero.it\/tr\/"},{"@type":"ListItem","position":2,"name":"Catalogo","item":"https:\/\/www.mugavero.it\/tr\/katalog\/"},{"@type":"ListItem","position":3,"name":"MIDOTEC GOLD"}]},{"@type":"WebSite","@id":"https:\/\/www.mugavero.it\/tr\/#website","url":"https:\/\/www.mugavero.it\/tr\/","name":"Mugavero Fertilizers","description":"It&#039;s Green, White and Red","publisher":{"@id":"https:\/\/www.mugavero.it\/tr\/#organization"},"potentialAction":[{"@type":"SearchAction","target":{"@type":"EntryPoint","urlTemplate":"https:\/\/www.mugavero.it\/tr\/?s={search_term_string}"},"query-input":{"@type":"PropertyValueSpecification","valueRequired":true,"valueName":"search_term_string"}}],"inLanguage":"tr"},{"@type":"Organization","@id":"https:\/\/www.mugavero.it\/tr\/#organization","name":"Mugavero Fertilizzanti","url":"https:\/\/www.mugavero.it\/tr\/","logo":{"@type":"ImageObject","inLanguage":"tr","@id":"https:\/\/www.mugavero.it\/tr\/#\/schema\/logo\/image\/","url":"https:\/\/www.mugavero.it\/wp-content\/uploads\/2019\/03\/MUGAVERO-LOGO-ita.png","contentUrl":"https:\/\/www.mugavero.it\/wp-content\/uploads\/2019\/03\/MUGAVERO-LOGO-ita.png","width":1000,"height":656,"caption":"Mugavero Fertilizzanti"},"image":{"@id":"https:\/\/www.mugavero.it\/tr\/#\/schema\/logo\/image\/"},"sameAs":["https:\/\/www.facebook.com\/mugaverofertilizers\/","https:\/\/www.instagram.com\/mugaverofertilizers\/","https:\/\/www.linkedin.com\/company\/mugavero-fertilizers-official\/","https:\/\/www.youtube.com\/channel\/UCcVmJoiUaqBv_pMIGSe6E2A"]}]}},"_links":{"self":[{"href":"https:\/\/www.mugavero.it\/tr\/wp-json\/wp\/v2\/product\/2849"}],"collection":[{"href":"https:\/\/www.mugavero.it\/tr\/wp-json\/wp\/v2\/product"}],"about":[{"href":"https:\/\/www.mugavero.it\/tr\/wp-json\/wp\/v2\/types\/product"}],"wp:featuredmedia":[{"embeddable":true,"href":"https:\/\/www.mugavero.it\/tr\/wp-json\/wp\/v2\/media\/8347"}],"wp:attachment":[{"href":"https:\/\/www.mugavero.it\/tr\/wp-json\/wp\/v2\/media?parent=2849"}],"curies":[{"name":"wp","href":"https:\/\/api.w.org\/{rel}","templated":true}]}}