{"id":2841,"date":"2019-01-15T09:57:10","date_gmt":"2019-03-04T12:25:36","guid":{"rendered":"https:\/\/www.mugavero.it\/?post_type=product&#038;p=2841"},"modified":"2024-10-21T15:18:37","modified_gmt":"2024-10-21T13:18:37","slug":"midotec-21-13-8","status":"publish","type":"product","link":"https:\/\/www.mugavero.it\/tr\/g\u00fcbre\/midotec-21-13-8\/","title":{"rendered":"MIDOTEC 21.13.8"},"content":{"rendered":"<p>MIDOTEC g\u00fcbreleri, nitrifikasyon inhibit\u00f6r\u00fc Disiandiamit\u00a0(DCD) i\u00e7eren yava\u015f sal\u0131n\u0131ml\u0131 gran\u00fcl NPK g\u00fcbrelerdir.<br \/>\nAzot bitkinin beslenmesi i\u00e7in hayat\u00eedir ve mahsul\u00fcn \u00fcretiminde y\u00fcksek performans sa\u011flar. Normalde topra\u011fa<br \/>\nuyguland\u0131klar\u0131nda g\u00fcbreler, b\u00fcy\u00fck bir azot kayb\u0131yla\u00a0kar\u015f\u0131la\u015f\u0131rlar. Neyse ki MIDOTEC \u00fcr\u00fcnlerinde nitrifikasyon<br \/>\ns\u00fcrecini yava\u015flatan DCD sayesinde bu kay\u0131p\u00a0b\u00fcy\u00fck oranda azalt\u0131lm\u0131\u015ft\u0131r. (Amonya\u011f\u0131n nitrik aside<br \/>\nd\u00f6n\u00fc\u015f\u00fcm\u00fc 8-12 hafta kadar geciktirilmektedir.)<\/p>\n<p>DCD,\u00a0nitrifikasyondan sorumlu nitrosomonas bakterilerini\u00a0tutar, b\u00f6ylece amonyum kaynakl\u0131 azot, nitrik azota d\u00f6n\u00fc\u015fmeden\u00a0\u00f6nce toprakta daha uzun s\u00fcre korunur. Bir\u00a0di\u011fer deyi\u015fle, normal \u015fartlarda u\u00e7acak ya da y\u0131kanacak<br \/>\nolan azot toprakta tutulur ve 8-12 hafta sonra bile bitki\u00a0i\u00e7in kullan\u0131labilir olur.<br \/>\nMIDOTEC\u2019in kullan\u0131m\u0131, azotun daha uzun s\u00fcre mevcut\u00a0olmas\u0131n\u0131 sa\u011flad\u0131\u011f\u0131ndan \u00e7ift\u00e7iye ekonomik olarak da<\/p>\n<p>avantaj sa\u011flamaktad\u0131r. B\u00f6ylece daha az azot g\u00fcbresi\u00a0kullan\u0131lacakt\u0131r.\u00a0\u201cMade in Italy\u201d MIDOTEC, Avrupa Komisyonun CO2\u00a0sal\u0131n\u0131m\u0131n\u0131 azaltmak konusundaki y\u00f6nergesiyle uyumludur,\u00a0yani \u00e7evreye dosttur.<br \/>\nBu \u00fcr\u00fcn t\u00fcm y\u00fczeye ya da belirli b\u00f6lgelere alt ya da \u00fcst\u00a0g\u00fcbre olarak uygulanabilir.<br \/>\n* Form\u00fclasyonda DCD&#8217;ye bir alternatif olarak DMPP\u00a03.4 (dimetil pirazol fosfat) kullanmak m\u00fcmk\u00fcnd\u00fcr.<\/p>\n","protected":false},"excerpt":{"rendered":"<p>NPK 21-13-8 + 2 MgO + 7 SO3<\/p>\n<p><img decoding=\"async\" class=\"alignnone wp-image-1983\" src=\"https:\/\/www.mugavero.it\/wp-content\/uploads\/2017\/01\/rafia.png\" alt=\"\" width=\"30\" height=\"30\" srcset=\"https:\/\/www.mugavero.it\/wp-content\/uploads\/2017\/01\/rafia.png 120w, https:\/\/www.mugavero.it\/wp-content\/uploads\/2017\/01\/rafia-100x100.png 100w\" sizes=\"(max-width: 30px) 100vw, 30px\" \/>Polietilen torbalarda<\/p>\n<p><img decoding=\"async\" class=\"alignnone wp-image-1981\" src=\"https:\/\/www.mugavero.it\/wp-content\/uploads\/2017\/01\/peso.png\" alt=\"\" width=\"30\" height=\"30\" srcset=\"https:\/\/www.mugavero.it\/wp-content\/uploads\/2017\/01\/peso.png 120w, https:\/\/www.mugavero.it\/wp-content\/uploads\/2017\/01\/peso-100x100.png 100w\" sizes=\"(max-width: 30px) 100vw, 30px\" \/>25kg<\/p>\n<p><img decoding=\"async\" class=\"alignnone wp-image-1979\" src=\"https:\/\/www.mugavero.it\/wp-content\/uploads\/2017\/01\/GRANULAR.png\" alt=\"\" width=\"30\" height=\"30\" srcset=\"https:\/\/www.mugavero.it\/wp-content\/uploads\/2017\/01\/GRANULAR.png 120w, https:\/\/www.mugavero.it\/wp-content\/uploads\/2017\/01\/GRANULAR-100x100.png 100w\" sizes=\"(max-width: 30px) 100vw, 30px\" \/>Gran\u00fcl\u00a0(iste\u011fe g\u00f6re damla sulama)<\/p>\n<p>&nbsp;<\/p>\n","protected":false},"featured_media":11892,"template":"","meta":{"_exactmetrics_skip_tracking":false,"_exactmetrics_sitenote_active":false,"_exactmetrics_sitenote_note":"","_exactmetrics_sitenote_category":0},"yoast_head":"<!-- This site is optimized with the Yoast SEO plugin v23.4 - https:\/\/yoast.com\/wordpress\/plugins\/seo\/ -->\n<title>MIDOTEC 21.13.8 | Mugavero<\/title>\n<meta name=\"robots\" content=\"index, follow, max-snippet:-1, max-image-preview:large, max-video-preview:-1\" \/>\n<link rel=\"canonical\" href=\"https:\/\/www.mugavero.it\/tr\/g\u00fcbre\/midotec-21-13-8\/\" \/>\n<meta property=\"og:locale\" content=\"tr_TR\" \/>\n<meta property=\"og:type\" content=\"article\" \/>\n<meta property=\"og:title\" content=\"MIDOTEC 21.13.8 | Mugavero\" \/>\n<meta property=\"og:description\" content=\"NPK 21-13-8 + 2 MgO + 7 SO3  Polietilen torbalarda  25kg  Gran\u00fcl\u00a0(iste\u011fe g\u00f6re damla sulama)  &nbsp;\" \/>\n<meta property=\"og:url\" content=\"https:\/\/www.mugavero.it\/tr\/g\u00fcbre\/midotec-21-13-8\/\" \/>\n<meta property=\"og:site_name\" content=\"Mugavero\" \/>\n<meta property=\"article:publisher\" content=\"https:\/\/www.facebook.com\/mugaverofertilizers\/\" \/>\n<meta property=\"article:modified_time\" content=\"2024-10-21T13:18:37+00:00\" \/>\n<meta property=\"og:image\" content=\"https:\/\/www.mugavero.it\/wp-content\/uploads\/2023\/11\/midotec.png\" \/>\n\t<meta property=\"og:image:width\" content=\"1378\" \/>\n\t<meta property=\"og:image:height\" content=\"1733\" \/>\n\t<meta property=\"og:image:type\" content=\"image\/png\" \/>\n<meta name=\"twitter:card\" content=\"summary_large_image\" \/>\n<meta name=\"twitter:label1\" content=\"Tahmini okuma s\u00fcresi\" \/>\n\t<meta name=\"twitter:data1\" content=\"2 dakika\" \/>\n<script type=\"application\/ld+json\" class=\"yoast-schema-graph\">{\"@context\":\"https:\/\/schema.org\",\"@graph\":[{\"@type\":\"WebPage\",\"@id\":\"https:\/\/www.mugavero.it\/tr\/g\u00fcbre\/midotec-21-13-8\/\",\"url\":\"https:\/\/www.mugavero.it\/tr\/g\u00fcbre\/midotec-21-13-8\/\",\"name\":\"MIDOTEC 21.13.8 | Mugavero\",\"isPartOf\":{\"@id\":\"https:\/\/www.mugavero.it\/tr\/#website\"},\"primaryImageOfPage\":{\"@id\":\"https:\/\/www.mugavero.it\/tr\/g\u00fcbre\/midotec-21-13-8\/#primaryimage\"},\"image\":{\"@id\":\"https:\/\/www.mugavero.it\/tr\/g\u00fcbre\/midotec-21-13-8\/#primaryimage\"},\"thumbnailUrl\":\"https:\/\/www.mugavero.it\/wp-content\/uploads\/2023\/11\/midotec.png\",\"datePublished\":\"2019-03-04T12:25:36+00:00\",\"dateModified\":\"2024-10-21T13:18:37+00:00\",\"breadcrumb\":{\"@id\":\"https:\/\/www.mugavero.it\/tr\/g\u00fcbre\/midotec-21-13-8\/#breadcrumb\"},\"inLanguage\":\"tr\",\"potentialAction\":[{\"@type\":\"ReadAction\",\"target\":[\"https:\/\/www.mugavero.it\/tr\/g\u00fcbre\/midotec-21-13-8\/\"]}]},{\"@type\":\"ImageObject\",\"inLanguage\":\"tr\",\"@id\":\"https:\/\/www.mugavero.it\/tr\/g\u00fcbre\/midotec-21-13-8\/#primaryimage\",\"url\":\"https:\/\/www.mugavero.it\/wp-content\/uploads\/2023\/11\/midotec.png\",\"contentUrl\":\"https:\/\/www.mugavero.it\/wp-content\/uploads\/2023\/11\/midotec.png\",\"width\":1378,\"height\":1733},{\"@type\":\"BreadcrumbList\",\"@id\":\"https:\/\/www.mugavero.it\/tr\/g\u00fcbre\/midotec-21-13-8\/#breadcrumb\",\"itemListElement\":[{\"@type\":\"ListItem\",\"position\":1,\"name\":\"Home\",\"item\":\"https:\/\/www.mugavero.it\/tr\/\"},{\"@type\":\"ListItem\",\"position\":2,\"name\":\"Catalogo\",\"item\":\"https:\/\/www.mugavero.it\/tr\/katalog\/\"},{\"@type\":\"ListItem\",\"position\":3,\"name\":\"MIDOTEC 21.13.8\"}]},{\"@type\":\"WebSite\",\"@id\":\"https:\/\/www.mugavero.it\/tr\/#website\",\"url\":\"https:\/\/www.mugavero.it\/tr\/\",\"name\":\"Mugavero Fertilizers\",\"description\":\"It&#039;s Green, White and Red\",\"publisher\":{\"@id\":\"https:\/\/www.mugavero.it\/tr\/#organization\"},\"potentialAction\":[{\"@type\":\"SearchAction\",\"target\":{\"@type\":\"EntryPoint\",\"urlTemplate\":\"https:\/\/www.mugavero.it\/tr\/?s={search_term_string}\"},\"query-input\":{\"@type\":\"PropertyValueSpecification\",\"valueRequired\":true,\"valueName\":\"search_term_string\"}}],\"inLanguage\":\"tr\"},{\"@type\":\"Organization\",\"@id\":\"https:\/\/www.mugavero.it\/tr\/#organization\",\"name\":\"Mugavero Fertilizzanti\",\"url\":\"https:\/\/www.mugavero.it\/tr\/\",\"logo\":{\"@type\":\"ImageObject\",\"inLanguage\":\"tr\",\"@id\":\"https:\/\/www.mugavero.it\/tr\/#\/schema\/logo\/image\/\",\"url\":\"https:\/\/www.mugavero.it\/wp-content\/uploads\/2019\/03\/MUGAVERO-LOGO-ita.png\",\"contentUrl\":\"https:\/\/www.mugavero.it\/wp-content\/uploads\/2019\/03\/MUGAVERO-LOGO-ita.png\",\"width\":1000,\"height\":656,\"caption\":\"Mugavero Fertilizzanti\"},\"image\":{\"@id\":\"https:\/\/www.mugavero.it\/tr\/#\/schema\/logo\/image\/\"},\"sameAs\":[\"https:\/\/www.facebook.com\/mugaverofertilizers\/\",\"https:\/\/www.instagram.com\/mugaverofertilizers\/\",\"https:\/\/www.linkedin.com\/company\/mugavero-fertilizers-official\/\",\"https:\/\/www.youtube.com\/channel\/UCcVmJoiUaqBv_pMIGSe6E2A\"]}]}<\/script>\n<!-- \/ Yoast SEO plugin. -->","yoast_head_json":{"title":"MIDOTEC 21.13.8 | Mugavero","robots":{"index":"index","follow":"follow","max-snippet":"max-snippet:-1","max-image-preview":"max-image-preview:large","max-video-preview":"max-video-preview:-1"},"canonical":"https:\/\/www.mugavero.it\/tr\/g\u00fcbre\/midotec-21-13-8\/","og_locale":"tr_TR","og_type":"article","og_title":"MIDOTEC 21.13.8 | Mugavero","og_description":"NPK 21-13-8 + 2 MgO + 7 SO3  Polietilen torbalarda  25kg  Gran\u00fcl\u00a0(iste\u011fe g\u00f6re damla sulama)  &nbsp;","og_url":"https:\/\/www.mugavero.it\/tr\/g\u00fcbre\/midotec-21-13-8\/","og_site_name":"Mugavero","article_publisher":"https:\/\/www.facebook.com\/mugaverofertilizers\/","article_modified_time":"2024-10-21T13:18:37+00:00","og_image":[{"width":1378,"height":1733,"url":"https:\/\/www.mugavero.it\/wp-content\/uploads\/2023\/11\/midotec.png","type":"image\/png"}],"twitter_card":"summary_large_image","twitter_misc":{"Tahmini okuma s\u00fcresi":"2 dakika"},"schema":{"@context":"https:\/\/schema.org","@graph":[{"@type":"WebPage","@id":"https:\/\/www.mugavero.it\/tr\/g\u00fcbre\/midotec-21-13-8\/","url":"https:\/\/www.mugavero.it\/tr\/g\u00fcbre\/midotec-21-13-8\/","name":"MIDOTEC 21.13.8 | Mugavero","isPartOf":{"@id":"https:\/\/www.mugavero.it\/tr\/#website"},"primaryImageOfPage":{"@id":"https:\/\/www.mugavero.it\/tr\/g\u00fcbre\/midotec-21-13-8\/#primaryimage"},"image":{"@id":"https:\/\/www.mugavero.it\/tr\/g\u00fcbre\/midotec-21-13-8\/#primaryimage"},"thumbnailUrl":"https:\/\/www.mugavero.it\/wp-content\/uploads\/2023\/11\/midotec.png","datePublished":"2019-03-04T12:25:36+00:00","dateModified":"2024-10-21T13:18:37+00:00","breadcrumb":{"@id":"https:\/\/www.mugavero.it\/tr\/g\u00fcbre\/midotec-21-13-8\/#breadcrumb"},"inLanguage":"tr","potentialAction":[{"@type":"ReadAction","target":["https:\/\/www.mugavero.it\/tr\/g\u00fcbre\/midotec-21-13-8\/"]}]},{"@type":"ImageObject","inLanguage":"tr","@id":"https:\/\/www.mugavero.it\/tr\/g\u00fcbre\/midotec-21-13-8\/#primaryimage","url":"https:\/\/www.mugavero.it\/wp-content\/uploads\/2023\/11\/midotec.png","contentUrl":"https:\/\/www.mugavero.it\/wp-content\/uploads\/2023\/11\/midotec.png","width":1378,"height":1733},{"@type":"BreadcrumbList","@id":"https:\/\/www.mugavero.it\/tr\/g\u00fcbre\/midotec-21-13-8\/#breadcrumb","itemListElement":[{"@type":"ListItem","position":1,"name":"Home","item":"https:\/\/www.mugavero.it\/tr\/"},{"@type":"ListItem","position":2,"name":"Catalogo","item":"https:\/\/www.mugavero.it\/tr\/katalog\/"},{"@type":"ListItem","position":3,"name":"MIDOTEC 21.13.8"}]},{"@type":"WebSite","@id":"https:\/\/www.mugavero.it\/tr\/#website","url":"https:\/\/www.mugavero.it\/tr\/","name":"Mugavero Fertilizers","description":"It&#039;s Green, White and Red","publisher":{"@id":"https:\/\/www.mugavero.it\/tr\/#organization"},"potentialAction":[{"@type":"SearchAction","target":{"@type":"EntryPoint","urlTemplate":"https:\/\/www.mugavero.it\/tr\/?s={search_term_string}"},"query-input":{"@type":"PropertyValueSpecification","valueRequired":true,"valueName":"search_term_string"}}],"inLanguage":"tr"},{"@type":"Organization","@id":"https:\/\/www.mugavero.it\/tr\/#organization","name":"Mugavero Fertilizzanti","url":"https:\/\/www.mugavero.it\/tr\/","logo":{"@type":"ImageObject","inLanguage":"tr","@id":"https:\/\/www.mugavero.it\/tr\/#\/schema\/logo\/image\/","url":"https:\/\/www.mugavero.it\/wp-content\/uploads\/2019\/03\/MUGAVERO-LOGO-ita.png","contentUrl":"https:\/\/www.mugavero.it\/wp-content\/uploads\/2019\/03\/MUGAVERO-LOGO-ita.png","width":1000,"height":656,"caption":"Mugavero Fertilizzanti"},"image":{"@id":"https:\/\/www.mugavero.it\/tr\/#\/schema\/logo\/image\/"},"sameAs":["https:\/\/www.facebook.com\/mugaverofertilizers\/","https:\/\/www.instagram.com\/mugaverofertilizers\/","https:\/\/www.linkedin.com\/company\/mugavero-fertilizers-official\/","https:\/\/www.youtube.com\/channel\/UCcVmJoiUaqBv_pMIGSe6E2A"]}]}},"_links":{"self":[{"href":"https:\/\/www.mugavero.it\/tr\/wp-json\/wp\/v2\/product\/2841"}],"collection":[{"href":"https:\/\/www.mugavero.it\/tr\/wp-json\/wp\/v2\/product"}],"about":[{"href":"https:\/\/www.mugavero.it\/tr\/wp-json\/wp\/v2\/types\/product"}],"wp:featuredmedia":[{"embeddable":true,"href":"https:\/\/www.mugavero.it\/tr\/wp-json\/wp\/v2\/media\/11892"}],"wp:attachment":[{"href":"https:\/\/www.mugavero.it\/tr\/wp-json\/wp\/v2\/media?parent=2841"}],"curies":[{"name":"wp","href":"https:\/\/api.w.org\/{rel}","templated":true}]}}