{"id":11883,"date":"2023-11-16T15:08:50","date_gmt":"2023-11-16T14:08:50","guid":{"rendered":"https:\/\/www.mugavero.it\/?post_type=product&#038;p=11883"},"modified":"2024-01-23T09:47:22","modified_gmt":"2024-01-23T08:47:22","slug":"battiria-est","status":"publish","type":"product","link":"https:\/\/www.mugavero.it\/tr\/g\u00fcbre\/battiria-est\/","title":{"rendered":"BATTIRIA Est"},"content":{"rendered":"","protected":false},"excerpt":{"rendered":"<p>Battiria Coating serisi, toprak mikrobiyotas\u0131na fayda sa\u011flayan do\u011fal biyoaktif molek\u00fcllerle kapl\u0131, yenilik\u00e7i M.A.S. teknolojisi* ile biyolojik olarak aktif hale getirilmi\u015f gran\u00fcl g\u00fcbreleri i\u00e7erir. Gran\u00fcl\u00fcn kaplanmas\u0131, g\u00fcbrenin verimlili\u011fini ve s\u00fcrd\u00fcr\u00fclebilirli\u011fini art\u0131r\u0131rken toprak mikrobiyal pop\u00fclasyonunun yeniden olu\u015fumunu te\u015fvik eder. T\u00fcm \u00fcr\u00fcnlerin taban ve \u00fcst g\u00fcbrelemesi i\u00e7in uygun olan BATTIRIA g\u00fcbreleri, sadece bitki b\u00fcy\u00fcmesini te\u015fvik eden bakterilerin (PGPR, \u00f6rne\u011fin Bacillus sp.) aktivitesini art\u0131rmakla kalmaz, ayn\u0131 zamanda biyotik ve abiyotik strese yan\u0131t olarak bitkinin savunmas\u0131n\u0131 da geli\u015ftirir.<\/p>\n<p>Mugavero&#8217;nun amac\u0131, daha fazla s\u00fcrd\u00fcr\u00fclebilirlik i\u00e7in verimlili\u011fini art\u0131rarak ve ayn\u0131 zamanda e\u015fit veya daha y\u00fcksek verimi garanti ederek kimyasal g\u00fcbre kullan\u0131m\u0131n\u0131 azaltmakt\u0131r.<\/p>\n<p><img decoding=\"async\" class=\"alignnone wp-image-7308\" src=\"https:\/\/www.mugavero.it\/wp-content\/uploads\/2019\/01\/SACCHETTO-1.png\" alt=\"\" width=\"41\" height=\"40\" srcset=\"https:\/\/www.mugavero.it\/wp-content\/uploads\/2019\/01\/SACCHETTO-1.png 418w, https:\/\/www.mugavero.it\/wp-content\/uploads\/2019\/01\/SACCHETTO-1-300x300.png 300w, https:\/\/www.mugavero.it\/wp-content\/uploads\/2019\/01\/SACCHETTO-1-150x150.png 150w, https:\/\/www.mugavero.it\/wp-content\/uploads\/2019\/01\/SACCHETTO-1-187x187.png 187w, https:\/\/www.mugavero.it\/wp-content\/uploads\/2019\/01\/SACCHETTO-1-100x100.png 100w\" sizes=\"(max-width: 41px) 100vw, 41px\" \/>25\/40 kg<\/p>\n<p><img decoding=\"async\" class=\"alignnone wp-image-7315\" src=\"https:\/\/www.mugavero.it\/wp-content\/uploads\/2019\/01\/SACCO-INDUSTRIALE.png\" alt=\"\" width=\"41\" height=\"41\" data-wp-editing=\"1\" srcset=\"https:\/\/www.mugavero.it\/wp-content\/uploads\/2019\/01\/SACCO-INDUSTRIALE.png 418w, https:\/\/www.mugavero.it\/wp-content\/uploads\/2019\/01\/SACCO-INDUSTRIALE-300x300.png 300w, https:\/\/www.mugavero.it\/wp-content\/uploads\/2019\/01\/SACCO-INDUSTRIALE-150x150.png 150w, https:\/\/www.mugavero.it\/wp-content\/uploads\/2019\/01\/SACCO-INDUSTRIALE-187x187.png 187w, https:\/\/www.mugavero.it\/wp-content\/uploads\/2019\/01\/SACCO-INDUSTRIALE-100x100.png 100w\" sizes=\"(max-width: 41px) 100vw, 41px\" \/> 600 kg<\/p>\n<p><img decoding=\"async\" class=\"alignnone wp-image-7301\" src=\"https:\/\/www.mugavero.it\/wp-content\/uploads\/2019\/01\/MECCANICA.png\" alt=\"\" width=\"41\" height=\"41\" srcset=\"https:\/\/www.mugavero.it\/wp-content\/uploads\/2019\/01\/MECCANICA.png 418w, https:\/\/www.mugavero.it\/wp-content\/uploads\/2019\/01\/MECCANICA-300x300.png 300w, https:\/\/www.mugavero.it\/wp-content\/uploads\/2019\/01\/MECCANICA-150x150.png 150w, https:\/\/www.mugavero.it\/wp-content\/uploads\/2019\/01\/MECCANICA-187x187.png 187w, https:\/\/www.mugavero.it\/wp-content\/uploads\/2019\/01\/MECCANICA-100x100.png 100w\" sizes=\"(max-width: 41px) 100vw, 41px\" \/>mekanik uygulama<\/p>\n<p><img decoding=\"async\" class=\"alignnone wp-image-7329\" src=\"https:\/\/www.mugavero.it\/wp-content\/uploads\/2019\/01\/LENTO-RILASCIO.png\" alt=\"\" width=\"41\" height=\"41\" srcset=\"https:\/\/www.mugavero.it\/wp-content\/uploads\/2019\/01\/LENTO-RILASCIO.png 418w, https:\/\/www.mugavero.it\/wp-content\/uploads\/2019\/01\/LENTO-RILASCIO-300x300.png 300w, https:\/\/www.mugavero.it\/wp-content\/uploads\/2019\/01\/LENTO-RILASCIO-150x150.png 150w, https:\/\/www.mugavero.it\/wp-content\/uploads\/2019\/01\/LENTO-RILASCIO-187x187.png 187w, https:\/\/www.mugavero.it\/wp-content\/uploads\/2019\/01\/LENTO-RILASCIO-100x100.png 100w\" sizes=\"(max-width: 41px) 100vw, 41px\" \/>yava\u015f sal\u0131n\u0131ml\u0131<\/p>\n","protected":false},"featured_media":11803,"template":"","meta":{"_exactmetrics_skip_tracking":false,"_exactmetrics_sitenote_active":false,"_exactmetrics_sitenote_note":"","_exactmetrics_sitenote_category":0},"yoast_head":"<!-- This site is optimized with the Yoast SEO plugin v23.4 - https:\/\/yoast.com\/wordpress\/plugins\/seo\/ -->\n<title>BATTIRIA Est | Mugavero<\/title>\n<meta name=\"description\" content=\"Battiria Coating serisi, toprak mikrobiyotas\u0131na fayda sa\u011flayan do\u011fal biyoaktif molek\u00fcllerle kapl\u0131, yenilik\u00e7i M.A.S. teknolojisi* (...)\" \/>\n<meta name=\"robots\" content=\"index, follow, max-snippet:-1, max-image-preview:large, max-video-preview:-1\" \/>\n<link rel=\"canonical\" href=\"https:\/\/www.mugavero.it\/tr\/g\u00fcbre\/battiria-est\/\" \/>\n<meta property=\"og:locale\" content=\"tr_TR\" \/>\n<meta property=\"og:type\" content=\"article\" \/>\n<meta property=\"og:title\" content=\"BATTIRIA Est | Mugavero\" \/>\n<meta property=\"og:description\" content=\"Battiria Coating serisi, toprak mikrobiyotas\u0131na fayda sa\u011flayan do\u011fal biyoaktif molek\u00fcllerle kapl\u0131, yenilik\u00e7i M.A.S. teknolojisi* (...)\" \/>\n<meta property=\"og:url\" content=\"https:\/\/www.mugavero.it\/tr\/g\u00fcbre\/battiria-est\/\" \/>\n<meta property=\"og:site_name\" content=\"Mugavero\" \/>\n<meta property=\"article:publisher\" content=\"https:\/\/www.facebook.com\/mugaverofertilizers\/\" \/>\n<meta property=\"article:modified_time\" content=\"2024-01-23T08:47:22+00:00\" \/>\n<meta property=\"og:image\" content=\"https:\/\/www.mugavero.it\/wp-content\/uploads\/2023\/09\/battiria-coating-png.png\" \/>\n\t<meta property=\"og:image:width\" content=\"1378\" \/>\n\t<meta property=\"og:image:height\" content=\"1733\" \/>\n\t<meta property=\"og:image:type\" content=\"image\/png\" \/>\n<meta name=\"twitter:card\" content=\"summary_large_image\" \/>\n<meta name=\"twitter:label1\" content=\"Tahmini okuma s\u00fcresi\" \/>\n\t<meta name=\"twitter:data1\" content=\"1 dakika\" \/>\n<script type=\"application\/ld+json\" class=\"yoast-schema-graph\">{\"@context\":\"https:\/\/schema.org\",\"@graph\":[{\"@type\":\"WebPage\",\"@id\":\"https:\/\/www.mugavero.it\/tr\/g\u00fcbre\/battiria-est\/\",\"url\":\"https:\/\/www.mugavero.it\/tr\/g\u00fcbre\/battiria-est\/\",\"name\":\"BATTIRIA Est | Mugavero\",\"isPartOf\":{\"@id\":\"https:\/\/www.mugavero.it\/tr\/#website\"},\"primaryImageOfPage\":{\"@id\":\"https:\/\/www.mugavero.it\/tr\/g\u00fcbre\/battiria-est\/#primaryimage\"},\"image\":{\"@id\":\"https:\/\/www.mugavero.it\/tr\/g\u00fcbre\/battiria-est\/#primaryimage\"},\"thumbnailUrl\":\"https:\/\/www.mugavero.it\/wp-content\/uploads\/2023\/09\/battiria-coating-png.png\",\"datePublished\":\"2023-11-16T14:08:50+00:00\",\"dateModified\":\"2024-01-23T08:47:22+00:00\",\"description\":\"Battiria Coating serisi, toprak mikrobiyotas\u0131na fayda sa\u011flayan do\u011fal biyoaktif molek\u00fcllerle kapl\u0131, yenilik\u00e7i M.A.S. teknolojisi* (...)\",\"breadcrumb\":{\"@id\":\"https:\/\/www.mugavero.it\/tr\/g\u00fcbre\/battiria-est\/#breadcrumb\"},\"inLanguage\":\"tr\",\"potentialAction\":[{\"@type\":\"ReadAction\",\"target\":[\"https:\/\/www.mugavero.it\/tr\/g\u00fcbre\/battiria-est\/\"]}]},{\"@type\":\"ImageObject\",\"inLanguage\":\"tr\",\"@id\":\"https:\/\/www.mugavero.it\/tr\/g\u00fcbre\/battiria-est\/#primaryimage\",\"url\":\"https:\/\/www.mugavero.it\/wp-content\/uploads\/2023\/09\/battiria-coating-png.png\",\"contentUrl\":\"https:\/\/www.mugavero.it\/wp-content\/uploads\/2023\/09\/battiria-coating-png.png\",\"width\":1378,\"height\":1733},{\"@type\":\"BreadcrumbList\",\"@id\":\"https:\/\/www.mugavero.it\/tr\/g\u00fcbre\/battiria-est\/#breadcrumb\",\"itemListElement\":[{\"@type\":\"ListItem\",\"position\":1,\"name\":\"Home\",\"item\":\"https:\/\/www.mugavero.it\/tr\/\"},{\"@type\":\"ListItem\",\"position\":2,\"name\":\"Catalogo\",\"item\":\"https:\/\/www.mugavero.it\/tr\/katalog\/\"},{\"@type\":\"ListItem\",\"position\":3,\"name\":\"BATTIRIA Est\"}]},{\"@type\":\"WebSite\",\"@id\":\"https:\/\/www.mugavero.it\/tr\/#website\",\"url\":\"https:\/\/www.mugavero.it\/tr\/\",\"name\":\"Mugavero Fertilizers\",\"description\":\"It&#039;s Green, White and Red\",\"publisher\":{\"@id\":\"https:\/\/www.mugavero.it\/tr\/#organization\"},\"potentialAction\":[{\"@type\":\"SearchAction\",\"target\":{\"@type\":\"EntryPoint\",\"urlTemplate\":\"https:\/\/www.mugavero.it\/tr\/?s={search_term_string}\"},\"query-input\":{\"@type\":\"PropertyValueSpecification\",\"valueRequired\":true,\"valueName\":\"search_term_string\"}}],\"inLanguage\":\"tr\"},{\"@type\":\"Organization\",\"@id\":\"https:\/\/www.mugavero.it\/tr\/#organization\",\"name\":\"Mugavero Fertilizzanti\",\"url\":\"https:\/\/www.mugavero.it\/tr\/\",\"logo\":{\"@type\":\"ImageObject\",\"inLanguage\":\"tr\",\"@id\":\"https:\/\/www.mugavero.it\/tr\/#\/schema\/logo\/image\/\",\"url\":\"https:\/\/www.mugavero.it\/wp-content\/uploads\/2019\/03\/MUGAVERO-LOGO-ita.png\",\"contentUrl\":\"https:\/\/www.mugavero.it\/wp-content\/uploads\/2019\/03\/MUGAVERO-LOGO-ita.png\",\"width\":1000,\"height\":656,\"caption\":\"Mugavero Fertilizzanti\"},\"image\":{\"@id\":\"https:\/\/www.mugavero.it\/tr\/#\/schema\/logo\/image\/\"},\"sameAs\":[\"https:\/\/www.facebook.com\/mugaverofertilizers\/\",\"https:\/\/www.instagram.com\/mugaverofertilizers\/\",\"https:\/\/www.linkedin.com\/company\/mugavero-fertilizers-official\/\",\"https:\/\/www.youtube.com\/channel\/UCcVmJoiUaqBv_pMIGSe6E2A\"]}]}<\/script>\n<!-- \/ Yoast SEO plugin. -->","yoast_head_json":{"title":"BATTIRIA Est | Mugavero","description":"Battiria Coating serisi, toprak mikrobiyotas\u0131na fayda sa\u011flayan do\u011fal biyoaktif molek\u00fcllerle kapl\u0131, yenilik\u00e7i M.A.S. teknolojisi* (...)","robots":{"index":"index","follow":"follow","max-snippet":"max-snippet:-1","max-image-preview":"max-image-preview:large","max-video-preview":"max-video-preview:-1"},"canonical":"https:\/\/www.mugavero.it\/tr\/g\u00fcbre\/battiria-est\/","og_locale":"tr_TR","og_type":"article","og_title":"BATTIRIA Est | Mugavero","og_description":"Battiria Coating serisi, toprak mikrobiyotas\u0131na fayda sa\u011flayan do\u011fal biyoaktif molek\u00fcllerle kapl\u0131, yenilik\u00e7i M.A.S. teknolojisi* (...)","og_url":"https:\/\/www.mugavero.it\/tr\/g\u00fcbre\/battiria-est\/","og_site_name":"Mugavero","article_publisher":"https:\/\/www.facebook.com\/mugaverofertilizers\/","article_modified_time":"2024-01-23T08:47:22+00:00","og_image":[{"width":1378,"height":1733,"url":"https:\/\/www.mugavero.it\/wp-content\/uploads\/2023\/09\/battiria-coating-png.png","type":"image\/png"}],"twitter_card":"summary_large_image","twitter_misc":{"Tahmini okuma s\u00fcresi":"1 dakika"},"schema":{"@context":"https:\/\/schema.org","@graph":[{"@type":"WebPage","@id":"https:\/\/www.mugavero.it\/tr\/g\u00fcbre\/battiria-est\/","url":"https:\/\/www.mugavero.it\/tr\/g\u00fcbre\/battiria-est\/","name":"BATTIRIA Est | Mugavero","isPartOf":{"@id":"https:\/\/www.mugavero.it\/tr\/#website"},"primaryImageOfPage":{"@id":"https:\/\/www.mugavero.it\/tr\/g\u00fcbre\/battiria-est\/#primaryimage"},"image":{"@id":"https:\/\/www.mugavero.it\/tr\/g\u00fcbre\/battiria-est\/#primaryimage"},"thumbnailUrl":"https:\/\/www.mugavero.it\/wp-content\/uploads\/2023\/09\/battiria-coating-png.png","datePublished":"2023-11-16T14:08:50+00:00","dateModified":"2024-01-23T08:47:22+00:00","description":"Battiria Coating serisi, toprak mikrobiyotas\u0131na fayda sa\u011flayan do\u011fal biyoaktif molek\u00fcllerle kapl\u0131, yenilik\u00e7i M.A.S. teknolojisi* (...)","breadcrumb":{"@id":"https:\/\/www.mugavero.it\/tr\/g\u00fcbre\/battiria-est\/#breadcrumb"},"inLanguage":"tr","potentialAction":[{"@type":"ReadAction","target":["https:\/\/www.mugavero.it\/tr\/g\u00fcbre\/battiria-est\/"]}]},{"@type":"ImageObject","inLanguage":"tr","@id":"https:\/\/www.mugavero.it\/tr\/g\u00fcbre\/battiria-est\/#primaryimage","url":"https:\/\/www.mugavero.it\/wp-content\/uploads\/2023\/09\/battiria-coating-png.png","contentUrl":"https:\/\/www.mugavero.it\/wp-content\/uploads\/2023\/09\/battiria-coating-png.png","width":1378,"height":1733},{"@type":"BreadcrumbList","@id":"https:\/\/www.mugavero.it\/tr\/g\u00fcbre\/battiria-est\/#breadcrumb","itemListElement":[{"@type":"ListItem","position":1,"name":"Home","item":"https:\/\/www.mugavero.it\/tr\/"},{"@type":"ListItem","position":2,"name":"Catalogo","item":"https:\/\/www.mugavero.it\/tr\/katalog\/"},{"@type":"ListItem","position":3,"name":"BATTIRIA Est"}]},{"@type":"WebSite","@id":"https:\/\/www.mugavero.it\/tr\/#website","url":"https:\/\/www.mugavero.it\/tr\/","name":"Mugavero Fertilizers","description":"It&#039;s Green, White and Red","publisher":{"@id":"https:\/\/www.mugavero.it\/tr\/#organization"},"potentialAction":[{"@type":"SearchAction","target":{"@type":"EntryPoint","urlTemplate":"https:\/\/www.mugavero.it\/tr\/?s={search_term_string}"},"query-input":{"@type":"PropertyValueSpecification","valueRequired":true,"valueName":"search_term_string"}}],"inLanguage":"tr"},{"@type":"Organization","@id":"https:\/\/www.mugavero.it\/tr\/#organization","name":"Mugavero Fertilizzanti","url":"https:\/\/www.mugavero.it\/tr\/","logo":{"@type":"ImageObject","inLanguage":"tr","@id":"https:\/\/www.mugavero.it\/tr\/#\/schema\/logo\/image\/","url":"https:\/\/www.mugavero.it\/wp-content\/uploads\/2019\/03\/MUGAVERO-LOGO-ita.png","contentUrl":"https:\/\/www.mugavero.it\/wp-content\/uploads\/2019\/03\/MUGAVERO-LOGO-ita.png","width":1000,"height":656,"caption":"Mugavero Fertilizzanti"},"image":{"@id":"https:\/\/www.mugavero.it\/tr\/#\/schema\/logo\/image\/"},"sameAs":["https:\/\/www.facebook.com\/mugaverofertilizers\/","https:\/\/www.instagram.com\/mugaverofertilizers\/","https:\/\/www.linkedin.com\/company\/mugavero-fertilizers-official\/","https:\/\/www.youtube.com\/channel\/UCcVmJoiUaqBv_pMIGSe6E2A"]}]}},"_links":{"self":[{"href":"https:\/\/www.mugavero.it\/tr\/wp-json\/wp\/v2\/product\/11883"}],"collection":[{"href":"https:\/\/www.mugavero.it\/tr\/wp-json\/wp\/v2\/product"}],"about":[{"href":"https:\/\/www.mugavero.it\/tr\/wp-json\/wp\/v2\/types\/product"}],"wp:featuredmedia":[{"embeddable":true,"href":"https:\/\/www.mugavero.it\/tr\/wp-json\/wp\/v2\/media\/11803"}],"wp:attachment":[{"href":"https:\/\/www.mugavero.it\/tr\/wp-json\/wp\/v2\/media?parent=11883"}],"curies":[{"name":"wp","href":"https:\/\/api.w.org\/{rel}","templated":true}]}}