{"id":11746,"date":"2019-04-11T15:48:55","date_gmt":"2019-04-11T13:48:55","guid":{"rendered":"https:\/\/www.mugavero.it\/fertilizzante\/aurea-formula\/"},"modified":"2024-10-21T15:10:38","modified_gmt":"2024-10-21T13:10:38","slug":"aurea-formula","status":"publish","type":"product","link":"https:\/\/www.mugavero.it\/tr\/g\u00fcbre\/aurea-formula\/","title":{"rendered":"Aurea Formula"},"content":{"rendered":"<p><span style=\"font-weight: 400;\">AUREA FORMULA, \u00fcreaz inhibit\u00f6r\u00fc olarak g\u00f6rev yapan NBPT, N-(n-Butil)tiyofosforik triamid i\u00e7eren s\u0131v\u0131 bir \u00e7\u00f6z\u00fcmd\u00fcr ve \u00fcre bazl\u0131 g\u00fcbrelerle y\u00fcksek de\u011ferli \u00fcr\u00fcnler olu\u015fturmak i\u00e7in katk\u0131 maddesi olarak kullan\u0131labilir. Bu \u00e7\u00f6z\u00fcm kolayca uygulanabilir ve yava\u015f sal\u0131n\u0131ml\u0131 g\u00fcbrelerin \u00fcretimi i\u00e7in uygundur.<\/span><\/p>\n<p><span style=\"font-weight: 400;\">\u00dcreaz enzimi do\u011fal olarak mantarlar ve toprak bakterileri taraf\u0131ndan \u00fcretilir. Uygulamadan hemen sonra \u00fcre hidrolizi ger\u00e7ekle\u015fir, \u00fcre amonyum karbonat ve amonya\u011fa d\u00f6n\u00fc\u015f\u00fcr, bunun %20&#8217;si buharla\u015f\u0131r.<\/span><\/p>\n<p><span style=\"font-weight: 400;\">\u00dcreaz inhibit\u00f6r\u00fc olan NBPT, \u00fcrenin amonyum azota d\u00f6n\u00fc\u015f\u00fcm\u00fcn\u00fc yava\u015flatarak \u00fcrenin toprak y\u00fczeyinde daha uzun s\u00fcre kalmas\u0131n\u0131 sa\u011flar ve toprakta y\u00fcksek amonyum konsantrasyonlar\u0131ndan kaynaklanan buharla\u015fma kay\u0131plar\u0131n\u0131 en aza indirir.<\/span><\/p>\n<p><b>Avantajlar:<\/b><\/p>\n<ul>\n<li style=\"font-weight: 400;\" aria-level=\"1\"><span style=\"font-weight: 400;\">Azot buharla\u015fma kay\u0131plar\u0131n\u0131n %50&#8217;ye kadar \u00f6nemli \u00f6l\u00e7\u00fcde azalt\u0131lmas\u0131<\/span><\/li>\n<li style=\"font-weight: 400;\" aria-level=\"1\"><span style=\"font-weight: 400;\">Bitkiler i\u00e7in ihtiya\u00e7lar\u0131na ve kritik a\u015famalara g\u00f6re orant\u0131l\u0131 olarak kolayca kullan\u0131labilir azot, en iyi \u00fcretim ve kalite i\u00e7in<\/span><\/li>\n<\/ul>\n","protected":false},"excerpt":{"rendered":"<p><span style=\"font-weight: 400;\">AUREA FORMULA, \u00fcreaz inhibit\u00f6r\u00fc olarak g\u00f6rev yapan ve y\u00fcksek de\u011ferli \u00fcr\u00fcnler olu\u015fturmak i\u00e7in \u00fcre bazl\u0131 g\u00fcbrelere katk\u0131 maddesi olarak kullan\u0131labilen NBPT, N-(n-B\u00fctil)tiyofosforik triamid i\u00e7eren s\u0131v\u0131 bir \u00e7\u00f6zeltidir. Bu \u00e7\u00f6zelti kolayca uygulan\u0131r ve yava\u015f ger\u00e7ekle\u015fen g\u00fcbrelerin yap\u0131m\u0131 i\u00e7in uygundur.<\/span><\/p>\n<p><img decoding=\"async\" class=\"alignnone wp-image-1229\" src=\"https:\/\/www.mugavero.it\/wp-content\/uploads\/2019\/01\/azoflashr.png\" alt=\"\" width=\"30\" height=\"30\" srcset=\"https:\/\/www.mugavero.it\/wp-content\/uploads\/2019\/01\/azoflashr.png 120w, https:\/\/www.mugavero.it\/wp-content\/uploads\/2019\/01\/azoflashr-100x100.png 100w\" sizes=\"(max-width: 30px) 100vw, 30px\" \/> <span style=\"font-weight: 400;\">Polietilen tanklar 1000 Litre<\/span><\/p>\n<p><img decoding=\"async\" class=\"alignnone wp-image-1230\" src=\"https:\/\/www.mugavero.it\/wp-content\/uploads\/2019\/01\/azoflashw.png\" alt=\"\" width=\"30\" height=\"30\" srcset=\"https:\/\/www.mugavero.it\/wp-content\/uploads\/2019\/01\/azoflashw.png 120w, https:\/\/www.mugavero.it\/wp-content\/uploads\/2019\/01\/azoflashw-100x100.png 100w\" sizes=\"(max-width: 30px) 100vw, 30px\" \/> <span style=\"font-weight: 400;\">1.000 (1,12 Kg\/L)<\/span><\/p>\n","protected":false},"featured_media":3670,"template":"","meta":{"_exactmetrics_skip_tracking":false,"_exactmetrics_sitenote_active":false,"_exactmetrics_sitenote_note":"","_exactmetrics_sitenote_category":0},"yoast_head":"<!-- This site is optimized with the Yoast SEO plugin v23.4 - https:\/\/yoast.com\/wordpress\/plugins\/seo\/ -->\n<title>Aurea Formula | Mugavero<\/title>\n<meta name=\"description\" content=\"AUREA FORMULA, \u00fcreaz inhibit\u00f6r\u00fc olarak g\u00f6rev yapan NBPT, N-(n-Butil)tiyofosforik triamid i\u00e7eren s\u0131v\u0131 bir \u00e7\u00f6z\u00fcmd\u00fcr ve \u00fcre bazl\u0131 g\u00fcbrelerle y\u00fcksek de\u011ferli\" \/>\n<meta name=\"robots\" content=\"index, follow, max-snippet:-1, max-image-preview:large, max-video-preview:-1\" \/>\n<link rel=\"canonical\" href=\"https:\/\/www.mugavero.it\/tr\/g\u00fcbre\/aurea-formula\/\" \/>\n<meta property=\"og:locale\" content=\"tr_TR\" \/>\n<meta property=\"og:type\" content=\"article\" \/>\n<meta property=\"og:title\" content=\"Aurea Formula | Mugavero\" \/>\n<meta property=\"og:description\" content=\"AUREA FORMULA, \u00fcreaz inhibit\u00f6r\u00fc olarak g\u00f6rev yapan NBPT, N-(n-Butil)tiyofosforik triamid i\u00e7eren s\u0131v\u0131 bir \u00e7\u00f6z\u00fcmd\u00fcr ve \u00fcre bazl\u0131 g\u00fcbrelerle y\u00fcksek de\u011ferli\" \/>\n<meta property=\"og:url\" content=\"https:\/\/www.mugavero.it\/tr\/g\u00fcbre\/aurea-formula\/\" \/>\n<meta property=\"og:site_name\" content=\"Mugavero\" \/>\n<meta property=\"article:publisher\" content=\"https:\/\/www.facebook.com\/mugaverofertilizers\/\" \/>\n<meta property=\"article:modified_time\" content=\"2024-10-21T13:10:38+00:00\" \/>\n<meta property=\"og:image\" content=\"https:\/\/www.mugavero.it\/wp-content\/uploads\/2019\/04\/AUREA-formula.png\" \/>\n\t<meta property=\"og:image:width\" content=\"1722\" \/>\n\t<meta property=\"og:image:height\" content=\"1722\" \/>\n\t<meta property=\"og:image:type\" content=\"image\/png\" \/>\n<meta name=\"twitter:card\" content=\"summary_large_image\" \/>\n<meta name=\"twitter:label1\" content=\"Tahmini okuma s\u00fcresi\" \/>\n\t<meta name=\"twitter:data1\" content=\"1 dakika\" \/>\n<script type=\"application\/ld+json\" class=\"yoast-schema-graph\">{\"@context\":\"https:\/\/schema.org\",\"@graph\":[{\"@type\":\"WebPage\",\"@id\":\"https:\/\/www.mugavero.it\/tr\/g\u00fcbre\/aurea-formula\/\",\"url\":\"https:\/\/www.mugavero.it\/tr\/g\u00fcbre\/aurea-formula\/\",\"name\":\"Aurea Formula | Mugavero\",\"isPartOf\":{\"@id\":\"https:\/\/www.mugavero.it\/tr\/#website\"},\"primaryImageOfPage\":{\"@id\":\"https:\/\/www.mugavero.it\/tr\/g\u00fcbre\/aurea-formula\/#primaryimage\"},\"image\":{\"@id\":\"https:\/\/www.mugavero.it\/tr\/g\u00fcbre\/aurea-formula\/#primaryimage\"},\"thumbnailUrl\":\"https:\/\/www.mugavero.it\/wp-content\/uploads\/2019\/04\/AUREA-formula.png\",\"datePublished\":\"2019-04-11T13:48:55+00:00\",\"dateModified\":\"2024-10-21T13:10:38+00:00\",\"description\":\"AUREA FORMULA, \u00fcreaz inhibit\u00f6r\u00fc olarak g\u00f6rev yapan NBPT, N-(n-Butil)tiyofosforik triamid i\u00e7eren s\u0131v\u0131 bir \u00e7\u00f6z\u00fcmd\u00fcr ve \u00fcre bazl\u0131 g\u00fcbrelerle y\u00fcksek de\u011ferli\",\"breadcrumb\":{\"@id\":\"https:\/\/www.mugavero.it\/tr\/g\u00fcbre\/aurea-formula\/#breadcrumb\"},\"inLanguage\":\"tr\",\"potentialAction\":[{\"@type\":\"ReadAction\",\"target\":[\"https:\/\/www.mugavero.it\/tr\/g\u00fcbre\/aurea-formula\/\"]}]},{\"@type\":\"ImageObject\",\"inLanguage\":\"tr\",\"@id\":\"https:\/\/www.mugavero.it\/tr\/g\u00fcbre\/aurea-formula\/#primaryimage\",\"url\":\"https:\/\/www.mugavero.it\/wp-content\/uploads\/2019\/04\/AUREA-formula.png\",\"contentUrl\":\"https:\/\/www.mugavero.it\/wp-content\/uploads\/2019\/04\/AUREA-formula.png\",\"width\":1722,\"height\":1722},{\"@type\":\"BreadcrumbList\",\"@id\":\"https:\/\/www.mugavero.it\/tr\/g\u00fcbre\/aurea-formula\/#breadcrumb\",\"itemListElement\":[{\"@type\":\"ListItem\",\"position\":1,\"name\":\"Home\",\"item\":\"https:\/\/www.mugavero.it\/tr\/\"},{\"@type\":\"ListItem\",\"position\":2,\"name\":\"Catalogo\",\"item\":\"https:\/\/www.mugavero.it\/tr\/katalog\/\"},{\"@type\":\"ListItem\",\"position\":3,\"name\":\"Aurea Formula\"}]},{\"@type\":\"WebSite\",\"@id\":\"https:\/\/www.mugavero.it\/tr\/#website\",\"url\":\"https:\/\/www.mugavero.it\/tr\/\",\"name\":\"Mugavero Fertilizers\",\"description\":\"It&#039;s Green, White and Red\",\"publisher\":{\"@id\":\"https:\/\/www.mugavero.it\/tr\/#organization\"},\"potentialAction\":[{\"@type\":\"SearchAction\",\"target\":{\"@type\":\"EntryPoint\",\"urlTemplate\":\"https:\/\/www.mugavero.it\/tr\/?s={search_term_string}\"},\"query-input\":{\"@type\":\"PropertyValueSpecification\",\"valueRequired\":true,\"valueName\":\"search_term_string\"}}],\"inLanguage\":\"tr\"},{\"@type\":\"Organization\",\"@id\":\"https:\/\/www.mugavero.it\/tr\/#organization\",\"name\":\"Mugavero Fertilizzanti\",\"url\":\"https:\/\/www.mugavero.it\/tr\/\",\"logo\":{\"@type\":\"ImageObject\",\"inLanguage\":\"tr\",\"@id\":\"https:\/\/www.mugavero.it\/tr\/#\/schema\/logo\/image\/\",\"url\":\"https:\/\/www.mugavero.it\/wp-content\/uploads\/2019\/03\/MUGAVERO-LOGO-ita.png\",\"contentUrl\":\"https:\/\/www.mugavero.it\/wp-content\/uploads\/2019\/03\/MUGAVERO-LOGO-ita.png\",\"width\":1000,\"height\":656,\"caption\":\"Mugavero Fertilizzanti\"},\"image\":{\"@id\":\"https:\/\/www.mugavero.it\/tr\/#\/schema\/logo\/image\/\"},\"sameAs\":[\"https:\/\/www.facebook.com\/mugaverofertilizers\/\",\"https:\/\/www.instagram.com\/mugaverofertilizers\/\",\"https:\/\/www.linkedin.com\/company\/mugavero-fertilizers-official\/\",\"https:\/\/www.youtube.com\/channel\/UCcVmJoiUaqBv_pMIGSe6E2A\"]}]}<\/script>\n<!-- \/ Yoast SEO plugin. -->","yoast_head_json":{"title":"Aurea Formula | Mugavero","description":"AUREA FORMULA, \u00fcreaz inhibit\u00f6r\u00fc olarak g\u00f6rev yapan NBPT, N-(n-Butil)tiyofosforik triamid i\u00e7eren s\u0131v\u0131 bir \u00e7\u00f6z\u00fcmd\u00fcr ve \u00fcre bazl\u0131 g\u00fcbrelerle y\u00fcksek de\u011ferli","robots":{"index":"index","follow":"follow","max-snippet":"max-snippet:-1","max-image-preview":"max-image-preview:large","max-video-preview":"max-video-preview:-1"},"canonical":"https:\/\/www.mugavero.it\/tr\/g\u00fcbre\/aurea-formula\/","og_locale":"tr_TR","og_type":"article","og_title":"Aurea Formula | Mugavero","og_description":"AUREA FORMULA, \u00fcreaz inhibit\u00f6r\u00fc olarak g\u00f6rev yapan NBPT, N-(n-Butil)tiyofosforik triamid i\u00e7eren s\u0131v\u0131 bir \u00e7\u00f6z\u00fcmd\u00fcr ve \u00fcre bazl\u0131 g\u00fcbrelerle y\u00fcksek de\u011ferli","og_url":"https:\/\/www.mugavero.it\/tr\/g\u00fcbre\/aurea-formula\/","og_site_name":"Mugavero","article_publisher":"https:\/\/www.facebook.com\/mugaverofertilizers\/","article_modified_time":"2024-10-21T13:10:38+00:00","og_image":[{"width":1722,"height":1722,"url":"https:\/\/www.mugavero.it\/wp-content\/uploads\/2019\/04\/AUREA-formula.png","type":"image\/png"}],"twitter_card":"summary_large_image","twitter_misc":{"Tahmini okuma s\u00fcresi":"1 dakika"},"schema":{"@context":"https:\/\/schema.org","@graph":[{"@type":"WebPage","@id":"https:\/\/www.mugavero.it\/tr\/g\u00fcbre\/aurea-formula\/","url":"https:\/\/www.mugavero.it\/tr\/g\u00fcbre\/aurea-formula\/","name":"Aurea Formula | Mugavero","isPartOf":{"@id":"https:\/\/www.mugavero.it\/tr\/#website"},"primaryImageOfPage":{"@id":"https:\/\/www.mugavero.it\/tr\/g\u00fcbre\/aurea-formula\/#primaryimage"},"image":{"@id":"https:\/\/www.mugavero.it\/tr\/g\u00fcbre\/aurea-formula\/#primaryimage"},"thumbnailUrl":"https:\/\/www.mugavero.it\/wp-content\/uploads\/2019\/04\/AUREA-formula.png","datePublished":"2019-04-11T13:48:55+00:00","dateModified":"2024-10-21T13:10:38+00:00","description":"AUREA FORMULA, \u00fcreaz inhibit\u00f6r\u00fc olarak g\u00f6rev yapan NBPT, N-(n-Butil)tiyofosforik triamid i\u00e7eren s\u0131v\u0131 bir \u00e7\u00f6z\u00fcmd\u00fcr ve \u00fcre bazl\u0131 g\u00fcbrelerle y\u00fcksek de\u011ferli","breadcrumb":{"@id":"https:\/\/www.mugavero.it\/tr\/g\u00fcbre\/aurea-formula\/#breadcrumb"},"inLanguage":"tr","potentialAction":[{"@type":"ReadAction","target":["https:\/\/www.mugavero.it\/tr\/g\u00fcbre\/aurea-formula\/"]}]},{"@type":"ImageObject","inLanguage":"tr","@id":"https:\/\/www.mugavero.it\/tr\/g\u00fcbre\/aurea-formula\/#primaryimage","url":"https:\/\/www.mugavero.it\/wp-content\/uploads\/2019\/04\/AUREA-formula.png","contentUrl":"https:\/\/www.mugavero.it\/wp-content\/uploads\/2019\/04\/AUREA-formula.png","width":1722,"height":1722},{"@type":"BreadcrumbList","@id":"https:\/\/www.mugavero.it\/tr\/g\u00fcbre\/aurea-formula\/#breadcrumb","itemListElement":[{"@type":"ListItem","position":1,"name":"Home","item":"https:\/\/www.mugavero.it\/tr\/"},{"@type":"ListItem","position":2,"name":"Catalogo","item":"https:\/\/www.mugavero.it\/tr\/katalog\/"},{"@type":"ListItem","position":3,"name":"Aurea Formula"}]},{"@type":"WebSite","@id":"https:\/\/www.mugavero.it\/tr\/#website","url":"https:\/\/www.mugavero.it\/tr\/","name":"Mugavero Fertilizers","description":"It&#039;s Green, White and Red","publisher":{"@id":"https:\/\/www.mugavero.it\/tr\/#organization"},"potentialAction":[{"@type":"SearchAction","target":{"@type":"EntryPoint","urlTemplate":"https:\/\/www.mugavero.it\/tr\/?s={search_term_string}"},"query-input":{"@type":"PropertyValueSpecification","valueRequired":true,"valueName":"search_term_string"}}],"inLanguage":"tr"},{"@type":"Organization","@id":"https:\/\/www.mugavero.it\/tr\/#organization","name":"Mugavero Fertilizzanti","url":"https:\/\/www.mugavero.it\/tr\/","logo":{"@type":"ImageObject","inLanguage":"tr","@id":"https:\/\/www.mugavero.it\/tr\/#\/schema\/logo\/image\/","url":"https:\/\/www.mugavero.it\/wp-content\/uploads\/2019\/03\/MUGAVERO-LOGO-ita.png","contentUrl":"https:\/\/www.mugavero.it\/wp-content\/uploads\/2019\/03\/MUGAVERO-LOGO-ita.png","width":1000,"height":656,"caption":"Mugavero Fertilizzanti"},"image":{"@id":"https:\/\/www.mugavero.it\/tr\/#\/schema\/logo\/image\/"},"sameAs":["https:\/\/www.facebook.com\/mugaverofertilizers\/","https:\/\/www.instagram.com\/mugaverofertilizers\/","https:\/\/www.linkedin.com\/company\/mugavero-fertilizers-official\/","https:\/\/www.youtube.com\/channel\/UCcVmJoiUaqBv_pMIGSe6E2A"]}]}},"_links":{"self":[{"href":"https:\/\/www.mugavero.it\/tr\/wp-json\/wp\/v2\/product\/11746"}],"collection":[{"href":"https:\/\/www.mugavero.it\/tr\/wp-json\/wp\/v2\/product"}],"about":[{"href":"https:\/\/www.mugavero.it\/tr\/wp-json\/wp\/v2\/types\/product"}],"wp:featuredmedia":[{"embeddable":true,"href":"https:\/\/www.mugavero.it\/tr\/wp-json\/wp\/v2\/media\/3670"}],"wp:attachment":[{"href":"https:\/\/www.mugavero.it\/tr\/wp-json\/wp\/v2\/media?parent=11746"}],"curies":[{"name":"wp","href":"https:\/\/api.w.org\/{rel}","templated":true}]}}