{"id":11614,"date":"2023-07-19T16:51:46","date_gmt":"2023-07-19T14:51:46","guid":{"rendered":"https:\/\/www.mugavero.it\/?post_type=product&#038;p=11614"},"modified":"2024-07-17T12:59:35","modified_gmt":"2024-07-17T10:59:35","slug":"bvi-mugavero-biyostimulantlar","status":"publish","type":"product","link":"https:\/\/www.mugavero.it\/tr\/g\u00fcbre\/bvi-mugavero-biyostimulantlar\/","title":{"rendered":"B&#038;vi"},"content":{"rendered":"","protected":false},"excerpt":{"rendered":"<p><span style=\"font-weight: 400;\">B&amp;VI, bakteriler taraf\u0131ndan \u00fcretilen biyoaktif molek\u00fcller ve do\u011fal bitki \u00f6zleri i\u00e7eren,organik vejetatif geli\u015fimi te\u015fvik edici bir s\u0131v\u0131\u00a0 form\u00fclasyondur. Amino asitler, proteinler, karbonhidratlar vitaminler ve nitrojen i\u00e7erir.\u00a0 Do\u011fal fitohormonlar , \u00f6zellikle de sitokininler a\u00e7\u0131s\u0131ndan zengindir. \u00c7i\u00e7ek organ\u0131 olu\u015fumunu ve buna ba\u011fl\u0131 olarak meyve tutumunu h\u0131zland\u0131r\u0131r, meyve b\u00fcy\u00fckl\u00fc\u011f\u00fcn\u00fc ve sa\u011fl\u0131\u011f\u0131n\u0131 iyile\u015ftirir, bitkilerin fotosentetik ve metabolik verimlili\u011fini art\u0131r\u0131r.<\/span><\/p>\n<p><span style=\"font-weight: 400;\">Olas\u0131 do\u011fal meyve d\u00f6k\u00fclmesinden \u00f6nce, \u00e7i\u00e7ek organlar\u0131n\u0131n ve ta\u00e7 yapraklar\u0131n\u0131\u00a0 d\u00f6k\u00fclmesinin ortaya \u00e7\u0131kt\u0131\u011f\u0131 vejetatif b\u00fcy\u00fcme zaman\u0131\u00a0 m\u00fcdahale edilir.<\/span><\/p>\n","protected":false},"featured_media":11781,"template":"","meta":{"_exactmetrics_skip_tracking":false,"_exactmetrics_sitenote_active":false,"_exactmetrics_sitenote_note":"","_exactmetrics_sitenote_category":0},"yoast_head":"<!-- This site is optimized with the Yoast SEO plugin v23.4 - https:\/\/yoast.com\/wordpress\/plugins\/seo\/ -->\n<title>B&amp;vi | Mugavero | BiyoStim\u00fclantlar<\/title>\n<meta name=\"description\" content=\"B&amp;VI, bakteriler taraf\u0131ndan \u00fcretilen biyoaktif molek\u00fcller ve do\u011fal bitki \u00f6zleri i\u00e7eren s\u0131v\u0131 organik vejetatif geli\u015fimi te\u015fvik edici bir\" \/>\n<meta name=\"robots\" content=\"index, follow, max-snippet:-1, max-image-preview:large, max-video-preview:-1\" \/>\n<link rel=\"canonical\" href=\"https:\/\/www.mugavero.it\/tr\/g\u00fcbre\/bvi-mugavero-biyostimulantlar\/\" \/>\n<meta property=\"og:locale\" content=\"tr_TR\" \/>\n<meta property=\"og:type\" content=\"article\" \/>\n<meta property=\"og:title\" content=\"B&amp;vi | Mugavero | BiyoStim\u00fclantlar\" \/>\n<meta property=\"og:description\" content=\"B&amp;VI, bakteriler taraf\u0131ndan \u00fcretilen biyoaktif molek\u00fcller ve do\u011fal bitki \u00f6zleri i\u00e7eren s\u0131v\u0131 organik vejetatif geli\u015fimi te\u015fvik edici bir\" \/>\n<meta property=\"og:url\" content=\"https:\/\/www.mugavero.it\/tr\/g\u00fcbre\/bvi-mugavero-biyostimulantlar\/\" \/>\n<meta property=\"og:site_name\" content=\"Mugavero\" \/>\n<meta property=\"article:publisher\" content=\"https:\/\/www.facebook.com\/mugaverofertilizers\/\" \/>\n<meta property=\"article:modified_time\" content=\"2024-07-17T10:59:35+00:00\" \/>\n<meta property=\"og:image\" content=\"https:\/\/www.mugavero.it\/wp-content\/uploads\/2023\/02\/9-BVI-1024x1024.png\" \/>\n\t<meta property=\"og:image:width\" content=\"1024\" \/>\n\t<meta property=\"og:image:height\" content=\"1024\" \/>\n\t<meta property=\"og:image:type\" content=\"image\/png\" \/>\n<meta name=\"twitter:card\" content=\"summary_large_image\" \/>\n<meta name=\"twitter:label1\" content=\"Tahmini okuma s\u00fcresi\" \/>\n\t<meta name=\"twitter:data1\" content=\"1 dakika\" \/>\n<script type=\"application\/ld+json\" class=\"yoast-schema-graph\">{\"@context\":\"https:\/\/schema.org\",\"@graph\":[{\"@type\":\"WebPage\",\"@id\":\"https:\/\/www.mugavero.it\/tr\/g\u00fcbre\/bvi-mugavero-biyostimulantlar\/\",\"url\":\"https:\/\/www.mugavero.it\/tr\/g\u00fcbre\/bvi-mugavero-biyostimulantlar\/\",\"name\":\"B&vi | Mugavero | BiyoStim\u00fclantlar\",\"isPartOf\":{\"@id\":\"https:\/\/www.mugavero.it\/tr\/#website\"},\"primaryImageOfPage\":{\"@id\":\"https:\/\/www.mugavero.it\/tr\/g\u00fcbre\/bvi-mugavero-biyostimulantlar\/#primaryimage\"},\"image\":{\"@id\":\"https:\/\/www.mugavero.it\/tr\/g\u00fcbre\/bvi-mugavero-biyostimulantlar\/#primaryimage\"},\"thumbnailUrl\":\"https:\/\/www.mugavero.it\/wp-content\/uploads\/2023\/02\/9-BVI.png\",\"datePublished\":\"2023-07-19T14:51:46+00:00\",\"dateModified\":\"2024-07-17T10:59:35+00:00\",\"description\":\"B&VI, bakteriler taraf\u0131ndan \u00fcretilen biyoaktif molek\u00fcller ve do\u011fal bitki \u00f6zleri i\u00e7eren s\u0131v\u0131 organik vejetatif geli\u015fimi te\u015fvik edici bir\",\"breadcrumb\":{\"@id\":\"https:\/\/www.mugavero.it\/tr\/g\u00fcbre\/bvi-mugavero-biyostimulantlar\/#breadcrumb\"},\"inLanguage\":\"tr\",\"potentialAction\":[{\"@type\":\"ReadAction\",\"target\":[\"https:\/\/www.mugavero.it\/tr\/g\u00fcbre\/bvi-mugavero-biyostimulantlar\/\"]}]},{\"@type\":\"ImageObject\",\"inLanguage\":\"tr\",\"@id\":\"https:\/\/www.mugavero.it\/tr\/g\u00fcbre\/bvi-mugavero-biyostimulantlar\/#primaryimage\",\"url\":\"https:\/\/www.mugavero.it\/wp-content\/uploads\/2023\/02\/9-BVI.png\",\"contentUrl\":\"https:\/\/www.mugavero.it\/wp-content\/uploads\/2023\/02\/9-BVI.png\",\"width\":3000,\"height\":3000},{\"@type\":\"BreadcrumbList\",\"@id\":\"https:\/\/www.mugavero.it\/tr\/g\u00fcbre\/bvi-mugavero-biyostimulantlar\/#breadcrumb\",\"itemListElement\":[{\"@type\":\"ListItem\",\"position\":1,\"name\":\"Home\",\"item\":\"https:\/\/www.mugavero.it\/tr\/\"},{\"@type\":\"ListItem\",\"position\":2,\"name\":\"Catalogo\",\"item\":\"https:\/\/www.mugavero.it\/tr\/katalog\/\"},{\"@type\":\"ListItem\",\"position\":3,\"name\":\"B&#038;vi\"}]},{\"@type\":\"WebSite\",\"@id\":\"https:\/\/www.mugavero.it\/tr\/#website\",\"url\":\"https:\/\/www.mugavero.it\/tr\/\",\"name\":\"Mugavero Fertilizers\",\"description\":\"It&#039;s Green, White and Red\",\"publisher\":{\"@id\":\"https:\/\/www.mugavero.it\/tr\/#organization\"},\"potentialAction\":[{\"@type\":\"SearchAction\",\"target\":{\"@type\":\"EntryPoint\",\"urlTemplate\":\"https:\/\/www.mugavero.it\/tr\/?s={search_term_string}\"},\"query-input\":{\"@type\":\"PropertyValueSpecification\",\"valueRequired\":true,\"valueName\":\"search_term_string\"}}],\"inLanguage\":\"tr\"},{\"@type\":\"Organization\",\"@id\":\"https:\/\/www.mugavero.it\/tr\/#organization\",\"name\":\"Mugavero Fertilizzanti\",\"url\":\"https:\/\/www.mugavero.it\/tr\/\",\"logo\":{\"@type\":\"ImageObject\",\"inLanguage\":\"tr\",\"@id\":\"https:\/\/www.mugavero.it\/tr\/#\/schema\/logo\/image\/\",\"url\":\"https:\/\/www.mugavero.it\/wp-content\/uploads\/2019\/03\/MUGAVERO-LOGO-ita.png\",\"contentUrl\":\"https:\/\/www.mugavero.it\/wp-content\/uploads\/2019\/03\/MUGAVERO-LOGO-ita.png\",\"width\":1000,\"height\":656,\"caption\":\"Mugavero Fertilizzanti\"},\"image\":{\"@id\":\"https:\/\/www.mugavero.it\/tr\/#\/schema\/logo\/image\/\"},\"sameAs\":[\"https:\/\/www.facebook.com\/mugaverofertilizers\/\",\"https:\/\/www.instagram.com\/mugaverofertilizers\/\",\"https:\/\/www.linkedin.com\/company\/mugavero-fertilizers-official\/\",\"https:\/\/www.youtube.com\/channel\/UCcVmJoiUaqBv_pMIGSe6E2A\"]}]}<\/script>\n<!-- \/ Yoast SEO plugin. -->","yoast_head_json":{"title":"B&vi | Mugavero | BiyoStim\u00fclantlar","description":"B&VI, bakteriler taraf\u0131ndan \u00fcretilen biyoaktif molek\u00fcller ve do\u011fal bitki \u00f6zleri i\u00e7eren s\u0131v\u0131 organik vejetatif geli\u015fimi te\u015fvik edici bir","robots":{"index":"index","follow":"follow","max-snippet":"max-snippet:-1","max-image-preview":"max-image-preview:large","max-video-preview":"max-video-preview:-1"},"canonical":"https:\/\/www.mugavero.it\/tr\/g\u00fcbre\/bvi-mugavero-biyostimulantlar\/","og_locale":"tr_TR","og_type":"article","og_title":"B&vi | Mugavero | BiyoStim\u00fclantlar","og_description":"B&VI, bakteriler taraf\u0131ndan \u00fcretilen biyoaktif molek\u00fcller ve do\u011fal bitki \u00f6zleri i\u00e7eren s\u0131v\u0131 organik vejetatif geli\u015fimi te\u015fvik edici bir","og_url":"https:\/\/www.mugavero.it\/tr\/g\u00fcbre\/bvi-mugavero-biyostimulantlar\/","og_site_name":"Mugavero","article_publisher":"https:\/\/www.facebook.com\/mugaverofertilizers\/","article_modified_time":"2024-07-17T10:59:35+00:00","og_image":[{"width":1024,"height":1024,"url":"https:\/\/www.mugavero.it\/wp-content\/uploads\/2023\/02\/9-BVI-1024x1024.png","type":"image\/png"}],"twitter_card":"summary_large_image","twitter_misc":{"Tahmini okuma s\u00fcresi":"1 dakika"},"schema":{"@context":"https:\/\/schema.org","@graph":[{"@type":"WebPage","@id":"https:\/\/www.mugavero.it\/tr\/g\u00fcbre\/bvi-mugavero-biyostimulantlar\/","url":"https:\/\/www.mugavero.it\/tr\/g\u00fcbre\/bvi-mugavero-biyostimulantlar\/","name":"B&vi | Mugavero | BiyoStim\u00fclantlar","isPartOf":{"@id":"https:\/\/www.mugavero.it\/tr\/#website"},"primaryImageOfPage":{"@id":"https:\/\/www.mugavero.it\/tr\/g\u00fcbre\/bvi-mugavero-biyostimulantlar\/#primaryimage"},"image":{"@id":"https:\/\/www.mugavero.it\/tr\/g\u00fcbre\/bvi-mugavero-biyostimulantlar\/#primaryimage"},"thumbnailUrl":"https:\/\/www.mugavero.it\/wp-content\/uploads\/2023\/02\/9-BVI.png","datePublished":"2023-07-19T14:51:46+00:00","dateModified":"2024-07-17T10:59:35+00:00","description":"B&VI, bakteriler taraf\u0131ndan \u00fcretilen biyoaktif molek\u00fcller ve do\u011fal bitki \u00f6zleri i\u00e7eren s\u0131v\u0131 organik vejetatif geli\u015fimi te\u015fvik edici bir","breadcrumb":{"@id":"https:\/\/www.mugavero.it\/tr\/g\u00fcbre\/bvi-mugavero-biyostimulantlar\/#breadcrumb"},"inLanguage":"tr","potentialAction":[{"@type":"ReadAction","target":["https:\/\/www.mugavero.it\/tr\/g\u00fcbre\/bvi-mugavero-biyostimulantlar\/"]}]},{"@type":"ImageObject","inLanguage":"tr","@id":"https:\/\/www.mugavero.it\/tr\/g\u00fcbre\/bvi-mugavero-biyostimulantlar\/#primaryimage","url":"https:\/\/www.mugavero.it\/wp-content\/uploads\/2023\/02\/9-BVI.png","contentUrl":"https:\/\/www.mugavero.it\/wp-content\/uploads\/2023\/02\/9-BVI.png","width":3000,"height":3000},{"@type":"BreadcrumbList","@id":"https:\/\/www.mugavero.it\/tr\/g\u00fcbre\/bvi-mugavero-biyostimulantlar\/#breadcrumb","itemListElement":[{"@type":"ListItem","position":1,"name":"Home","item":"https:\/\/www.mugavero.it\/tr\/"},{"@type":"ListItem","position":2,"name":"Catalogo","item":"https:\/\/www.mugavero.it\/tr\/katalog\/"},{"@type":"ListItem","position":3,"name":"B&#038;vi"}]},{"@type":"WebSite","@id":"https:\/\/www.mugavero.it\/tr\/#website","url":"https:\/\/www.mugavero.it\/tr\/","name":"Mugavero Fertilizers","description":"It&#039;s Green, White and Red","publisher":{"@id":"https:\/\/www.mugavero.it\/tr\/#organization"},"potentialAction":[{"@type":"SearchAction","target":{"@type":"EntryPoint","urlTemplate":"https:\/\/www.mugavero.it\/tr\/?s={search_term_string}"},"query-input":{"@type":"PropertyValueSpecification","valueRequired":true,"valueName":"search_term_string"}}],"inLanguage":"tr"},{"@type":"Organization","@id":"https:\/\/www.mugavero.it\/tr\/#organization","name":"Mugavero Fertilizzanti","url":"https:\/\/www.mugavero.it\/tr\/","logo":{"@type":"ImageObject","inLanguage":"tr","@id":"https:\/\/www.mugavero.it\/tr\/#\/schema\/logo\/image\/","url":"https:\/\/www.mugavero.it\/wp-content\/uploads\/2019\/03\/MUGAVERO-LOGO-ita.png","contentUrl":"https:\/\/www.mugavero.it\/wp-content\/uploads\/2019\/03\/MUGAVERO-LOGO-ita.png","width":1000,"height":656,"caption":"Mugavero Fertilizzanti"},"image":{"@id":"https:\/\/www.mugavero.it\/tr\/#\/schema\/logo\/image\/"},"sameAs":["https:\/\/www.facebook.com\/mugaverofertilizers\/","https:\/\/www.instagram.com\/mugaverofertilizers\/","https:\/\/www.linkedin.com\/company\/mugavero-fertilizers-official\/","https:\/\/www.youtube.com\/channel\/UCcVmJoiUaqBv_pMIGSe6E2A"]}]}},"_links":{"self":[{"href":"https:\/\/www.mugavero.it\/tr\/wp-json\/wp\/v2\/product\/11614"}],"collection":[{"href":"https:\/\/www.mugavero.it\/tr\/wp-json\/wp\/v2\/product"}],"about":[{"href":"https:\/\/www.mugavero.it\/tr\/wp-json\/wp\/v2\/types\/product"}],"wp:featuredmedia":[{"embeddable":true,"href":"https:\/\/www.mugavero.it\/tr\/wp-json\/wp\/v2\/media\/11781"}],"wp:attachment":[{"href":"https:\/\/www.mugavero.it\/tr\/wp-json\/wp\/v2\/media?parent=11614"}],"curies":[{"name":"wp","href":"https:\/\/api.w.org\/{rel}","templated":true}]}}