{"id":7007,"date":"2021-10-06T17:14:20","date_gmt":"2021-10-06T15:16:25","guid":{"rendered":"https:\/\/www.mugavero.it\/?post_type=product&#038;p=7007"},"modified":"2023-11-19T14:30:41","modified_gmt":"2023-11-19T13:30:41","slug":"niger-l","status":"publish","type":"product","link":"https:\/\/www.mugavero.it\/fr\/fertilizzante\/niger-l\/","title":{"rendered":"Niger L"},"content":{"rendered":"","protected":false},"excerpt":{"rendered":"<p>Niger L est un physioactivateur \u00e0 forte concentration en l\u00e9onardite id\u00e9al pour les traitements foliaires caract\u00e9ris\u00e9s par un pH acide qui am\u00e9liore sa p\u00e9n\u00e9tration dans les tissus v\u00e9g\u00e9taux.<\/p>\n<p class=\"p1\"><img decoding=\"async\" class=\"alignnone wp-image-7119\" src=\"https:\/\/www.mugavero.it\/wp-content\/uploads\/2021\/10\/BOTTIGLIA.png\" alt=\"\" width=\"42\" height=\"42\" srcset=\"https:\/\/www.mugavero.it\/wp-content\/uploads\/2021\/10\/BOTTIGLIA.png 238w, https:\/\/www.mugavero.it\/wp-content\/uploads\/2021\/10\/BOTTIGLIA-150x150.png 150w, https:\/\/www.mugavero.it\/wp-content\/uploads\/2021\/10\/BOTTIGLIA-187x187.png 187w, https:\/\/www.mugavero.it\/wp-content\/uploads\/2021\/10\/BOTTIGLIA-100x100.png 100w\" sizes=\"(max-width: 42px) 100vw, 42px\" \/>1\u00a0 \u00a0<img decoding=\"async\" class=\"alignnone wp-image-7111\" src=\"https:\/\/www.mugavero.it\/wp-content\/uploads\/2019\/10\/TANICA.png\" alt=\"\" width=\"38\" height=\"38\" srcset=\"https:\/\/www.mugavero.it\/wp-content\/uploads\/2019\/10\/TANICA.png 238w, https:\/\/www.mugavero.it\/wp-content\/uploads\/2019\/10\/TANICA-150x150.png 150w, https:\/\/www.mugavero.it\/wp-content\/uploads\/2019\/10\/TANICA-187x187.png 187w, https:\/\/www.mugavero.it\/wp-content\/uploads\/2019\/10\/TANICA-100x100.png 100w\" sizes=\"(max-width: 38px) 100vw, 38px\" \/>5\/20<\/p>\n<p class=\"p1\"><img decoding=\"async\" class=\"alignnone wp-image-7076 \" src=\"https:\/\/www.mugavero.it\/wp-content\/uploads\/2019\/01\/FOGLIARE.png\" alt=\"\" width=\"41\" height=\"41\" srcset=\"https:\/\/www.mugavero.it\/wp-content\/uploads\/2019\/01\/FOGLIARE.png 238w, https:\/\/www.mugavero.it\/wp-content\/uploads\/2019\/01\/FOGLIARE-150x150.png 150w, https:\/\/www.mugavero.it\/wp-content\/uploads\/2019\/01\/FOGLIARE-186x187.png 186w, https:\/\/www.mugavero.it\/wp-content\/uploads\/2019\/01\/FOGLIARE-100x100.png 100w\" sizes=\"(max-width: 41px) 100vw, 41px\" \/>Application foliaire<\/p>\n<p><img decoding=\"async\" class=\"alignnone wp-image-7097 \" src=\"https:\/\/www.mugavero.it\/wp-content\/uploads\/2019\/01\/ECO-SOSTENIBILE.png\" alt=\"\" width=\"36\" height=\"36\" srcset=\"https:\/\/www.mugavero.it\/wp-content\/uploads\/2019\/01\/ECO-SOSTENIBILE.png 238w, https:\/\/www.mugavero.it\/wp-content\/uploads\/2019\/01\/ECO-SOSTENIBILE-150x150.png 150w, https:\/\/www.mugavero.it\/wp-content\/uploads\/2019\/01\/ECO-SOSTENIBILE-187x187.png 187w, https:\/\/www.mugavero.it\/wp-content\/uploads\/2019\/01\/ECO-SOSTENIBILE-100x100.png 100w\" sizes=\"(max-width: 36px) 100vw, 36px\" \/> P<span class=\"s1\">ackaging ecosostenibile<\/span><\/p>\n<p><img decoding=\"async\" class=\"alignnone wp-image-7090 \" src=\"https:\/\/www.mugavero.it\/wp-content\/uploads\/2019\/01\/CONSENTITO-IN-BIO.png\" alt=\"\" width=\"32\" height=\"32\" srcset=\"https:\/\/www.mugavero.it\/wp-content\/uploads\/2019\/01\/CONSENTITO-IN-BIO.png 238w, https:\/\/www.mugavero.it\/wp-content\/uploads\/2019\/01\/CONSENTITO-IN-BIO-150x150.png 150w, https:\/\/www.mugavero.it\/wp-content\/uploads\/2019\/01\/CONSENTITO-IN-BIO-186x187.png 186w, https:\/\/www.mugavero.it\/wp-content\/uploads\/2019\/01\/CONSENTITO-IN-BIO-100x100.png 100w\" sizes=\"(max-width: 32px) 100vw, 32px\" \/> Autoris\u00e8 dans biologique<\/p>\n","protected":false},"featured_media":11835,"template":"","meta":{"_exactmetrics_skip_tracking":false,"_exactmetrics_sitenote_active":false,"_exactmetrics_sitenote_note":"","_exactmetrics_sitenote_category":0},"yoast_head":"<!-- This site is optimized with the Yoast SEO plugin v23.4 - https:\/\/yoast.com\/wordpress\/plugins\/seo\/ -->\n<title>Niger L | Mugavero<\/title>\n<meta name=\"description\" content=\"Niger L est un physioactivateur \u00e0 forte concentration en l\u00e9onardite id\u00e9al pour les traitements foliaires caract\u00e9ris\u00e9s par un pH acide\" \/>\n<meta name=\"robots\" content=\"index, follow, max-snippet:-1, max-image-preview:large, max-video-preview:-1\" \/>\n<link rel=\"canonical\" href=\"https:\/\/www.mugavero.it\/fertilizzante\/niger-l\/\" \/>\n<meta property=\"og:locale\" content=\"fr_FR\" \/>\n<meta property=\"og:type\" content=\"article\" \/>\n<meta property=\"og:title\" content=\"Niger L | Mugavero\" \/>\n<meta property=\"og:description\" content=\"Niger L est un physioactivateur \u00e0 forte concentration en l\u00e9onardite id\u00e9al pour les traitements foliaires caract\u00e9ris\u00e9s par un pH acide\" \/>\n<meta property=\"og:url\" content=\"https:\/\/www.mugavero.it\/fertilizzante\/niger-l\/\" \/>\n<meta property=\"og:site_name\" content=\"Mugavero\" \/>\n<meta property=\"article:publisher\" content=\"https:\/\/www.facebook.com\/mugaverofertilizers\/\" \/>\n<meta property=\"article:modified_time\" content=\"2023-11-19T13:30:41+00:00\" \/>\n<meta property=\"og:image\" content=\"https:\/\/www.mugavero.it\/wp-content\/uploads\/2021\/10\/5-NIGER-L.png\" \/>\n\t<meta property=\"og:image:width\" content=\"3000\" \/>\n\t<meta property=\"og:image:height\" content=\"3000\" \/>\n\t<meta property=\"og:image:type\" content=\"image\/png\" \/>\n<meta name=\"twitter:card\" content=\"summary_large_image\" \/>\n<script type=\"application\/ld+json\" class=\"yoast-schema-graph\">{\"@context\":\"https:\/\/schema.org\",\"@graph\":[{\"@type\":\"WebPage\",\"@id\":\"https:\/\/www.mugavero.it\/fertilizzante\/niger-l\/\",\"url\":\"https:\/\/www.mugavero.it\/fertilizzante\/niger-l\/\",\"name\":\"Niger L | Mugavero\",\"isPartOf\":{\"@id\":\"https:\/\/www.mugavero.it\/tr\/#website\"},\"primaryImageOfPage\":{\"@id\":\"https:\/\/www.mugavero.it\/fertilizzante\/niger-l\/#primaryimage\"},\"image\":{\"@id\":\"https:\/\/www.mugavero.it\/fertilizzante\/niger-l\/#primaryimage\"},\"thumbnailUrl\":\"https:\/\/www.mugavero.it\/wp-content\/uploads\/2021\/10\/5-NIGER-L.png\",\"datePublished\":\"2021-10-06T15:16:25+00:00\",\"dateModified\":\"2023-11-19T13:30:41+00:00\",\"description\":\"Niger L est un physioactivateur \u00e0 forte concentration en l\u00e9onardite id\u00e9al pour les traitements foliaires caract\u00e9ris\u00e9s par un pH acide\",\"breadcrumb\":{\"@id\":\"https:\/\/www.mugavero.it\/fertilizzante\/niger-l\/#breadcrumb\"},\"inLanguage\":\"fr-FR\",\"potentialAction\":[{\"@type\":\"ReadAction\",\"target\":[\"https:\/\/www.mugavero.it\/fertilizzante\/niger-l\/\"]}]},{\"@type\":\"ImageObject\",\"inLanguage\":\"fr-FR\",\"@id\":\"https:\/\/www.mugavero.it\/fertilizzante\/niger-l\/#primaryimage\",\"url\":\"https:\/\/www.mugavero.it\/wp-content\/uploads\/2021\/10\/5-NIGER-L.png\",\"contentUrl\":\"https:\/\/www.mugavero.it\/wp-content\/uploads\/2021\/10\/5-NIGER-L.png\",\"width\":3000,\"height\":3000},{\"@type\":\"BreadcrumbList\",\"@id\":\"https:\/\/www.mugavero.it\/fertilizzante\/niger-l\/#breadcrumb\",\"itemListElement\":[{\"@type\":\"ListItem\",\"position\":1,\"name\":\"Home\",\"item\":\"https:\/\/www.mugavero.it\/fr\/\"},{\"@type\":\"ListItem\",\"position\":2,\"name\":\"Catalogo\",\"item\":\"https:\/\/www.mugavero.it\/tr\/katalog\/\"},{\"@type\":\"ListItem\",\"position\":3,\"name\":\"Niger L\"}]},{\"@type\":\"WebSite\",\"@id\":\"https:\/\/www.mugavero.it\/tr\/#website\",\"url\":\"https:\/\/www.mugavero.it\/tr\/\",\"name\":\"Mugavero Fertilizers\",\"description\":\"It&#039;s Green, White and Red\",\"publisher\":{\"@id\":\"https:\/\/www.mugavero.it\/tr\/#organization\"},\"potentialAction\":[{\"@type\":\"SearchAction\",\"target\":{\"@type\":\"EntryPoint\",\"urlTemplate\":\"https:\/\/www.mugavero.it\/tr\/?s={search_term_string}\"},\"query-input\":{\"@type\":\"PropertyValueSpecification\",\"valueRequired\":true,\"valueName\":\"search_term_string\"}}],\"inLanguage\":\"fr-FR\"},{\"@type\":\"Organization\",\"@id\":\"https:\/\/www.mugavero.it\/tr\/#organization\",\"name\":\"Mugavero Fertilizzanti\",\"url\":\"https:\/\/www.mugavero.it\/tr\/\",\"logo\":{\"@type\":\"ImageObject\",\"inLanguage\":\"fr-FR\",\"@id\":\"https:\/\/www.mugavero.it\/tr\/#\/schema\/logo\/image\/\",\"url\":\"https:\/\/www.mugavero.it\/wp-content\/uploads\/2019\/03\/MUGAVERO-LOGO-ita.png\",\"contentUrl\":\"https:\/\/www.mugavero.it\/wp-content\/uploads\/2019\/03\/MUGAVERO-LOGO-ita.png\",\"width\":1000,\"height\":656,\"caption\":\"Mugavero Fertilizzanti\"},\"image\":{\"@id\":\"https:\/\/www.mugavero.it\/tr\/#\/schema\/logo\/image\/\"},\"sameAs\":[\"https:\/\/www.facebook.com\/mugaverofertilizers\/\",\"https:\/\/www.instagram.com\/mugaverofertilizers\/\",\"https:\/\/www.linkedin.com\/company\/mugavero-fertilizers-official\/\",\"https:\/\/www.youtube.com\/channel\/UCcVmJoiUaqBv_pMIGSe6E2A\"]}]}<\/script>\n<!-- \/ Yoast SEO plugin. -->","yoast_head_json":{"title":"Niger L | Mugavero","description":"Niger L est un physioactivateur \u00e0 forte concentration en l\u00e9onardite id\u00e9al pour les traitements foliaires caract\u00e9ris\u00e9s par un pH acide","robots":{"index":"index","follow":"follow","max-snippet":"max-snippet:-1","max-image-preview":"max-image-preview:large","max-video-preview":"max-video-preview:-1"},"canonical":"https:\/\/www.mugavero.it\/fertilizzante\/niger-l\/","og_locale":"fr_FR","og_type":"article","og_title":"Niger L | Mugavero","og_description":"Niger L est un physioactivateur \u00e0 forte concentration en l\u00e9onardite id\u00e9al pour les traitements foliaires caract\u00e9ris\u00e9s par un pH acide","og_url":"https:\/\/www.mugavero.it\/fertilizzante\/niger-l\/","og_site_name":"Mugavero","article_publisher":"https:\/\/www.facebook.com\/mugaverofertilizers\/","article_modified_time":"2023-11-19T13:30:41+00:00","og_image":[{"width":3000,"height":3000,"url":"https:\/\/www.mugavero.it\/wp-content\/uploads\/2021\/10\/5-NIGER-L.png","type":"image\/png"}],"twitter_card":"summary_large_image","schema":{"@context":"https:\/\/schema.org","@graph":[{"@type":"WebPage","@id":"https:\/\/www.mugavero.it\/fertilizzante\/niger-l\/","url":"https:\/\/www.mugavero.it\/fertilizzante\/niger-l\/","name":"Niger L | Mugavero","isPartOf":{"@id":"https:\/\/www.mugavero.it\/tr\/#website"},"primaryImageOfPage":{"@id":"https:\/\/www.mugavero.it\/fertilizzante\/niger-l\/#primaryimage"},"image":{"@id":"https:\/\/www.mugavero.it\/fertilizzante\/niger-l\/#primaryimage"},"thumbnailUrl":"https:\/\/www.mugavero.it\/wp-content\/uploads\/2021\/10\/5-NIGER-L.png","datePublished":"2021-10-06T15:16:25+00:00","dateModified":"2023-11-19T13:30:41+00:00","description":"Niger L est un physioactivateur \u00e0 forte concentration en l\u00e9onardite id\u00e9al pour les traitements foliaires caract\u00e9ris\u00e9s par un pH acide","breadcrumb":{"@id":"https:\/\/www.mugavero.it\/fertilizzante\/niger-l\/#breadcrumb"},"inLanguage":"fr-FR","potentialAction":[{"@type":"ReadAction","target":["https:\/\/www.mugavero.it\/fertilizzante\/niger-l\/"]}]},{"@type":"ImageObject","inLanguage":"fr-FR","@id":"https:\/\/www.mugavero.it\/fertilizzante\/niger-l\/#primaryimage","url":"https:\/\/www.mugavero.it\/wp-content\/uploads\/2021\/10\/5-NIGER-L.png","contentUrl":"https:\/\/www.mugavero.it\/wp-content\/uploads\/2021\/10\/5-NIGER-L.png","width":3000,"height":3000},{"@type":"BreadcrumbList","@id":"https:\/\/www.mugavero.it\/fertilizzante\/niger-l\/#breadcrumb","itemListElement":[{"@type":"ListItem","position":1,"name":"Home","item":"https:\/\/www.mugavero.it\/fr\/"},{"@type":"ListItem","position":2,"name":"Catalogo","item":"https:\/\/www.mugavero.it\/tr\/katalog\/"},{"@type":"ListItem","position":3,"name":"Niger L"}]},{"@type":"WebSite","@id":"https:\/\/www.mugavero.it\/tr\/#website","url":"https:\/\/www.mugavero.it\/tr\/","name":"Mugavero Fertilizers","description":"It&#039;s Green, White and Red","publisher":{"@id":"https:\/\/www.mugavero.it\/tr\/#organization"},"potentialAction":[{"@type":"SearchAction","target":{"@type":"EntryPoint","urlTemplate":"https:\/\/www.mugavero.it\/tr\/?s={search_term_string}"},"query-input":{"@type":"PropertyValueSpecification","valueRequired":true,"valueName":"search_term_string"}}],"inLanguage":"fr-FR"},{"@type":"Organization","@id":"https:\/\/www.mugavero.it\/tr\/#organization","name":"Mugavero Fertilizzanti","url":"https:\/\/www.mugavero.it\/tr\/","logo":{"@type":"ImageObject","inLanguage":"fr-FR","@id":"https:\/\/www.mugavero.it\/tr\/#\/schema\/logo\/image\/","url":"https:\/\/www.mugavero.it\/wp-content\/uploads\/2019\/03\/MUGAVERO-LOGO-ita.png","contentUrl":"https:\/\/www.mugavero.it\/wp-content\/uploads\/2019\/03\/MUGAVERO-LOGO-ita.png","width":1000,"height":656,"caption":"Mugavero Fertilizzanti"},"image":{"@id":"https:\/\/www.mugavero.it\/tr\/#\/schema\/logo\/image\/"},"sameAs":["https:\/\/www.facebook.com\/mugaverofertilizers\/","https:\/\/www.instagram.com\/mugaverofertilizers\/","https:\/\/www.linkedin.com\/company\/mugavero-fertilizers-official\/","https:\/\/www.youtube.com\/channel\/UCcVmJoiUaqBv_pMIGSe6E2A"]}]}},"_links":{"self":[{"href":"https:\/\/www.mugavero.it\/fr\/wp-json\/wp\/v2\/product\/7007"}],"collection":[{"href":"https:\/\/www.mugavero.it\/fr\/wp-json\/wp\/v2\/product"}],"about":[{"href":"https:\/\/www.mugavero.it\/fr\/wp-json\/wp\/v2\/types\/product"}],"wp:featuredmedia":[{"embeddable":true,"href":"https:\/\/www.mugavero.it\/fr\/wp-json\/wp\/v2\/media\/11835"}],"wp:attachment":[{"href":"https:\/\/www.mugavero.it\/fr\/wp-json\/wp\/v2\/media?parent=7007"}],"curies":[{"name":"wp","href":"https:\/\/api.w.org\/{rel}","templated":true}]}}