{"id":5422,"date":"2019-01-16T16:35:35","date_gmt":"2019-01-16T15:35:35","guid":{"rendered":"https:\/\/www.mugavero.it\/fertilizzante\/5422\/"},"modified":"2020-10-09T16:04:00","modified_gmt":"2020-10-09T14:04:00","slug":"complesal-18-18-6","status":"publish","type":"product","link":"https:\/\/www.mugavero.it\/fr\/fertilizzante\/complesal-18-18-6\/","title":{"rendered":"Complesal 18.18.6"},"content":{"rendered":"<p><strong>LA DESCRIPTION<\/strong><\/p>\n<p>La gamme de produits <strong>MIDO<\/strong> se compose d&rsquo;engrais granulaires complexes NPK, qui sont des pansements de base et sup\u00e9rieurs enrichis pour les plantes. Les formulations sont caract\u00e9ris\u00e9es par des mati\u00e8res premi\u00e8res pures et hautement solubles avec une r\u00e9action sous-acide et une teneur \u00e9lev\u00e9e en micro-\u00e9l\u00e9ments et en sulfate de potassium.<\/p>\n<p>&nbsp;<\/p>\n<p>Les produits MIDO sont con\u00e7us pour r\u00e9pondre \u00e0 toutes <strong>les exigences nutritionnelles<\/strong> des cultures productives, qui n\u00e9cessitent des quantit\u00e9s \u00e9quilibr\u00e9es d&rsquo;azote, de phosphore, de potassium et de micro-\u00e9l\u00e9ments pour garantir des produits de qualit\u00e9 et un rendement \u00e9lev\u00e9.<\/p>\n<p>&nbsp;<\/p>\n<p>\u00c9tant donn\u00e9 que les granul\u00e9s contiennent les trois principaux nutriments, en utilisant les engrais MIDO, il est possible de ne faire <strong>qu&rsquo;une seule fertilisation<\/strong>, en rempla\u00e7ant les 3 diff\u00e9rentes doses d&rsquo;engrais conventionnels. Cela signifie un avantage \u00e9conomique significatif pour l&rsquo;agriculteur.<\/p>\n<p>&nbsp;<\/p>\n<p>MIDO est sp\u00e9cialement con\u00e7u pour les vignobles, les vergers, l&rsquo;horticulture, les p\u00e9pini\u00e8res et les cultures industrielles.<\/p>\n","protected":false},"excerpt":{"rendered":"<p>NPK 18-18-6 + 3 MgO<\/p>\n<p>La gamme de produits MIDO se compose d&rsquo;engrais granulaires complexes NPK, qui sont des pansements de base et sup\u00e9rieurs enrichis pour les plantes. Les formulations sont caract\u00e9ris\u00e9es par des mati\u00e8res premi\u00e8res pures et hautement solubles avec une r\u00e9action sous-acide et une teneur \u00e9lev\u00e9e en micro-\u00e9l\u00e9ments et en sulfate de potassium.<\/p>\n","protected":false},"featured_media":4529,"template":"","meta":{"_exactmetrics_skip_tracking":false,"_exactmetrics_sitenote_active":false,"_exactmetrics_sitenote_note":"","_exactmetrics_sitenote_category":0},"yoast_head":"<!-- This site is optimized with the Yoast SEO plugin v23.4 - https:\/\/yoast.com\/wordpress\/plugins\/seo\/ -->\n<title>Complesal 18.18.6 | Mugavero<\/title>\n<meta name=\"robots\" content=\"index, follow, max-snippet:-1, max-image-preview:large, max-video-preview:-1\" \/>\n<link rel=\"canonical\" href=\"https:\/\/www.mugavero.it\/fertilizzante\/complesal\/\" \/>\n<meta property=\"og:locale\" content=\"fr_FR\" \/>\n<meta property=\"og:type\" content=\"article\" \/>\n<meta property=\"og:title\" content=\"Complesal 18.18.6 | Mugavero\" \/>\n<meta property=\"og:description\" content=\"NPK 18-18-6 + 3 MgO  La gamme de produits MIDO se compose d&#039;engrais granulaires complexes NPK, qui sont des pansements de base et sup\u00e9rieurs enrichis pour les plantes. Les formulations sont caract\u00e9ris\u00e9es par des mati\u00e8res premi\u00e8res pures et hautement solubles avec une r\u00e9action sous-acide et une teneur \u00e9lev\u00e9e en micro-\u00e9l\u00e9ments et en sulfate de potassium.\" \/>\n<meta property=\"og:url\" content=\"https:\/\/www.mugavero.it\/fertilizzante\/complesal\/\" \/>\n<meta property=\"og:site_name\" content=\"Mugavero\" \/>\n<meta property=\"article:publisher\" content=\"https:\/\/www.facebook.com\/mugaverofertilizers\/\" \/>\n<meta property=\"article:modified_time\" content=\"2020-10-09T14:04:00+00:00\" \/>\n<meta property=\"og:image\" content=\"https:\/\/www.mugavero.it\/wp-content\/uploads\/2019\/01\/06.complesal_18.18.61.png\" \/>\n\t<meta property=\"og:image:width\" content=\"814\" \/>\n\t<meta property=\"og:image:height\" content=\"1024\" \/>\n\t<meta property=\"og:image:type\" content=\"image\/png\" \/>\n<meta name=\"twitter:card\" content=\"summary_large_image\" \/>\n<meta name=\"twitter:label1\" content=\"Dur\u00e9e de lecture estim\u00e9e\" \/>\n\t<meta name=\"twitter:data1\" content=\"1 minute\" \/>\n<script type=\"application\/ld+json\" class=\"yoast-schema-graph\">{\"@context\":\"https:\/\/schema.org\",\"@graph\":[{\"@type\":\"WebPage\",\"@id\":\"https:\/\/www.mugavero.it\/fertilizzante\/complesal\/\",\"url\":\"https:\/\/www.mugavero.it\/fertilizzante\/complesal\/\",\"name\":\"Complesal 18.18.6 | Mugavero\",\"isPartOf\":{\"@id\":\"https:\/\/www.mugavero.it\/tr\/#website\"},\"primaryImageOfPage\":{\"@id\":\"https:\/\/www.mugavero.it\/fertilizzante\/complesal\/#primaryimage\"},\"image\":{\"@id\":\"https:\/\/www.mugavero.it\/fertilizzante\/complesal\/#primaryimage\"},\"thumbnailUrl\":\"https:\/\/www.mugavero.it\/wp-content\/uploads\/2019\/01\/06.complesal_18.18.61.png\",\"datePublished\":\"2019-01-16T15:35:35+00:00\",\"dateModified\":\"2020-10-09T14:04:00+00:00\",\"breadcrumb\":{\"@id\":\"https:\/\/www.mugavero.it\/fertilizzante\/complesal\/#breadcrumb\"},\"inLanguage\":\"fr-FR\",\"potentialAction\":[{\"@type\":\"ReadAction\",\"target\":[\"https:\/\/www.mugavero.it\/fertilizzante\/complesal\/\"]}]},{\"@type\":\"ImageObject\",\"inLanguage\":\"fr-FR\",\"@id\":\"https:\/\/www.mugavero.it\/fertilizzante\/complesal\/#primaryimage\",\"url\":\"https:\/\/www.mugavero.it\/wp-content\/uploads\/2019\/01\/06.complesal_18.18.61.png\",\"contentUrl\":\"https:\/\/www.mugavero.it\/wp-content\/uploads\/2019\/01\/06.complesal_18.18.61.png\",\"width\":814,\"height\":1024},{\"@type\":\"BreadcrumbList\",\"@id\":\"https:\/\/www.mugavero.it\/fertilizzante\/complesal\/#breadcrumb\",\"itemListElement\":[{\"@type\":\"ListItem\",\"position\":1,\"name\":\"Home\",\"item\":\"https:\/\/www.mugavero.it\/fr\/\"},{\"@type\":\"ListItem\",\"position\":2,\"name\":\"Catalogo\",\"item\":\"https:\/\/www.mugavero.it\/tr\/katalog\/\"},{\"@type\":\"ListItem\",\"position\":3,\"name\":\"Complesal 18.18.6\"}]},{\"@type\":\"WebSite\",\"@id\":\"https:\/\/www.mugavero.it\/tr\/#website\",\"url\":\"https:\/\/www.mugavero.it\/tr\/\",\"name\":\"Mugavero Fertilizers\",\"description\":\"It&#039;s Green, White and Red\",\"publisher\":{\"@id\":\"https:\/\/www.mugavero.it\/tr\/#organization\"},\"potentialAction\":[{\"@type\":\"SearchAction\",\"target\":{\"@type\":\"EntryPoint\",\"urlTemplate\":\"https:\/\/www.mugavero.it\/tr\/?s={search_term_string}\"},\"query-input\":{\"@type\":\"PropertyValueSpecification\",\"valueRequired\":true,\"valueName\":\"search_term_string\"}}],\"inLanguage\":\"fr-FR\"},{\"@type\":\"Organization\",\"@id\":\"https:\/\/www.mugavero.it\/tr\/#organization\",\"name\":\"Mugavero Fertilizzanti\",\"url\":\"https:\/\/www.mugavero.it\/tr\/\",\"logo\":{\"@type\":\"ImageObject\",\"inLanguage\":\"fr-FR\",\"@id\":\"https:\/\/www.mugavero.it\/tr\/#\/schema\/logo\/image\/\",\"url\":\"https:\/\/www.mugavero.it\/wp-content\/uploads\/2019\/03\/MUGAVERO-LOGO-ita.png\",\"contentUrl\":\"https:\/\/www.mugavero.it\/wp-content\/uploads\/2019\/03\/MUGAVERO-LOGO-ita.png\",\"width\":1000,\"height\":656,\"caption\":\"Mugavero Fertilizzanti\"},\"image\":{\"@id\":\"https:\/\/www.mugavero.it\/tr\/#\/schema\/logo\/image\/\"},\"sameAs\":[\"https:\/\/www.facebook.com\/mugaverofertilizers\/\",\"https:\/\/www.instagram.com\/mugaverofertilizers\/\",\"https:\/\/www.linkedin.com\/company\/mugavero-fertilizers-official\/\",\"https:\/\/www.youtube.com\/channel\/UCcVmJoiUaqBv_pMIGSe6E2A\"]}]}<\/script>\n<!-- \/ Yoast SEO plugin. -->","yoast_head_json":{"title":"Complesal 18.18.6 | Mugavero","robots":{"index":"index","follow":"follow","max-snippet":"max-snippet:-1","max-image-preview":"max-image-preview:large","max-video-preview":"max-video-preview:-1"},"canonical":"https:\/\/www.mugavero.it\/fertilizzante\/complesal\/","og_locale":"fr_FR","og_type":"article","og_title":"Complesal 18.18.6 | Mugavero","og_description":"NPK 18-18-6 + 3 MgO  La gamme de produits MIDO se compose d'engrais granulaires complexes NPK, qui sont des pansements de base et sup\u00e9rieurs enrichis pour les plantes. Les formulations sont caract\u00e9ris\u00e9es par des mati\u00e8res premi\u00e8res pures et hautement solubles avec une r\u00e9action sous-acide et une teneur \u00e9lev\u00e9e en micro-\u00e9l\u00e9ments et en sulfate de potassium.","og_url":"https:\/\/www.mugavero.it\/fertilizzante\/complesal\/","og_site_name":"Mugavero","article_publisher":"https:\/\/www.facebook.com\/mugaverofertilizers\/","article_modified_time":"2020-10-09T14:04:00+00:00","og_image":[{"width":814,"height":1024,"url":"https:\/\/www.mugavero.it\/wp-content\/uploads\/2019\/01\/06.complesal_18.18.61.png","type":"image\/png"}],"twitter_card":"summary_large_image","twitter_misc":{"Dur\u00e9e de lecture estim\u00e9e":"1 minute"},"schema":{"@context":"https:\/\/schema.org","@graph":[{"@type":"WebPage","@id":"https:\/\/www.mugavero.it\/fertilizzante\/complesal\/","url":"https:\/\/www.mugavero.it\/fertilizzante\/complesal\/","name":"Complesal 18.18.6 | Mugavero","isPartOf":{"@id":"https:\/\/www.mugavero.it\/tr\/#website"},"primaryImageOfPage":{"@id":"https:\/\/www.mugavero.it\/fertilizzante\/complesal\/#primaryimage"},"image":{"@id":"https:\/\/www.mugavero.it\/fertilizzante\/complesal\/#primaryimage"},"thumbnailUrl":"https:\/\/www.mugavero.it\/wp-content\/uploads\/2019\/01\/06.complesal_18.18.61.png","datePublished":"2019-01-16T15:35:35+00:00","dateModified":"2020-10-09T14:04:00+00:00","breadcrumb":{"@id":"https:\/\/www.mugavero.it\/fertilizzante\/complesal\/#breadcrumb"},"inLanguage":"fr-FR","potentialAction":[{"@type":"ReadAction","target":["https:\/\/www.mugavero.it\/fertilizzante\/complesal\/"]}]},{"@type":"ImageObject","inLanguage":"fr-FR","@id":"https:\/\/www.mugavero.it\/fertilizzante\/complesal\/#primaryimage","url":"https:\/\/www.mugavero.it\/wp-content\/uploads\/2019\/01\/06.complesal_18.18.61.png","contentUrl":"https:\/\/www.mugavero.it\/wp-content\/uploads\/2019\/01\/06.complesal_18.18.61.png","width":814,"height":1024},{"@type":"BreadcrumbList","@id":"https:\/\/www.mugavero.it\/fertilizzante\/complesal\/#breadcrumb","itemListElement":[{"@type":"ListItem","position":1,"name":"Home","item":"https:\/\/www.mugavero.it\/fr\/"},{"@type":"ListItem","position":2,"name":"Catalogo","item":"https:\/\/www.mugavero.it\/tr\/katalog\/"},{"@type":"ListItem","position":3,"name":"Complesal 18.18.6"}]},{"@type":"WebSite","@id":"https:\/\/www.mugavero.it\/tr\/#website","url":"https:\/\/www.mugavero.it\/tr\/","name":"Mugavero Fertilizers","description":"It&#039;s Green, White and Red","publisher":{"@id":"https:\/\/www.mugavero.it\/tr\/#organization"},"potentialAction":[{"@type":"SearchAction","target":{"@type":"EntryPoint","urlTemplate":"https:\/\/www.mugavero.it\/tr\/?s={search_term_string}"},"query-input":{"@type":"PropertyValueSpecification","valueRequired":true,"valueName":"search_term_string"}}],"inLanguage":"fr-FR"},{"@type":"Organization","@id":"https:\/\/www.mugavero.it\/tr\/#organization","name":"Mugavero Fertilizzanti","url":"https:\/\/www.mugavero.it\/tr\/","logo":{"@type":"ImageObject","inLanguage":"fr-FR","@id":"https:\/\/www.mugavero.it\/tr\/#\/schema\/logo\/image\/","url":"https:\/\/www.mugavero.it\/wp-content\/uploads\/2019\/03\/MUGAVERO-LOGO-ita.png","contentUrl":"https:\/\/www.mugavero.it\/wp-content\/uploads\/2019\/03\/MUGAVERO-LOGO-ita.png","width":1000,"height":656,"caption":"Mugavero Fertilizzanti"},"image":{"@id":"https:\/\/www.mugavero.it\/tr\/#\/schema\/logo\/image\/"},"sameAs":["https:\/\/www.facebook.com\/mugaverofertilizers\/","https:\/\/www.instagram.com\/mugaverofertilizers\/","https:\/\/www.linkedin.com\/company\/mugavero-fertilizers-official\/","https:\/\/www.youtube.com\/channel\/UCcVmJoiUaqBv_pMIGSe6E2A"]}]}},"_links":{"self":[{"href":"https:\/\/www.mugavero.it\/fr\/wp-json\/wp\/v2\/product\/5422"}],"collection":[{"href":"https:\/\/www.mugavero.it\/fr\/wp-json\/wp\/v2\/product"}],"about":[{"href":"https:\/\/www.mugavero.it\/fr\/wp-json\/wp\/v2\/types\/product"}],"wp:featuredmedia":[{"embeddable":true,"href":"https:\/\/www.mugavero.it\/fr\/wp-json\/wp\/v2\/media\/4529"}],"wp:attachment":[{"href":"https:\/\/www.mugavero.it\/fr\/wp-json\/wp\/v2\/media?parent=5422"}],"curies":[{"name":"wp","href":"https:\/\/api.w.org\/{rel}","templated":true}]}}