{"id":5417,"date":"2019-01-24T17:29:32","date_gmt":"2019-01-24T16:29:32","guid":{"rendered":"https:\/\/www.mugavero.it\/fertilizzante\/up-urea-fosfato\/"},"modified":"2024-05-14T23:00:20","modified_gmt":"2024-05-14T21:00:20","slug":"up-urea-fosfato","status":"publish","type":"product","link":"https:\/\/www.mugavero.it\/fr\/fertilizzante\/up-urea-fosfato\/","title":{"rendered":"UP Urea Fosfato"},"content":{"rendered":"<p>NP 18-44<\/p>\n<p><strong>UP<\/strong> Urea Phosphate est un engrais hydrosoluble cristallin pur qui contient de fortes concentrations d&rsquo;azote ur\u00e9ique et de phosphore<\/p>\n<p>&nbsp;<\/p>\n<p>SACS EN POLY\u00c9THYL\u00c8NE<\/p>\n","protected":false},"excerpt":{"rendered":"<p><strong>LA DESCRIPTION<\/strong><\/p>\n<p><strong>UP<\/strong> Urea Phosphate est un engrais hydrosoluble cristallin pur qui contient de fortes concentrations d&rsquo;azote ur\u00e9ique et de phosphore.<\/p>\n<p>&nbsp;<\/p>\n<p>UP doit \u00eatre utilis\u00e9 au d\u00e9but du d\u00e9veloppement de la plante lorsque les plantes ont besoin de niveaux \u00e9lev\u00e9s de phosphore afin de favoriser la croissance d&rsquo;un syst\u00e8me racinaire id\u00e9al.<\/p>\n<p>&nbsp;<\/p>\n<p>La composition sp\u00e9ciale UP produit un fort effet acidifiant destin\u00e9 \u00e0 nettoyer et \u00e0 \u00e9liminer toute incrustation du syst\u00e8me de fertigation, ainsi qu&rsquo;\u00e0 lib\u00e9rer les oligo-\u00e9l\u00e9ments n\u00e9cessaires aux plantes des particules collo\u00efdales du sol.<\/p>\n<p>&nbsp;<\/p>\n<p>Les sels purs pour la fertigation permettent d&rsquo;ajuster l&rsquo;apport en nutriments en fonction <strong>des besoins sp\u00e9cifiques<\/strong> des cultures.<\/p>\n<p>&nbsp;<\/p>\n<p>UP UREA PHOSPHATE est un engrais soluble dans l&rsquo;eau, sous forme cristalline, avec un haut niveau de puret\u00e9 et une forte concentration d&rsquo;azote ur\u00e9ique et de phosphore. Il est recommand\u00e9 de l&rsquo;utiliser au d\u00e9but du d\u00e9veloppement v\u00e9g\u00e9tatif, lorsque la plante a besoin de grandes quantit\u00e9s de phosphore pour former un syst\u00e8me racinaire bien d\u00e9velopp\u00e9.<\/p>\n<p>&nbsp;<\/p>\n<p>Sa formule sp\u00e9ciale d\u00e9termine une forte action acidifiante qui d\u00e9mobilise les oligo-\u00e9l\u00e9ments dans les collo\u00efdes du sol, et aide \u00e0 garder le syst\u00e8me d&rsquo;irrigation propre, \u00e9vitant tout blocage. Il est fabriqu\u00e9 en Italie.<\/p>\n","protected":false},"featured_media":12376,"template":"","meta":{"_exactmetrics_skip_tracking":false,"_exactmetrics_sitenote_active":false,"_exactmetrics_sitenote_note":"","_exactmetrics_sitenote_category":0},"yoast_head":"<!-- This site is optimized with the Yoast SEO plugin v23.4 - https:\/\/yoast.com\/wordpress\/plugins\/seo\/ -->\n<title>UP Urea Fosfato | Mugavero<\/title>\n<meta name=\"robots\" content=\"index, follow, max-snippet:-1, max-image-preview:large, max-video-preview:-1\" \/>\n<link rel=\"canonical\" href=\"https:\/\/www.mugavero.it\/fr\/fertilizzante\/up-urea-fosfato\/\" \/>\n<meta property=\"og:locale\" content=\"fr_FR\" \/>\n<meta property=\"og:type\" content=\"article\" \/>\n<meta property=\"og:title\" content=\"UP Urea Fosfato | Mugavero\" \/>\n<meta property=\"og:description\" content=\"LA DESCRIPTION  UP Urea Phosphate est un engrais hydrosoluble cristallin pur qui contient de fortes concentrations d&#039;azote ur\u00e9ique et de phosphore.  &nbsp;  UP doit \u00eatre utilis\u00e9 au d\u00e9but du d\u00e9veloppement de la plante lorsque les plantes ont besoin de niveaux \u00e9lev\u00e9s de phosphore afin de favoriser la croissance d&#039;un syst\u00e8me racinaire id\u00e9al.  &nbsp;  La composition sp\u00e9ciale UP produit un fort effet acidifiant destin\u00e9 \u00e0 nettoyer et \u00e0 \u00e9liminer toute incrustation du syst\u00e8me de fertigation, ainsi qu&#039;\u00e0 lib\u00e9rer les oligo-\u00e9l\u00e9ments n\u00e9cessaires aux plantes des particules collo\u00efdales du sol.  &nbsp;  Les sels purs pour la fertigation permettent d&#039;ajuster l&#039;apport en nutriments en fonction des besoins sp\u00e9cifiques des cultures.  &nbsp;  UP UREA PHOSPHATE est un engrais soluble dans l&#039;eau, sous forme cristalline, avec un haut niveau de puret\u00e9 et une forte concentration d&#039;azote ur\u00e9ique et de phosphore. Il est recommand\u00e9 de l&#039;utiliser au d\u00e9but du d\u00e9veloppement v\u00e9g\u00e9tatif, lorsque la plante a besoin de grandes quantit\u00e9s de phosphore pour former un syst\u00e8me racinaire bien d\u00e9velopp\u00e9.  &nbsp;  Sa formule sp\u00e9ciale d\u00e9termine une forte action acidifiante qui d\u00e9mobilise les oligo-\u00e9l\u00e9ments dans les collo\u00efdes du sol, et aide \u00e0 garder le syst\u00e8me d&#039;irrigation propre, \u00e9vitant tout blocage. Il est fabriqu\u00e9 en Italie.\" \/>\n<meta property=\"og:url\" content=\"https:\/\/www.mugavero.it\/fr\/fertilizzante\/up-urea-fosfato\/\" \/>\n<meta property=\"og:site_name\" content=\"Mugavero\" \/>\n<meta property=\"article:publisher\" content=\"https:\/\/www.facebook.com\/mugaverofertilizers\/\" \/>\n<meta property=\"article:modified_time\" content=\"2024-05-14T21:00:20+00:00\" \/>\n<meta property=\"og:image\" content=\"https:\/\/www.mugavero.it\/wp-content\/uploads\/2019\/01\/up.png\" \/>\n\t<meta property=\"og:image:width\" content=\"1378\" \/>\n\t<meta property=\"og:image:height\" content=\"1733\" \/>\n\t<meta property=\"og:image:type\" content=\"image\/png\" \/>\n<meta name=\"twitter:card\" content=\"summary_large_image\" \/>\n<meta name=\"twitter:label1\" content=\"Dur\u00e9e de lecture estim\u00e9e\" \/>\n\t<meta name=\"twitter:data1\" content=\"1 minute\" \/>\n<script type=\"application\/ld+json\" class=\"yoast-schema-graph\">{\"@context\":\"https:\/\/schema.org\",\"@graph\":[{\"@type\":\"WebPage\",\"@id\":\"https:\/\/www.mugavero.it\/fr\/fertilizzante\/up-urea-fosfato\/\",\"url\":\"https:\/\/www.mugavero.it\/fr\/fertilizzante\/up-urea-fosfato\/\",\"name\":\"UP Urea Fosfato | Mugavero\",\"isPartOf\":{\"@id\":\"https:\/\/www.mugavero.it\/tr\/#website\"},\"primaryImageOfPage\":{\"@id\":\"https:\/\/www.mugavero.it\/fr\/fertilizzante\/up-urea-fosfato\/#primaryimage\"},\"image\":{\"@id\":\"https:\/\/www.mugavero.it\/fr\/fertilizzante\/up-urea-fosfato\/#primaryimage\"},\"thumbnailUrl\":\"https:\/\/www.mugavero.it\/wp-content\/uploads\/2019\/01\/up.png\",\"datePublished\":\"2019-01-24T16:29:32+00:00\",\"dateModified\":\"2024-05-14T21:00:20+00:00\",\"breadcrumb\":{\"@id\":\"https:\/\/www.mugavero.it\/fr\/fertilizzante\/up-urea-fosfato\/#breadcrumb\"},\"inLanguage\":\"fr-FR\",\"potentialAction\":[{\"@type\":\"ReadAction\",\"target\":[\"https:\/\/www.mugavero.it\/fr\/fertilizzante\/up-urea-fosfato\/\"]}]},{\"@type\":\"ImageObject\",\"inLanguage\":\"fr-FR\",\"@id\":\"https:\/\/www.mugavero.it\/fr\/fertilizzante\/up-urea-fosfato\/#primaryimage\",\"url\":\"https:\/\/www.mugavero.it\/wp-content\/uploads\/2019\/01\/up.png\",\"contentUrl\":\"https:\/\/www.mugavero.it\/wp-content\/uploads\/2019\/01\/up.png\",\"width\":1378,\"height\":1733},{\"@type\":\"BreadcrumbList\",\"@id\":\"https:\/\/www.mugavero.it\/fr\/fertilizzante\/up-urea-fosfato\/#breadcrumb\",\"itemListElement\":[{\"@type\":\"ListItem\",\"position\":1,\"name\":\"Home\",\"item\":\"https:\/\/www.mugavero.it\/fr\/\"},{\"@type\":\"ListItem\",\"position\":2,\"name\":\"Catalogo\",\"item\":\"https:\/\/www.mugavero.it\/tr\/katalog\/\"},{\"@type\":\"ListItem\",\"position\":3,\"name\":\"UP Urea Fosfato\"}]},{\"@type\":\"WebSite\",\"@id\":\"https:\/\/www.mugavero.it\/tr\/#website\",\"url\":\"https:\/\/www.mugavero.it\/tr\/\",\"name\":\"Mugavero Fertilizers\",\"description\":\"It&#039;s Green, White and Red\",\"publisher\":{\"@id\":\"https:\/\/www.mugavero.it\/tr\/#organization\"},\"potentialAction\":[{\"@type\":\"SearchAction\",\"target\":{\"@type\":\"EntryPoint\",\"urlTemplate\":\"https:\/\/www.mugavero.it\/tr\/?s={search_term_string}\"},\"query-input\":{\"@type\":\"PropertyValueSpecification\",\"valueRequired\":true,\"valueName\":\"search_term_string\"}}],\"inLanguage\":\"fr-FR\"},{\"@type\":\"Organization\",\"@id\":\"https:\/\/www.mugavero.it\/tr\/#organization\",\"name\":\"Mugavero Fertilizzanti\",\"url\":\"https:\/\/www.mugavero.it\/tr\/\",\"logo\":{\"@type\":\"ImageObject\",\"inLanguage\":\"fr-FR\",\"@id\":\"https:\/\/www.mugavero.it\/tr\/#\/schema\/logo\/image\/\",\"url\":\"https:\/\/www.mugavero.it\/wp-content\/uploads\/2019\/03\/MUGAVERO-LOGO-ita.png\",\"contentUrl\":\"https:\/\/www.mugavero.it\/wp-content\/uploads\/2019\/03\/MUGAVERO-LOGO-ita.png\",\"width\":1000,\"height\":656,\"caption\":\"Mugavero Fertilizzanti\"},\"image\":{\"@id\":\"https:\/\/www.mugavero.it\/tr\/#\/schema\/logo\/image\/\"},\"sameAs\":[\"https:\/\/www.facebook.com\/mugaverofertilizers\/\",\"https:\/\/www.instagram.com\/mugaverofertilizers\/\",\"https:\/\/www.linkedin.com\/company\/mugavero-fertilizers-official\/\",\"https:\/\/www.youtube.com\/channel\/UCcVmJoiUaqBv_pMIGSe6E2A\"]}]}<\/script>\n<!-- \/ Yoast SEO plugin. -->","yoast_head_json":{"title":"UP Urea Fosfato | Mugavero","robots":{"index":"index","follow":"follow","max-snippet":"max-snippet:-1","max-image-preview":"max-image-preview:large","max-video-preview":"max-video-preview:-1"},"canonical":"https:\/\/www.mugavero.it\/fr\/fertilizzante\/up-urea-fosfato\/","og_locale":"fr_FR","og_type":"article","og_title":"UP Urea Fosfato | Mugavero","og_description":"LA DESCRIPTION  UP Urea Phosphate est un engrais hydrosoluble cristallin pur qui contient de fortes concentrations d'azote ur\u00e9ique et de phosphore.  &nbsp;  UP doit \u00eatre utilis\u00e9 au d\u00e9but du d\u00e9veloppement de la plante lorsque les plantes ont besoin de niveaux \u00e9lev\u00e9s de phosphore afin de favoriser la croissance d'un syst\u00e8me racinaire id\u00e9al.  &nbsp;  La composition sp\u00e9ciale UP produit un fort effet acidifiant destin\u00e9 \u00e0 nettoyer et \u00e0 \u00e9liminer toute incrustation du syst\u00e8me de fertigation, ainsi qu'\u00e0 lib\u00e9rer les oligo-\u00e9l\u00e9ments n\u00e9cessaires aux plantes des particules collo\u00efdales du sol.  &nbsp;  Les sels purs pour la fertigation permettent d'ajuster l'apport en nutriments en fonction des besoins sp\u00e9cifiques des cultures.  &nbsp;  UP UREA PHOSPHATE est un engrais soluble dans l'eau, sous forme cristalline, avec un haut niveau de puret\u00e9 et une forte concentration d'azote ur\u00e9ique et de phosphore. Il est recommand\u00e9 de l'utiliser au d\u00e9but du d\u00e9veloppement v\u00e9g\u00e9tatif, lorsque la plante a besoin de grandes quantit\u00e9s de phosphore pour former un syst\u00e8me racinaire bien d\u00e9velopp\u00e9.  &nbsp;  Sa formule sp\u00e9ciale d\u00e9termine une forte action acidifiante qui d\u00e9mobilise les oligo-\u00e9l\u00e9ments dans les collo\u00efdes du sol, et aide \u00e0 garder le syst\u00e8me d'irrigation propre, \u00e9vitant tout blocage. Il est fabriqu\u00e9 en Italie.","og_url":"https:\/\/www.mugavero.it\/fr\/fertilizzante\/up-urea-fosfato\/","og_site_name":"Mugavero","article_publisher":"https:\/\/www.facebook.com\/mugaverofertilizers\/","article_modified_time":"2024-05-14T21:00:20+00:00","og_image":[{"width":1378,"height":1733,"url":"https:\/\/www.mugavero.it\/wp-content\/uploads\/2019\/01\/up.png","type":"image\/png"}],"twitter_card":"summary_large_image","twitter_misc":{"Dur\u00e9e de lecture estim\u00e9e":"1 minute"},"schema":{"@context":"https:\/\/schema.org","@graph":[{"@type":"WebPage","@id":"https:\/\/www.mugavero.it\/fr\/fertilizzante\/up-urea-fosfato\/","url":"https:\/\/www.mugavero.it\/fr\/fertilizzante\/up-urea-fosfato\/","name":"UP Urea Fosfato | Mugavero","isPartOf":{"@id":"https:\/\/www.mugavero.it\/tr\/#website"},"primaryImageOfPage":{"@id":"https:\/\/www.mugavero.it\/fr\/fertilizzante\/up-urea-fosfato\/#primaryimage"},"image":{"@id":"https:\/\/www.mugavero.it\/fr\/fertilizzante\/up-urea-fosfato\/#primaryimage"},"thumbnailUrl":"https:\/\/www.mugavero.it\/wp-content\/uploads\/2019\/01\/up.png","datePublished":"2019-01-24T16:29:32+00:00","dateModified":"2024-05-14T21:00:20+00:00","breadcrumb":{"@id":"https:\/\/www.mugavero.it\/fr\/fertilizzante\/up-urea-fosfato\/#breadcrumb"},"inLanguage":"fr-FR","potentialAction":[{"@type":"ReadAction","target":["https:\/\/www.mugavero.it\/fr\/fertilizzante\/up-urea-fosfato\/"]}]},{"@type":"ImageObject","inLanguage":"fr-FR","@id":"https:\/\/www.mugavero.it\/fr\/fertilizzante\/up-urea-fosfato\/#primaryimage","url":"https:\/\/www.mugavero.it\/wp-content\/uploads\/2019\/01\/up.png","contentUrl":"https:\/\/www.mugavero.it\/wp-content\/uploads\/2019\/01\/up.png","width":1378,"height":1733},{"@type":"BreadcrumbList","@id":"https:\/\/www.mugavero.it\/fr\/fertilizzante\/up-urea-fosfato\/#breadcrumb","itemListElement":[{"@type":"ListItem","position":1,"name":"Home","item":"https:\/\/www.mugavero.it\/fr\/"},{"@type":"ListItem","position":2,"name":"Catalogo","item":"https:\/\/www.mugavero.it\/tr\/katalog\/"},{"@type":"ListItem","position":3,"name":"UP Urea Fosfato"}]},{"@type":"WebSite","@id":"https:\/\/www.mugavero.it\/tr\/#website","url":"https:\/\/www.mugavero.it\/tr\/","name":"Mugavero Fertilizers","description":"It&#039;s Green, White and Red","publisher":{"@id":"https:\/\/www.mugavero.it\/tr\/#organization"},"potentialAction":[{"@type":"SearchAction","target":{"@type":"EntryPoint","urlTemplate":"https:\/\/www.mugavero.it\/tr\/?s={search_term_string}"},"query-input":{"@type":"PropertyValueSpecification","valueRequired":true,"valueName":"search_term_string"}}],"inLanguage":"fr-FR"},{"@type":"Organization","@id":"https:\/\/www.mugavero.it\/tr\/#organization","name":"Mugavero Fertilizzanti","url":"https:\/\/www.mugavero.it\/tr\/","logo":{"@type":"ImageObject","inLanguage":"fr-FR","@id":"https:\/\/www.mugavero.it\/tr\/#\/schema\/logo\/image\/","url":"https:\/\/www.mugavero.it\/wp-content\/uploads\/2019\/03\/MUGAVERO-LOGO-ita.png","contentUrl":"https:\/\/www.mugavero.it\/wp-content\/uploads\/2019\/03\/MUGAVERO-LOGO-ita.png","width":1000,"height":656,"caption":"Mugavero Fertilizzanti"},"image":{"@id":"https:\/\/www.mugavero.it\/tr\/#\/schema\/logo\/image\/"},"sameAs":["https:\/\/www.facebook.com\/mugaverofertilizers\/","https:\/\/www.instagram.com\/mugaverofertilizers\/","https:\/\/www.linkedin.com\/company\/mugavero-fertilizers-official\/","https:\/\/www.youtube.com\/channel\/UCcVmJoiUaqBv_pMIGSe6E2A"]}]}},"_links":{"self":[{"href":"https:\/\/www.mugavero.it\/fr\/wp-json\/wp\/v2\/product\/5417"}],"collection":[{"href":"https:\/\/www.mugavero.it\/fr\/wp-json\/wp\/v2\/product"}],"about":[{"href":"https:\/\/www.mugavero.it\/fr\/wp-json\/wp\/v2\/types\/product"}],"wp:featuredmedia":[{"embeddable":true,"href":"https:\/\/www.mugavero.it\/fr\/wp-json\/wp\/v2\/media\/12376"}],"wp:attachment":[{"href":"https:\/\/www.mugavero.it\/fr\/wp-json\/wp\/v2\/media?parent=5417"}],"curies":[{"name":"wp","href":"https:\/\/api.w.org\/{rel}","templated":true}]}}