{"id":5416,"date":"2019-01-24T17:26:02","date_gmt":"2019-01-24T16:26:02","guid":{"rendered":"https:\/\/www.mugavero.it\/fertilizzante\/sop-0-0-51-47\/"},"modified":"2024-05-14T23:00:46","modified_gmt":"2024-05-14T21:00:46","slug":"sop-0-0-51-47","status":"publish","type":"product","link":"https:\/\/www.mugavero.it\/fr\/fertilizzante\/sop-0-0-51-47\/","title":{"rendered":"SOP 0.0.51"},"content":{"rendered":"<p><strong>LA DESCRIPTION<\/strong><\/p>\n<p>Le SOP de Mugavero est un engrais pur enti\u00e8rement hydrosoluble sans r\u00e9sidu, contenant du potassium et du soufre, particuli\u00e8rement adapt\u00e9 \u00e0 la fertigation et \u00e0 la pr\u00e9paration de solutions nutritives pour les cultures hors sol.<\/p>\n<p>&nbsp;<\/p>\n<p>Les applications SOP am\u00e9liorent les param\u00e8tres quantitatifs et qualitatifs des produits v\u00e9g\u00e9taux: elles augmentent la teneur en sucre de la plante et son stockage de substances de r\u00e9serve. Gr\u00e2ce \u00e0 son effet acidifiant sur le sol, la quantit\u00e9 \u00e9lev\u00e9e de SO3 stimule l&rsquo;absorption des racines et aide \u00e0 l&rsquo;absorption des nutriments qui seraient autrement bloqu\u00e9s par les collo\u00efdes du sol.<\/p>\n<p>&nbsp;<\/p>\n<p>AVANTAGES DE SOP<\/p>\n<p>&nbsp;<\/p>\n<p>Excellente source de potassium;<\/p>\n<p>Fertilisation la plus efficace gr\u00e2ce \u00e0 l&rsquo;interaction entre les ions K + et SO3;<\/p>\n<p>La mati\u00e8re s\u00e8che et la teneur en sucre augmentent;<\/p>\n<p>Faible teneur en chlore, cause possible de phytotoxicit\u00e9 et salinit\u00e9 \u00e9lev\u00e9e du sol;<\/p>\n<p>Am\u00e9lioration de la coloration des fruits.<\/p>\n","protected":false},"excerpt":{"rendered":"<p>K 0-0-51 + 47 SO3<\/p>\n<p>Le <strong>SOP<\/strong> de Mugavero est un engrais pur enti\u00e8rement hydrosoluble sans r\u00e9sidu, contenant du potassium et du soufre, particuli\u00e8rement adapt\u00e9 \u00e0 la fertigation et \u00e0 la pr\u00e9paration de solutions nutritives pour les cultures hors sol<\/p>\n<p>&nbsp;<\/p>\n<p>SACS EN POLY\u00c9THYL\u00c8NE<\/p>\n","protected":false},"featured_media":12383,"template":"","meta":{"_exactmetrics_skip_tracking":false,"_exactmetrics_sitenote_active":false,"_exactmetrics_sitenote_note":"","_exactmetrics_sitenote_category":0},"yoast_head":"<!-- This site is optimized with the Yoast SEO plugin v23.4 - https:\/\/yoast.com\/wordpress\/plugins\/seo\/ -->\n<title>SOP 0.0.51 | Mugavero<\/title>\n<meta name=\"robots\" content=\"index, follow, max-snippet:-1, max-image-preview:large, max-video-preview:-1\" \/>\n<link rel=\"canonical\" href=\"https:\/\/www.mugavero.it\/fr\/fertilizzante\/sop-0-0-51-47\/\" \/>\n<meta property=\"og:locale\" content=\"fr_FR\" \/>\n<meta property=\"og:type\" content=\"article\" \/>\n<meta property=\"og:title\" content=\"SOP 0.0.51 | Mugavero\" \/>\n<meta property=\"og:description\" content=\"K 0-0-51 + 47 SO3  Le SOP de Mugavero est un engrais pur enti\u00e8rement hydrosoluble sans r\u00e9sidu, contenant du potassium et du soufre, particuli\u00e8rement adapt\u00e9 \u00e0 la fertigation et \u00e0 la pr\u00e9paration de solutions nutritives pour les cultures hors sol  &nbsp;  SACS EN POLY\u00c9THYL\u00c8NE\" \/>\n<meta property=\"og:url\" content=\"https:\/\/www.mugavero.it\/fr\/fertilizzante\/sop-0-0-51-47\/\" \/>\n<meta property=\"og:site_name\" content=\"Mugavero\" \/>\n<meta property=\"article:publisher\" content=\"https:\/\/www.facebook.com\/mugaverofertilizers\/\" \/>\n<meta property=\"article:modified_time\" content=\"2024-05-14T21:00:46+00:00\" \/>\n<meta property=\"og:image\" content=\"https:\/\/www.mugavero.it\/wp-content\/uploads\/2019\/01\/sop-1.png\" \/>\n\t<meta property=\"og:image:width\" content=\"1378\" \/>\n\t<meta property=\"og:image:height\" content=\"1733\" \/>\n\t<meta property=\"og:image:type\" content=\"image\/png\" \/>\n<meta name=\"twitter:card\" content=\"summary_large_image\" \/>\n<meta name=\"twitter:label1\" content=\"Dur\u00e9e de lecture estim\u00e9e\" \/>\n\t<meta name=\"twitter:data1\" content=\"1 minute\" \/>\n<script type=\"application\/ld+json\" class=\"yoast-schema-graph\">{\"@context\":\"https:\/\/schema.org\",\"@graph\":[{\"@type\":\"WebPage\",\"@id\":\"https:\/\/www.mugavero.it\/fr\/fertilizzante\/sop-0-0-51-47\/\",\"url\":\"https:\/\/www.mugavero.it\/fr\/fertilizzante\/sop-0-0-51-47\/\",\"name\":\"SOP 0.0.51 | Mugavero\",\"isPartOf\":{\"@id\":\"https:\/\/www.mugavero.it\/tr\/#website\"},\"primaryImageOfPage\":{\"@id\":\"https:\/\/www.mugavero.it\/fr\/fertilizzante\/sop-0-0-51-47\/#primaryimage\"},\"image\":{\"@id\":\"https:\/\/www.mugavero.it\/fr\/fertilizzante\/sop-0-0-51-47\/#primaryimage\"},\"thumbnailUrl\":\"https:\/\/www.mugavero.it\/wp-content\/uploads\/2019\/01\/sop-1.png\",\"datePublished\":\"2019-01-24T16:26:02+00:00\",\"dateModified\":\"2024-05-14T21:00:46+00:00\",\"breadcrumb\":{\"@id\":\"https:\/\/www.mugavero.it\/fr\/fertilizzante\/sop-0-0-51-47\/#breadcrumb\"},\"inLanguage\":\"fr-FR\",\"potentialAction\":[{\"@type\":\"ReadAction\",\"target\":[\"https:\/\/www.mugavero.it\/fr\/fertilizzante\/sop-0-0-51-47\/\"]}]},{\"@type\":\"ImageObject\",\"inLanguage\":\"fr-FR\",\"@id\":\"https:\/\/www.mugavero.it\/fr\/fertilizzante\/sop-0-0-51-47\/#primaryimage\",\"url\":\"https:\/\/www.mugavero.it\/wp-content\/uploads\/2019\/01\/sop-1.png\",\"contentUrl\":\"https:\/\/www.mugavero.it\/wp-content\/uploads\/2019\/01\/sop-1.png\",\"width\":1378,\"height\":1733},{\"@type\":\"BreadcrumbList\",\"@id\":\"https:\/\/www.mugavero.it\/fr\/fertilizzante\/sop-0-0-51-47\/#breadcrumb\",\"itemListElement\":[{\"@type\":\"ListItem\",\"position\":1,\"name\":\"Home\",\"item\":\"https:\/\/www.mugavero.it\/fr\/\"},{\"@type\":\"ListItem\",\"position\":2,\"name\":\"Catalogo\",\"item\":\"https:\/\/www.mugavero.it\/tr\/katalog\/\"},{\"@type\":\"ListItem\",\"position\":3,\"name\":\"SOP 0.0.51\"}]},{\"@type\":\"WebSite\",\"@id\":\"https:\/\/www.mugavero.it\/tr\/#website\",\"url\":\"https:\/\/www.mugavero.it\/tr\/\",\"name\":\"Mugavero Fertilizers\",\"description\":\"It&#039;s Green, White and Red\",\"publisher\":{\"@id\":\"https:\/\/www.mugavero.it\/tr\/#organization\"},\"potentialAction\":[{\"@type\":\"SearchAction\",\"target\":{\"@type\":\"EntryPoint\",\"urlTemplate\":\"https:\/\/www.mugavero.it\/tr\/?s={search_term_string}\"},\"query-input\":{\"@type\":\"PropertyValueSpecification\",\"valueRequired\":true,\"valueName\":\"search_term_string\"}}],\"inLanguage\":\"fr-FR\"},{\"@type\":\"Organization\",\"@id\":\"https:\/\/www.mugavero.it\/tr\/#organization\",\"name\":\"Mugavero Fertilizzanti\",\"url\":\"https:\/\/www.mugavero.it\/tr\/\",\"logo\":{\"@type\":\"ImageObject\",\"inLanguage\":\"fr-FR\",\"@id\":\"https:\/\/www.mugavero.it\/tr\/#\/schema\/logo\/image\/\",\"url\":\"https:\/\/www.mugavero.it\/wp-content\/uploads\/2019\/03\/MUGAVERO-LOGO-ita.png\",\"contentUrl\":\"https:\/\/www.mugavero.it\/wp-content\/uploads\/2019\/03\/MUGAVERO-LOGO-ita.png\",\"width\":1000,\"height\":656,\"caption\":\"Mugavero Fertilizzanti\"},\"image\":{\"@id\":\"https:\/\/www.mugavero.it\/tr\/#\/schema\/logo\/image\/\"},\"sameAs\":[\"https:\/\/www.facebook.com\/mugaverofertilizers\/\",\"https:\/\/www.instagram.com\/mugaverofertilizers\/\",\"https:\/\/www.linkedin.com\/company\/mugavero-fertilizers-official\/\",\"https:\/\/www.youtube.com\/channel\/UCcVmJoiUaqBv_pMIGSe6E2A\"]}]}<\/script>\n<!-- \/ Yoast SEO plugin. -->","yoast_head_json":{"title":"SOP 0.0.51 | Mugavero","robots":{"index":"index","follow":"follow","max-snippet":"max-snippet:-1","max-image-preview":"max-image-preview:large","max-video-preview":"max-video-preview:-1"},"canonical":"https:\/\/www.mugavero.it\/fr\/fertilizzante\/sop-0-0-51-47\/","og_locale":"fr_FR","og_type":"article","og_title":"SOP 0.0.51 | Mugavero","og_description":"K 0-0-51 + 47 SO3  Le SOP de Mugavero est un engrais pur enti\u00e8rement hydrosoluble sans r\u00e9sidu, contenant du potassium et du soufre, particuli\u00e8rement adapt\u00e9 \u00e0 la fertigation et \u00e0 la pr\u00e9paration de solutions nutritives pour les cultures hors sol  &nbsp;  SACS EN POLY\u00c9THYL\u00c8NE","og_url":"https:\/\/www.mugavero.it\/fr\/fertilizzante\/sop-0-0-51-47\/","og_site_name":"Mugavero","article_publisher":"https:\/\/www.facebook.com\/mugaverofertilizers\/","article_modified_time":"2024-05-14T21:00:46+00:00","og_image":[{"width":1378,"height":1733,"url":"https:\/\/www.mugavero.it\/wp-content\/uploads\/2019\/01\/sop-1.png","type":"image\/png"}],"twitter_card":"summary_large_image","twitter_misc":{"Dur\u00e9e de lecture estim\u00e9e":"1 minute"},"schema":{"@context":"https:\/\/schema.org","@graph":[{"@type":"WebPage","@id":"https:\/\/www.mugavero.it\/fr\/fertilizzante\/sop-0-0-51-47\/","url":"https:\/\/www.mugavero.it\/fr\/fertilizzante\/sop-0-0-51-47\/","name":"SOP 0.0.51 | Mugavero","isPartOf":{"@id":"https:\/\/www.mugavero.it\/tr\/#website"},"primaryImageOfPage":{"@id":"https:\/\/www.mugavero.it\/fr\/fertilizzante\/sop-0-0-51-47\/#primaryimage"},"image":{"@id":"https:\/\/www.mugavero.it\/fr\/fertilizzante\/sop-0-0-51-47\/#primaryimage"},"thumbnailUrl":"https:\/\/www.mugavero.it\/wp-content\/uploads\/2019\/01\/sop-1.png","datePublished":"2019-01-24T16:26:02+00:00","dateModified":"2024-05-14T21:00:46+00:00","breadcrumb":{"@id":"https:\/\/www.mugavero.it\/fr\/fertilizzante\/sop-0-0-51-47\/#breadcrumb"},"inLanguage":"fr-FR","potentialAction":[{"@type":"ReadAction","target":["https:\/\/www.mugavero.it\/fr\/fertilizzante\/sop-0-0-51-47\/"]}]},{"@type":"ImageObject","inLanguage":"fr-FR","@id":"https:\/\/www.mugavero.it\/fr\/fertilizzante\/sop-0-0-51-47\/#primaryimage","url":"https:\/\/www.mugavero.it\/wp-content\/uploads\/2019\/01\/sop-1.png","contentUrl":"https:\/\/www.mugavero.it\/wp-content\/uploads\/2019\/01\/sop-1.png","width":1378,"height":1733},{"@type":"BreadcrumbList","@id":"https:\/\/www.mugavero.it\/fr\/fertilizzante\/sop-0-0-51-47\/#breadcrumb","itemListElement":[{"@type":"ListItem","position":1,"name":"Home","item":"https:\/\/www.mugavero.it\/fr\/"},{"@type":"ListItem","position":2,"name":"Catalogo","item":"https:\/\/www.mugavero.it\/tr\/katalog\/"},{"@type":"ListItem","position":3,"name":"SOP 0.0.51"}]},{"@type":"WebSite","@id":"https:\/\/www.mugavero.it\/tr\/#website","url":"https:\/\/www.mugavero.it\/tr\/","name":"Mugavero Fertilizers","description":"It&#039;s Green, White and Red","publisher":{"@id":"https:\/\/www.mugavero.it\/tr\/#organization"},"potentialAction":[{"@type":"SearchAction","target":{"@type":"EntryPoint","urlTemplate":"https:\/\/www.mugavero.it\/tr\/?s={search_term_string}"},"query-input":{"@type":"PropertyValueSpecification","valueRequired":true,"valueName":"search_term_string"}}],"inLanguage":"fr-FR"},{"@type":"Organization","@id":"https:\/\/www.mugavero.it\/tr\/#organization","name":"Mugavero Fertilizzanti","url":"https:\/\/www.mugavero.it\/tr\/","logo":{"@type":"ImageObject","inLanguage":"fr-FR","@id":"https:\/\/www.mugavero.it\/tr\/#\/schema\/logo\/image\/","url":"https:\/\/www.mugavero.it\/wp-content\/uploads\/2019\/03\/MUGAVERO-LOGO-ita.png","contentUrl":"https:\/\/www.mugavero.it\/wp-content\/uploads\/2019\/03\/MUGAVERO-LOGO-ita.png","width":1000,"height":656,"caption":"Mugavero Fertilizzanti"},"image":{"@id":"https:\/\/www.mugavero.it\/tr\/#\/schema\/logo\/image\/"},"sameAs":["https:\/\/www.facebook.com\/mugaverofertilizers\/","https:\/\/www.instagram.com\/mugaverofertilizers\/","https:\/\/www.linkedin.com\/company\/mugavero-fertilizers-official\/","https:\/\/www.youtube.com\/channel\/UCcVmJoiUaqBv_pMIGSe6E2A"]}]}},"_links":{"self":[{"href":"https:\/\/www.mugavero.it\/fr\/wp-json\/wp\/v2\/product\/5416"}],"collection":[{"href":"https:\/\/www.mugavero.it\/fr\/wp-json\/wp\/v2\/product"}],"about":[{"href":"https:\/\/www.mugavero.it\/fr\/wp-json\/wp\/v2\/types\/product"}],"wp:featuredmedia":[{"embeddable":true,"href":"https:\/\/www.mugavero.it\/fr\/wp-json\/wp\/v2\/media\/12383"}],"wp:attachment":[{"href":"https:\/\/www.mugavero.it\/fr\/wp-json\/wp\/v2\/media?parent=5416"}],"curies":[{"name":"wp","href":"https:\/\/api.w.org\/{rel}","templated":true}]}}