{"id":5413,"date":"2019-01-23T16:56:50","date_gmt":"2019-01-23T15:56:50","guid":{"rendered":"https:\/\/www.mugavero.it\/fertilizzante\/nimag\/"},"modified":"2024-05-14T23:04:22","modified_gmt":"2024-05-14T21:04:22","slug":"nimag","status":"publish","type":"product","link":"https:\/\/www.mugavero.it\/fr\/fertilizzante\/nimag\/","title":{"rendered":"Nimag"},"content":{"rendered":"<p><strong>LA DESCRIPTION<\/strong><\/p>\n<p>Nimag est particuli\u00e8rement adapt\u00e9 pour fournir du magn\u00e9sium en fertigation. Des applications tous les 10 \u00e0 15 jours sont recommand\u00e9s aux stades critiques de la croissance des plantes: la carence en magn\u00e9sium est plus fr\u00e9quente avant la phase de floraison et apr\u00e8s la nouaison, tandis que dans le cycle de croissance des raisins, elle peut \u00e9galement survenir \u00e0 la v\u00e9raison.<\/p>\n<p>&nbsp;<\/p>\n<p>Nimag est facilement absorb\u00e9 et pr\u00eat \u00e0 l&#8217;emploi. Pendant la pr\u00e9paration de la solution m\u00e8re, elle ne doit pas \u00eatre m\u00e9lang\u00e9e avec des engrais phosphat\u00e9s ou \u00e0 base de cuivre, ni avec des produits hautement alcalins.<\/p>\n<p>&nbsp;<\/p>\n<p><strong>LES AVANTAGES POUR LES PRODUCTIONS CULTURELLES<\/strong><\/p>\n<p>&nbsp;<\/p>\n<p><strong>Agrumes<\/strong>: l&rsquo;application de Nimag augmente le taux de magn\u00e9sium dans les feuilles et donc la production moyenne d&rsquo;agrumes et la taille des fruits.<\/p>\n<p>&nbsp;<\/p>\n<p><strong>Raisins<\/strong>: des applications \u00e0 intervalles pendant le d\u00e9veloppement des raisins sont efficaces pour \u00e9viter le dess\u00e8chement de la tige. Lorsqu&rsquo;il est appliqu\u00e9 pendant la pr\u00e9-v\u00e9raison et la phase de maturation, il augmente l&rsquo;acidit\u00e9 du mo\u00fbt.<\/p>\n<p>&nbsp;<\/p>\n<p><strong>Pomme<\/strong>: m\u00e9lang\u00e9e \u00e0 des produits \u00e0 base de zinc, elle s&rsquo;est av\u00e9r\u00e9e tr\u00e8s efficace pour \u00e9radiquer les maladies li\u00e9es \u00e0 une carence en zinc et pour g\u00e9rer la chute pr\u00e9matur\u00e9e des feuilles.<\/p>\n<p>&nbsp;<\/p>\n<p><strong>Tomate<\/strong>: l&rsquo;utilisation de Nimag pendant toute la p\u00e9riode de fructification produit une augmentation remarquable de la production et am\u00e9liore la qualit\u00e9 des fruits.<\/p>\n<p>&nbsp;<\/p>\n<p><strong>Pomme de terre<\/strong>: l&rsquo;absorption de la pomme de terre Mg ++ est consid\u00e9rablement probl\u00e9matique; les applications de Nimag ont entra\u00een\u00e9 une augmentation de la mati\u00e8re s\u00e8che, de la teneur en amidon, des acides ascorbique et citrique et une am\u00e9lioration de la qualit\u00e9 globale du fruit.<\/p>\n<p>&nbsp;<\/p>\n<p><strong>Bl\u00e9<\/strong>: les applications Nimag permettent d&rsquo;am\u00e9liorer la teneur en prot\u00e9ines et de r\u00e9duire les dommages caus\u00e9s par la septorose et la rouille.<\/p>\n<p>&nbsp;<\/p>\n<p><strong>Betterave \u00e0 sucre<\/strong>: les applications Nimag augmentent la teneur en sucre et la production.<\/p>\n<p>&nbsp;<\/p>\n<p><strong>LES AVANTAGES DE NIMAG<\/strong><\/p>\n<p>&nbsp;<\/p>\n<p>Enti\u00e8rement soluble dans l&rsquo;eau, aucune pr\u00e9cipitation;<\/p>\n<p>Absorption foliaire et radicalaire rapide, gr\u00e2ce \u00e0 l&rsquo;interaction entre le magn\u00e9sium et l&rsquo;azote nitrique;<\/p>\n<p>Effet de verdissement rapide sur les cultures;<\/p>\n<p>Meilleur processus de photosynth\u00e8se, car le Mg est l&rsquo;\u00e9l\u00e9ment fondamental de la chlorophylle;<\/p>\n<p>Efficace contre les carences en MgO;<\/p>\n<p>\u00c9galement efficace dans la nutrition des sols calcaires \u00e0 pH \u00e9lev\u00e9 avec de l&rsquo;eau dure.<\/p>\n","protected":false},"excerpt":{"rendered":"<p>N 11-0-0 + 15 MgO<\/p>\n<p>Nimag est particuli\u00e8rement adapt\u00e9 pour fournir du magn\u00e9sium en fertigation<\/p>\n<p>&nbsp;<\/p>\n<p>SACS EN POLY\u00c9THYL\u00c8NE<\/p>\n<p>&nbsp;<\/p>\n<p>25 kilogrammes<\/p>\n","protected":false},"featured_media":12432,"template":"","meta":{"_exactmetrics_skip_tracking":false,"_exactmetrics_sitenote_active":false,"_exactmetrics_sitenote_note":"","_exactmetrics_sitenote_category":0},"yoast_head":"<!-- This site is optimized with the Yoast SEO plugin v23.4 - https:\/\/yoast.com\/wordpress\/plugins\/seo\/ -->\n<title>Nimag | Mugavero<\/title>\n<meta name=\"robots\" content=\"index, follow, max-snippet:-1, max-image-preview:large, max-video-preview:-1\" \/>\n<link rel=\"canonical\" href=\"https:\/\/www.mugavero.it\/fr\/fertilizzante\/nimag\/\" \/>\n<meta property=\"og:locale\" content=\"fr_FR\" \/>\n<meta property=\"og:type\" content=\"article\" \/>\n<meta property=\"og:title\" content=\"Nimag | Mugavero\" \/>\n<meta property=\"og:description\" content=\"N 11-0-0 + 15 MgO  Nimag est particuli\u00e8rement adapt\u00e9 pour fournir du magn\u00e9sium en fertigation  &nbsp;  SACS EN POLY\u00c9THYL\u00c8NE  &nbsp;  25 kilogrammes\" \/>\n<meta property=\"og:url\" content=\"https:\/\/www.mugavero.it\/fr\/fertilizzante\/nimag\/\" \/>\n<meta property=\"og:site_name\" content=\"Mugavero\" \/>\n<meta property=\"article:publisher\" content=\"https:\/\/www.facebook.com\/mugaverofertilizers\/\" \/>\n<meta property=\"article:modified_time\" content=\"2024-05-14T21:04:22+00:00\" \/>\n<meta property=\"og:image\" content=\"https:\/\/www.mugavero.it\/wp-content\/uploads\/2019\/01\/idropl.png\" \/>\n\t<meta property=\"og:image:width\" content=\"1378\" \/>\n\t<meta property=\"og:image:height\" content=\"1733\" \/>\n\t<meta property=\"og:image:type\" content=\"image\/png\" \/>\n<meta name=\"twitter:card\" content=\"summary_large_image\" \/>\n<meta name=\"twitter:label1\" content=\"Dur\u00e9e de lecture estim\u00e9e\" \/>\n\t<meta name=\"twitter:data1\" content=\"3 minutes\" \/>\n<script type=\"application\/ld+json\" class=\"yoast-schema-graph\">{\"@context\":\"https:\/\/schema.org\",\"@graph\":[{\"@type\":\"WebPage\",\"@id\":\"https:\/\/www.mugavero.it\/fr\/fertilizzante\/nimag\/\",\"url\":\"https:\/\/www.mugavero.it\/fr\/fertilizzante\/nimag\/\",\"name\":\"Nimag | Mugavero\",\"isPartOf\":{\"@id\":\"https:\/\/www.mugavero.it\/tr\/#website\"},\"primaryImageOfPage\":{\"@id\":\"https:\/\/www.mugavero.it\/fr\/fertilizzante\/nimag\/#primaryimage\"},\"image\":{\"@id\":\"https:\/\/www.mugavero.it\/fr\/fertilizzante\/nimag\/#primaryimage\"},\"thumbnailUrl\":\"https:\/\/www.mugavero.it\/wp-content\/uploads\/2019\/01\/idropl.png\",\"datePublished\":\"2019-01-23T15:56:50+00:00\",\"dateModified\":\"2024-05-14T21:04:22+00:00\",\"breadcrumb\":{\"@id\":\"https:\/\/www.mugavero.it\/fr\/fertilizzante\/nimag\/#breadcrumb\"},\"inLanguage\":\"fr-FR\",\"potentialAction\":[{\"@type\":\"ReadAction\",\"target\":[\"https:\/\/www.mugavero.it\/fr\/fertilizzante\/nimag\/\"]}]},{\"@type\":\"ImageObject\",\"inLanguage\":\"fr-FR\",\"@id\":\"https:\/\/www.mugavero.it\/fr\/fertilizzante\/nimag\/#primaryimage\",\"url\":\"https:\/\/www.mugavero.it\/wp-content\/uploads\/2019\/01\/idropl.png\",\"contentUrl\":\"https:\/\/www.mugavero.it\/wp-content\/uploads\/2019\/01\/idropl.png\",\"width\":1378,\"height\":1733},{\"@type\":\"BreadcrumbList\",\"@id\":\"https:\/\/www.mugavero.it\/fr\/fertilizzante\/nimag\/#breadcrumb\",\"itemListElement\":[{\"@type\":\"ListItem\",\"position\":1,\"name\":\"Home\",\"item\":\"https:\/\/www.mugavero.it\/fr\/\"},{\"@type\":\"ListItem\",\"position\":2,\"name\":\"Catalogo\",\"item\":\"https:\/\/www.mugavero.it\/tr\/katalog\/\"},{\"@type\":\"ListItem\",\"position\":3,\"name\":\"Nimag\"}]},{\"@type\":\"WebSite\",\"@id\":\"https:\/\/www.mugavero.it\/tr\/#website\",\"url\":\"https:\/\/www.mugavero.it\/tr\/\",\"name\":\"Mugavero Fertilizers\",\"description\":\"It&#039;s Green, White and Red\",\"publisher\":{\"@id\":\"https:\/\/www.mugavero.it\/tr\/#organization\"},\"potentialAction\":[{\"@type\":\"SearchAction\",\"target\":{\"@type\":\"EntryPoint\",\"urlTemplate\":\"https:\/\/www.mugavero.it\/tr\/?s={search_term_string}\"},\"query-input\":{\"@type\":\"PropertyValueSpecification\",\"valueRequired\":true,\"valueName\":\"search_term_string\"}}],\"inLanguage\":\"fr-FR\"},{\"@type\":\"Organization\",\"@id\":\"https:\/\/www.mugavero.it\/tr\/#organization\",\"name\":\"Mugavero Fertilizzanti\",\"url\":\"https:\/\/www.mugavero.it\/tr\/\",\"logo\":{\"@type\":\"ImageObject\",\"inLanguage\":\"fr-FR\",\"@id\":\"https:\/\/www.mugavero.it\/tr\/#\/schema\/logo\/image\/\",\"url\":\"https:\/\/www.mugavero.it\/wp-content\/uploads\/2019\/03\/MUGAVERO-LOGO-ita.png\",\"contentUrl\":\"https:\/\/www.mugavero.it\/wp-content\/uploads\/2019\/03\/MUGAVERO-LOGO-ita.png\",\"width\":1000,\"height\":656,\"caption\":\"Mugavero Fertilizzanti\"},\"image\":{\"@id\":\"https:\/\/www.mugavero.it\/tr\/#\/schema\/logo\/image\/\"},\"sameAs\":[\"https:\/\/www.facebook.com\/mugaverofertilizers\/\",\"https:\/\/www.instagram.com\/mugaverofertilizers\/\",\"https:\/\/www.linkedin.com\/company\/mugavero-fertilizers-official\/\",\"https:\/\/www.youtube.com\/channel\/UCcVmJoiUaqBv_pMIGSe6E2A\"]}]}<\/script>\n<!-- \/ Yoast SEO plugin. -->","yoast_head_json":{"title":"Nimag | Mugavero","robots":{"index":"index","follow":"follow","max-snippet":"max-snippet:-1","max-image-preview":"max-image-preview:large","max-video-preview":"max-video-preview:-1"},"canonical":"https:\/\/www.mugavero.it\/fr\/fertilizzante\/nimag\/","og_locale":"fr_FR","og_type":"article","og_title":"Nimag | Mugavero","og_description":"N 11-0-0 + 15 MgO  Nimag est particuli\u00e8rement adapt\u00e9 pour fournir du magn\u00e9sium en fertigation  &nbsp;  SACS EN POLY\u00c9THYL\u00c8NE  &nbsp;  25 kilogrammes","og_url":"https:\/\/www.mugavero.it\/fr\/fertilizzante\/nimag\/","og_site_name":"Mugavero","article_publisher":"https:\/\/www.facebook.com\/mugaverofertilizers\/","article_modified_time":"2024-05-14T21:04:22+00:00","og_image":[{"width":1378,"height":1733,"url":"https:\/\/www.mugavero.it\/wp-content\/uploads\/2019\/01\/idropl.png","type":"image\/png"}],"twitter_card":"summary_large_image","twitter_misc":{"Dur\u00e9e de lecture estim\u00e9e":"3 minutes"},"schema":{"@context":"https:\/\/schema.org","@graph":[{"@type":"WebPage","@id":"https:\/\/www.mugavero.it\/fr\/fertilizzante\/nimag\/","url":"https:\/\/www.mugavero.it\/fr\/fertilizzante\/nimag\/","name":"Nimag | Mugavero","isPartOf":{"@id":"https:\/\/www.mugavero.it\/tr\/#website"},"primaryImageOfPage":{"@id":"https:\/\/www.mugavero.it\/fr\/fertilizzante\/nimag\/#primaryimage"},"image":{"@id":"https:\/\/www.mugavero.it\/fr\/fertilizzante\/nimag\/#primaryimage"},"thumbnailUrl":"https:\/\/www.mugavero.it\/wp-content\/uploads\/2019\/01\/idropl.png","datePublished":"2019-01-23T15:56:50+00:00","dateModified":"2024-05-14T21:04:22+00:00","breadcrumb":{"@id":"https:\/\/www.mugavero.it\/fr\/fertilizzante\/nimag\/#breadcrumb"},"inLanguage":"fr-FR","potentialAction":[{"@type":"ReadAction","target":["https:\/\/www.mugavero.it\/fr\/fertilizzante\/nimag\/"]}]},{"@type":"ImageObject","inLanguage":"fr-FR","@id":"https:\/\/www.mugavero.it\/fr\/fertilizzante\/nimag\/#primaryimage","url":"https:\/\/www.mugavero.it\/wp-content\/uploads\/2019\/01\/idropl.png","contentUrl":"https:\/\/www.mugavero.it\/wp-content\/uploads\/2019\/01\/idropl.png","width":1378,"height":1733},{"@type":"BreadcrumbList","@id":"https:\/\/www.mugavero.it\/fr\/fertilizzante\/nimag\/#breadcrumb","itemListElement":[{"@type":"ListItem","position":1,"name":"Home","item":"https:\/\/www.mugavero.it\/fr\/"},{"@type":"ListItem","position":2,"name":"Catalogo","item":"https:\/\/www.mugavero.it\/tr\/katalog\/"},{"@type":"ListItem","position":3,"name":"Nimag"}]},{"@type":"WebSite","@id":"https:\/\/www.mugavero.it\/tr\/#website","url":"https:\/\/www.mugavero.it\/tr\/","name":"Mugavero Fertilizers","description":"It&#039;s Green, White and Red","publisher":{"@id":"https:\/\/www.mugavero.it\/tr\/#organization"},"potentialAction":[{"@type":"SearchAction","target":{"@type":"EntryPoint","urlTemplate":"https:\/\/www.mugavero.it\/tr\/?s={search_term_string}"},"query-input":{"@type":"PropertyValueSpecification","valueRequired":true,"valueName":"search_term_string"}}],"inLanguage":"fr-FR"},{"@type":"Organization","@id":"https:\/\/www.mugavero.it\/tr\/#organization","name":"Mugavero Fertilizzanti","url":"https:\/\/www.mugavero.it\/tr\/","logo":{"@type":"ImageObject","inLanguage":"fr-FR","@id":"https:\/\/www.mugavero.it\/tr\/#\/schema\/logo\/image\/","url":"https:\/\/www.mugavero.it\/wp-content\/uploads\/2019\/03\/MUGAVERO-LOGO-ita.png","contentUrl":"https:\/\/www.mugavero.it\/wp-content\/uploads\/2019\/03\/MUGAVERO-LOGO-ita.png","width":1000,"height":656,"caption":"Mugavero Fertilizzanti"},"image":{"@id":"https:\/\/www.mugavero.it\/tr\/#\/schema\/logo\/image\/"},"sameAs":["https:\/\/www.facebook.com\/mugaverofertilizers\/","https:\/\/www.instagram.com\/mugaverofertilizers\/","https:\/\/www.linkedin.com\/company\/mugavero-fertilizers-official\/","https:\/\/www.youtube.com\/channel\/UCcVmJoiUaqBv_pMIGSe6E2A"]}]}},"_links":{"self":[{"href":"https:\/\/www.mugavero.it\/fr\/wp-json\/wp\/v2\/product\/5413"}],"collection":[{"href":"https:\/\/www.mugavero.it\/fr\/wp-json\/wp\/v2\/product"}],"about":[{"href":"https:\/\/www.mugavero.it\/fr\/wp-json\/wp\/v2\/types\/product"}],"wp:featuredmedia":[{"embeddable":true,"href":"https:\/\/www.mugavero.it\/fr\/wp-json\/wp\/v2\/media\/12432"}],"wp:attachment":[{"href":"https:\/\/www.mugavero.it\/fr\/wp-json\/wp\/v2\/media?parent=5413"}],"curies":[{"name":"wp","href":"https:\/\/api.w.org\/{rel}","templated":true}]}}