{"id":5411,"date":"2019-01-23T17:46:22","date_gmt":"2019-01-23T16:46:22","guid":{"rendered":"https:\/\/www.mugavero.it\/fertilizzante\/mkp-0-52-34\/"},"modified":"2024-05-14T23:02:31","modified_gmt":"2024-05-14T21:02:31","slug":"mkp-0-52-34","status":"publish","type":"product","link":"https:\/\/www.mugavero.it\/fr\/fertilizzante\/mkp-0-52-34\/","title":{"rendered":"MKP 0.52.34"},"content":{"rendered":"<p><strong>LA DESCRIPTION<\/strong><\/p>\n<p>Le MKP de Mugavero est un phosphate monopotassique enti\u00e8rement hydrosoluble sans r\u00e9sidu (0-52-34).<\/p>\n<p>&nbsp;<\/p>\n<p>MKP il est pr\u00e9f\u00e9rable de l&rsquo;utiliser au d\u00e9but du d\u00e9veloppement des plantes, lorsque les plantes ont besoin d&rsquo;une grande quantit\u00e9 de phosphore afin de stimuler la croissance des racines. Il peut \u00e9galement \u00eatre appliqu\u00e9 au stade de pr\u00e9-floraison et apr\u00e8s la nouaison pour am\u00e9liorer la fertilisation des fleurs et la croissance des fruits.<\/p>\n<p>&nbsp;<\/p>\n<p>MKP fournit aux cultures tout le phosphore et le potassium dont elles ont besoin et peut \u00eatre utilis\u00e9 comme source de phosphore pour les cultures hors sol. Apr\u00e8s la nouaison, il aide \u00e0 m\u00fbrir les fruits.<\/p>\n<p>&nbsp;<\/p>\n<p>Le MAP peut \u00eatre m\u00e9lang\u00e9 avec d&rsquo;autres engrais pour fournir aux cultures les nutriments n\u00e9cessaires pendant tout le cycle de croissance des plantes. Ne m\u00e9langez pas la solution concentr\u00e9e avec des engrais \u00e0 base de calcium et de magn\u00e9sium.<\/p>\n<p>&nbsp;<\/p>\n<p>AVANTAGES DE MKP<\/p>\n<p>&nbsp;<\/p>\n<p>Enti\u00e8rement hydrosoluble, aucune pr\u00e9cipitation;<\/p>\n<p>Faible en chlore et en sodium;<\/p>\n<p>Pas de m\u00e9taux lourds;<\/p>\n<p>PH acide;<\/p>\n<p>Indice de salinit\u00e9 faible;<\/p>\n<p>Coloration am\u00e9lior\u00e9e et tol\u00e9rance aux dommages m\u00e9caniques;<\/p>\n<p>Augmentation de la croissance des racines.<\/p>\n","protected":false},"excerpt":{"rendered":"<p>PK 0-52-34<\/p>\n<p>Le MKP de Mugavero est un phosphate monopotassique enti\u00e8rement hydrosoluble sans r\u00e9sidu (0-52-34)<\/p>\n<p>&nbsp;<\/p>\n<p>SACS EN POLY\u00c9THYL\u00c8NE<\/p>\n<p>&nbsp;<\/p>\n<p>25 kilogrammes<\/p>\n","protected":false},"featured_media":12411,"template":"","meta":{"_exactmetrics_skip_tracking":false,"_exactmetrics_sitenote_active":false,"_exactmetrics_sitenote_note":"","_exactmetrics_sitenote_category":0},"yoast_head":"<!-- This site is optimized with the Yoast SEO plugin v23.4 - https:\/\/yoast.com\/wordpress\/plugins\/seo\/ -->\n<title>MKP 0.52.34 | Mugavero<\/title>\n<meta name=\"robots\" content=\"index, follow, max-snippet:-1, max-image-preview:large, max-video-preview:-1\" \/>\n<link rel=\"canonical\" href=\"https:\/\/www.mugavero.it\/fr\/fertilizzante\/mkp-0-52-34\/\" \/>\n<meta property=\"og:locale\" content=\"fr_FR\" \/>\n<meta property=\"og:type\" content=\"article\" \/>\n<meta property=\"og:title\" content=\"MKP 0.52.34 | Mugavero\" \/>\n<meta property=\"og:description\" content=\"PK 0-52-34  Le MKP de Mugavero est un phosphate monopotassique enti\u00e8rement hydrosoluble sans r\u00e9sidu (0-52-34)  &nbsp;  SACS EN POLY\u00c9THYL\u00c8NE  &nbsp;  25 kilogrammes\" \/>\n<meta property=\"og:url\" content=\"https:\/\/www.mugavero.it\/fr\/fertilizzante\/mkp-0-52-34\/\" \/>\n<meta property=\"og:site_name\" content=\"Mugavero\" \/>\n<meta property=\"article:publisher\" content=\"https:\/\/www.facebook.com\/mugaverofertilizers\/\" \/>\n<meta property=\"article:modified_time\" content=\"2024-05-14T21:02:31+00:00\" \/>\n<meta property=\"og:image\" content=\"https:\/\/www.mugavero.it\/wp-content\/uploads\/2019\/01\/mkp-1.png\" \/>\n\t<meta property=\"og:image:width\" content=\"1378\" \/>\n\t<meta property=\"og:image:height\" content=\"1733\" \/>\n\t<meta property=\"og:image:type\" content=\"image\/png\" \/>\n<meta name=\"twitter:card\" content=\"summary_large_image\" \/>\n<meta name=\"twitter:label1\" content=\"Dur\u00e9e de lecture estim\u00e9e\" \/>\n\t<meta name=\"twitter:data1\" content=\"2 minutes\" \/>\n<script type=\"application\/ld+json\" class=\"yoast-schema-graph\">{\"@context\":\"https:\/\/schema.org\",\"@graph\":[{\"@type\":\"WebPage\",\"@id\":\"https:\/\/www.mugavero.it\/fr\/fertilizzante\/mkp-0-52-34\/\",\"url\":\"https:\/\/www.mugavero.it\/fr\/fertilizzante\/mkp-0-52-34\/\",\"name\":\"MKP 0.52.34 | Mugavero\",\"isPartOf\":{\"@id\":\"https:\/\/www.mugavero.it\/tr\/#website\"},\"primaryImageOfPage\":{\"@id\":\"https:\/\/www.mugavero.it\/fr\/fertilizzante\/mkp-0-52-34\/#primaryimage\"},\"image\":{\"@id\":\"https:\/\/www.mugavero.it\/fr\/fertilizzante\/mkp-0-52-34\/#primaryimage\"},\"thumbnailUrl\":\"https:\/\/www.mugavero.it\/wp-content\/uploads\/2019\/01\/mkp-1.png\",\"datePublished\":\"2019-01-23T16:46:22+00:00\",\"dateModified\":\"2024-05-14T21:02:31+00:00\",\"breadcrumb\":{\"@id\":\"https:\/\/www.mugavero.it\/fr\/fertilizzante\/mkp-0-52-34\/#breadcrumb\"},\"inLanguage\":\"fr-FR\",\"potentialAction\":[{\"@type\":\"ReadAction\",\"target\":[\"https:\/\/www.mugavero.it\/fr\/fertilizzante\/mkp-0-52-34\/\"]}]},{\"@type\":\"ImageObject\",\"inLanguage\":\"fr-FR\",\"@id\":\"https:\/\/www.mugavero.it\/fr\/fertilizzante\/mkp-0-52-34\/#primaryimage\",\"url\":\"https:\/\/www.mugavero.it\/wp-content\/uploads\/2019\/01\/mkp-1.png\",\"contentUrl\":\"https:\/\/www.mugavero.it\/wp-content\/uploads\/2019\/01\/mkp-1.png\",\"width\":1378,\"height\":1733},{\"@type\":\"BreadcrumbList\",\"@id\":\"https:\/\/www.mugavero.it\/fr\/fertilizzante\/mkp-0-52-34\/#breadcrumb\",\"itemListElement\":[{\"@type\":\"ListItem\",\"position\":1,\"name\":\"Home\",\"item\":\"https:\/\/www.mugavero.it\/fr\/\"},{\"@type\":\"ListItem\",\"position\":2,\"name\":\"Catalogo\",\"item\":\"https:\/\/www.mugavero.it\/tr\/katalog\/\"},{\"@type\":\"ListItem\",\"position\":3,\"name\":\"MKP 0.52.34\"}]},{\"@type\":\"WebSite\",\"@id\":\"https:\/\/www.mugavero.it\/tr\/#website\",\"url\":\"https:\/\/www.mugavero.it\/tr\/\",\"name\":\"Mugavero Fertilizers\",\"description\":\"It&#039;s Green, White and Red\",\"publisher\":{\"@id\":\"https:\/\/www.mugavero.it\/tr\/#organization\"},\"potentialAction\":[{\"@type\":\"SearchAction\",\"target\":{\"@type\":\"EntryPoint\",\"urlTemplate\":\"https:\/\/www.mugavero.it\/tr\/?s={search_term_string}\"},\"query-input\":{\"@type\":\"PropertyValueSpecification\",\"valueRequired\":true,\"valueName\":\"search_term_string\"}}],\"inLanguage\":\"fr-FR\"},{\"@type\":\"Organization\",\"@id\":\"https:\/\/www.mugavero.it\/tr\/#organization\",\"name\":\"Mugavero Fertilizzanti\",\"url\":\"https:\/\/www.mugavero.it\/tr\/\",\"logo\":{\"@type\":\"ImageObject\",\"inLanguage\":\"fr-FR\",\"@id\":\"https:\/\/www.mugavero.it\/tr\/#\/schema\/logo\/image\/\",\"url\":\"https:\/\/www.mugavero.it\/wp-content\/uploads\/2019\/03\/MUGAVERO-LOGO-ita.png\",\"contentUrl\":\"https:\/\/www.mugavero.it\/wp-content\/uploads\/2019\/03\/MUGAVERO-LOGO-ita.png\",\"width\":1000,\"height\":656,\"caption\":\"Mugavero Fertilizzanti\"},\"image\":{\"@id\":\"https:\/\/www.mugavero.it\/tr\/#\/schema\/logo\/image\/\"},\"sameAs\":[\"https:\/\/www.facebook.com\/mugaverofertilizers\/\",\"https:\/\/www.instagram.com\/mugaverofertilizers\/\",\"https:\/\/www.linkedin.com\/company\/mugavero-fertilizers-official\/\",\"https:\/\/www.youtube.com\/channel\/UCcVmJoiUaqBv_pMIGSe6E2A\"]}]}<\/script>\n<!-- \/ Yoast SEO plugin. -->","yoast_head_json":{"title":"MKP 0.52.34 | Mugavero","robots":{"index":"index","follow":"follow","max-snippet":"max-snippet:-1","max-image-preview":"max-image-preview:large","max-video-preview":"max-video-preview:-1"},"canonical":"https:\/\/www.mugavero.it\/fr\/fertilizzante\/mkp-0-52-34\/","og_locale":"fr_FR","og_type":"article","og_title":"MKP 0.52.34 | Mugavero","og_description":"PK 0-52-34  Le MKP de Mugavero est un phosphate monopotassique enti\u00e8rement hydrosoluble sans r\u00e9sidu (0-52-34)  &nbsp;  SACS EN POLY\u00c9THYL\u00c8NE  &nbsp;  25 kilogrammes","og_url":"https:\/\/www.mugavero.it\/fr\/fertilizzante\/mkp-0-52-34\/","og_site_name":"Mugavero","article_publisher":"https:\/\/www.facebook.com\/mugaverofertilizers\/","article_modified_time":"2024-05-14T21:02:31+00:00","og_image":[{"width":1378,"height":1733,"url":"https:\/\/www.mugavero.it\/wp-content\/uploads\/2019\/01\/mkp-1.png","type":"image\/png"}],"twitter_card":"summary_large_image","twitter_misc":{"Dur\u00e9e de lecture estim\u00e9e":"2 minutes"},"schema":{"@context":"https:\/\/schema.org","@graph":[{"@type":"WebPage","@id":"https:\/\/www.mugavero.it\/fr\/fertilizzante\/mkp-0-52-34\/","url":"https:\/\/www.mugavero.it\/fr\/fertilizzante\/mkp-0-52-34\/","name":"MKP 0.52.34 | Mugavero","isPartOf":{"@id":"https:\/\/www.mugavero.it\/tr\/#website"},"primaryImageOfPage":{"@id":"https:\/\/www.mugavero.it\/fr\/fertilizzante\/mkp-0-52-34\/#primaryimage"},"image":{"@id":"https:\/\/www.mugavero.it\/fr\/fertilizzante\/mkp-0-52-34\/#primaryimage"},"thumbnailUrl":"https:\/\/www.mugavero.it\/wp-content\/uploads\/2019\/01\/mkp-1.png","datePublished":"2019-01-23T16:46:22+00:00","dateModified":"2024-05-14T21:02:31+00:00","breadcrumb":{"@id":"https:\/\/www.mugavero.it\/fr\/fertilizzante\/mkp-0-52-34\/#breadcrumb"},"inLanguage":"fr-FR","potentialAction":[{"@type":"ReadAction","target":["https:\/\/www.mugavero.it\/fr\/fertilizzante\/mkp-0-52-34\/"]}]},{"@type":"ImageObject","inLanguage":"fr-FR","@id":"https:\/\/www.mugavero.it\/fr\/fertilizzante\/mkp-0-52-34\/#primaryimage","url":"https:\/\/www.mugavero.it\/wp-content\/uploads\/2019\/01\/mkp-1.png","contentUrl":"https:\/\/www.mugavero.it\/wp-content\/uploads\/2019\/01\/mkp-1.png","width":1378,"height":1733},{"@type":"BreadcrumbList","@id":"https:\/\/www.mugavero.it\/fr\/fertilizzante\/mkp-0-52-34\/#breadcrumb","itemListElement":[{"@type":"ListItem","position":1,"name":"Home","item":"https:\/\/www.mugavero.it\/fr\/"},{"@type":"ListItem","position":2,"name":"Catalogo","item":"https:\/\/www.mugavero.it\/tr\/katalog\/"},{"@type":"ListItem","position":3,"name":"MKP 0.52.34"}]},{"@type":"WebSite","@id":"https:\/\/www.mugavero.it\/tr\/#website","url":"https:\/\/www.mugavero.it\/tr\/","name":"Mugavero Fertilizers","description":"It&#039;s Green, White and Red","publisher":{"@id":"https:\/\/www.mugavero.it\/tr\/#organization"},"potentialAction":[{"@type":"SearchAction","target":{"@type":"EntryPoint","urlTemplate":"https:\/\/www.mugavero.it\/tr\/?s={search_term_string}"},"query-input":{"@type":"PropertyValueSpecification","valueRequired":true,"valueName":"search_term_string"}}],"inLanguage":"fr-FR"},{"@type":"Organization","@id":"https:\/\/www.mugavero.it\/tr\/#organization","name":"Mugavero Fertilizzanti","url":"https:\/\/www.mugavero.it\/tr\/","logo":{"@type":"ImageObject","inLanguage":"fr-FR","@id":"https:\/\/www.mugavero.it\/tr\/#\/schema\/logo\/image\/","url":"https:\/\/www.mugavero.it\/wp-content\/uploads\/2019\/03\/MUGAVERO-LOGO-ita.png","contentUrl":"https:\/\/www.mugavero.it\/wp-content\/uploads\/2019\/03\/MUGAVERO-LOGO-ita.png","width":1000,"height":656,"caption":"Mugavero Fertilizzanti"},"image":{"@id":"https:\/\/www.mugavero.it\/tr\/#\/schema\/logo\/image\/"},"sameAs":["https:\/\/www.facebook.com\/mugaverofertilizers\/","https:\/\/www.instagram.com\/mugaverofertilizers\/","https:\/\/www.linkedin.com\/company\/mugavero-fertilizers-official\/","https:\/\/www.youtube.com\/channel\/UCcVmJoiUaqBv_pMIGSe6E2A"]}]}},"_links":{"self":[{"href":"https:\/\/www.mugavero.it\/fr\/wp-json\/wp\/v2\/product\/5411"}],"collection":[{"href":"https:\/\/www.mugavero.it\/fr\/wp-json\/wp\/v2\/product"}],"about":[{"href":"https:\/\/www.mugavero.it\/fr\/wp-json\/wp\/v2\/types\/product"}],"wp:featuredmedia":[{"embeddable":true,"href":"https:\/\/www.mugavero.it\/fr\/wp-json\/wp\/v2\/media\/12411"}],"wp:attachment":[{"href":"https:\/\/www.mugavero.it\/fr\/wp-json\/wp\/v2\/media?parent=5411"}],"curies":[{"name":"wp","href":"https:\/\/api.w.org\/{rel}","templated":true}]}}