{"id":5402,"date":"2019-01-22T08:40:05","date_gmt":"2019-01-22T07:40:05","guid":{"rendered":"https:\/\/www.mugavero.it\/fertilizzante\/azoflash\/"},"modified":"2022-07-07T12:40:38","modified_gmt":"2022-07-07T10:40:38","slug":"azoflash","status":"publish","type":"product","link":"https:\/\/www.mugavero.it\/fr\/fertilizzante\/azoflash\/","title":{"rendered":"Azoflash"},"content":{"rendered":"<p>&nbsp;<\/p>\n<p>&nbsp;<\/p>\n","protected":false},"excerpt":{"rendered":"<p>Azoflash est une formulation liquide \u00e0 haute teneur en azote avec l&rsquo;inhibiteur d&rsquo;ur\u00e9ase (NBPT) \u00e0 utiliser en application foliaire. Il poss\u00e8de les trois formes d&rsquo;azote (nitrique, ammoniacal et ur\u00e9e) en parfait \u00e9quilibre les unes avec les autres et est capable de r\u00e9pondre aux besoins en azote de la plante tout au long du cycle v\u00e9g\u00e9tatif.<\/p>\n<p><img decoding=\"async\" class=\"alignnone wp-image-7119\" src=\"https:\/\/www.mugavero.it\/wp-content\/uploads\/2021\/10\/BOTTIGLIA.png\" alt=\"\" width=\"42\" height=\"42\" srcset=\"https:\/\/www.mugavero.it\/wp-content\/uploads\/2021\/10\/BOTTIGLIA.png 238w, https:\/\/www.mugavero.it\/wp-content\/uploads\/2021\/10\/BOTTIGLIA-150x150.png 150w, https:\/\/www.mugavero.it\/wp-content\/uploads\/2021\/10\/BOTTIGLIA-187x187.png 187w, https:\/\/www.mugavero.it\/wp-content\/uploads\/2021\/10\/BOTTIGLIA-100x100.png 100w\" sizes=\"(max-width: 42px) 100vw, 42px\" \/>1\u00a0 \u00a0<img decoding=\"async\" class=\"alignnone wp-image-7111\" src=\"https:\/\/www.mugavero.it\/wp-content\/uploads\/2019\/10\/TANICA.png\" alt=\"\" width=\"38\" height=\"38\" srcset=\"https:\/\/www.mugavero.it\/wp-content\/uploads\/2019\/10\/TANICA.png 238w, https:\/\/www.mugavero.it\/wp-content\/uploads\/2019\/10\/TANICA-150x150.png 150w, https:\/\/www.mugavero.it\/wp-content\/uploads\/2019\/10\/TANICA-187x187.png 187w, https:\/\/www.mugavero.it\/wp-content\/uploads\/2019\/10\/TANICA-100x100.png 100w\" sizes=\"(max-width: 38px) 100vw, 38px\" \/>5\/20<\/p>\n<p><img decoding=\"async\" class=\"alignnone wp-image-7076 \" src=\"https:\/\/www.mugavero.it\/wp-content\/uploads\/2019\/01\/FOGLIARE.png\" alt=\"\" width=\"51\" height=\"51\" srcset=\"https:\/\/www.mugavero.it\/wp-content\/uploads\/2019\/01\/FOGLIARE.png 238w, https:\/\/www.mugavero.it\/wp-content\/uploads\/2019\/01\/FOGLIARE-150x150.png 150w, https:\/\/www.mugavero.it\/wp-content\/uploads\/2019\/01\/FOGLIARE-186x187.png 186w, https:\/\/www.mugavero.it\/wp-content\/uploads\/2019\/01\/FOGLIARE-100x100.png 100w\" sizes=\"(max-width: 51px) 100vw, 51px\" \/>Application Foliaire<\/p>\n<p><img decoding=\"async\" class=\"alignnone wp-image-7097 \" src=\"https:\/\/www.mugavero.it\/wp-content\/uploads\/2019\/01\/ECO-SOSTENIBILE.png\" alt=\"\" width=\"46\" height=\"46\" srcset=\"https:\/\/www.mugavero.it\/wp-content\/uploads\/2019\/01\/ECO-SOSTENIBILE.png 238w, https:\/\/www.mugavero.it\/wp-content\/uploads\/2019\/01\/ECO-SOSTENIBILE-150x150.png 150w, https:\/\/www.mugavero.it\/wp-content\/uploads\/2019\/01\/ECO-SOSTENIBILE-187x187.png 187w, https:\/\/www.mugavero.it\/wp-content\/uploads\/2019\/01\/ECO-SOSTENIBILE-100x100.png 100w\" sizes=\"(max-width: 46px) 100vw, 46px\" \/>Emballage respecteux de la nature<\/p>\n","protected":false},"featured_media":6912,"template":"","meta":{"_exactmetrics_skip_tracking":false,"_exactmetrics_sitenote_active":false,"_exactmetrics_sitenote_note":"","_exactmetrics_sitenote_category":0},"yoast_head":"<!-- This site is optimized with the Yoast SEO plugin v23.4 - https:\/\/yoast.com\/wordpress\/plugins\/seo\/ -->\n<title>Azoflash | Mugavero<\/title>\n<meta name=\"robots\" content=\"index, follow, max-snippet:-1, max-image-preview:large, max-video-preview:-1\" \/>\n<link rel=\"canonical\" href=\"https:\/\/www.mugavero.it\/fr\/fertilizzante\/azoflash\/\" \/>\n<meta property=\"og:locale\" content=\"fr_FR\" \/>\n<meta property=\"og:type\" content=\"article\" \/>\n<meta property=\"og:title\" content=\"Azoflash | Mugavero\" \/>\n<meta property=\"og:description\" content=\"Azoflash est une formulation liquide \u00e0 haute teneur en azote avec l&#039;inhibiteur d&#039;ur\u00e9ase (NBPT) \u00e0 utiliser en application foliaire. Il poss\u00e8de les trois formes d&#039;azote (nitrique, ammoniacal et ur\u00e9e) en parfait \u00e9quilibre les unes avec les autres et est capable de r\u00e9pondre aux besoins en azote de la plante tout au long du cycle v\u00e9g\u00e9tatif.  1\u00a0 \u00a05\/20  Application Foliaire  Emballage respecteux de la nature\" \/>\n<meta property=\"og:url\" content=\"https:\/\/www.mugavero.it\/fr\/fertilizzante\/azoflash\/\" \/>\n<meta property=\"og:site_name\" content=\"Mugavero\" \/>\n<meta property=\"article:publisher\" content=\"https:\/\/www.facebook.com\/mugaverofertilizers\/\" \/>\n<meta property=\"article:modified_time\" content=\"2022-07-07T10:40:38+00:00\" \/>\n<meta property=\"og:image\" content=\"https:\/\/www.mugavero.it\/wp-content\/uploads\/2019\/01\/AZOFLASHsito.png\" \/>\n\t<meta property=\"og:image:width\" content=\"600\" \/>\n\t<meta property=\"og:image:height\" content=\"600\" \/>\n\t<meta property=\"og:image:type\" content=\"image\/png\" \/>\n<meta name=\"twitter:card\" content=\"summary_large_image\" \/>\n<script type=\"application\/ld+json\" class=\"yoast-schema-graph\">{\"@context\":\"https:\/\/schema.org\",\"@graph\":[{\"@type\":\"WebPage\",\"@id\":\"https:\/\/www.mugavero.it\/fr\/fertilizzante\/azoflash\/\",\"url\":\"https:\/\/www.mugavero.it\/fr\/fertilizzante\/azoflash\/\",\"name\":\"Azoflash | Mugavero\",\"isPartOf\":{\"@id\":\"https:\/\/www.mugavero.it\/tr\/#website\"},\"primaryImageOfPage\":{\"@id\":\"https:\/\/www.mugavero.it\/fr\/fertilizzante\/azoflash\/#primaryimage\"},\"image\":{\"@id\":\"https:\/\/www.mugavero.it\/fr\/fertilizzante\/azoflash\/#primaryimage\"},\"thumbnailUrl\":\"https:\/\/www.mugavero.it\/wp-content\/uploads\/2019\/01\/AZOFLASHsito.png\",\"datePublished\":\"2019-01-22T07:40:05+00:00\",\"dateModified\":\"2022-07-07T10:40:38+00:00\",\"breadcrumb\":{\"@id\":\"https:\/\/www.mugavero.it\/fr\/fertilizzante\/azoflash\/#breadcrumb\"},\"inLanguage\":\"fr-FR\",\"potentialAction\":[{\"@type\":\"ReadAction\",\"target\":[\"https:\/\/www.mugavero.it\/fr\/fertilizzante\/azoflash\/\"]}]},{\"@type\":\"ImageObject\",\"inLanguage\":\"fr-FR\",\"@id\":\"https:\/\/www.mugavero.it\/fr\/fertilizzante\/azoflash\/#primaryimage\",\"url\":\"https:\/\/www.mugavero.it\/wp-content\/uploads\/2019\/01\/AZOFLASHsito.png\",\"contentUrl\":\"https:\/\/www.mugavero.it\/wp-content\/uploads\/2019\/01\/AZOFLASHsito.png\",\"width\":600,\"height\":600},{\"@type\":\"BreadcrumbList\",\"@id\":\"https:\/\/www.mugavero.it\/fr\/fertilizzante\/azoflash\/#breadcrumb\",\"itemListElement\":[{\"@type\":\"ListItem\",\"position\":1,\"name\":\"Home\",\"item\":\"https:\/\/www.mugavero.it\/fr\/\"},{\"@type\":\"ListItem\",\"position\":2,\"name\":\"Catalogo\",\"item\":\"https:\/\/www.mugavero.it\/tr\/katalog\/\"},{\"@type\":\"ListItem\",\"position\":3,\"name\":\"Azoflash\"}]},{\"@type\":\"WebSite\",\"@id\":\"https:\/\/www.mugavero.it\/tr\/#website\",\"url\":\"https:\/\/www.mugavero.it\/tr\/\",\"name\":\"Mugavero Fertilizers\",\"description\":\"It&#039;s Green, White and Red\",\"publisher\":{\"@id\":\"https:\/\/www.mugavero.it\/tr\/#organization\"},\"potentialAction\":[{\"@type\":\"SearchAction\",\"target\":{\"@type\":\"EntryPoint\",\"urlTemplate\":\"https:\/\/www.mugavero.it\/tr\/?s={search_term_string}\"},\"query-input\":{\"@type\":\"PropertyValueSpecification\",\"valueRequired\":true,\"valueName\":\"search_term_string\"}}],\"inLanguage\":\"fr-FR\"},{\"@type\":\"Organization\",\"@id\":\"https:\/\/www.mugavero.it\/tr\/#organization\",\"name\":\"Mugavero Fertilizzanti\",\"url\":\"https:\/\/www.mugavero.it\/tr\/\",\"logo\":{\"@type\":\"ImageObject\",\"inLanguage\":\"fr-FR\",\"@id\":\"https:\/\/www.mugavero.it\/tr\/#\/schema\/logo\/image\/\",\"url\":\"https:\/\/www.mugavero.it\/wp-content\/uploads\/2019\/03\/MUGAVERO-LOGO-ita.png\",\"contentUrl\":\"https:\/\/www.mugavero.it\/wp-content\/uploads\/2019\/03\/MUGAVERO-LOGO-ita.png\",\"width\":1000,\"height\":656,\"caption\":\"Mugavero Fertilizzanti\"},\"image\":{\"@id\":\"https:\/\/www.mugavero.it\/tr\/#\/schema\/logo\/image\/\"},\"sameAs\":[\"https:\/\/www.facebook.com\/mugaverofertilizers\/\",\"https:\/\/www.instagram.com\/mugaverofertilizers\/\",\"https:\/\/www.linkedin.com\/company\/mugavero-fertilizers-official\/\",\"https:\/\/www.youtube.com\/channel\/UCcVmJoiUaqBv_pMIGSe6E2A\"]}]}<\/script>\n<!-- \/ Yoast SEO plugin. -->","yoast_head_json":{"title":"Azoflash | Mugavero","robots":{"index":"index","follow":"follow","max-snippet":"max-snippet:-1","max-image-preview":"max-image-preview:large","max-video-preview":"max-video-preview:-1"},"canonical":"https:\/\/www.mugavero.it\/fr\/fertilizzante\/azoflash\/","og_locale":"fr_FR","og_type":"article","og_title":"Azoflash | Mugavero","og_description":"Azoflash est une formulation liquide \u00e0 haute teneur en azote avec l'inhibiteur d'ur\u00e9ase (NBPT) \u00e0 utiliser en application foliaire. Il poss\u00e8de les trois formes d'azote (nitrique, ammoniacal et ur\u00e9e) en parfait \u00e9quilibre les unes avec les autres et est capable de r\u00e9pondre aux besoins en azote de la plante tout au long du cycle v\u00e9g\u00e9tatif.  1\u00a0 \u00a05\/20  Application Foliaire  Emballage respecteux de la nature","og_url":"https:\/\/www.mugavero.it\/fr\/fertilizzante\/azoflash\/","og_site_name":"Mugavero","article_publisher":"https:\/\/www.facebook.com\/mugaverofertilizers\/","article_modified_time":"2022-07-07T10:40:38+00:00","og_image":[{"width":600,"height":600,"url":"https:\/\/www.mugavero.it\/wp-content\/uploads\/2019\/01\/AZOFLASHsito.png","type":"image\/png"}],"twitter_card":"summary_large_image","schema":{"@context":"https:\/\/schema.org","@graph":[{"@type":"WebPage","@id":"https:\/\/www.mugavero.it\/fr\/fertilizzante\/azoflash\/","url":"https:\/\/www.mugavero.it\/fr\/fertilizzante\/azoflash\/","name":"Azoflash | Mugavero","isPartOf":{"@id":"https:\/\/www.mugavero.it\/tr\/#website"},"primaryImageOfPage":{"@id":"https:\/\/www.mugavero.it\/fr\/fertilizzante\/azoflash\/#primaryimage"},"image":{"@id":"https:\/\/www.mugavero.it\/fr\/fertilizzante\/azoflash\/#primaryimage"},"thumbnailUrl":"https:\/\/www.mugavero.it\/wp-content\/uploads\/2019\/01\/AZOFLASHsito.png","datePublished":"2019-01-22T07:40:05+00:00","dateModified":"2022-07-07T10:40:38+00:00","breadcrumb":{"@id":"https:\/\/www.mugavero.it\/fr\/fertilizzante\/azoflash\/#breadcrumb"},"inLanguage":"fr-FR","potentialAction":[{"@type":"ReadAction","target":["https:\/\/www.mugavero.it\/fr\/fertilizzante\/azoflash\/"]}]},{"@type":"ImageObject","inLanguage":"fr-FR","@id":"https:\/\/www.mugavero.it\/fr\/fertilizzante\/azoflash\/#primaryimage","url":"https:\/\/www.mugavero.it\/wp-content\/uploads\/2019\/01\/AZOFLASHsito.png","contentUrl":"https:\/\/www.mugavero.it\/wp-content\/uploads\/2019\/01\/AZOFLASHsito.png","width":600,"height":600},{"@type":"BreadcrumbList","@id":"https:\/\/www.mugavero.it\/fr\/fertilizzante\/azoflash\/#breadcrumb","itemListElement":[{"@type":"ListItem","position":1,"name":"Home","item":"https:\/\/www.mugavero.it\/fr\/"},{"@type":"ListItem","position":2,"name":"Catalogo","item":"https:\/\/www.mugavero.it\/tr\/katalog\/"},{"@type":"ListItem","position":3,"name":"Azoflash"}]},{"@type":"WebSite","@id":"https:\/\/www.mugavero.it\/tr\/#website","url":"https:\/\/www.mugavero.it\/tr\/","name":"Mugavero Fertilizers","description":"It&#039;s Green, White and Red","publisher":{"@id":"https:\/\/www.mugavero.it\/tr\/#organization"},"potentialAction":[{"@type":"SearchAction","target":{"@type":"EntryPoint","urlTemplate":"https:\/\/www.mugavero.it\/tr\/?s={search_term_string}"},"query-input":{"@type":"PropertyValueSpecification","valueRequired":true,"valueName":"search_term_string"}}],"inLanguage":"fr-FR"},{"@type":"Organization","@id":"https:\/\/www.mugavero.it\/tr\/#organization","name":"Mugavero Fertilizzanti","url":"https:\/\/www.mugavero.it\/tr\/","logo":{"@type":"ImageObject","inLanguage":"fr-FR","@id":"https:\/\/www.mugavero.it\/tr\/#\/schema\/logo\/image\/","url":"https:\/\/www.mugavero.it\/wp-content\/uploads\/2019\/03\/MUGAVERO-LOGO-ita.png","contentUrl":"https:\/\/www.mugavero.it\/wp-content\/uploads\/2019\/03\/MUGAVERO-LOGO-ita.png","width":1000,"height":656,"caption":"Mugavero Fertilizzanti"},"image":{"@id":"https:\/\/www.mugavero.it\/tr\/#\/schema\/logo\/image\/"},"sameAs":["https:\/\/www.facebook.com\/mugaverofertilizers\/","https:\/\/www.instagram.com\/mugaverofertilizers\/","https:\/\/www.linkedin.com\/company\/mugavero-fertilizers-official\/","https:\/\/www.youtube.com\/channel\/UCcVmJoiUaqBv_pMIGSe6E2A"]}]}},"_links":{"self":[{"href":"https:\/\/www.mugavero.it\/fr\/wp-json\/wp\/v2\/product\/5402"}],"collection":[{"href":"https:\/\/www.mugavero.it\/fr\/wp-json\/wp\/v2\/product"}],"about":[{"href":"https:\/\/www.mugavero.it\/fr\/wp-json\/wp\/v2\/types\/product"}],"wp:featuredmedia":[{"embeddable":true,"href":"https:\/\/www.mugavero.it\/fr\/wp-json\/wp\/v2\/media\/6912"}],"wp:attachment":[{"href":"https:\/\/www.mugavero.it\/fr\/wp-json\/wp\/v2\/media?parent=5402"}],"curies":[{"name":"wp","href":"https:\/\/api.w.org\/{rel}","templated":true}]}}