{"id":5374,"date":"2019-01-16T14:01:25","date_gmt":"2019-01-16T13:01:25","guid":{"rendered":"https:\/\/www.mugavero.it\/fertilizzante\/magicolor-21\/"},"modified":"2023-11-19T15:56:57","modified_gmt":"2023-11-19T14:56:57","slug":"magicolor-21","status":"publish","type":"product","link":"https:\/\/www.mugavero.it\/fr\/fertilizzante\/magicolor-21\/","title":{"rendered":"Magicolor 21"},"content":{"rendered":"<p><strong>LA DESCRIPTION<\/strong><\/p>\n<p>MAGICOLOR 21 est un engrais min\u00e9ral simple avec diff\u00e9rents types d&rsquo;azote, principalement sous formes ur\u00e9ique et ammoniacale et additionn\u00e9 de micro-\u00e9l\u00e9ments principaux (fer et magn\u00e9sium) et de m\u00e9so-\u00e9l\u00e9ments (soufre).<\/p>\n<p>En raison de sa forte teneur en soufre et de la pr\u00e9sence d&rsquo;azote ammoniacal, MAGICOLOR 21 est un engrais sous-acide. Par cons\u00e9quent, l&rsquo;application de MAGICOLOR 21 dans les sols calcaires permet l&rsquo;activation du phosphore et des micro-\u00e9l\u00e9ments retenus par les collo\u00efdes du sol, am\u00e9liorant les conditions de croissance des plantes.<\/p>\n<p>&nbsp;<\/p>\n<p><strong>MAGICOLOR<\/strong> est un engrais min\u00e9ral NPK contenant de l&rsquo;azote ammoniacal stabilis\u00e9, du phosphore hautement soluble, du sulfate de potassium et du magn\u00e9sium.<\/p>\n<p>&nbsp;<\/p>\n<p>Les principales caract\u00e9ristiques sont:<\/p>\n<p>&nbsp;<\/p>\n<p>Azote stabilis\u00e9<\/p>\n<p>Potassium d\u00e9riv\u00e9 enti\u00e8rement de sulfate<\/p>\n<p>engrais enrichi en fer et magn\u00e9sium<\/p>\n<p>engrais \u00e0 effet acidifiant<\/p>\n<p>teneur \u00e9lev\u00e9e en anhydride sulfurique<\/p>\n<p>La pr\u00e9sence localis\u00e9e d&rsquo;azote nitrique et d&rsquo;azote ammoniacal stabilis\u00e9 permet aux plantes de satisfaire leurs <strong>besoins en azote<\/strong> pendant une longue p\u00e9riode de temps au cours du cycle v\u00e9g\u00e9tatif.<\/p>\n<p>Le potassium d\u00e9rive exclusivement de sulfate, ce qui permet \u00e0 MAGICOLOR d&rsquo;\u00eatre \u00e9galement utilis\u00e9 dans les cultures sensibles au chlore.<\/p>\n<p>&nbsp;<\/p>\n<p>Parall\u00e8lement, le Fer et le Magn\u00e9sium disponibles en forte concentration permettent <strong>une coloration plus intense des feuilles<\/strong> et am\u00e9liorent notablement la qualit\u00e9 des r\u00e9coltes<\/p>\n","protected":false},"excerpt":{"rendered":"<p>N 21 + 4 FeO + 2 MgO + 38\u00a0SO<sub>3<\/sub><\/p>\n<p><strong>Magicolor<\/strong> <strong>21<\/strong> est un engrais azot\u00e9 mixte azot\u00e9, contenant de l&rsquo;azote dans l&rsquo;ur\u00e9e et l&rsquo;ammoniac enrichi des principaux micro-\u00e9l\u00e9ments (fer et magn\u00e9sium) et m\u00e9so \u00e9l\u00e9ments (soufre)<\/p>\n","protected":false},"featured_media":11902,"template":"","meta":{"_exactmetrics_skip_tracking":false,"_exactmetrics_sitenote_active":false,"_exactmetrics_sitenote_note":"","_exactmetrics_sitenote_category":0},"yoast_head":"<!-- This site is optimized with the Yoast SEO plugin v23.4 - https:\/\/yoast.com\/wordpress\/plugins\/seo\/ -->\n<title>Magicolor 21 | Mugavero<\/title>\n<meta name=\"description\" content=\"Magicolor 21 est un engrais azot\u00e9 mixte azot\u00e9, contenant de l&#039;azote dans l&#039;ur\u00e9e et l&#039;ammoniac enrichi des principaux micro-\u00e9l\u00e9ments ...\" \/>\n<meta name=\"robots\" content=\"index, follow, max-snippet:-1, max-image-preview:large, max-video-preview:-1\" \/>\n<link rel=\"canonical\" href=\"https:\/\/www.mugavero.it\/fertilizzante\/magicolor\/\" \/>\n<meta property=\"og:locale\" content=\"fr_FR\" \/>\n<meta property=\"og:type\" content=\"article\" \/>\n<meta property=\"og:title\" content=\"Magicolor 21 | Mugavero\" \/>\n<meta property=\"og:description\" content=\"Magicolor 21 est un engrais azot\u00e9 mixte azot\u00e9, contenant de l&#039;azote dans l&#039;ur\u00e9e et l&#039;ammoniac enrichi des principaux micro-\u00e9l\u00e9ments ...\" \/>\n<meta property=\"og:url\" content=\"https:\/\/www.mugavero.it\/fertilizzante\/magicolor\/\" \/>\n<meta property=\"og:site_name\" content=\"Mugavero\" \/>\n<meta property=\"article:publisher\" content=\"https:\/\/www.facebook.com\/mugaverofertilizers\/\" \/>\n<meta property=\"article:modified_time\" content=\"2023-11-19T14:56:57+00:00\" \/>\n<meta property=\"og:image\" content=\"https:\/\/www.mugavero.it\/wp-content\/uploads\/2023\/11\/magicolor.png\" \/>\n\t<meta property=\"og:image:width\" content=\"1378\" \/>\n\t<meta property=\"og:image:height\" content=\"1733\" \/>\n\t<meta property=\"og:image:type\" content=\"image\/png\" \/>\n<meta name=\"twitter:card\" content=\"summary_large_image\" \/>\n<meta name=\"twitter:label1\" content=\"Dur\u00e9e de lecture estim\u00e9e\" \/>\n\t<meta name=\"twitter:data1\" content=\"1 minute\" \/>\n<script type=\"application\/ld+json\" class=\"yoast-schema-graph\">{\"@context\":\"https:\/\/schema.org\",\"@graph\":[{\"@type\":\"WebPage\",\"@id\":\"https:\/\/www.mugavero.it\/fertilizzante\/magicolor\/\",\"url\":\"https:\/\/www.mugavero.it\/fertilizzante\/magicolor\/\",\"name\":\"Magicolor 21 | Mugavero\",\"isPartOf\":{\"@id\":\"https:\/\/www.mugavero.it\/tr\/#website\"},\"primaryImageOfPage\":{\"@id\":\"https:\/\/www.mugavero.it\/fertilizzante\/magicolor\/#primaryimage\"},\"image\":{\"@id\":\"https:\/\/www.mugavero.it\/fertilizzante\/magicolor\/#primaryimage\"},\"thumbnailUrl\":\"https:\/\/www.mugavero.it\/wp-content\/uploads\/2023\/11\/magicolor.png\",\"datePublished\":\"2019-01-16T13:01:25+00:00\",\"dateModified\":\"2023-11-19T14:56:57+00:00\",\"description\":\"Magicolor 21 est un engrais azot\u00e9 mixte azot\u00e9, contenant de l'azote dans l'ur\u00e9e et l'ammoniac enrichi des principaux micro-\u00e9l\u00e9ments ...\",\"breadcrumb\":{\"@id\":\"https:\/\/www.mugavero.it\/fertilizzante\/magicolor\/#breadcrumb\"},\"inLanguage\":\"fr-FR\",\"potentialAction\":[{\"@type\":\"ReadAction\",\"target\":[\"https:\/\/www.mugavero.it\/fertilizzante\/magicolor\/\"]}]},{\"@type\":\"ImageObject\",\"inLanguage\":\"fr-FR\",\"@id\":\"https:\/\/www.mugavero.it\/fertilizzante\/magicolor\/#primaryimage\",\"url\":\"https:\/\/www.mugavero.it\/wp-content\/uploads\/2023\/11\/magicolor.png\",\"contentUrl\":\"https:\/\/www.mugavero.it\/wp-content\/uploads\/2023\/11\/magicolor.png\",\"width\":1378,\"height\":1733},{\"@type\":\"BreadcrumbList\",\"@id\":\"https:\/\/www.mugavero.it\/fertilizzante\/magicolor\/#breadcrumb\",\"itemListElement\":[{\"@type\":\"ListItem\",\"position\":1,\"name\":\"Home\",\"item\":\"https:\/\/www.mugavero.it\/fr\/\"},{\"@type\":\"ListItem\",\"position\":2,\"name\":\"Catalogo\",\"item\":\"https:\/\/www.mugavero.it\/tr\/katalog\/\"},{\"@type\":\"ListItem\",\"position\":3,\"name\":\"Magicolor 21\"}]},{\"@type\":\"WebSite\",\"@id\":\"https:\/\/www.mugavero.it\/tr\/#website\",\"url\":\"https:\/\/www.mugavero.it\/tr\/\",\"name\":\"Mugavero Fertilizers\",\"description\":\"It&#039;s Green, White and Red\",\"publisher\":{\"@id\":\"https:\/\/www.mugavero.it\/tr\/#organization\"},\"potentialAction\":[{\"@type\":\"SearchAction\",\"target\":{\"@type\":\"EntryPoint\",\"urlTemplate\":\"https:\/\/www.mugavero.it\/tr\/?s={search_term_string}\"},\"query-input\":{\"@type\":\"PropertyValueSpecification\",\"valueRequired\":true,\"valueName\":\"search_term_string\"}}],\"inLanguage\":\"fr-FR\"},{\"@type\":\"Organization\",\"@id\":\"https:\/\/www.mugavero.it\/tr\/#organization\",\"name\":\"Mugavero Fertilizzanti\",\"url\":\"https:\/\/www.mugavero.it\/tr\/\",\"logo\":{\"@type\":\"ImageObject\",\"inLanguage\":\"fr-FR\",\"@id\":\"https:\/\/www.mugavero.it\/tr\/#\/schema\/logo\/image\/\",\"url\":\"https:\/\/www.mugavero.it\/wp-content\/uploads\/2019\/03\/MUGAVERO-LOGO-ita.png\",\"contentUrl\":\"https:\/\/www.mugavero.it\/wp-content\/uploads\/2019\/03\/MUGAVERO-LOGO-ita.png\",\"width\":1000,\"height\":656,\"caption\":\"Mugavero Fertilizzanti\"},\"image\":{\"@id\":\"https:\/\/www.mugavero.it\/tr\/#\/schema\/logo\/image\/\"},\"sameAs\":[\"https:\/\/www.facebook.com\/mugaverofertilizers\/\",\"https:\/\/www.instagram.com\/mugaverofertilizers\/\",\"https:\/\/www.linkedin.com\/company\/mugavero-fertilizers-official\/\",\"https:\/\/www.youtube.com\/channel\/UCcVmJoiUaqBv_pMIGSe6E2A\"]}]}<\/script>\n<!-- \/ Yoast SEO plugin. -->","yoast_head_json":{"title":"Magicolor 21 | Mugavero","description":"Magicolor 21 est un engrais azot\u00e9 mixte azot\u00e9, contenant de l'azote dans l'ur\u00e9e et l'ammoniac enrichi des principaux micro-\u00e9l\u00e9ments ...","robots":{"index":"index","follow":"follow","max-snippet":"max-snippet:-1","max-image-preview":"max-image-preview:large","max-video-preview":"max-video-preview:-1"},"canonical":"https:\/\/www.mugavero.it\/fertilizzante\/magicolor\/","og_locale":"fr_FR","og_type":"article","og_title":"Magicolor 21 | Mugavero","og_description":"Magicolor 21 est un engrais azot\u00e9 mixte azot\u00e9, contenant de l'azote dans l'ur\u00e9e et l'ammoniac enrichi des principaux micro-\u00e9l\u00e9ments ...","og_url":"https:\/\/www.mugavero.it\/fertilizzante\/magicolor\/","og_site_name":"Mugavero","article_publisher":"https:\/\/www.facebook.com\/mugaverofertilizers\/","article_modified_time":"2023-11-19T14:56:57+00:00","og_image":[{"width":1378,"height":1733,"url":"https:\/\/www.mugavero.it\/wp-content\/uploads\/2023\/11\/magicolor.png","type":"image\/png"}],"twitter_card":"summary_large_image","twitter_misc":{"Dur\u00e9e de lecture estim\u00e9e":"1 minute"},"schema":{"@context":"https:\/\/schema.org","@graph":[{"@type":"WebPage","@id":"https:\/\/www.mugavero.it\/fertilizzante\/magicolor\/","url":"https:\/\/www.mugavero.it\/fertilizzante\/magicolor\/","name":"Magicolor 21 | Mugavero","isPartOf":{"@id":"https:\/\/www.mugavero.it\/tr\/#website"},"primaryImageOfPage":{"@id":"https:\/\/www.mugavero.it\/fertilizzante\/magicolor\/#primaryimage"},"image":{"@id":"https:\/\/www.mugavero.it\/fertilizzante\/magicolor\/#primaryimage"},"thumbnailUrl":"https:\/\/www.mugavero.it\/wp-content\/uploads\/2023\/11\/magicolor.png","datePublished":"2019-01-16T13:01:25+00:00","dateModified":"2023-11-19T14:56:57+00:00","description":"Magicolor 21 est un engrais azot\u00e9 mixte azot\u00e9, contenant de l'azote dans l'ur\u00e9e et l'ammoniac enrichi des principaux micro-\u00e9l\u00e9ments ...","breadcrumb":{"@id":"https:\/\/www.mugavero.it\/fertilizzante\/magicolor\/#breadcrumb"},"inLanguage":"fr-FR","potentialAction":[{"@type":"ReadAction","target":["https:\/\/www.mugavero.it\/fertilizzante\/magicolor\/"]}]},{"@type":"ImageObject","inLanguage":"fr-FR","@id":"https:\/\/www.mugavero.it\/fertilizzante\/magicolor\/#primaryimage","url":"https:\/\/www.mugavero.it\/wp-content\/uploads\/2023\/11\/magicolor.png","contentUrl":"https:\/\/www.mugavero.it\/wp-content\/uploads\/2023\/11\/magicolor.png","width":1378,"height":1733},{"@type":"BreadcrumbList","@id":"https:\/\/www.mugavero.it\/fertilizzante\/magicolor\/#breadcrumb","itemListElement":[{"@type":"ListItem","position":1,"name":"Home","item":"https:\/\/www.mugavero.it\/fr\/"},{"@type":"ListItem","position":2,"name":"Catalogo","item":"https:\/\/www.mugavero.it\/tr\/katalog\/"},{"@type":"ListItem","position":3,"name":"Magicolor 21"}]},{"@type":"WebSite","@id":"https:\/\/www.mugavero.it\/tr\/#website","url":"https:\/\/www.mugavero.it\/tr\/","name":"Mugavero Fertilizers","description":"It&#039;s Green, White and Red","publisher":{"@id":"https:\/\/www.mugavero.it\/tr\/#organization"},"potentialAction":[{"@type":"SearchAction","target":{"@type":"EntryPoint","urlTemplate":"https:\/\/www.mugavero.it\/tr\/?s={search_term_string}"},"query-input":{"@type":"PropertyValueSpecification","valueRequired":true,"valueName":"search_term_string"}}],"inLanguage":"fr-FR"},{"@type":"Organization","@id":"https:\/\/www.mugavero.it\/tr\/#organization","name":"Mugavero Fertilizzanti","url":"https:\/\/www.mugavero.it\/tr\/","logo":{"@type":"ImageObject","inLanguage":"fr-FR","@id":"https:\/\/www.mugavero.it\/tr\/#\/schema\/logo\/image\/","url":"https:\/\/www.mugavero.it\/wp-content\/uploads\/2019\/03\/MUGAVERO-LOGO-ita.png","contentUrl":"https:\/\/www.mugavero.it\/wp-content\/uploads\/2019\/03\/MUGAVERO-LOGO-ita.png","width":1000,"height":656,"caption":"Mugavero Fertilizzanti"},"image":{"@id":"https:\/\/www.mugavero.it\/tr\/#\/schema\/logo\/image\/"},"sameAs":["https:\/\/www.facebook.com\/mugaverofertilizers\/","https:\/\/www.instagram.com\/mugaverofertilizers\/","https:\/\/www.linkedin.com\/company\/mugavero-fertilizers-official\/","https:\/\/www.youtube.com\/channel\/UCcVmJoiUaqBv_pMIGSe6E2A"]}]}},"_links":{"self":[{"href":"https:\/\/www.mugavero.it\/fr\/wp-json\/wp\/v2\/product\/5374"}],"collection":[{"href":"https:\/\/www.mugavero.it\/fr\/wp-json\/wp\/v2\/product"}],"about":[{"href":"https:\/\/www.mugavero.it\/fr\/wp-json\/wp\/v2\/types\/product"}],"wp:featuredmedia":[{"embeddable":true,"href":"https:\/\/www.mugavero.it\/fr\/wp-json\/wp\/v2\/media\/11902"}],"wp:attachment":[{"href":"https:\/\/www.mugavero.it\/fr\/wp-json\/wp\/v2\/media?parent=5374"}],"curies":[{"name":"wp","href":"https:\/\/api.w.org\/{rel}","templated":true}]}}