{"id":5362,"date":"2019-01-16T17:19:13","date_gmt":"2019-01-16T16:19:13","guid":{"rendered":"https:\/\/www.mugavero.it\/fertilizzante\/viking-blu-15-19-20\/"},"modified":"2020-10-09T16:07:54","modified_gmt":"2020-10-09T14:07:54","slug":"viking-blu-15-19-20","status":"publish","type":"product","link":"https:\/\/www.mugavero.it\/fr\/fertilizzante\/viking-blu-15-19-20\/","title":{"rendered":"VIKING BLU 15.9.20"},"content":{"rendered":"<p><strong>LA DESCRIPTION<\/strong><\/p>\n<p>La gamme de produits <strong>VIKING<\/strong> se compose d&rsquo;engrais granulaires NPK sp\u00e9ciaux produits avec les mati\u00e8res premi\u00e8res les plus pures, contenant les trois macro-nutriments pour les plantes: azote, phosphore et potassium.<\/p>\n<p>&nbsp;<\/p>\n<p>Le potassium \u00e9tant principalement d\u00e9riv\u00e9 du sulfate, les formulations VIKING ne contiennent ni chlorures ni sodium, et gr\u00e2ce \u00e0 l&rsquo;effet acidifiant du soufre, les \u00e9l\u00e9ments nutritionnels sont lib\u00e9r\u00e9s qui autrement auraient \u00e9t\u00e9 bloqu\u00e9s par l&rsquo;argile.<\/p>\n<p>&nbsp;<\/p>\n<p>Les compositions VIKING conviennent \u00e0 toutes les cultures mara\u00eech\u00e8res, arbres et plantes ornementales, et peuvent \u00eatre r\u00e9parties sur toute la surface ou simplement localis\u00e9es le long de la rang\u00e9e pour la base ou le top dressing. La vari\u00e9t\u00e9 des formulations VIKING permet de satisfaire les besoins des cultures \u00e0 <strong>tous les stades v\u00e9g\u00e9tatifs<\/strong> des plantes.<\/p>\n<p>&nbsp;<\/p>\n<p>En termes simples, les engrais VIKING sont l&rsquo;exemple parfait de la tradition et de la qualit\u00e9 italienne.<\/p>\n<p>&nbsp;<\/p>\n","protected":false},"excerpt":{"rendered":"<p>NPK 15-9-20 + 10\u00a0SO<sub>3<\/sub><\/p>\n<p>La gamme de produits VIKING se compose d&rsquo;engrais granulaires NPK sp\u00e9ciaux produits avec les mati\u00e8res premi\u00e8res les plus pures, contenant les trois macro nutriments pour les plantes: azote, phosphore et potassium<\/p>\n<p>&nbsp;<\/p>\n<p>SACS PE<\/p>\n<p>&nbsp;<\/p>\n<p>25 kilogrammes<\/p>\n<p>&nbsp;<\/p>\n<p>GRANULAIRE<\/p>\n<p>&nbsp;<\/p>\n<p>FORMULATIONS SUR MESURE DISPONIBLES SUR DEMANDE<\/p>\n<p>&nbsp;<\/p>\n<p>Cat\u00e9gorie: Viking Line<\/p>\n","protected":false},"featured_media":4541,"template":"","meta":{"_exactmetrics_skip_tracking":false,"_exactmetrics_sitenote_active":false,"_exactmetrics_sitenote_note":"","_exactmetrics_sitenote_category":0},"yoast_head":"<!-- This site is optimized with the Yoast SEO plugin v23.4 - https:\/\/yoast.com\/wordpress\/plugins\/seo\/ -->\n<title>VIKING BLU 15.9.20 | Mugavero<\/title>\n<meta name=\"robots\" content=\"index, follow, max-snippet:-1, max-image-preview:large, max-video-preview:-1\" \/>\n<link rel=\"canonical\" href=\"https:\/\/www.mugavero.it\/fr\/fertilizzante\/viking-blu-15-19-20\/\" \/>\n<meta property=\"og:locale\" content=\"fr_FR\" \/>\n<meta property=\"og:type\" content=\"article\" \/>\n<meta property=\"og:title\" content=\"VIKING BLU 15.9.20 | Mugavero\" \/>\n<meta property=\"og:description\" content=\"NPK 15-9-20 + 10\u00a0SO3  La gamme de produits VIKING se compose d&#039;engrais granulaires NPK sp\u00e9ciaux produits avec les mati\u00e8res premi\u00e8res les plus pures, contenant les trois macro nutriments pour les plantes: azote, phosphore et potassium  &nbsp;  SACS PE  &nbsp;  25 kilogrammes  &nbsp;  GRANULAIRE  &nbsp;  FORMULATIONS SUR MESURE DISPONIBLES SUR DEMANDE  &nbsp;  Cat\u00e9gorie: Viking Line\" \/>\n<meta property=\"og:url\" content=\"https:\/\/www.mugavero.it\/fr\/fertilizzante\/viking-blu-15-19-20\/\" \/>\n<meta property=\"og:site_name\" content=\"Mugavero\" \/>\n<meta property=\"article:publisher\" content=\"https:\/\/www.facebook.com\/mugaverofertilizers\/\" \/>\n<meta property=\"article:modified_time\" content=\"2020-10-09T14:07:54+00:00\" \/>\n<meta property=\"og:image\" content=\"https:\/\/www.mugavero.it\/wp-content\/uploads\/2019\/01\/02_viking_blu-1024x1024.png\" \/>\n\t<meta property=\"og:image:width\" content=\"1024\" \/>\n\t<meta property=\"og:image:height\" content=\"1024\" \/>\n\t<meta property=\"og:image:type\" content=\"image\/png\" \/>\n<meta name=\"twitter:card\" content=\"summary_large_image\" \/>\n<meta name=\"twitter:label1\" content=\"Dur\u00e9e de lecture estim\u00e9e\" \/>\n\t<meta name=\"twitter:data1\" content=\"1 minute\" \/>\n<script type=\"application\/ld+json\" class=\"yoast-schema-graph\">{\"@context\":\"https:\/\/schema.org\",\"@graph\":[{\"@type\":\"WebPage\",\"@id\":\"https:\/\/www.mugavero.it\/fr\/fertilizzante\/viking-blu-15-19-20\/\",\"url\":\"https:\/\/www.mugavero.it\/fr\/fertilizzante\/viking-blu-15-19-20\/\",\"name\":\"VIKING BLU 15.9.20 | Mugavero\",\"isPartOf\":{\"@id\":\"https:\/\/www.mugavero.it\/tr\/#website\"},\"primaryImageOfPage\":{\"@id\":\"https:\/\/www.mugavero.it\/fr\/fertilizzante\/viking-blu-15-19-20\/#primaryimage\"},\"image\":{\"@id\":\"https:\/\/www.mugavero.it\/fr\/fertilizzante\/viking-blu-15-19-20\/#primaryimage\"},\"thumbnailUrl\":\"https:\/\/www.mugavero.it\/wp-content\/uploads\/2019\/01\/02_viking_blu-1024x1024.png\",\"datePublished\":\"2019-01-16T16:19:13+00:00\",\"dateModified\":\"2020-10-09T14:07:54+00:00\",\"breadcrumb\":{\"@id\":\"https:\/\/www.mugavero.it\/fr\/fertilizzante\/viking-blu-15-19-20\/#breadcrumb\"},\"inLanguage\":\"fr-FR\",\"potentialAction\":[{\"@type\":\"ReadAction\",\"target\":[\"https:\/\/www.mugavero.it\/fr\/fertilizzante\/viking-blu-15-19-20\/\"]}]},{\"@type\":\"ImageObject\",\"inLanguage\":\"fr-FR\",\"@id\":\"https:\/\/www.mugavero.it\/fr\/fertilizzante\/viking-blu-15-19-20\/#primaryimage\",\"url\":\"https:\/\/www.mugavero.it\/wp-content\/uploads\/2019\/01\/02_viking_blu-1024x1024.png\",\"contentUrl\":\"https:\/\/www.mugavero.it\/wp-content\/uploads\/2019\/01\/02_viking_blu-1024x1024.png\",\"width\":1024,\"height\":1024},{\"@type\":\"BreadcrumbList\",\"@id\":\"https:\/\/www.mugavero.it\/fr\/fertilizzante\/viking-blu-15-19-20\/#breadcrumb\",\"itemListElement\":[{\"@type\":\"ListItem\",\"position\":1,\"name\":\"Home\",\"item\":\"https:\/\/www.mugavero.it\/fr\/\"},{\"@type\":\"ListItem\",\"position\":2,\"name\":\"Catalogo\",\"item\":\"https:\/\/www.mugavero.it\/tr\/katalog\/\"},{\"@type\":\"ListItem\",\"position\":3,\"name\":\"VIKING BLU 15.9.20\"}]},{\"@type\":\"WebSite\",\"@id\":\"https:\/\/www.mugavero.it\/tr\/#website\",\"url\":\"https:\/\/www.mugavero.it\/tr\/\",\"name\":\"Mugavero Fertilizers\",\"description\":\"It&#039;s Green, White and Red\",\"publisher\":{\"@id\":\"https:\/\/www.mugavero.it\/tr\/#organization\"},\"potentialAction\":[{\"@type\":\"SearchAction\",\"target\":{\"@type\":\"EntryPoint\",\"urlTemplate\":\"https:\/\/www.mugavero.it\/tr\/?s={search_term_string}\"},\"query-input\":{\"@type\":\"PropertyValueSpecification\",\"valueRequired\":true,\"valueName\":\"search_term_string\"}}],\"inLanguage\":\"fr-FR\"},{\"@type\":\"Organization\",\"@id\":\"https:\/\/www.mugavero.it\/tr\/#organization\",\"name\":\"Mugavero Fertilizzanti\",\"url\":\"https:\/\/www.mugavero.it\/tr\/\",\"logo\":{\"@type\":\"ImageObject\",\"inLanguage\":\"fr-FR\",\"@id\":\"https:\/\/www.mugavero.it\/tr\/#\/schema\/logo\/image\/\",\"url\":\"https:\/\/www.mugavero.it\/wp-content\/uploads\/2019\/03\/MUGAVERO-LOGO-ita.png\",\"contentUrl\":\"https:\/\/www.mugavero.it\/wp-content\/uploads\/2019\/03\/MUGAVERO-LOGO-ita.png\",\"width\":1000,\"height\":656,\"caption\":\"Mugavero Fertilizzanti\"},\"image\":{\"@id\":\"https:\/\/www.mugavero.it\/tr\/#\/schema\/logo\/image\/\"},\"sameAs\":[\"https:\/\/www.facebook.com\/mugaverofertilizers\/\",\"https:\/\/www.instagram.com\/mugaverofertilizers\/\",\"https:\/\/www.linkedin.com\/company\/mugavero-fertilizers-official\/\",\"https:\/\/www.youtube.com\/channel\/UCcVmJoiUaqBv_pMIGSe6E2A\"]}]}<\/script>\n<!-- \/ Yoast SEO plugin. -->","yoast_head_json":{"title":"VIKING BLU 15.9.20 | Mugavero","robots":{"index":"index","follow":"follow","max-snippet":"max-snippet:-1","max-image-preview":"max-image-preview:large","max-video-preview":"max-video-preview:-1"},"canonical":"https:\/\/www.mugavero.it\/fr\/fertilizzante\/viking-blu-15-19-20\/","og_locale":"fr_FR","og_type":"article","og_title":"VIKING BLU 15.9.20 | Mugavero","og_description":"NPK 15-9-20 + 10\u00a0SO3  La gamme de produits VIKING se compose d'engrais granulaires NPK sp\u00e9ciaux produits avec les mati\u00e8res premi\u00e8res les plus pures, contenant les trois macro nutriments pour les plantes: azote, phosphore et potassium  &nbsp;  SACS PE  &nbsp;  25 kilogrammes  &nbsp;  GRANULAIRE  &nbsp;  FORMULATIONS SUR MESURE DISPONIBLES SUR DEMANDE  &nbsp;  Cat\u00e9gorie: Viking Line","og_url":"https:\/\/www.mugavero.it\/fr\/fertilizzante\/viking-blu-15-19-20\/","og_site_name":"Mugavero","article_publisher":"https:\/\/www.facebook.com\/mugaverofertilizers\/","article_modified_time":"2020-10-09T14:07:54+00:00","og_image":[{"width":1024,"height":1024,"url":"https:\/\/www.mugavero.it\/wp-content\/uploads\/2019\/01\/02_viking_blu-1024x1024.png","type":"image\/png"}],"twitter_card":"summary_large_image","twitter_misc":{"Dur\u00e9e de lecture estim\u00e9e":"1 minute"},"schema":{"@context":"https:\/\/schema.org","@graph":[{"@type":"WebPage","@id":"https:\/\/www.mugavero.it\/fr\/fertilizzante\/viking-blu-15-19-20\/","url":"https:\/\/www.mugavero.it\/fr\/fertilizzante\/viking-blu-15-19-20\/","name":"VIKING BLU 15.9.20 | Mugavero","isPartOf":{"@id":"https:\/\/www.mugavero.it\/tr\/#website"},"primaryImageOfPage":{"@id":"https:\/\/www.mugavero.it\/fr\/fertilizzante\/viking-blu-15-19-20\/#primaryimage"},"image":{"@id":"https:\/\/www.mugavero.it\/fr\/fertilizzante\/viking-blu-15-19-20\/#primaryimage"},"thumbnailUrl":"https:\/\/www.mugavero.it\/wp-content\/uploads\/2019\/01\/02_viking_blu-1024x1024.png","datePublished":"2019-01-16T16:19:13+00:00","dateModified":"2020-10-09T14:07:54+00:00","breadcrumb":{"@id":"https:\/\/www.mugavero.it\/fr\/fertilizzante\/viking-blu-15-19-20\/#breadcrumb"},"inLanguage":"fr-FR","potentialAction":[{"@type":"ReadAction","target":["https:\/\/www.mugavero.it\/fr\/fertilizzante\/viking-blu-15-19-20\/"]}]},{"@type":"ImageObject","inLanguage":"fr-FR","@id":"https:\/\/www.mugavero.it\/fr\/fertilizzante\/viking-blu-15-19-20\/#primaryimage","url":"https:\/\/www.mugavero.it\/wp-content\/uploads\/2019\/01\/02_viking_blu-1024x1024.png","contentUrl":"https:\/\/www.mugavero.it\/wp-content\/uploads\/2019\/01\/02_viking_blu-1024x1024.png","width":1024,"height":1024},{"@type":"BreadcrumbList","@id":"https:\/\/www.mugavero.it\/fr\/fertilizzante\/viking-blu-15-19-20\/#breadcrumb","itemListElement":[{"@type":"ListItem","position":1,"name":"Home","item":"https:\/\/www.mugavero.it\/fr\/"},{"@type":"ListItem","position":2,"name":"Catalogo","item":"https:\/\/www.mugavero.it\/tr\/katalog\/"},{"@type":"ListItem","position":3,"name":"VIKING BLU 15.9.20"}]},{"@type":"WebSite","@id":"https:\/\/www.mugavero.it\/tr\/#website","url":"https:\/\/www.mugavero.it\/tr\/","name":"Mugavero Fertilizers","description":"It&#039;s Green, White and Red","publisher":{"@id":"https:\/\/www.mugavero.it\/tr\/#organization"},"potentialAction":[{"@type":"SearchAction","target":{"@type":"EntryPoint","urlTemplate":"https:\/\/www.mugavero.it\/tr\/?s={search_term_string}"},"query-input":{"@type":"PropertyValueSpecification","valueRequired":true,"valueName":"search_term_string"}}],"inLanguage":"fr-FR"},{"@type":"Organization","@id":"https:\/\/www.mugavero.it\/tr\/#organization","name":"Mugavero Fertilizzanti","url":"https:\/\/www.mugavero.it\/tr\/","logo":{"@type":"ImageObject","inLanguage":"fr-FR","@id":"https:\/\/www.mugavero.it\/tr\/#\/schema\/logo\/image\/","url":"https:\/\/www.mugavero.it\/wp-content\/uploads\/2019\/03\/MUGAVERO-LOGO-ita.png","contentUrl":"https:\/\/www.mugavero.it\/wp-content\/uploads\/2019\/03\/MUGAVERO-LOGO-ita.png","width":1000,"height":656,"caption":"Mugavero Fertilizzanti"},"image":{"@id":"https:\/\/www.mugavero.it\/tr\/#\/schema\/logo\/image\/"},"sameAs":["https:\/\/www.facebook.com\/mugaverofertilizers\/","https:\/\/www.instagram.com\/mugaverofertilizers\/","https:\/\/www.linkedin.com\/company\/mugavero-fertilizers-official\/","https:\/\/www.youtube.com\/channel\/UCcVmJoiUaqBv_pMIGSe6E2A"]}]}},"_links":{"self":[{"href":"https:\/\/www.mugavero.it\/fr\/wp-json\/wp\/v2\/product\/5362"}],"collection":[{"href":"https:\/\/www.mugavero.it\/fr\/wp-json\/wp\/v2\/product"}],"about":[{"href":"https:\/\/www.mugavero.it\/fr\/wp-json\/wp\/v2\/types\/product"}],"wp:featuredmedia":[{"embeddable":true,"href":"https:\/\/www.mugavero.it\/fr\/wp-json\/wp\/v2\/media\/4541"}],"wp:attachment":[{"href":"https:\/\/www.mugavero.it\/fr\/wp-json\/wp\/v2\/media?parent=5362"}],"curies":[{"name":"wp","href":"https:\/\/api.w.org\/{rel}","templated":true}]}}