{"id":5346,"date":"2019-01-21T17:18:42","date_gmt":"2019-01-21T16:18:42","guid":{"rendered":"https:\/\/www.mugavero.it\/fertilizzante\/mugasol-8-12-24-2-npk-mg\/"},"modified":"2020-10-09T15:57:21","modified_gmt":"2020-10-09T13:57:21","slug":"mugasol-8-12-24-2-npk-mg","status":"publish","type":"product","link":"https:\/\/www.mugavero.it\/fr\/fertilizzante\/mugasol-8-12-24-2-npk-mg\/","title":{"rendered":"MUGASOL 8.12.24 (2) NPK (Mg)"},"content":{"rendered":"<p><strong>LA DESCRIPTION<\/strong><\/p>\n<p>La gamme de produits <strong>MUGASOL<\/strong> est fabriqu\u00e9e avec les mati\u00e8res premi\u00e8res les plus pures d&rsquo;origine europ\u00e9enne, <strong>enti\u00e8rement solubles dans l&rsquo;eau<\/strong> et 100% exemptes de substances nocives comme le chlore ou le sodium.<\/p>\n<p>&nbsp;<\/p>\n<p>La grande vari\u00e9t\u00e9 de formulations peut satisfaire les besoins des cultures \u00e0 tous les stades v\u00e9g\u00e9tatifs.<\/p>\n<p>&nbsp;<\/p>\n<p>Notre soci\u00e9t\u00e9 utilise uniquement du Phosphore (P) d\u00e9riv\u00e9 de Phosphates mono-ammoniacaux et de Phosphates mono-potassiques, tandis que le Potassium (K) est d\u00e9riv\u00e9 de nitrate.<\/p>\n<p>&nbsp;<\/p>\n<p>Toutes les diff\u00e9rentes formules sont enrichies en <strong>Oligo-\u00e9l\u00e9ments<\/strong> afin d&rsquo;am\u00e9liorer les caract\u00e9ristiques physico-chimiques.<\/p>\n<p>&nbsp;<\/p>\n<p>En termes de fertigation, la gamme de produits MUGASOL peut \u00eatre appliqu\u00e9e <strong>de la plantation \u00e0 la r\u00e9colte,<\/strong> en utilisant chaque formulation sp\u00e9cifique au bon stade ph\u00e9nologique.<\/p>\n<p>&nbsp;<\/p>\n<p>\u00c0 la fin du processus de production, les engrais MUGASOL passent par une installation de s\u00e9chage unique sous atmosph\u00e8re contr\u00f4l\u00e9e.<\/p>\n<p>&nbsp;<\/p>\n<p>Ce proc\u00e9d\u00e9 garantit la teneur en humidit\u00e9 la plus faible que vous puissiez trouver au monde pour ces types de produits.<\/p>\n<p>&nbsp;<\/p>\n<p>Cela signifie que la dur\u00e9e de conservation de ces produits est consid\u00e9rablement augment\u00e9e, avec une solubilit\u00e9 accrue et un dosage plus facile, car le produit <strong>s&rsquo;\u00e9coule toujours librement <\/strong>et le ph\u00e9nom\u00e8ne de craquement dans les sacs est \u00e9limin\u00e9.<\/p>\n","protected":false},"excerpt":{"rendered":"<p>NPK 8-12-24 + 2 MgO<\/p>\n<p>Les engrais de la gamme MUGASOL sont formul\u00e9s avec des mati\u00e8res premi\u00e8res tr\u00e8s pures compl\u00e8tement solubles dans l&rsquo;eau.<\/p>\n<p>&nbsp;<\/p>\n<p>SACS EN ALLUMINIUM \/ WPP<\/p>\n<p>&nbsp;<\/p>\n<p>25 kg<\/p>\n<p>&nbsp;<\/p>\n<p>SOLUBLE DANS L&rsquo;EAU<\/p>\n<p>&nbsp;<\/p>\n<p>FORMULATIONS SUR MESURE DISPONIBLES SUR DEMANDE<\/p>\n","protected":false},"featured_media":4749,"template":"","meta":{"_exactmetrics_skip_tracking":false,"_exactmetrics_sitenote_active":false,"_exactmetrics_sitenote_note":"","_exactmetrics_sitenote_category":0},"yoast_head":"<!-- This site is optimized with the Yoast SEO plugin v23.4 - https:\/\/yoast.com\/wordpress\/plugins\/seo\/ -->\n<title>MUGASOL 8.12.24 (2) NPK (Mg) | Mugavero<\/title>\n<meta name=\"robots\" content=\"index, follow, max-snippet:-1, max-image-preview:large, max-video-preview:-1\" \/>\n<link rel=\"canonical\" href=\"https:\/\/www.mugavero.it\/?post_type=product&p=1184\" \/>\n<meta property=\"og:locale\" content=\"fr_FR\" \/>\n<meta property=\"og:type\" content=\"article\" \/>\n<meta property=\"og:title\" content=\"MUGASOL 8.12.24 (2) NPK (Mg) | Mugavero\" \/>\n<meta property=\"og:description\" content=\"NPK 8-12-24 + 2 MgO  Les engrais de la gamme MUGASOL sont formul\u00e9s avec des mati\u00e8res premi\u00e8res tr\u00e8s pures compl\u00e8tement solubles dans l&#039;eau.  &nbsp;  SACS EN ALLUMINIUM \/ WPP  &nbsp;  25 kg  &nbsp;  SOLUBLE DANS L&#039;EAU  &nbsp;  FORMULATIONS SUR MESURE DISPONIBLES SUR DEMANDE\" \/>\n<meta property=\"og:url\" content=\"https:\/\/www.mugavero.it\/?post_type=product&amp;p=1184\" \/>\n<meta property=\"og:site_name\" content=\"Mugavero\" \/>\n<meta property=\"article:publisher\" content=\"https:\/\/www.facebook.com\/mugaverofertilizers\/\" \/>\n<meta property=\"article:modified_time\" content=\"2020-10-09T13:57:21+00:00\" \/>\n<meta property=\"og:image\" content=\"https:\/\/www.mugavero.it\/wp-content\/uploads\/2019\/02\/00.mugasol_rafia_18-6-12.png\" \/>\n\t<meta property=\"og:image:width\" content=\"680\" \/>\n\t<meta property=\"og:image:height\" content=\"1024\" \/>\n\t<meta property=\"og:image:type\" content=\"image\/png\" \/>\n<meta name=\"twitter:card\" content=\"summary_large_image\" \/>\n<meta name=\"twitter:label1\" content=\"Dur\u00e9e de lecture estim\u00e9e\" \/>\n\t<meta name=\"twitter:data1\" content=\"1 minute\" \/>\n<script type=\"application\/ld+json\" class=\"yoast-schema-graph\">{\"@context\":\"https:\/\/schema.org\",\"@graph\":[{\"@type\":\"WebPage\",\"@id\":\"https:\/\/www.mugavero.it\/?post_type=product&p=1184\",\"url\":\"https:\/\/www.mugavero.it\/?post_type=product&p=1184\",\"name\":\"MUGASOL 8.12.24 (2) NPK (Mg) | Mugavero\",\"isPartOf\":{\"@id\":\"https:\/\/www.mugavero.it\/tr\/#website\"},\"primaryImageOfPage\":{\"@id\":\"https:\/\/www.mugavero.it\/?post_type=product&p=1184#primaryimage\"},\"image\":{\"@id\":\"https:\/\/www.mugavero.it\/?post_type=product&p=1184#primaryimage\"},\"thumbnailUrl\":\"https:\/\/www.mugavero.it\/wp-content\/uploads\/2019\/02\/00.mugasol_rafia_18-6-12.png\",\"datePublished\":\"2019-01-21T16:18:42+00:00\",\"dateModified\":\"2020-10-09T13:57:21+00:00\",\"breadcrumb\":{\"@id\":\"https:\/\/www.mugavero.it\/?post_type=product&p=1184#breadcrumb\"},\"inLanguage\":\"fr-FR\",\"potentialAction\":[{\"@type\":\"ReadAction\",\"target\":[\"https:\/\/www.mugavero.it\/?post_type=product&p=1184\"]}]},{\"@type\":\"ImageObject\",\"inLanguage\":\"fr-FR\",\"@id\":\"https:\/\/www.mugavero.it\/?post_type=product&p=1184#primaryimage\",\"url\":\"https:\/\/www.mugavero.it\/wp-content\/uploads\/2019\/02\/00.mugasol_rafia_18-6-12.png\",\"contentUrl\":\"https:\/\/www.mugavero.it\/wp-content\/uploads\/2019\/02\/00.mugasol_rafia_18-6-12.png\",\"width\":680,\"height\":1024},{\"@type\":\"BreadcrumbList\",\"@id\":\"https:\/\/www.mugavero.it\/?post_type=product&p=1184#breadcrumb\",\"itemListElement\":[{\"@type\":\"ListItem\",\"position\":1,\"name\":\"Home\",\"item\":\"https:\/\/www.mugavero.it\/fr\/\"},{\"@type\":\"ListItem\",\"position\":2,\"name\":\"Catalogo\",\"item\":\"https:\/\/www.mugavero.it\/tr\/katalog\/\"},{\"@type\":\"ListItem\",\"position\":3,\"name\":\"MUGASOL 8.12.24 (2) NPK (Mg)\"}]},{\"@type\":\"WebSite\",\"@id\":\"https:\/\/www.mugavero.it\/tr\/#website\",\"url\":\"https:\/\/www.mugavero.it\/tr\/\",\"name\":\"Mugavero Fertilizers\",\"description\":\"It&#039;s Green, White and Red\",\"publisher\":{\"@id\":\"https:\/\/www.mugavero.it\/tr\/#organization\"},\"potentialAction\":[{\"@type\":\"SearchAction\",\"target\":{\"@type\":\"EntryPoint\",\"urlTemplate\":\"https:\/\/www.mugavero.it\/tr\/?s={search_term_string}\"},\"query-input\":{\"@type\":\"PropertyValueSpecification\",\"valueRequired\":true,\"valueName\":\"search_term_string\"}}],\"inLanguage\":\"fr-FR\"},{\"@type\":\"Organization\",\"@id\":\"https:\/\/www.mugavero.it\/tr\/#organization\",\"name\":\"Mugavero Fertilizzanti\",\"url\":\"https:\/\/www.mugavero.it\/tr\/\",\"logo\":{\"@type\":\"ImageObject\",\"inLanguage\":\"fr-FR\",\"@id\":\"https:\/\/www.mugavero.it\/tr\/#\/schema\/logo\/image\/\",\"url\":\"https:\/\/www.mugavero.it\/wp-content\/uploads\/2019\/03\/MUGAVERO-LOGO-ita.png\",\"contentUrl\":\"https:\/\/www.mugavero.it\/wp-content\/uploads\/2019\/03\/MUGAVERO-LOGO-ita.png\",\"width\":1000,\"height\":656,\"caption\":\"Mugavero Fertilizzanti\"},\"image\":{\"@id\":\"https:\/\/www.mugavero.it\/tr\/#\/schema\/logo\/image\/\"},\"sameAs\":[\"https:\/\/www.facebook.com\/mugaverofertilizers\/\",\"https:\/\/www.instagram.com\/mugaverofertilizers\/\",\"https:\/\/www.linkedin.com\/company\/mugavero-fertilizers-official\/\",\"https:\/\/www.youtube.com\/channel\/UCcVmJoiUaqBv_pMIGSe6E2A\"]}]}<\/script>\n<!-- \/ Yoast SEO plugin. -->","yoast_head_json":{"title":"MUGASOL 8.12.24 (2) NPK (Mg) | Mugavero","robots":{"index":"index","follow":"follow","max-snippet":"max-snippet:-1","max-image-preview":"max-image-preview:large","max-video-preview":"max-video-preview:-1"},"canonical":"https:\/\/www.mugavero.it\/?post_type=product&p=1184","og_locale":"fr_FR","og_type":"article","og_title":"MUGASOL 8.12.24 (2) NPK (Mg) | Mugavero","og_description":"NPK 8-12-24 + 2 MgO  Les engrais de la gamme MUGASOL sont formul\u00e9s avec des mati\u00e8res premi\u00e8res tr\u00e8s pures compl\u00e8tement solubles dans l'eau.  &nbsp;  SACS EN ALLUMINIUM \/ WPP  &nbsp;  25 kg  &nbsp;  SOLUBLE DANS L'EAU  &nbsp;  FORMULATIONS SUR MESURE DISPONIBLES SUR DEMANDE","og_url":"https:\/\/www.mugavero.it\/?post_type=product&p=1184","og_site_name":"Mugavero","article_publisher":"https:\/\/www.facebook.com\/mugaverofertilizers\/","article_modified_time":"2020-10-09T13:57:21+00:00","og_image":[{"width":680,"height":1024,"url":"https:\/\/www.mugavero.it\/wp-content\/uploads\/2019\/02\/00.mugasol_rafia_18-6-12.png","type":"image\/png"}],"twitter_card":"summary_large_image","twitter_misc":{"Dur\u00e9e de lecture estim\u00e9e":"1 minute"},"schema":{"@context":"https:\/\/schema.org","@graph":[{"@type":"WebPage","@id":"https:\/\/www.mugavero.it\/?post_type=product&p=1184","url":"https:\/\/www.mugavero.it\/?post_type=product&p=1184","name":"MUGASOL 8.12.24 (2) NPK (Mg) | Mugavero","isPartOf":{"@id":"https:\/\/www.mugavero.it\/tr\/#website"},"primaryImageOfPage":{"@id":"https:\/\/www.mugavero.it\/?post_type=product&p=1184#primaryimage"},"image":{"@id":"https:\/\/www.mugavero.it\/?post_type=product&p=1184#primaryimage"},"thumbnailUrl":"https:\/\/www.mugavero.it\/wp-content\/uploads\/2019\/02\/00.mugasol_rafia_18-6-12.png","datePublished":"2019-01-21T16:18:42+00:00","dateModified":"2020-10-09T13:57:21+00:00","breadcrumb":{"@id":"https:\/\/www.mugavero.it\/?post_type=product&p=1184#breadcrumb"},"inLanguage":"fr-FR","potentialAction":[{"@type":"ReadAction","target":["https:\/\/www.mugavero.it\/?post_type=product&p=1184"]}]},{"@type":"ImageObject","inLanguage":"fr-FR","@id":"https:\/\/www.mugavero.it\/?post_type=product&p=1184#primaryimage","url":"https:\/\/www.mugavero.it\/wp-content\/uploads\/2019\/02\/00.mugasol_rafia_18-6-12.png","contentUrl":"https:\/\/www.mugavero.it\/wp-content\/uploads\/2019\/02\/00.mugasol_rafia_18-6-12.png","width":680,"height":1024},{"@type":"BreadcrumbList","@id":"https:\/\/www.mugavero.it\/?post_type=product&p=1184#breadcrumb","itemListElement":[{"@type":"ListItem","position":1,"name":"Home","item":"https:\/\/www.mugavero.it\/fr\/"},{"@type":"ListItem","position":2,"name":"Catalogo","item":"https:\/\/www.mugavero.it\/tr\/katalog\/"},{"@type":"ListItem","position":3,"name":"MUGASOL 8.12.24 (2) NPK (Mg)"}]},{"@type":"WebSite","@id":"https:\/\/www.mugavero.it\/tr\/#website","url":"https:\/\/www.mugavero.it\/tr\/","name":"Mugavero Fertilizers","description":"It&#039;s Green, White and Red","publisher":{"@id":"https:\/\/www.mugavero.it\/tr\/#organization"},"potentialAction":[{"@type":"SearchAction","target":{"@type":"EntryPoint","urlTemplate":"https:\/\/www.mugavero.it\/tr\/?s={search_term_string}"},"query-input":{"@type":"PropertyValueSpecification","valueRequired":true,"valueName":"search_term_string"}}],"inLanguage":"fr-FR"},{"@type":"Organization","@id":"https:\/\/www.mugavero.it\/tr\/#organization","name":"Mugavero Fertilizzanti","url":"https:\/\/www.mugavero.it\/tr\/","logo":{"@type":"ImageObject","inLanguage":"fr-FR","@id":"https:\/\/www.mugavero.it\/tr\/#\/schema\/logo\/image\/","url":"https:\/\/www.mugavero.it\/wp-content\/uploads\/2019\/03\/MUGAVERO-LOGO-ita.png","contentUrl":"https:\/\/www.mugavero.it\/wp-content\/uploads\/2019\/03\/MUGAVERO-LOGO-ita.png","width":1000,"height":656,"caption":"Mugavero Fertilizzanti"},"image":{"@id":"https:\/\/www.mugavero.it\/tr\/#\/schema\/logo\/image\/"},"sameAs":["https:\/\/www.facebook.com\/mugaverofertilizers\/","https:\/\/www.instagram.com\/mugaverofertilizers\/","https:\/\/www.linkedin.com\/company\/mugavero-fertilizers-official\/","https:\/\/www.youtube.com\/channel\/UCcVmJoiUaqBv_pMIGSe6E2A"]}]}},"_links":{"self":[{"href":"https:\/\/www.mugavero.it\/fr\/wp-json\/wp\/v2\/product\/5346"}],"collection":[{"href":"https:\/\/www.mugavero.it\/fr\/wp-json\/wp\/v2\/product"}],"about":[{"href":"https:\/\/www.mugavero.it\/fr\/wp-json\/wp\/v2\/types\/product"}],"wp:featuredmedia":[{"embeddable":true,"href":"https:\/\/www.mugavero.it\/fr\/wp-json\/wp\/v2\/media\/4749"}],"wp:attachment":[{"href":"https:\/\/www.mugavero.it\/fr\/wp-json\/wp\/v2\/media?parent=5346"}],"curies":[{"name":"wp","href":"https:\/\/api.w.org\/{rel}","templated":true}]}}