{"id":5339,"date":"2019-04-11T15:52:57","date_gmt":"2019-04-11T13:52:57","guid":{"rendered":"https:\/\/www.mugavero.it\/fertilizzante\/midotec-formula\/"},"modified":"2020-10-01T16:09:49","modified_gmt":"2020-10-01T14:09:49","slug":"midotec-formula","status":"publish","type":"product","link":"https:\/\/www.mugavero.it\/fr\/fertilizzante\/midotec-formula\/","title":{"rendered":"Midotec Formula"},"content":{"rendered":"<p><strong>LA DESCRIPTION<\/strong><\/p>\n<p>MIDOTEC FORMULA est une solution liquide facilement applicable contenant du DMPP (3,4-dim\u00e9thylpyrazole phosphate) et con\u00e7ue pour produire des engrais \u00e0 lib\u00e9ration lente.<\/p>\n<p>&nbsp;<\/p>\n<p>Il peut \u00eatre utilis\u00e9 comme additif aux engrais \u00e0 base d&rsquo;azote ammoniacal pour cr\u00e9er des produits de grande valeur. Le DMPP ralentit la transformation de l&rsquo;azote ammoniacal en azote nitrique et inhibe les bact\u00e9ries Nitrosonomas pendant 10 \u00e0 15 semaines, am\u00e9liorant ainsi l&rsquo;efficacit\u00e9 de l&rsquo;absorption et de l&rsquo;utilisation de l&rsquo;azote dans les plantes et r\u00e9duisant la volatilisation et les pertes par lessivage.<\/p>\n<p>&nbsp;<\/p>\n<p>Cela signifie qu&rsquo;au lieu d&rsquo;\u00eatre volatilis\u00e9, l&rsquo;azote reste \u00e0 la surface du sol et est disponible pour les plantes pendant 8 \u00e0 12 semaines.<\/p>\n","protected":false},"excerpt":{"rendered":"<p>MIDOTEC FORMULA est une solution liquide facilement applicable contenant du DMPP (3,4-dim\u00e9thylpyrazole phosphate) et con\u00e7ue pour produire des engrais \u00e0 lib\u00e9ration lente.<\/p>\n<p>&nbsp;<\/p>\n<p>cuves en poly\u00e9thyl\u00e8ne 1000 litres<\/p>\n","protected":false},"featured_media":4935,"template":"","meta":{"_exactmetrics_skip_tracking":false,"_exactmetrics_sitenote_active":false,"_exactmetrics_sitenote_note":"","_exactmetrics_sitenote_category":0},"yoast_head":"<!-- This site is optimized with the Yoast SEO plugin v23.4 - https:\/\/yoast.com\/wordpress\/plugins\/seo\/ -->\n<title>Midotec Formula | Mugavero<\/title>\n<meta name=\"robots\" content=\"index, follow, max-snippet:-1, max-image-preview:large, max-video-preview:-1\" \/>\n<link rel=\"canonical\" href=\"https:\/\/www.mugavero.it\/fr\/fertilizzante\/midotec-formula\/\" \/>\n<meta property=\"og:locale\" content=\"fr_FR\" \/>\n<meta property=\"og:type\" content=\"article\" \/>\n<meta property=\"og:title\" content=\"Midotec Formula | Mugavero\" \/>\n<meta property=\"og:description\" content=\"MIDOTEC FORMULA est une solution liquide facilement applicable contenant du DMPP (3,4-dim\u00e9thylpyrazole phosphate) et con\u00e7ue pour produire des engrais \u00e0 lib\u00e9ration lente.  &nbsp;  cuves en poly\u00e9thyl\u00e8ne 1000 litres\" \/>\n<meta property=\"og:url\" content=\"https:\/\/www.mugavero.it\/fr\/fertilizzante\/midotec-formula\/\" \/>\n<meta property=\"og:site_name\" content=\"Mugavero\" \/>\n<meta property=\"article:publisher\" content=\"https:\/\/www.facebook.com\/mugaverofertilizers\/\" \/>\n<meta property=\"article:modified_time\" content=\"2020-10-01T14:09:49+00:00\" \/>\n<meta property=\"og:image\" content=\"https:\/\/www.mugavero.it\/wp-content\/uploads\/2019\/04\/MIDOTEC-formula.png\" \/>\n\t<meta property=\"og:image:width\" content=\"1722\" \/>\n\t<meta property=\"og:image:height\" content=\"1722\" \/>\n\t<meta property=\"og:image:type\" content=\"image\/png\" \/>\n<meta name=\"twitter:card\" content=\"summary_large_image\" \/>\n<meta name=\"twitter:label1\" content=\"Dur\u00e9e de lecture estim\u00e9e\" \/>\n\t<meta name=\"twitter:data1\" content=\"1 minute\" \/>\n<script type=\"application\/ld+json\" class=\"yoast-schema-graph\">{\"@context\":\"https:\/\/schema.org\",\"@graph\":[{\"@type\":\"WebPage\",\"@id\":\"https:\/\/www.mugavero.it\/fr\/fertilizzante\/midotec-formula\/\",\"url\":\"https:\/\/www.mugavero.it\/fr\/fertilizzante\/midotec-formula\/\",\"name\":\"Midotec Formula | Mugavero\",\"isPartOf\":{\"@id\":\"https:\/\/www.mugavero.it\/tr\/#website\"},\"primaryImageOfPage\":{\"@id\":\"https:\/\/www.mugavero.it\/fr\/fertilizzante\/midotec-formula\/#primaryimage\"},\"image\":{\"@id\":\"https:\/\/www.mugavero.it\/fr\/fertilizzante\/midotec-formula\/#primaryimage\"},\"thumbnailUrl\":\"https:\/\/www.mugavero.it\/wp-content\/uploads\/2019\/04\/MIDOTEC-formula.png\",\"datePublished\":\"2019-04-11T13:52:57+00:00\",\"dateModified\":\"2020-10-01T14:09:49+00:00\",\"breadcrumb\":{\"@id\":\"https:\/\/www.mugavero.it\/fr\/fertilizzante\/midotec-formula\/#breadcrumb\"},\"inLanguage\":\"fr-FR\",\"potentialAction\":[{\"@type\":\"ReadAction\",\"target\":[\"https:\/\/www.mugavero.it\/fr\/fertilizzante\/midotec-formula\/\"]}]},{\"@type\":\"ImageObject\",\"inLanguage\":\"fr-FR\",\"@id\":\"https:\/\/www.mugavero.it\/fr\/fertilizzante\/midotec-formula\/#primaryimage\",\"url\":\"https:\/\/www.mugavero.it\/wp-content\/uploads\/2019\/04\/MIDOTEC-formula.png\",\"contentUrl\":\"https:\/\/www.mugavero.it\/wp-content\/uploads\/2019\/04\/MIDOTEC-formula.png\",\"width\":1722,\"height\":1722},{\"@type\":\"BreadcrumbList\",\"@id\":\"https:\/\/www.mugavero.it\/fr\/fertilizzante\/midotec-formula\/#breadcrumb\",\"itemListElement\":[{\"@type\":\"ListItem\",\"position\":1,\"name\":\"Home\",\"item\":\"https:\/\/www.mugavero.it\/fr\/\"},{\"@type\":\"ListItem\",\"position\":2,\"name\":\"Catalogo\",\"item\":\"https:\/\/www.mugavero.it\/tr\/katalog\/\"},{\"@type\":\"ListItem\",\"position\":3,\"name\":\"Midotec Formula\"}]},{\"@type\":\"WebSite\",\"@id\":\"https:\/\/www.mugavero.it\/tr\/#website\",\"url\":\"https:\/\/www.mugavero.it\/tr\/\",\"name\":\"Mugavero Fertilizers\",\"description\":\"It&#039;s Green, White and Red\",\"publisher\":{\"@id\":\"https:\/\/www.mugavero.it\/tr\/#organization\"},\"potentialAction\":[{\"@type\":\"SearchAction\",\"target\":{\"@type\":\"EntryPoint\",\"urlTemplate\":\"https:\/\/www.mugavero.it\/tr\/?s={search_term_string}\"},\"query-input\":{\"@type\":\"PropertyValueSpecification\",\"valueRequired\":true,\"valueName\":\"search_term_string\"}}],\"inLanguage\":\"fr-FR\"},{\"@type\":\"Organization\",\"@id\":\"https:\/\/www.mugavero.it\/tr\/#organization\",\"name\":\"Mugavero Fertilizzanti\",\"url\":\"https:\/\/www.mugavero.it\/tr\/\",\"logo\":{\"@type\":\"ImageObject\",\"inLanguage\":\"fr-FR\",\"@id\":\"https:\/\/www.mugavero.it\/tr\/#\/schema\/logo\/image\/\",\"url\":\"https:\/\/www.mugavero.it\/wp-content\/uploads\/2019\/03\/MUGAVERO-LOGO-ita.png\",\"contentUrl\":\"https:\/\/www.mugavero.it\/wp-content\/uploads\/2019\/03\/MUGAVERO-LOGO-ita.png\",\"width\":1000,\"height\":656,\"caption\":\"Mugavero Fertilizzanti\"},\"image\":{\"@id\":\"https:\/\/www.mugavero.it\/tr\/#\/schema\/logo\/image\/\"},\"sameAs\":[\"https:\/\/www.facebook.com\/mugaverofertilizers\/\",\"https:\/\/www.instagram.com\/mugaverofertilizers\/\",\"https:\/\/www.linkedin.com\/company\/mugavero-fertilizers-official\/\",\"https:\/\/www.youtube.com\/channel\/UCcVmJoiUaqBv_pMIGSe6E2A\"]}]}<\/script>\n<!-- \/ Yoast SEO plugin. -->","yoast_head_json":{"title":"Midotec Formula | Mugavero","robots":{"index":"index","follow":"follow","max-snippet":"max-snippet:-1","max-image-preview":"max-image-preview:large","max-video-preview":"max-video-preview:-1"},"canonical":"https:\/\/www.mugavero.it\/fr\/fertilizzante\/midotec-formula\/","og_locale":"fr_FR","og_type":"article","og_title":"Midotec Formula | Mugavero","og_description":"MIDOTEC FORMULA est une solution liquide facilement applicable contenant du DMPP (3,4-dim\u00e9thylpyrazole phosphate) et con\u00e7ue pour produire des engrais \u00e0 lib\u00e9ration lente.  &nbsp;  cuves en poly\u00e9thyl\u00e8ne 1000 litres","og_url":"https:\/\/www.mugavero.it\/fr\/fertilizzante\/midotec-formula\/","og_site_name":"Mugavero","article_publisher":"https:\/\/www.facebook.com\/mugaverofertilizers\/","article_modified_time":"2020-10-01T14:09:49+00:00","og_image":[{"width":1722,"height":1722,"url":"https:\/\/www.mugavero.it\/wp-content\/uploads\/2019\/04\/MIDOTEC-formula.png","type":"image\/png"}],"twitter_card":"summary_large_image","twitter_misc":{"Dur\u00e9e de lecture estim\u00e9e":"1 minute"},"schema":{"@context":"https:\/\/schema.org","@graph":[{"@type":"WebPage","@id":"https:\/\/www.mugavero.it\/fr\/fertilizzante\/midotec-formula\/","url":"https:\/\/www.mugavero.it\/fr\/fertilizzante\/midotec-formula\/","name":"Midotec Formula | Mugavero","isPartOf":{"@id":"https:\/\/www.mugavero.it\/tr\/#website"},"primaryImageOfPage":{"@id":"https:\/\/www.mugavero.it\/fr\/fertilizzante\/midotec-formula\/#primaryimage"},"image":{"@id":"https:\/\/www.mugavero.it\/fr\/fertilizzante\/midotec-formula\/#primaryimage"},"thumbnailUrl":"https:\/\/www.mugavero.it\/wp-content\/uploads\/2019\/04\/MIDOTEC-formula.png","datePublished":"2019-04-11T13:52:57+00:00","dateModified":"2020-10-01T14:09:49+00:00","breadcrumb":{"@id":"https:\/\/www.mugavero.it\/fr\/fertilizzante\/midotec-formula\/#breadcrumb"},"inLanguage":"fr-FR","potentialAction":[{"@type":"ReadAction","target":["https:\/\/www.mugavero.it\/fr\/fertilizzante\/midotec-formula\/"]}]},{"@type":"ImageObject","inLanguage":"fr-FR","@id":"https:\/\/www.mugavero.it\/fr\/fertilizzante\/midotec-formula\/#primaryimage","url":"https:\/\/www.mugavero.it\/wp-content\/uploads\/2019\/04\/MIDOTEC-formula.png","contentUrl":"https:\/\/www.mugavero.it\/wp-content\/uploads\/2019\/04\/MIDOTEC-formula.png","width":1722,"height":1722},{"@type":"BreadcrumbList","@id":"https:\/\/www.mugavero.it\/fr\/fertilizzante\/midotec-formula\/#breadcrumb","itemListElement":[{"@type":"ListItem","position":1,"name":"Home","item":"https:\/\/www.mugavero.it\/fr\/"},{"@type":"ListItem","position":2,"name":"Catalogo","item":"https:\/\/www.mugavero.it\/tr\/katalog\/"},{"@type":"ListItem","position":3,"name":"Midotec Formula"}]},{"@type":"WebSite","@id":"https:\/\/www.mugavero.it\/tr\/#website","url":"https:\/\/www.mugavero.it\/tr\/","name":"Mugavero Fertilizers","description":"It&#039;s Green, White and Red","publisher":{"@id":"https:\/\/www.mugavero.it\/tr\/#organization"},"potentialAction":[{"@type":"SearchAction","target":{"@type":"EntryPoint","urlTemplate":"https:\/\/www.mugavero.it\/tr\/?s={search_term_string}"},"query-input":{"@type":"PropertyValueSpecification","valueRequired":true,"valueName":"search_term_string"}}],"inLanguage":"fr-FR"},{"@type":"Organization","@id":"https:\/\/www.mugavero.it\/tr\/#organization","name":"Mugavero Fertilizzanti","url":"https:\/\/www.mugavero.it\/tr\/","logo":{"@type":"ImageObject","inLanguage":"fr-FR","@id":"https:\/\/www.mugavero.it\/tr\/#\/schema\/logo\/image\/","url":"https:\/\/www.mugavero.it\/wp-content\/uploads\/2019\/03\/MUGAVERO-LOGO-ita.png","contentUrl":"https:\/\/www.mugavero.it\/wp-content\/uploads\/2019\/03\/MUGAVERO-LOGO-ita.png","width":1000,"height":656,"caption":"Mugavero Fertilizzanti"},"image":{"@id":"https:\/\/www.mugavero.it\/tr\/#\/schema\/logo\/image\/"},"sameAs":["https:\/\/www.facebook.com\/mugaverofertilizers\/","https:\/\/www.instagram.com\/mugaverofertilizers\/","https:\/\/www.linkedin.com\/company\/mugavero-fertilizers-official\/","https:\/\/www.youtube.com\/channel\/UCcVmJoiUaqBv_pMIGSe6E2A"]}]}},"_links":{"self":[{"href":"https:\/\/www.mugavero.it\/fr\/wp-json\/wp\/v2\/product\/5339"}],"collection":[{"href":"https:\/\/www.mugavero.it\/fr\/wp-json\/wp\/v2\/product"}],"about":[{"href":"https:\/\/www.mugavero.it\/fr\/wp-json\/wp\/v2\/types\/product"}],"wp:featuredmedia":[{"embeddable":true,"href":"https:\/\/www.mugavero.it\/fr\/wp-json\/wp\/v2\/media\/4935"}],"wp:attachment":[{"href":"https:\/\/www.mugavero.it\/fr\/wp-json\/wp\/v2\/media?parent=5339"}],"curies":[{"name":"wp","href":"https:\/\/api.w.org\/{rel}","templated":true}]}}