{"id":5338,"date":"2019-04-11T15:48:55","date_gmt":"2019-04-11T13:48:55","guid":{"rendered":"https:\/\/www.mugavero.it\/fertilizzante\/aurea-formula\/"},"modified":"2020-10-01T11:36:59","modified_gmt":"2020-10-01T09:36:59","slug":"aurea-formula","status":"publish","type":"product","link":"https:\/\/www.mugavero.it\/fr\/fertilizzante\/aurea-formula\/","title":{"rendered":"Aurea Formula"},"content":{"rendered":"<p><strong>LA DESCRIPTION<\/strong><\/p>\n<p>AUREA FORMULA est une solution liquide contenant du NBPT, N- (n-Butyl) thiophosphorique triamide, qui agit comme inhibiteur de l&rsquo;ur\u00e9ase et peut \u00eatre utilis\u00e9e comme additif aux engrais \u00e0 base d&rsquo;ur\u00e9e pour cr\u00e9er des produits de grande valeur. Cette solution s&rsquo;applique facilement et convient \u00e0 la fabrication d&rsquo;engrais \u00e0 r\u00e9alisation lente.<\/p>\n<p>&nbsp;<\/p>\n<p>L&rsquo;enzyme ur\u00e9ase est produite naturellement par les champignons et les bact\u00e9ries du sol. Juste apr\u00e8s l&rsquo;application, l&rsquo;hydrolyse de l&rsquo;ur\u00e9e se produit, transformant l&rsquo;ur\u00e9e en carbonate d&rsquo;ammonium et en ammoniac, dont 20% est volatilis\u00e9.<\/p>\n<p>&nbsp;<\/p>\n<p>En inhibant l&rsquo;ur\u00e9ase, le NBPT est capable de ralentir la conversion de l&rsquo;ur\u00e9e en azote d&rsquo;ammonium. Cela permet de maintenir l&rsquo;ur\u00e9e \u00e0 la surface du sol pendant une p\u00e9riode de temps plus longue et de minimiser les pertes de volatilisation caus\u00e9es par des concentrations \u00e9lev\u00e9es d&rsquo;ammoniac dans le sol.<\/p>\n<p>&nbsp;<\/p>\n<p>Avantages:<\/p>\n<p>&nbsp;<\/p>\n<p>Jusqu&rsquo;\u00e0 50% des pertes de volatilisation de l&rsquo;azote consid\u00e9rablement r\u00e9duites<\/p>\n<p>Azote facilement disponible pour les cultures, proportionnellement \u00e0 leurs besoins et \u00e0 chaque \u00e9tape critique, pour une production et une qualit\u00e9 optimales<\/p>\n","protected":false},"excerpt":{"rendered":"<p>AUREA FORMULA est une solution liquide contenant du NBPT, du N- (n-Butyl) thiophosphorique triamide, qui agit comme inhibiteur de l&rsquo;ur\u00e9ase et peut \u00eatre utilis\u00e9 comme additif aux engrais \u00e0 base d&rsquo;ur\u00e9e pour cr\u00e9er des produits de grande valeur. Cette solution s&rsquo;applique facilement et convient \u00e0 la fabrication d&rsquo;engrais \u00e0 r\u00e9alisation lente.<\/p>\n<p>R\u00e9servoirs en poly\u00e9thyl\u00e8ne 1000 litres<\/p>\n<p>Cat\u00e9gorie: Produits industriels<\/p>\n","protected":false},"featured_media":4933,"template":"","meta":{"_exactmetrics_skip_tracking":false,"_exactmetrics_sitenote_active":false,"_exactmetrics_sitenote_note":"","_exactmetrics_sitenote_category":0},"yoast_head":"<!-- This site is optimized with the Yoast SEO plugin v23.4 - https:\/\/yoast.com\/wordpress\/plugins\/seo\/ -->\n<title>Aurea Formula | Mugavero<\/title>\n<meta name=\"robots\" content=\"index, follow, max-snippet:-1, max-image-preview:large, max-video-preview:-1\" \/>\n<link rel=\"canonical\" href=\"https:\/\/www.mugavero.it\/fertilizzante\/aurea-formula\/\" \/>\n<meta property=\"og:locale\" content=\"fr_FR\" \/>\n<meta property=\"og:type\" content=\"article\" \/>\n<meta property=\"og:title\" content=\"Aurea Formula | Mugavero\" \/>\n<meta property=\"og:description\" content=\"AUREA FORMULA est une solution liquide contenant du NBPT, du N- (n-Butyl) thiophosphorique triamide, qui agit comme inhibiteur de l&#039;ur\u00e9ase et peut \u00eatre utilis\u00e9 comme additif aux engrais \u00e0 base d&#039;ur\u00e9e pour cr\u00e9er des produits de grande valeur. Cette solution s&#039;applique facilement et convient \u00e0 la fabrication d&#039;engrais \u00e0 r\u00e9alisation lente.  R\u00e9servoirs en poly\u00e9thyl\u00e8ne 1000 litres  Cat\u00e9gorie: Produits industriels\" \/>\n<meta property=\"og:url\" content=\"https:\/\/www.mugavero.it\/fertilizzante\/aurea-formula\/\" \/>\n<meta property=\"og:site_name\" content=\"Mugavero\" \/>\n<meta property=\"article:publisher\" content=\"https:\/\/www.facebook.com\/mugaverofertilizers\/\" \/>\n<meta property=\"article:modified_time\" content=\"2020-10-01T09:36:59+00:00\" \/>\n<meta property=\"og:image\" content=\"https:\/\/www.mugavero.it\/wp-content\/uploads\/2019\/04\/AUREA-formula.png\" \/>\n\t<meta property=\"og:image:width\" content=\"1722\" \/>\n\t<meta property=\"og:image:height\" content=\"1722\" \/>\n\t<meta property=\"og:image:type\" content=\"image\/png\" \/>\n<meta name=\"twitter:card\" content=\"summary_large_image\" \/>\n<meta name=\"twitter:label1\" content=\"Dur\u00e9e de lecture estim\u00e9e\" \/>\n\t<meta name=\"twitter:data1\" content=\"1 minute\" \/>\n<script type=\"application\/ld+json\" class=\"yoast-schema-graph\">{\"@context\":\"https:\/\/schema.org\",\"@graph\":[{\"@type\":\"WebPage\",\"@id\":\"https:\/\/www.mugavero.it\/fertilizzante\/aurea-formula\/\",\"url\":\"https:\/\/www.mugavero.it\/fertilizzante\/aurea-formula\/\",\"name\":\"Aurea Formula | Mugavero\",\"isPartOf\":{\"@id\":\"https:\/\/www.mugavero.it\/tr\/#website\"},\"primaryImageOfPage\":{\"@id\":\"https:\/\/www.mugavero.it\/fertilizzante\/aurea-formula\/#primaryimage\"},\"image\":{\"@id\":\"https:\/\/www.mugavero.it\/fertilizzante\/aurea-formula\/#primaryimage\"},\"thumbnailUrl\":\"https:\/\/www.mugavero.it\/wp-content\/uploads\/2019\/04\/AUREA-formula.png\",\"datePublished\":\"2019-04-11T13:48:55+00:00\",\"dateModified\":\"2020-10-01T09:36:59+00:00\",\"breadcrumb\":{\"@id\":\"https:\/\/www.mugavero.it\/fertilizzante\/aurea-formula\/#breadcrumb\"},\"inLanguage\":\"fr-FR\",\"potentialAction\":[{\"@type\":\"ReadAction\",\"target\":[\"https:\/\/www.mugavero.it\/fertilizzante\/aurea-formula\/\"]}]},{\"@type\":\"ImageObject\",\"inLanguage\":\"fr-FR\",\"@id\":\"https:\/\/www.mugavero.it\/fertilizzante\/aurea-formula\/#primaryimage\",\"url\":\"https:\/\/www.mugavero.it\/wp-content\/uploads\/2019\/04\/AUREA-formula.png\",\"contentUrl\":\"https:\/\/www.mugavero.it\/wp-content\/uploads\/2019\/04\/AUREA-formula.png\",\"width\":1722,\"height\":1722},{\"@type\":\"BreadcrumbList\",\"@id\":\"https:\/\/www.mugavero.it\/fertilizzante\/aurea-formula\/#breadcrumb\",\"itemListElement\":[{\"@type\":\"ListItem\",\"position\":1,\"name\":\"Home\",\"item\":\"https:\/\/www.mugavero.it\/fr\/\"},{\"@type\":\"ListItem\",\"position\":2,\"name\":\"Catalogo\",\"item\":\"https:\/\/www.mugavero.it\/tr\/katalog\/\"},{\"@type\":\"ListItem\",\"position\":3,\"name\":\"Aurea Formula\"}]},{\"@type\":\"WebSite\",\"@id\":\"https:\/\/www.mugavero.it\/tr\/#website\",\"url\":\"https:\/\/www.mugavero.it\/tr\/\",\"name\":\"Mugavero Fertilizers\",\"description\":\"It&#039;s Green, White and Red\",\"publisher\":{\"@id\":\"https:\/\/www.mugavero.it\/tr\/#organization\"},\"potentialAction\":[{\"@type\":\"SearchAction\",\"target\":{\"@type\":\"EntryPoint\",\"urlTemplate\":\"https:\/\/www.mugavero.it\/tr\/?s={search_term_string}\"},\"query-input\":{\"@type\":\"PropertyValueSpecification\",\"valueRequired\":true,\"valueName\":\"search_term_string\"}}],\"inLanguage\":\"fr-FR\"},{\"@type\":\"Organization\",\"@id\":\"https:\/\/www.mugavero.it\/tr\/#organization\",\"name\":\"Mugavero Fertilizzanti\",\"url\":\"https:\/\/www.mugavero.it\/tr\/\",\"logo\":{\"@type\":\"ImageObject\",\"inLanguage\":\"fr-FR\",\"@id\":\"https:\/\/www.mugavero.it\/tr\/#\/schema\/logo\/image\/\",\"url\":\"https:\/\/www.mugavero.it\/wp-content\/uploads\/2019\/03\/MUGAVERO-LOGO-ita.png\",\"contentUrl\":\"https:\/\/www.mugavero.it\/wp-content\/uploads\/2019\/03\/MUGAVERO-LOGO-ita.png\",\"width\":1000,\"height\":656,\"caption\":\"Mugavero Fertilizzanti\"},\"image\":{\"@id\":\"https:\/\/www.mugavero.it\/tr\/#\/schema\/logo\/image\/\"},\"sameAs\":[\"https:\/\/www.facebook.com\/mugaverofertilizers\/\",\"https:\/\/www.instagram.com\/mugaverofertilizers\/\",\"https:\/\/www.linkedin.com\/company\/mugavero-fertilizers-official\/\",\"https:\/\/www.youtube.com\/channel\/UCcVmJoiUaqBv_pMIGSe6E2A\"]}]}<\/script>\n<!-- \/ Yoast SEO plugin. -->","yoast_head_json":{"title":"Aurea Formula | Mugavero","robots":{"index":"index","follow":"follow","max-snippet":"max-snippet:-1","max-image-preview":"max-image-preview:large","max-video-preview":"max-video-preview:-1"},"canonical":"https:\/\/www.mugavero.it\/fertilizzante\/aurea-formula\/","og_locale":"fr_FR","og_type":"article","og_title":"Aurea Formula | Mugavero","og_description":"AUREA FORMULA est une solution liquide contenant du NBPT, du N- (n-Butyl) thiophosphorique triamide, qui agit comme inhibiteur de l'ur\u00e9ase et peut \u00eatre utilis\u00e9 comme additif aux engrais \u00e0 base d'ur\u00e9e pour cr\u00e9er des produits de grande valeur. Cette solution s'applique facilement et convient \u00e0 la fabrication d'engrais \u00e0 r\u00e9alisation lente.  R\u00e9servoirs en poly\u00e9thyl\u00e8ne 1000 litres  Cat\u00e9gorie: Produits industriels","og_url":"https:\/\/www.mugavero.it\/fertilizzante\/aurea-formula\/","og_site_name":"Mugavero","article_publisher":"https:\/\/www.facebook.com\/mugaverofertilizers\/","article_modified_time":"2020-10-01T09:36:59+00:00","og_image":[{"width":1722,"height":1722,"url":"https:\/\/www.mugavero.it\/wp-content\/uploads\/2019\/04\/AUREA-formula.png","type":"image\/png"}],"twitter_card":"summary_large_image","twitter_misc":{"Dur\u00e9e de lecture estim\u00e9e":"1 minute"},"schema":{"@context":"https:\/\/schema.org","@graph":[{"@type":"WebPage","@id":"https:\/\/www.mugavero.it\/fertilizzante\/aurea-formula\/","url":"https:\/\/www.mugavero.it\/fertilizzante\/aurea-formula\/","name":"Aurea Formula | Mugavero","isPartOf":{"@id":"https:\/\/www.mugavero.it\/tr\/#website"},"primaryImageOfPage":{"@id":"https:\/\/www.mugavero.it\/fertilizzante\/aurea-formula\/#primaryimage"},"image":{"@id":"https:\/\/www.mugavero.it\/fertilizzante\/aurea-formula\/#primaryimage"},"thumbnailUrl":"https:\/\/www.mugavero.it\/wp-content\/uploads\/2019\/04\/AUREA-formula.png","datePublished":"2019-04-11T13:48:55+00:00","dateModified":"2020-10-01T09:36:59+00:00","breadcrumb":{"@id":"https:\/\/www.mugavero.it\/fertilizzante\/aurea-formula\/#breadcrumb"},"inLanguage":"fr-FR","potentialAction":[{"@type":"ReadAction","target":["https:\/\/www.mugavero.it\/fertilizzante\/aurea-formula\/"]}]},{"@type":"ImageObject","inLanguage":"fr-FR","@id":"https:\/\/www.mugavero.it\/fertilizzante\/aurea-formula\/#primaryimage","url":"https:\/\/www.mugavero.it\/wp-content\/uploads\/2019\/04\/AUREA-formula.png","contentUrl":"https:\/\/www.mugavero.it\/wp-content\/uploads\/2019\/04\/AUREA-formula.png","width":1722,"height":1722},{"@type":"BreadcrumbList","@id":"https:\/\/www.mugavero.it\/fertilizzante\/aurea-formula\/#breadcrumb","itemListElement":[{"@type":"ListItem","position":1,"name":"Home","item":"https:\/\/www.mugavero.it\/fr\/"},{"@type":"ListItem","position":2,"name":"Catalogo","item":"https:\/\/www.mugavero.it\/tr\/katalog\/"},{"@type":"ListItem","position":3,"name":"Aurea Formula"}]},{"@type":"WebSite","@id":"https:\/\/www.mugavero.it\/tr\/#website","url":"https:\/\/www.mugavero.it\/tr\/","name":"Mugavero Fertilizers","description":"It&#039;s Green, White and Red","publisher":{"@id":"https:\/\/www.mugavero.it\/tr\/#organization"},"potentialAction":[{"@type":"SearchAction","target":{"@type":"EntryPoint","urlTemplate":"https:\/\/www.mugavero.it\/tr\/?s={search_term_string}"},"query-input":{"@type":"PropertyValueSpecification","valueRequired":true,"valueName":"search_term_string"}}],"inLanguage":"fr-FR"},{"@type":"Organization","@id":"https:\/\/www.mugavero.it\/tr\/#organization","name":"Mugavero Fertilizzanti","url":"https:\/\/www.mugavero.it\/tr\/","logo":{"@type":"ImageObject","inLanguage":"fr-FR","@id":"https:\/\/www.mugavero.it\/tr\/#\/schema\/logo\/image\/","url":"https:\/\/www.mugavero.it\/wp-content\/uploads\/2019\/03\/MUGAVERO-LOGO-ita.png","contentUrl":"https:\/\/www.mugavero.it\/wp-content\/uploads\/2019\/03\/MUGAVERO-LOGO-ita.png","width":1000,"height":656,"caption":"Mugavero Fertilizzanti"},"image":{"@id":"https:\/\/www.mugavero.it\/tr\/#\/schema\/logo\/image\/"},"sameAs":["https:\/\/www.facebook.com\/mugaverofertilizers\/","https:\/\/www.instagram.com\/mugaverofertilizers\/","https:\/\/www.linkedin.com\/company\/mugavero-fertilizers-official\/","https:\/\/www.youtube.com\/channel\/UCcVmJoiUaqBv_pMIGSe6E2A"]}]}},"_links":{"self":[{"href":"https:\/\/www.mugavero.it\/fr\/wp-json\/wp\/v2\/product\/5338"}],"collection":[{"href":"https:\/\/www.mugavero.it\/fr\/wp-json\/wp\/v2\/product"}],"about":[{"href":"https:\/\/www.mugavero.it\/fr\/wp-json\/wp\/v2\/types\/product"}],"wp:featuredmedia":[{"embeddable":true,"href":"https:\/\/www.mugavero.it\/fr\/wp-json\/wp\/v2\/media\/4933"}],"wp:attachment":[{"href":"https:\/\/www.mugavero.it\/fr\/wp-json\/wp\/v2\/media?parent=5338"}],"curies":[{"name":"wp","href":"https:\/\/api.w.org\/{rel}","templated":true}]}}