{"id":11926,"date":"2023-06-20T14:54:26","date_gmt":"2023-06-20T12:54:26","guid":{"rendered":"https:\/\/www.mugavero.it\/fertilizzante\/battiria-fluid-2\/"},"modified":"2023-11-19T14:56:58","modified_gmt":"2023-11-19T13:56:58","slug":"battiria-fluid-2","status":"publish","type":"product","link":"https:\/\/www.mugavero.it\/fr\/fertilizzante\/battiria-fluid-2\/","title":{"rendered":"Battiria Fluid"},"content":{"rendered":"","protected":false},"excerpt":{"rendered":"<p>Battiria Fluid est un biostimulant innovant \u00e0 base microbienne contenant des spores de quatre esp\u00e8ces du genre Bacillus (B.pumilus,<br \/>\nB.amyloliquefaciens, B.licheniformis, B.subtilis), soigneusement s\u00e9lectionn\u00e9es et particuli\u00e8rement actives dans toutes les conditions. Battiria Fluid am\u00e9liore la disponibilit\u00e9 des nutriments essentiels pour les cultures en permettant la fixation de l&rsquo;azote atmosph\u00e9rique et la mobilisation du phosphore et du potassium dans le sol. L&rsquo;action synergique et compl\u00e9mentaire de chaque esp\u00e8ce pr\u00e9sente dans Battiria Fluid permet de favoriser la croissance des plantes gr\u00e2ce \u00e0 la production de phytohormones, de m\u00e9tabolites secondaires et de sid\u00e9rophores. Ainsi, Battiria Fluid optimise le potentiel de rendement en augmentant l&rsquo;absorption des nutriments, en restaurant les micro-organismes b\u00e9n\u00e9fiques dans la rhizosph\u00e8re et en enrichissant et am\u00e9liorant la structure du sol afin d&rsquo;augmenter la masse racinaire et la vigueur des plantes. Battiria Fluid active les d\u00e9fenses immunitaires naturelles de la plante, renforce et revitalise les plantes et augmente la tol\u00e9rance aux facteurs de stress biotiques et abiotiques.<\/p>\n<p>&nbsp;<\/p>\n<p class=\"p1\"><img decoding=\"async\" class=\"alignnone wp-image-7119\" src=\"https:\/\/www.mugavero.it\/wp-content\/uploads\/2021\/10\/BOTTIGLIA.png\" alt=\"\" width=\"42\" height=\"42\" srcset=\"https:\/\/www.mugavero.it\/wp-content\/uploads\/2021\/10\/BOTTIGLIA.png 238w, https:\/\/www.mugavero.it\/wp-content\/uploads\/2021\/10\/BOTTIGLIA-150x150.png 150w, https:\/\/www.mugavero.it\/wp-content\/uploads\/2021\/10\/BOTTIGLIA-187x187.png 187w, https:\/\/www.mugavero.it\/wp-content\/uploads\/2021\/10\/BOTTIGLIA-100x100.png 100w\" sizes=\"(max-width: 42px) 100vw, 42px\" \/>1\u00a0 \u00a0<img decoding=\"async\" class=\"alignnone wp-image-7111\" src=\"https:\/\/www.mugavero.it\/wp-content\/uploads\/2019\/10\/TANICA.png\" alt=\"\" width=\"38\" height=\"38\" srcset=\"https:\/\/www.mugavero.it\/wp-content\/uploads\/2019\/10\/TANICA.png 238w, https:\/\/www.mugavero.it\/wp-content\/uploads\/2019\/10\/TANICA-150x150.png 150w, https:\/\/www.mugavero.it\/wp-content\/uploads\/2019\/10\/TANICA-187x187.png 187w, https:\/\/www.mugavero.it\/wp-content\/uploads\/2019\/10\/TANICA-100x100.png 100w\" sizes=\"(max-width: 38px) 100vw, 38px\" \/>5\/20<\/p>\n<p class=\"p1\"><img decoding=\"async\" class=\"alignnone wp-image-7076 \" src=\"https:\/\/www.mugavero.it\/wp-content\/uploads\/2019\/01\/FOGLIARE.png\" alt=\"\" width=\"41\" height=\"41\" srcset=\"https:\/\/www.mugavero.it\/wp-content\/uploads\/2019\/01\/FOGLIARE.png 238w, https:\/\/www.mugavero.it\/wp-content\/uploads\/2019\/01\/FOGLIARE-150x150.png 150w, https:\/\/www.mugavero.it\/wp-content\/uploads\/2019\/01\/FOGLIARE-186x187.png 186w, https:\/\/www.mugavero.it\/wp-content\/uploads\/2019\/01\/FOGLIARE-100x100.png 100w\" sizes=\"(max-width: 41px) 100vw, 41px\" \/>Application par voie foliaire<\/p>\n<p><img decoding=\"async\" class=\"alignnone wp-image-7083 \" src=\"https:\/\/www.mugavero.it\/wp-content\/uploads\/2019\/01\/FERTIRRIGAZIONE.png\" alt=\"\" width=\"50\" height=\"50\" srcset=\"https:\/\/www.mugavero.it\/wp-content\/uploads\/2019\/01\/FERTIRRIGAZIONE.png 238w, https:\/\/www.mugavero.it\/wp-content\/uploads\/2019\/01\/FERTIRRIGAZIONE-150x150.png 150w, https:\/\/www.mugavero.it\/wp-content\/uploads\/2019\/01\/FERTIRRIGAZIONE-187x187.png 187w, https:\/\/www.mugavero.it\/wp-content\/uploads\/2019\/01\/FERTIRRIGAZIONE-100x100.png 100w\" sizes=\"(max-width: 50px) 100vw, 50px\" \/>Fertigation<\/p>\n<p><img decoding=\"async\" class=\"alignnone wp-image-7097 \" src=\"https:\/\/www.mugavero.it\/wp-content\/uploads\/2019\/01\/ECO-SOSTENIBILE.png\" alt=\"\" width=\"36\" height=\"36\" srcset=\"https:\/\/www.mugavero.it\/wp-content\/uploads\/2019\/01\/ECO-SOSTENIBILE.png 238w, https:\/\/www.mugavero.it\/wp-content\/uploads\/2019\/01\/ECO-SOSTENIBILE-150x150.png 150w, https:\/\/www.mugavero.it\/wp-content\/uploads\/2019\/01\/ECO-SOSTENIBILE-187x187.png 187w, https:\/\/www.mugavero.it\/wp-content\/uploads\/2019\/01\/ECO-SOSTENIBILE-100x100.png 100w\" sizes=\"(max-width: 36px) 100vw, 36px\" \/> Eco-sustainable packaging<\/p>\n<p>&nbsp;<\/p>\n","protected":false},"featured_media":11771,"template":"","meta":{"_exactmetrics_skip_tracking":false,"_exactmetrics_sitenote_active":false,"_exactmetrics_sitenote_note":"","_exactmetrics_sitenote_category":0},"yoast_head":"<!-- This site is optimized with the Yoast SEO plugin v23.4 - https:\/\/yoast.com\/wordpress\/plugins\/seo\/ -->\n<title>Battiria Fluid | Mugavero<\/title>\n<meta name=\"description\" content=\"Battiria Fluid est un biostimulant innovant \u00e0 base microbienne contenant des spores de quatre esp\u00e8ces du genre Bacillus (B.pumilus ...\" \/>\n<meta name=\"robots\" content=\"index, follow, max-snippet:-1, max-image-preview:large, max-video-preview:-1\" \/>\n<link rel=\"canonical\" href=\"https:\/\/www.mugavero.it\/fertilizzante\/battiria-fluid\/\" \/>\n<meta property=\"og:locale\" content=\"fr_FR\" \/>\n<meta property=\"og:type\" content=\"article\" \/>\n<meta property=\"og:title\" content=\"BATTIRIA FLUID \u00e8 un innovativo biostimolante a base microbica\" \/>\n<meta property=\"og:description\" content=\"BATTIRIA FLUID \u00e8 un innovativo biostimolante a base microbica, che include spore di quattroceppi del genere Bacillus (B. pumilus, B. amyloliquefaciens, B. licheniformis, B. subtilis) meticolosa-mente selezionati e particolarmente attivi in ogni condizione.Battiria Fluid consente di fissare l\u2019azoto atmosferico, mobilizzare il fosforo e il potassio nel terreno,migliorando la disponibilit\u00e0 per le colture dei tre elementi nutritivi essenziali.\" \/>\n<meta property=\"og:url\" content=\"https:\/\/www.mugavero.it\/fertilizzante\/battiria-fluid\/\" \/>\n<meta property=\"og:site_name\" content=\"Mugavero\" \/>\n<meta property=\"article:publisher\" content=\"https:\/\/www.facebook.com\/mugaverofertilizers\/\" \/>\n<meta property=\"article:modified_time\" content=\"2023-11-19T13:56:58+00:00\" \/>\n<meta name=\"twitter:card\" content=\"summary_large_image\" \/>\n<meta name=\"twitter:image\" content=\"https:\/\/www.mugavero.it\/wp-content\/uploads\/2023\/06\/BATTIRIA-FLUID.png\" \/>\n<script type=\"application\/ld+json\" class=\"yoast-schema-graph\">{\"@context\":\"https:\/\/schema.org\",\"@graph\":[{\"@type\":\"WebPage\",\"@id\":\"https:\/\/www.mugavero.it\/fertilizzante\/battiria-fluid\/\",\"url\":\"https:\/\/www.mugavero.it\/fertilizzante\/battiria-fluid\/\",\"name\":\"Battiria Fluid | Mugavero\",\"isPartOf\":{\"@id\":\"https:\/\/www.mugavero.it\/tr\/#website\"},\"primaryImageOfPage\":{\"@id\":\"https:\/\/www.mugavero.it\/fertilizzante\/battiria-fluid\/#primaryimage\"},\"image\":{\"@id\":\"https:\/\/www.mugavero.it\/fertilizzante\/battiria-fluid\/#primaryimage\"},\"thumbnailUrl\":\"https:\/\/www.mugavero.it\/wp-content\/uploads\/2023\/06\/BATTIRIA-FLUID.png\",\"datePublished\":\"2023-06-20T12:54:26+00:00\",\"dateModified\":\"2023-11-19T13:56:58+00:00\",\"description\":\"Battiria Fluid est un biostimulant innovant \u00e0 base microbienne contenant des spores de quatre esp\u00e8ces du genre Bacillus (B.pumilus ...\",\"breadcrumb\":{\"@id\":\"https:\/\/www.mugavero.it\/fertilizzante\/battiria-fluid\/#breadcrumb\"},\"inLanguage\":\"fr-FR\",\"potentialAction\":[{\"@type\":\"ReadAction\",\"target\":[\"https:\/\/www.mugavero.it\/fertilizzante\/battiria-fluid\/\"]}]},{\"@type\":\"ImageObject\",\"inLanguage\":\"fr-FR\",\"@id\":\"https:\/\/www.mugavero.it\/fertilizzante\/battiria-fluid\/#primaryimage\",\"url\":\"https:\/\/www.mugavero.it\/wp-content\/uploads\/2023\/06\/BATTIRIA-FLUID.png\",\"contentUrl\":\"https:\/\/www.mugavero.it\/wp-content\/uploads\/2023\/06\/BATTIRIA-FLUID.png\",\"width\":1600,\"height\":1600},{\"@type\":\"BreadcrumbList\",\"@id\":\"https:\/\/www.mugavero.it\/fertilizzante\/battiria-fluid\/#breadcrumb\",\"itemListElement\":[{\"@type\":\"ListItem\",\"position\":1,\"name\":\"Home\",\"item\":\"https:\/\/www.mugavero.it\/fr\/\"},{\"@type\":\"ListItem\",\"position\":2,\"name\":\"Catalogo\",\"item\":\"https:\/\/www.mugavero.it\/tr\/katalog\/\"},{\"@type\":\"ListItem\",\"position\":3,\"name\":\"Battiria Fluid\"}]},{\"@type\":\"WebSite\",\"@id\":\"https:\/\/www.mugavero.it\/tr\/#website\",\"url\":\"https:\/\/www.mugavero.it\/tr\/\",\"name\":\"Mugavero Fertilizers\",\"description\":\"It&#039;s Green, White and Red\",\"publisher\":{\"@id\":\"https:\/\/www.mugavero.it\/tr\/#organization\"},\"potentialAction\":[{\"@type\":\"SearchAction\",\"target\":{\"@type\":\"EntryPoint\",\"urlTemplate\":\"https:\/\/www.mugavero.it\/tr\/?s={search_term_string}\"},\"query-input\":{\"@type\":\"PropertyValueSpecification\",\"valueRequired\":true,\"valueName\":\"search_term_string\"}}],\"inLanguage\":\"fr-FR\"},{\"@type\":\"Organization\",\"@id\":\"https:\/\/www.mugavero.it\/tr\/#organization\",\"name\":\"Mugavero Fertilizzanti\",\"url\":\"https:\/\/www.mugavero.it\/tr\/\",\"logo\":{\"@type\":\"ImageObject\",\"inLanguage\":\"fr-FR\",\"@id\":\"https:\/\/www.mugavero.it\/tr\/#\/schema\/logo\/image\/\",\"url\":\"https:\/\/www.mugavero.it\/wp-content\/uploads\/2019\/03\/MUGAVERO-LOGO-ita.png\",\"contentUrl\":\"https:\/\/www.mugavero.it\/wp-content\/uploads\/2019\/03\/MUGAVERO-LOGO-ita.png\",\"width\":1000,\"height\":656,\"caption\":\"Mugavero Fertilizzanti\"},\"image\":{\"@id\":\"https:\/\/www.mugavero.it\/tr\/#\/schema\/logo\/image\/\"},\"sameAs\":[\"https:\/\/www.facebook.com\/mugaverofertilizers\/\",\"https:\/\/www.instagram.com\/mugaverofertilizers\/\",\"https:\/\/www.linkedin.com\/company\/mugavero-fertilizers-official\/\",\"https:\/\/www.youtube.com\/channel\/UCcVmJoiUaqBv_pMIGSe6E2A\"]}]}<\/script>\n<!-- \/ Yoast SEO plugin. -->","yoast_head_json":{"title":"Battiria Fluid | Mugavero","description":"Battiria Fluid est un biostimulant innovant \u00e0 base microbienne contenant des spores de quatre esp\u00e8ces du genre Bacillus (B.pumilus ...","robots":{"index":"index","follow":"follow","max-snippet":"max-snippet:-1","max-image-preview":"max-image-preview:large","max-video-preview":"max-video-preview:-1"},"canonical":"https:\/\/www.mugavero.it\/fertilizzante\/battiria-fluid\/","og_locale":"fr_FR","og_type":"article","og_title":"BATTIRIA FLUID \u00e8 un innovativo biostimolante a base microbica","og_description":"BATTIRIA FLUID \u00e8 un innovativo biostimolante a base microbica, che include spore di quattroceppi del genere Bacillus (B. pumilus, B. amyloliquefaciens, B. licheniformis, B. subtilis) meticolosa-mente selezionati e particolarmente attivi in ogni condizione.Battiria Fluid consente di fissare l\u2019azoto atmosferico, mobilizzare il fosforo e il potassio nel terreno,migliorando la disponibilit\u00e0 per le colture dei tre elementi nutritivi essenziali.","og_url":"https:\/\/www.mugavero.it\/fertilizzante\/battiria-fluid\/","og_site_name":"Mugavero","article_publisher":"https:\/\/www.facebook.com\/mugaverofertilizers\/","article_modified_time":"2023-11-19T13:56:58+00:00","twitter_card":"summary_large_image","twitter_image":"https:\/\/www.mugavero.it\/wp-content\/uploads\/2023\/06\/BATTIRIA-FLUID.png","schema":{"@context":"https:\/\/schema.org","@graph":[{"@type":"WebPage","@id":"https:\/\/www.mugavero.it\/fertilizzante\/battiria-fluid\/","url":"https:\/\/www.mugavero.it\/fertilizzante\/battiria-fluid\/","name":"Battiria Fluid | Mugavero","isPartOf":{"@id":"https:\/\/www.mugavero.it\/tr\/#website"},"primaryImageOfPage":{"@id":"https:\/\/www.mugavero.it\/fertilizzante\/battiria-fluid\/#primaryimage"},"image":{"@id":"https:\/\/www.mugavero.it\/fertilizzante\/battiria-fluid\/#primaryimage"},"thumbnailUrl":"https:\/\/www.mugavero.it\/wp-content\/uploads\/2023\/06\/BATTIRIA-FLUID.png","datePublished":"2023-06-20T12:54:26+00:00","dateModified":"2023-11-19T13:56:58+00:00","description":"Battiria Fluid est un biostimulant innovant \u00e0 base microbienne contenant des spores de quatre esp\u00e8ces du genre Bacillus (B.pumilus ...","breadcrumb":{"@id":"https:\/\/www.mugavero.it\/fertilizzante\/battiria-fluid\/#breadcrumb"},"inLanguage":"fr-FR","potentialAction":[{"@type":"ReadAction","target":["https:\/\/www.mugavero.it\/fertilizzante\/battiria-fluid\/"]}]},{"@type":"ImageObject","inLanguage":"fr-FR","@id":"https:\/\/www.mugavero.it\/fertilizzante\/battiria-fluid\/#primaryimage","url":"https:\/\/www.mugavero.it\/wp-content\/uploads\/2023\/06\/BATTIRIA-FLUID.png","contentUrl":"https:\/\/www.mugavero.it\/wp-content\/uploads\/2023\/06\/BATTIRIA-FLUID.png","width":1600,"height":1600},{"@type":"BreadcrumbList","@id":"https:\/\/www.mugavero.it\/fertilizzante\/battiria-fluid\/#breadcrumb","itemListElement":[{"@type":"ListItem","position":1,"name":"Home","item":"https:\/\/www.mugavero.it\/fr\/"},{"@type":"ListItem","position":2,"name":"Catalogo","item":"https:\/\/www.mugavero.it\/tr\/katalog\/"},{"@type":"ListItem","position":3,"name":"Battiria Fluid"}]},{"@type":"WebSite","@id":"https:\/\/www.mugavero.it\/tr\/#website","url":"https:\/\/www.mugavero.it\/tr\/","name":"Mugavero Fertilizers","description":"It&#039;s Green, White and Red","publisher":{"@id":"https:\/\/www.mugavero.it\/tr\/#organization"},"potentialAction":[{"@type":"SearchAction","target":{"@type":"EntryPoint","urlTemplate":"https:\/\/www.mugavero.it\/tr\/?s={search_term_string}"},"query-input":{"@type":"PropertyValueSpecification","valueRequired":true,"valueName":"search_term_string"}}],"inLanguage":"fr-FR"},{"@type":"Organization","@id":"https:\/\/www.mugavero.it\/tr\/#organization","name":"Mugavero Fertilizzanti","url":"https:\/\/www.mugavero.it\/tr\/","logo":{"@type":"ImageObject","inLanguage":"fr-FR","@id":"https:\/\/www.mugavero.it\/tr\/#\/schema\/logo\/image\/","url":"https:\/\/www.mugavero.it\/wp-content\/uploads\/2019\/03\/MUGAVERO-LOGO-ita.png","contentUrl":"https:\/\/www.mugavero.it\/wp-content\/uploads\/2019\/03\/MUGAVERO-LOGO-ita.png","width":1000,"height":656,"caption":"Mugavero Fertilizzanti"},"image":{"@id":"https:\/\/www.mugavero.it\/tr\/#\/schema\/logo\/image\/"},"sameAs":["https:\/\/www.facebook.com\/mugaverofertilizers\/","https:\/\/www.instagram.com\/mugaverofertilizers\/","https:\/\/www.linkedin.com\/company\/mugavero-fertilizers-official\/","https:\/\/www.youtube.com\/channel\/UCcVmJoiUaqBv_pMIGSe6E2A"]}]}},"_links":{"self":[{"href":"https:\/\/www.mugavero.it\/fr\/wp-json\/wp\/v2\/product\/11926"}],"collection":[{"href":"https:\/\/www.mugavero.it\/fr\/wp-json\/wp\/v2\/product"}],"about":[{"href":"https:\/\/www.mugavero.it\/fr\/wp-json\/wp\/v2\/types\/product"}],"wp:featuredmedia":[{"embeddable":true,"href":"https:\/\/www.mugavero.it\/fr\/wp-json\/wp\/v2\/media\/11771"}],"wp:attachment":[{"href":"https:\/\/www.mugavero.it\/fr\/wp-json\/wp\/v2\/media?parent=11926"}],"curies":[{"name":"wp","href":"https:\/\/api.w.org\/{rel}","templated":true}]}}