{"id":11650,"date":"2023-07-18T17:34:24","date_gmt":"2023-07-18T15:34:24","guid":{"rendered":"https:\/\/www.mugavero.it\/fertilizzante\/sercal\/"},"modified":"2023-11-19T15:09:14","modified_gmt":"2023-11-19T14:09:14","slug":"sercal","status":"publish","type":"product","link":"https:\/\/www.mugavero.it\/fr\/fertilizzante\/sercal\/","title":{"rendered":"Sercal"},"content":{"rendered":"","protected":false},"excerpt":{"rendered":"<div class=\"page\" title=\"Page 1\">\n<div class=\"section\">\n<div class=\"layoutArea\">\n<div class=\"column\">\n<p>SerCal est un engrais liquide de nouvelle g\u00e9n\u00e9ration avec une concentration \u00e9lev\u00e9e en calcium et une r\u00e9action sub-acide qui facilite<br \/>\nl&rsquo;absorption par les racines. SerCal, qui contient du formiate de calcium, est con\u00e7u pour augmenter la r\u00e9sistance m\u00e9canique<br \/>\ndes parois cellulaires et r\u00e9duire les dommages physiologiques aux fruits. Il est rapidement absorb\u00e9 par la plante et rapidement transloqu\u00e9 dans toute la plante.<\/p>\n<p>SerCal convient \u00e0 la fertilisation de toutes les cultures, en particulier \u00e0 la fertilisation des cultures mara\u00eech\u00e8res en plein champ et en serre ; il peut \u00e9galement \u00eatre utilis\u00e9 pour les applications foliaires sur les grandes cultures.<\/p>\n<\/div>\n<\/div>\n<\/div>\n<\/div>\n<p><img decoding=\"async\" class=\"alignnone wp-image-7119\" src=\"https:\/\/www.mugavero.it\/wp-content\/uploads\/2021\/10\/BOTTIGLIA.png\" alt=\"\" width=\"42\" height=\"42\" srcset=\"https:\/\/www.mugavero.it\/wp-content\/uploads\/2021\/10\/BOTTIGLIA.png 238w, https:\/\/www.mugavero.it\/wp-content\/uploads\/2021\/10\/BOTTIGLIA-150x150.png 150w, https:\/\/www.mugavero.it\/wp-content\/uploads\/2021\/10\/BOTTIGLIA-187x187.png 187w, https:\/\/www.mugavero.it\/wp-content\/uploads\/2021\/10\/BOTTIGLIA-100x100.png 100w\" sizes=\"(max-width: 42px) 100vw, 42px\" \/>1\u00a0 \u00a0<img decoding=\"async\" class=\"alignnone wp-image-7111\" src=\"https:\/\/www.mugavero.it\/wp-content\/uploads\/2019\/10\/TANICA.png\" alt=\"\" width=\"38\" height=\"38\" srcset=\"https:\/\/www.mugavero.it\/wp-content\/uploads\/2019\/10\/TANICA.png 238w, https:\/\/www.mugavero.it\/wp-content\/uploads\/2019\/10\/TANICA-150x150.png 150w, https:\/\/www.mugavero.it\/wp-content\/uploads\/2019\/10\/TANICA-187x187.png 187w, https:\/\/www.mugavero.it\/wp-content\/uploads\/2019\/10\/TANICA-100x100.png 100w\" sizes=\"(max-width: 38px) 100vw, 38px\" \/>5\/20<\/p>\n<p><img decoding=\"async\" class=\"alignnone wp-image-7076 \" src=\"https:\/\/www.mugavero.it\/wp-content\/uploads\/2019\/01\/FOGLIARE.png\" alt=\"\" width=\"51\" height=\"51\" srcset=\"https:\/\/www.mugavero.it\/wp-content\/uploads\/2019\/01\/FOGLIARE.png 238w, https:\/\/www.mugavero.it\/wp-content\/uploads\/2019\/01\/FOGLIARE-150x150.png 150w, https:\/\/www.mugavero.it\/wp-content\/uploads\/2019\/01\/FOGLIARE-186x187.png 186w, https:\/\/www.mugavero.it\/wp-content\/uploads\/2019\/01\/FOGLIARE-100x100.png 100w\" sizes=\"(max-width: 51px) 100vw, 51px\" \/>Foliar<br \/>\n<img decoding=\"async\" class=\"alignnone wp-image-7083 \" src=\"https:\/\/www.mugavero.it\/wp-content\/uploads\/2019\/01\/FERTIRRIGAZIONE.png\" alt=\"\" width=\"50\" height=\"50\" srcset=\"https:\/\/www.mugavero.it\/wp-content\/uploads\/2019\/01\/FERTIRRIGAZIONE.png 238w, https:\/\/www.mugavero.it\/wp-content\/uploads\/2019\/01\/FERTIRRIGAZIONE-150x150.png 150w, https:\/\/www.mugavero.it\/wp-content\/uploads\/2019\/01\/FERTIRRIGAZIONE-187x187.png 187w, https:\/\/www.mugavero.it\/wp-content\/uploads\/2019\/01\/FERTIRRIGAZIONE-100x100.png 100w\" sizes=\"(max-width: 50px) 100vw, 50px\" \/>Fertigation<\/p>\n<p><img decoding=\"async\" class=\"alignnone wp-image-7097\" src=\"https:\/\/www.mugavero.it\/wp-content\/uploads\/2019\/01\/ECO-SOSTENIBILE.png\" alt=\"\" width=\"42\" height=\"41\" srcset=\"https:\/\/www.mugavero.it\/wp-content\/uploads\/2019\/01\/ECO-SOSTENIBILE.png 238w, https:\/\/www.mugavero.it\/wp-content\/uploads\/2019\/01\/ECO-SOSTENIBILE-150x150.png 150w, https:\/\/www.mugavero.it\/wp-content\/uploads\/2019\/01\/ECO-SOSTENIBILE-187x187.png 187w, https:\/\/www.mugavero.it\/wp-content\/uploads\/2019\/01\/ECO-SOSTENIBILE-100x100.png 100w\" sizes=\"(max-width: 42px) 100vw, 42px\" \/> Eco-sustainable packaging<\/p>\n<p>&nbsp;<\/p>\n<p>&nbsp;<\/p>\n<p>&nbsp;<\/p>\n<p>&nbsp;<\/p>\n","protected":false},"featured_media":11793,"template":"","meta":{"_exactmetrics_skip_tracking":false,"_exactmetrics_sitenote_active":false,"_exactmetrics_sitenote_note":"","_exactmetrics_sitenote_category":0},"yoast_head":"<!-- This site is optimized with the Yoast SEO plugin v23.4 - https:\/\/yoast.com\/wordpress\/plugins\/seo\/ -->\n<title>Sercal | Mugavero<\/title>\n<meta name=\"description\" content=\"SERCAL is a new generation fertilizer with a high concentration of calcium,equipped with a subacid reaction thatfacilitates root uptake.\" \/>\n<meta name=\"robots\" content=\"index, follow, max-snippet:-1, max-image-preview:large, max-video-preview:-1\" \/>\n<link rel=\"canonical\" href=\"https:\/\/www.mugavero.it\/fr\/fertilizzante\/sercal\/\" \/>\n<meta property=\"og:locale\" content=\"fr_FR\" \/>\n<meta property=\"og:type\" content=\"article\" \/>\n<meta property=\"og:title\" content=\"Sercal | Mugavero\" \/>\n<meta property=\"og:description\" content=\"SERCAL is a new generation fertilizer with a high concentration of calcium,equipped with a subacid reaction thatfacilitates root uptake.\" \/>\n<meta property=\"og:url\" content=\"https:\/\/www.mugavero.it\/fr\/fertilizzante\/sercal\/\" \/>\n<meta property=\"og:site_name\" content=\"Mugavero\" \/>\n<meta property=\"article:publisher\" content=\"https:\/\/www.facebook.com\/mugaverofertilizers\/\" \/>\n<meta property=\"article:modified_time\" content=\"2023-11-19T14:09:14+00:00\" \/>\n<meta property=\"og:image\" content=\"https:\/\/www.mugavero.it\/wp-content\/uploads\/2023\/02\/Sercal-1.png\" \/>\n\t<meta property=\"og:image:width\" content=\"2048\" \/>\n\t<meta property=\"og:image:height\" content=\"2048\" \/>\n\t<meta property=\"og:image:type\" content=\"image\/png\" \/>\n<meta name=\"twitter:card\" content=\"summary_large_image\" \/>\n<script type=\"application\/ld+json\" class=\"yoast-schema-graph\">{\"@context\":\"https:\/\/schema.org\",\"@graph\":[{\"@type\":\"WebPage\",\"@id\":\"https:\/\/www.mugavero.it\/fr\/fertilizzante\/sercal\/\",\"url\":\"https:\/\/www.mugavero.it\/fr\/fertilizzante\/sercal\/\",\"name\":\"Sercal | Mugavero\",\"isPartOf\":{\"@id\":\"https:\/\/www.mugavero.it\/tr\/#website\"},\"primaryImageOfPage\":{\"@id\":\"https:\/\/www.mugavero.it\/fr\/fertilizzante\/sercal\/#primaryimage\"},\"image\":{\"@id\":\"https:\/\/www.mugavero.it\/fr\/fertilizzante\/sercal\/#primaryimage\"},\"thumbnailUrl\":\"https:\/\/www.mugavero.it\/wp-content\/uploads\/2023\/02\/Sercal-1.png\",\"datePublished\":\"2023-07-18T15:34:24+00:00\",\"dateModified\":\"2023-11-19T14:09:14+00:00\",\"description\":\"SERCAL is a new generation fertilizer with a high concentration of calcium,equipped with a subacid reaction thatfacilitates root uptake.\",\"breadcrumb\":{\"@id\":\"https:\/\/www.mugavero.it\/fr\/fertilizzante\/sercal\/#breadcrumb\"},\"inLanguage\":\"fr-FR\",\"potentialAction\":[{\"@type\":\"ReadAction\",\"target\":[\"https:\/\/www.mugavero.it\/fr\/fertilizzante\/sercal\/\"]}]},{\"@type\":\"ImageObject\",\"inLanguage\":\"fr-FR\",\"@id\":\"https:\/\/www.mugavero.it\/fr\/fertilizzante\/sercal\/#primaryimage\",\"url\":\"https:\/\/www.mugavero.it\/wp-content\/uploads\/2023\/02\/Sercal-1.png\",\"contentUrl\":\"https:\/\/www.mugavero.it\/wp-content\/uploads\/2023\/02\/Sercal-1.png\",\"width\":2048,\"height\":2048},{\"@type\":\"BreadcrumbList\",\"@id\":\"https:\/\/www.mugavero.it\/fr\/fertilizzante\/sercal\/#breadcrumb\",\"itemListElement\":[{\"@type\":\"ListItem\",\"position\":1,\"name\":\"Home\",\"item\":\"https:\/\/www.mugavero.it\/fr\/\"},{\"@type\":\"ListItem\",\"position\":2,\"name\":\"Catalogo\",\"item\":\"https:\/\/www.mugavero.it\/tr\/katalog\/\"},{\"@type\":\"ListItem\",\"position\":3,\"name\":\"Sercal\"}]},{\"@type\":\"WebSite\",\"@id\":\"https:\/\/www.mugavero.it\/tr\/#website\",\"url\":\"https:\/\/www.mugavero.it\/tr\/\",\"name\":\"Mugavero Fertilizers\",\"description\":\"It&#039;s Green, White and Red\",\"publisher\":{\"@id\":\"https:\/\/www.mugavero.it\/tr\/#organization\"},\"potentialAction\":[{\"@type\":\"SearchAction\",\"target\":{\"@type\":\"EntryPoint\",\"urlTemplate\":\"https:\/\/www.mugavero.it\/tr\/?s={search_term_string}\"},\"query-input\":{\"@type\":\"PropertyValueSpecification\",\"valueRequired\":true,\"valueName\":\"search_term_string\"}}],\"inLanguage\":\"fr-FR\"},{\"@type\":\"Organization\",\"@id\":\"https:\/\/www.mugavero.it\/tr\/#organization\",\"name\":\"Mugavero Fertilizzanti\",\"url\":\"https:\/\/www.mugavero.it\/tr\/\",\"logo\":{\"@type\":\"ImageObject\",\"inLanguage\":\"fr-FR\",\"@id\":\"https:\/\/www.mugavero.it\/tr\/#\/schema\/logo\/image\/\",\"url\":\"https:\/\/www.mugavero.it\/wp-content\/uploads\/2019\/03\/MUGAVERO-LOGO-ita.png\",\"contentUrl\":\"https:\/\/www.mugavero.it\/wp-content\/uploads\/2019\/03\/MUGAVERO-LOGO-ita.png\",\"width\":1000,\"height\":656,\"caption\":\"Mugavero Fertilizzanti\"},\"image\":{\"@id\":\"https:\/\/www.mugavero.it\/tr\/#\/schema\/logo\/image\/\"},\"sameAs\":[\"https:\/\/www.facebook.com\/mugaverofertilizers\/\",\"https:\/\/www.instagram.com\/mugaverofertilizers\/\",\"https:\/\/www.linkedin.com\/company\/mugavero-fertilizers-official\/\",\"https:\/\/www.youtube.com\/channel\/UCcVmJoiUaqBv_pMIGSe6E2A\"]}]}<\/script>\n<!-- \/ Yoast SEO plugin. -->","yoast_head_json":{"title":"Sercal | Mugavero","description":"SERCAL is a new generation fertilizer with a high concentration of calcium,equipped with a subacid reaction thatfacilitates root uptake.","robots":{"index":"index","follow":"follow","max-snippet":"max-snippet:-1","max-image-preview":"max-image-preview:large","max-video-preview":"max-video-preview:-1"},"canonical":"https:\/\/www.mugavero.it\/fr\/fertilizzante\/sercal\/","og_locale":"fr_FR","og_type":"article","og_title":"Sercal | Mugavero","og_description":"SERCAL is a new generation fertilizer with a high concentration of calcium,equipped with a subacid reaction thatfacilitates root uptake.","og_url":"https:\/\/www.mugavero.it\/fr\/fertilizzante\/sercal\/","og_site_name":"Mugavero","article_publisher":"https:\/\/www.facebook.com\/mugaverofertilizers\/","article_modified_time":"2023-11-19T14:09:14+00:00","og_image":[{"width":2048,"height":2048,"url":"https:\/\/www.mugavero.it\/wp-content\/uploads\/2023\/02\/Sercal-1.png","type":"image\/png"}],"twitter_card":"summary_large_image","schema":{"@context":"https:\/\/schema.org","@graph":[{"@type":"WebPage","@id":"https:\/\/www.mugavero.it\/fr\/fertilizzante\/sercal\/","url":"https:\/\/www.mugavero.it\/fr\/fertilizzante\/sercal\/","name":"Sercal | Mugavero","isPartOf":{"@id":"https:\/\/www.mugavero.it\/tr\/#website"},"primaryImageOfPage":{"@id":"https:\/\/www.mugavero.it\/fr\/fertilizzante\/sercal\/#primaryimage"},"image":{"@id":"https:\/\/www.mugavero.it\/fr\/fertilizzante\/sercal\/#primaryimage"},"thumbnailUrl":"https:\/\/www.mugavero.it\/wp-content\/uploads\/2023\/02\/Sercal-1.png","datePublished":"2023-07-18T15:34:24+00:00","dateModified":"2023-11-19T14:09:14+00:00","description":"SERCAL is a new generation fertilizer with a high concentration of calcium,equipped with a subacid reaction thatfacilitates root uptake.","breadcrumb":{"@id":"https:\/\/www.mugavero.it\/fr\/fertilizzante\/sercal\/#breadcrumb"},"inLanguage":"fr-FR","potentialAction":[{"@type":"ReadAction","target":["https:\/\/www.mugavero.it\/fr\/fertilizzante\/sercal\/"]}]},{"@type":"ImageObject","inLanguage":"fr-FR","@id":"https:\/\/www.mugavero.it\/fr\/fertilizzante\/sercal\/#primaryimage","url":"https:\/\/www.mugavero.it\/wp-content\/uploads\/2023\/02\/Sercal-1.png","contentUrl":"https:\/\/www.mugavero.it\/wp-content\/uploads\/2023\/02\/Sercal-1.png","width":2048,"height":2048},{"@type":"BreadcrumbList","@id":"https:\/\/www.mugavero.it\/fr\/fertilizzante\/sercal\/#breadcrumb","itemListElement":[{"@type":"ListItem","position":1,"name":"Home","item":"https:\/\/www.mugavero.it\/fr\/"},{"@type":"ListItem","position":2,"name":"Catalogo","item":"https:\/\/www.mugavero.it\/tr\/katalog\/"},{"@type":"ListItem","position":3,"name":"Sercal"}]},{"@type":"WebSite","@id":"https:\/\/www.mugavero.it\/tr\/#website","url":"https:\/\/www.mugavero.it\/tr\/","name":"Mugavero Fertilizers","description":"It&#039;s Green, White and Red","publisher":{"@id":"https:\/\/www.mugavero.it\/tr\/#organization"},"potentialAction":[{"@type":"SearchAction","target":{"@type":"EntryPoint","urlTemplate":"https:\/\/www.mugavero.it\/tr\/?s={search_term_string}"},"query-input":{"@type":"PropertyValueSpecification","valueRequired":true,"valueName":"search_term_string"}}],"inLanguage":"fr-FR"},{"@type":"Organization","@id":"https:\/\/www.mugavero.it\/tr\/#organization","name":"Mugavero Fertilizzanti","url":"https:\/\/www.mugavero.it\/tr\/","logo":{"@type":"ImageObject","inLanguage":"fr-FR","@id":"https:\/\/www.mugavero.it\/tr\/#\/schema\/logo\/image\/","url":"https:\/\/www.mugavero.it\/wp-content\/uploads\/2019\/03\/MUGAVERO-LOGO-ita.png","contentUrl":"https:\/\/www.mugavero.it\/wp-content\/uploads\/2019\/03\/MUGAVERO-LOGO-ita.png","width":1000,"height":656,"caption":"Mugavero Fertilizzanti"},"image":{"@id":"https:\/\/www.mugavero.it\/tr\/#\/schema\/logo\/image\/"},"sameAs":["https:\/\/www.facebook.com\/mugaverofertilizers\/","https:\/\/www.instagram.com\/mugaverofertilizers\/","https:\/\/www.linkedin.com\/company\/mugavero-fertilizers-official\/","https:\/\/www.youtube.com\/channel\/UCcVmJoiUaqBv_pMIGSe6E2A"]}]}},"_links":{"self":[{"href":"https:\/\/www.mugavero.it\/fr\/wp-json\/wp\/v2\/product\/11650"}],"collection":[{"href":"https:\/\/www.mugavero.it\/fr\/wp-json\/wp\/v2\/product"}],"about":[{"href":"https:\/\/www.mugavero.it\/fr\/wp-json\/wp\/v2\/types\/product"}],"wp:featuredmedia":[{"embeddable":true,"href":"https:\/\/www.mugavero.it\/fr\/wp-json\/wp\/v2\/media\/11793"}],"wp:attachment":[{"href":"https:\/\/www.mugavero.it\/fr\/wp-json\/wp\/v2\/media?parent=11650"}],"curies":[{"name":"wp","href":"https:\/\/api.w.org\/{rel}","templated":true}]}}