{"id":2838,"date":"2019-01-19T18:24:07","date_gmt":"2019-02-27T10:39:36","guid":{"rendered":"https:\/\/www.mugavero.it\/?post_type=product&#038;p=2838"},"modified":"2023-07-18T17:08:04","modified_gmt":"2023-07-18T15:08:04","slug":"natural-zeolite","status":"publish","type":"product","link":"https:\/\/www.mugavero.it\/es\/fertilizante\/natural-zeolite\/","title":{"rendered":"Natural Zeolite"},"content":{"rendered":"","protected":false},"excerpt":{"rendered":"<p>Natural Zeolite posee una extructura cristalina y microporosa caracterizada por una enorme cantidad de vol\u00famenes vac\u00edos dentro de los cristales. La caracter\u00edstica caracter\u00edstica le otorga un alto poder higrosc\u00f3pico, lo que le permite hidratarse y deshidratarse de manera reversible.<\/p>\n<p><img decoding=\"async\" class=\"alignnone wp-image-7280 \" src=\"https:\/\/www.mugavero.it\/wp-content\/uploads\/2019\/01\/SECCHIO.png\" alt=\"\" width=\"40\" height=\"40\" srcset=\"https:\/\/www.mugavero.it\/wp-content\/uploads\/2019\/01\/SECCHIO.png 417w, https:\/\/www.mugavero.it\/wp-content\/uploads\/2019\/01\/SECCHIO-300x300.png 300w, https:\/\/www.mugavero.it\/wp-content\/uploads\/2019\/01\/SECCHIO-150x150.png 150w, https:\/\/www.mugavero.it\/wp-content\/uploads\/2019\/01\/SECCHIO-187x187.png 187w, https:\/\/www.mugavero.it\/wp-content\/uploads\/2019\/01\/SECCHIO-100x100.png 100w\" sizes=\"(max-width: 40px) 100vw, 40px\" \/>6\/25 Kg<\/p>\n<p><img decoding=\"async\" class=\"alignnone wp-image-7076 \" src=\"https:\/\/www.mugavero.it\/wp-content\/uploads\/2019\/01\/FOGLIARE.png\" alt=\"\" width=\"39\" height=\"39\" srcset=\"https:\/\/www.mugavero.it\/wp-content\/uploads\/2019\/01\/FOGLIARE.png 238w, https:\/\/www.mugavero.it\/wp-content\/uploads\/2019\/01\/FOGLIARE-150x150.png 150w, https:\/\/www.mugavero.it\/wp-content\/uploads\/2019\/01\/FOGLIARE-186x187.png 186w, https:\/\/www.mugavero.it\/wp-content\/uploads\/2019\/01\/FOGLIARE-100x100.png 100w\" sizes=\"(max-width: 39px) 100vw, 39px\" \/>F<span style=\"font-weight: 400;\">oliar<\/span><\/p>\n<p><img decoding=\"async\" class=\"alignnone wp-image-7097 \" src=\"https:\/\/www.mugavero.it\/wp-content\/uploads\/2019\/01\/ECO-SOSTENIBILE.png\" alt=\"\" width=\"39\" height=\"39\" srcset=\"https:\/\/www.mugavero.it\/wp-content\/uploads\/2019\/01\/ECO-SOSTENIBILE.png 238w, https:\/\/www.mugavero.it\/wp-content\/uploads\/2019\/01\/ECO-SOSTENIBILE-150x150.png 150w, https:\/\/www.mugavero.it\/wp-content\/uploads\/2019\/01\/ECO-SOSTENIBILE-187x187.png 187w, https:\/\/www.mugavero.it\/wp-content\/uploads\/2019\/01\/ECO-SOSTENIBILE-100x100.png 100w\" sizes=\"(max-width: 39px) 100vw, 39px\" \/> E<span style=\"font-weight: 400;\">nvase eco-s<\/span><span style=\"font-weight: 400;\">ostenible<\/span><\/p>\n<p><img decoding=\"async\" class=\"alignnone wp-image-7095 \" src=\"https:\/\/www.mugavero.it\/wp-content\/uploads\/2019\/01\/CONSENTITO-IN-BIO.png\" alt=\"\" width=\"44\" height=\"44\" srcset=\"https:\/\/www.mugavero.it\/wp-content\/uploads\/2019\/01\/CONSENTITO-IN-BIO.png 238w, https:\/\/www.mugavero.it\/wp-content\/uploads\/2019\/01\/CONSENTITO-IN-BIO-150x150.png 150w, https:\/\/www.mugavero.it\/wp-content\/uploads\/2019\/01\/CONSENTITO-IN-BIO-186x187.png 186w, https:\/\/www.mugavero.it\/wp-content\/uploads\/2019\/01\/CONSENTITO-IN-BIO-100x100.png 100w\" sizes=\"(max-width: 44px) 100vw, 44px\" \/> P<span style=\"font-weight: 400;\">ermitido en bio<\/span><\/p>\n<p>&nbsp;<\/p>\n","protected":false},"featured_media":7162,"template":"","meta":{"_exactmetrics_skip_tracking":false,"_exactmetrics_sitenote_active":false,"_exactmetrics_sitenote_note":"","_exactmetrics_sitenote_category":0},"yoast_head":"<!-- This site is optimized with the Yoast SEO plugin v23.4 - https:\/\/yoast.com\/wordpress\/plugins\/seo\/ -->\n<title>Natural Zeolite | Mugavero<\/title>\n<meta name=\"robots\" content=\"index, follow, max-snippet:-1, max-image-preview:large, max-video-preview:-1\" \/>\n<link rel=\"canonical\" href=\"https:\/\/www.mugavero.it\/fertilizante\/natural-zeolite\/\" \/>\n<meta property=\"og:locale\" content=\"es_ES\" \/>\n<meta property=\"og:type\" content=\"article\" \/>\n<meta property=\"og:title\" content=\"Natural Zeolite | Mugavero\" \/>\n<meta property=\"og:description\" content=\"Natural Zeolite posee una extructura cristalina y microporosa caracterizada por una enorme cantidad de vol\u00famenes vac\u00edos dentro de los cristales. La caracter\u00edstica caracter\u00edstica le otorga un alto poder higrosc\u00f3pico, lo que le permite hidratarse y deshidratarse de manera reversible.  6\/25 Kg  Foliar   Envase eco-sostenible   Permitido en bio  &nbsp;\" \/>\n<meta property=\"og:url\" content=\"https:\/\/www.mugavero.it\/fertilizante\/natural-zeolite\/\" \/>\n<meta property=\"og:site_name\" content=\"Mugavero\" \/>\n<meta property=\"article:publisher\" content=\"https:\/\/www.facebook.com\/mugaverofertilizers\/\" \/>\n<meta property=\"article:modified_time\" content=\"2023-07-18T15:08:04+00:00\" \/>\n<meta property=\"og:image\" content=\"https:\/\/www.mugavero.it\/wp-content\/uploads\/2019\/01\/NATURAL-ZEOLITE.png\" \/>\n\t<meta property=\"og:image:width\" content=\"2048\" \/>\n\t<meta property=\"og:image:height\" content=\"2048\" \/>\n\t<meta property=\"og:image:type\" content=\"image\/png\" \/>\n<meta name=\"twitter:card\" content=\"summary_large_image\" \/>\n<script type=\"application\/ld+json\" class=\"yoast-schema-graph\">{\"@context\":\"https:\/\/schema.org\",\"@graph\":[{\"@type\":\"WebPage\",\"@id\":\"https:\/\/www.mugavero.it\/fertilizante\/natural-zeolite\/\",\"url\":\"https:\/\/www.mugavero.it\/fertilizante\/natural-zeolite\/\",\"name\":\"Natural Zeolite | Mugavero\",\"isPartOf\":{\"@id\":\"https:\/\/www.mugavero.it\/tr\/#website\"},\"primaryImageOfPage\":{\"@id\":\"https:\/\/www.mugavero.it\/fertilizante\/natural-zeolite\/#primaryimage\"},\"image\":{\"@id\":\"https:\/\/www.mugavero.it\/fertilizante\/natural-zeolite\/#primaryimage\"},\"thumbnailUrl\":\"https:\/\/www.mugavero.it\/wp-content\/uploads\/2019\/01\/NATURAL-ZEOLITE.png\",\"datePublished\":\"2019-02-27T10:39:36+00:00\",\"dateModified\":\"2023-07-18T15:08:04+00:00\",\"breadcrumb\":{\"@id\":\"https:\/\/www.mugavero.it\/fertilizante\/natural-zeolite\/#breadcrumb\"},\"inLanguage\":\"es\",\"potentialAction\":[{\"@type\":\"ReadAction\",\"target\":[\"https:\/\/www.mugavero.it\/fertilizante\/natural-zeolite\/\"]}]},{\"@type\":\"ImageObject\",\"inLanguage\":\"es\",\"@id\":\"https:\/\/www.mugavero.it\/fertilizante\/natural-zeolite\/#primaryimage\",\"url\":\"https:\/\/www.mugavero.it\/wp-content\/uploads\/2019\/01\/NATURAL-ZEOLITE.png\",\"contentUrl\":\"https:\/\/www.mugavero.it\/wp-content\/uploads\/2019\/01\/NATURAL-ZEOLITE.png\",\"width\":2048,\"height\":2048},{\"@type\":\"BreadcrumbList\",\"@id\":\"https:\/\/www.mugavero.it\/fertilizante\/natural-zeolite\/#breadcrumb\",\"itemListElement\":[{\"@type\":\"ListItem\",\"position\":1,\"name\":\"Home\",\"item\":\"https:\/\/www.mugavero.it\/es\/\"},{\"@type\":\"ListItem\",\"position\":2,\"name\":\"Catalogo\",\"item\":\"https:\/\/www.mugavero.it\/tr\/katalog\/\"},{\"@type\":\"ListItem\",\"position\":3,\"name\":\"Natural Zeolite\"}]},{\"@type\":\"WebSite\",\"@id\":\"https:\/\/www.mugavero.it\/tr\/#website\",\"url\":\"https:\/\/www.mugavero.it\/tr\/\",\"name\":\"Mugavero Fertilizers\",\"description\":\"It&#039;s Green, White and Red\",\"publisher\":{\"@id\":\"https:\/\/www.mugavero.it\/tr\/#organization\"},\"potentialAction\":[{\"@type\":\"SearchAction\",\"target\":{\"@type\":\"EntryPoint\",\"urlTemplate\":\"https:\/\/www.mugavero.it\/tr\/?s={search_term_string}\"},\"query-input\":{\"@type\":\"PropertyValueSpecification\",\"valueRequired\":true,\"valueName\":\"search_term_string\"}}],\"inLanguage\":\"es\"},{\"@type\":\"Organization\",\"@id\":\"https:\/\/www.mugavero.it\/tr\/#organization\",\"name\":\"Mugavero Fertilizzanti\",\"url\":\"https:\/\/www.mugavero.it\/tr\/\",\"logo\":{\"@type\":\"ImageObject\",\"inLanguage\":\"es\",\"@id\":\"https:\/\/www.mugavero.it\/tr\/#\/schema\/logo\/image\/\",\"url\":\"https:\/\/www.mugavero.it\/wp-content\/uploads\/2019\/03\/MUGAVERO-LOGO-ita.png\",\"contentUrl\":\"https:\/\/www.mugavero.it\/wp-content\/uploads\/2019\/03\/MUGAVERO-LOGO-ita.png\",\"width\":1000,\"height\":656,\"caption\":\"Mugavero Fertilizzanti\"},\"image\":{\"@id\":\"https:\/\/www.mugavero.it\/tr\/#\/schema\/logo\/image\/\"},\"sameAs\":[\"https:\/\/www.facebook.com\/mugaverofertilizers\/\",\"https:\/\/www.instagram.com\/mugaverofertilizers\/\",\"https:\/\/www.linkedin.com\/company\/mugavero-fertilizers-official\/\",\"https:\/\/www.youtube.com\/channel\/UCcVmJoiUaqBv_pMIGSe6E2A\"]}]}<\/script>\n<!-- \/ Yoast SEO plugin. -->","yoast_head_json":{"title":"Natural Zeolite | Mugavero","robots":{"index":"index","follow":"follow","max-snippet":"max-snippet:-1","max-image-preview":"max-image-preview:large","max-video-preview":"max-video-preview:-1"},"canonical":"https:\/\/www.mugavero.it\/fertilizante\/natural-zeolite\/","og_locale":"es_ES","og_type":"article","og_title":"Natural Zeolite | Mugavero","og_description":"Natural Zeolite posee una extructura cristalina y microporosa caracterizada por una enorme cantidad de vol\u00famenes vac\u00edos dentro de los cristales. La caracter\u00edstica caracter\u00edstica le otorga un alto poder higrosc\u00f3pico, lo que le permite hidratarse y deshidratarse de manera reversible.  6\/25 Kg  Foliar   Envase eco-sostenible   Permitido en bio  &nbsp;","og_url":"https:\/\/www.mugavero.it\/fertilizante\/natural-zeolite\/","og_site_name":"Mugavero","article_publisher":"https:\/\/www.facebook.com\/mugaverofertilizers\/","article_modified_time":"2023-07-18T15:08:04+00:00","og_image":[{"width":2048,"height":2048,"url":"https:\/\/www.mugavero.it\/wp-content\/uploads\/2019\/01\/NATURAL-ZEOLITE.png","type":"image\/png"}],"twitter_card":"summary_large_image","schema":{"@context":"https:\/\/schema.org","@graph":[{"@type":"WebPage","@id":"https:\/\/www.mugavero.it\/fertilizante\/natural-zeolite\/","url":"https:\/\/www.mugavero.it\/fertilizante\/natural-zeolite\/","name":"Natural Zeolite | Mugavero","isPartOf":{"@id":"https:\/\/www.mugavero.it\/tr\/#website"},"primaryImageOfPage":{"@id":"https:\/\/www.mugavero.it\/fertilizante\/natural-zeolite\/#primaryimage"},"image":{"@id":"https:\/\/www.mugavero.it\/fertilizante\/natural-zeolite\/#primaryimage"},"thumbnailUrl":"https:\/\/www.mugavero.it\/wp-content\/uploads\/2019\/01\/NATURAL-ZEOLITE.png","datePublished":"2019-02-27T10:39:36+00:00","dateModified":"2023-07-18T15:08:04+00:00","breadcrumb":{"@id":"https:\/\/www.mugavero.it\/fertilizante\/natural-zeolite\/#breadcrumb"},"inLanguage":"es","potentialAction":[{"@type":"ReadAction","target":["https:\/\/www.mugavero.it\/fertilizante\/natural-zeolite\/"]}]},{"@type":"ImageObject","inLanguage":"es","@id":"https:\/\/www.mugavero.it\/fertilizante\/natural-zeolite\/#primaryimage","url":"https:\/\/www.mugavero.it\/wp-content\/uploads\/2019\/01\/NATURAL-ZEOLITE.png","contentUrl":"https:\/\/www.mugavero.it\/wp-content\/uploads\/2019\/01\/NATURAL-ZEOLITE.png","width":2048,"height":2048},{"@type":"BreadcrumbList","@id":"https:\/\/www.mugavero.it\/fertilizante\/natural-zeolite\/#breadcrumb","itemListElement":[{"@type":"ListItem","position":1,"name":"Home","item":"https:\/\/www.mugavero.it\/es\/"},{"@type":"ListItem","position":2,"name":"Catalogo","item":"https:\/\/www.mugavero.it\/tr\/katalog\/"},{"@type":"ListItem","position":3,"name":"Natural Zeolite"}]},{"@type":"WebSite","@id":"https:\/\/www.mugavero.it\/tr\/#website","url":"https:\/\/www.mugavero.it\/tr\/","name":"Mugavero Fertilizers","description":"It&#039;s Green, White and Red","publisher":{"@id":"https:\/\/www.mugavero.it\/tr\/#organization"},"potentialAction":[{"@type":"SearchAction","target":{"@type":"EntryPoint","urlTemplate":"https:\/\/www.mugavero.it\/tr\/?s={search_term_string}"},"query-input":{"@type":"PropertyValueSpecification","valueRequired":true,"valueName":"search_term_string"}}],"inLanguage":"es"},{"@type":"Organization","@id":"https:\/\/www.mugavero.it\/tr\/#organization","name":"Mugavero Fertilizzanti","url":"https:\/\/www.mugavero.it\/tr\/","logo":{"@type":"ImageObject","inLanguage":"es","@id":"https:\/\/www.mugavero.it\/tr\/#\/schema\/logo\/image\/","url":"https:\/\/www.mugavero.it\/wp-content\/uploads\/2019\/03\/MUGAVERO-LOGO-ita.png","contentUrl":"https:\/\/www.mugavero.it\/wp-content\/uploads\/2019\/03\/MUGAVERO-LOGO-ita.png","width":1000,"height":656,"caption":"Mugavero Fertilizzanti"},"image":{"@id":"https:\/\/www.mugavero.it\/tr\/#\/schema\/logo\/image\/"},"sameAs":["https:\/\/www.facebook.com\/mugaverofertilizers\/","https:\/\/www.instagram.com\/mugaverofertilizers\/","https:\/\/www.linkedin.com\/company\/mugavero-fertilizers-official\/","https:\/\/www.youtube.com\/channel\/UCcVmJoiUaqBv_pMIGSe6E2A"]}]}},"_links":{"self":[{"href":"https:\/\/www.mugavero.it\/es\/wp-json\/wp\/v2\/product\/2838"}],"collection":[{"href":"https:\/\/www.mugavero.it\/es\/wp-json\/wp\/v2\/product"}],"about":[{"href":"https:\/\/www.mugavero.it\/es\/wp-json\/wp\/v2\/types\/product"}],"wp:featuredmedia":[{"embeddable":true,"href":"https:\/\/www.mugavero.it\/es\/wp-json\/wp\/v2\/media\/7162"}],"wp:attachment":[{"href":"https:\/\/www.mugavero.it\/es\/wp-json\/wp\/v2\/media?parent=2838"}],"curies":[{"name":"wp","href":"https:\/\/api.w.org\/{rel}","templated":true}]}}