{"id":2810,"date":"2019-01-23T17:53:56","date_gmt":"2019-02-25T19:00:43","guid":{"rendered":"https:\/\/www.mugavero.it\/?post_type=product&#038;p=2810"},"modified":"2024-05-14T22:35:54","modified_gmt":"2024-05-14T20:35:54","slug":"nical","status":"publish","type":"product","link":"https:\/\/www.mugavero.it\/es\/fertilizante\/nical\/","title":{"rendered":"NICAL"},"content":{"rendered":"<p>NICAL es un nitrato de calcio completamente soluble en agua, extremadamente puro y libre de residuos.<\/p>\n<p>El calcio contenido en <strong>NICAL<\/strong> aumenta la calidad del fruto y aumenta la resistencia de los tejidos, lo que permite prolongar el tiempo de conservaci\u00f3n del producto.<\/p>\n<p>El calcio esta inmovilizado en la planta, por lo que debe suministrarse continuamente durante todas las fases de crecimiento, para as\u00ed mantener un nivel adecuado en los tejidos foliares y garantizar un desarrollo \u00f3ptimo de la planta.<\/p>\n<p>El nitr\u00f3geno presente en NICAL se asimila f\u00e1cilmente por la planta y aumenta la eficacia en la absorci\u00f3n de calcio.<\/p>\n<p>En todos los \u00e1rboles frutales, y especialmente en el kiwi, el calcio es fundamental para la calidad final del producto, desde el cuajado hasta pocas semanas antes de la cosecha.<\/p>\n<p>NICAL se puede mezclar con todos los fertilizantes solubles en agua, a excepci\u00f3n de las soluciones que contienen fosfatos o sulfatos.<\/p>\n<p><strong>VENTAJAS EN EL USO DE LA NICAL<\/strong><\/p>\n<ul>\n<li>Totalmente soluble en agua.<\/li>\n<li>Mejora la resistencia mec\u00e1nica de los tejidos al engrosar las membranas.<\/li>\n<li>Bajo contenido de cloro.<\/li>\n<li>Libre de sulfato<\/li>\n<li>Libre de metales pesados<\/li>\n<li>Adecuado para la producci\u00f3n de soluciones nutritivas.<\/li>\n<\/ul>\n","protected":false},"excerpt":{"rendered":"<p>N 15,5-0-0 + 26,5 Cao<\/p>\n<p>El calcio contenido en <strong>NICAL<\/strong> aumenta la calidad del fruto y aumenta la resistencia de los tejidos, lo que permite prolongar el tiempo de conservaci\u00f3n del producto<\/p>\n<p><img decoding=\"async\" class=\"alignnone wp-image-7308\" src=\"https:\/\/www.mugavero.it\/wp-content\/uploads\/2019\/01\/SACCHETTO-1.png\" alt=\"\" width=\"41\" height=\"40\" srcset=\"https:\/\/www.mugavero.it\/wp-content\/uploads\/2019\/01\/SACCHETTO-1.png 418w, https:\/\/www.mugavero.it\/wp-content\/uploads\/2019\/01\/SACCHETTO-1-300x300.png 300w, https:\/\/www.mugavero.it\/wp-content\/uploads\/2019\/01\/SACCHETTO-1-150x150.png 150w, https:\/\/www.mugavero.it\/wp-content\/uploads\/2019\/01\/SACCHETTO-1-187x187.png 187w, https:\/\/www.mugavero.it\/wp-content\/uploads\/2019\/01\/SACCHETTO-1-100x100.png 100w\" sizes=\"(max-width: 41px) 100vw, 41px\" \/>25kg<\/p>\n<p><img decoding=\"async\" class=\"alignnone wp-image-7083 \" src=\"https:\/\/www.mugavero.it\/wp-content\/uploads\/2019\/01\/FERTIRRIGAZIONE.png\" alt=\"\" width=\"41\" height=\"41\" srcset=\"https:\/\/www.mugavero.it\/wp-content\/uploads\/2019\/01\/FERTIRRIGAZIONE.png 238w, https:\/\/www.mugavero.it\/wp-content\/uploads\/2019\/01\/FERTIRRIGAZIONE-150x150.png 150w, https:\/\/www.mugavero.it\/wp-content\/uploads\/2019\/01\/FERTIRRIGAZIONE-187x187.png 187w, https:\/\/www.mugavero.it\/wp-content\/uploads\/2019\/01\/FERTIRRIGAZIONE-100x100.png 100w\" sizes=\"(max-width: 41px) 100vw, 41px\" \/> <span style=\"font-weight: 400;\">Fertirrigaci\u00f3n<\/span><\/p>\n","protected":false},"featured_media":12406,"template":"","meta":{"_exactmetrics_skip_tracking":false,"_exactmetrics_sitenote_active":false,"_exactmetrics_sitenote_note":"","_exactmetrics_sitenote_category":0},"yoast_head":"<!-- This site is optimized with the Yoast SEO plugin v23.4 - https:\/\/yoast.com\/wordpress\/plugins\/seo\/ -->\n<title>NICAL | Mugavero<\/title>\n<meta name=\"robots\" content=\"index, follow, max-snippet:-1, max-image-preview:large, max-video-preview:-1\" \/>\n<link rel=\"canonical\" href=\"https:\/\/www.mugavero.it\/es\/fertilizante\/nical\/\" \/>\n<meta property=\"og:locale\" content=\"es_ES\" \/>\n<meta property=\"og:type\" content=\"article\" \/>\n<meta property=\"og:title\" content=\"NICAL | Mugavero\" \/>\n<meta property=\"og:description\" content=\"N 15,5-0-0 + 26,5 Cao  El calcio contenido en NICAL aumenta la calidad del fruto y aumenta la resistencia de los tejidos, lo que permite prolongar el tiempo de conservaci\u00f3n del producto  25kg   Fertirrigaci\u00f3n\" \/>\n<meta property=\"og:url\" content=\"https:\/\/www.mugavero.it\/es\/fertilizante\/nical\/\" \/>\n<meta property=\"og:site_name\" content=\"Mugavero\" \/>\n<meta property=\"article:publisher\" content=\"https:\/\/www.facebook.com\/mugaverofertilizers\/\" \/>\n<meta property=\"article:modified_time\" content=\"2024-05-14T20:35:54+00:00\" \/>\n<meta property=\"og:image\" content=\"https:\/\/www.mugavero.it\/wp-content\/uploads\/2019\/01\/nical-1.png\" \/>\n\t<meta property=\"og:image:width\" content=\"1378\" \/>\n\t<meta property=\"og:image:height\" content=\"1733\" \/>\n\t<meta property=\"og:image:type\" content=\"image\/png\" \/>\n<meta name=\"twitter:card\" content=\"summary_large_image\" \/>\n<meta name=\"twitter:label1\" content=\"Tiempo de lectura\" \/>\n\t<meta name=\"twitter:data1\" content=\"2 minutos\" \/>\n<script type=\"application\/ld+json\" class=\"yoast-schema-graph\">{\"@context\":\"https:\/\/schema.org\",\"@graph\":[{\"@type\":\"WebPage\",\"@id\":\"https:\/\/www.mugavero.it\/es\/fertilizante\/nical\/\",\"url\":\"https:\/\/www.mugavero.it\/es\/fertilizante\/nical\/\",\"name\":\"NICAL | Mugavero\",\"isPartOf\":{\"@id\":\"https:\/\/www.mugavero.it\/tr\/#website\"},\"primaryImageOfPage\":{\"@id\":\"https:\/\/www.mugavero.it\/es\/fertilizante\/nical\/#primaryimage\"},\"image\":{\"@id\":\"https:\/\/www.mugavero.it\/es\/fertilizante\/nical\/#primaryimage\"},\"thumbnailUrl\":\"https:\/\/www.mugavero.it\/wp-content\/uploads\/2019\/01\/nical-1.png\",\"datePublished\":\"2019-02-25T19:00:43+00:00\",\"dateModified\":\"2024-05-14T20:35:54+00:00\",\"breadcrumb\":{\"@id\":\"https:\/\/www.mugavero.it\/es\/fertilizante\/nical\/#breadcrumb\"},\"inLanguage\":\"es\",\"potentialAction\":[{\"@type\":\"ReadAction\",\"target\":[\"https:\/\/www.mugavero.it\/es\/fertilizante\/nical\/\"]}]},{\"@type\":\"ImageObject\",\"inLanguage\":\"es\",\"@id\":\"https:\/\/www.mugavero.it\/es\/fertilizante\/nical\/#primaryimage\",\"url\":\"https:\/\/www.mugavero.it\/wp-content\/uploads\/2019\/01\/nical-1.png\",\"contentUrl\":\"https:\/\/www.mugavero.it\/wp-content\/uploads\/2019\/01\/nical-1.png\",\"width\":1378,\"height\":1733},{\"@type\":\"BreadcrumbList\",\"@id\":\"https:\/\/www.mugavero.it\/es\/fertilizante\/nical\/#breadcrumb\",\"itemListElement\":[{\"@type\":\"ListItem\",\"position\":1,\"name\":\"Home\",\"item\":\"https:\/\/www.mugavero.it\/es\/\"},{\"@type\":\"ListItem\",\"position\":2,\"name\":\"Catalogo\",\"item\":\"https:\/\/www.mugavero.it\/tr\/katalog\/\"},{\"@type\":\"ListItem\",\"position\":3,\"name\":\"NICAL\"}]},{\"@type\":\"WebSite\",\"@id\":\"https:\/\/www.mugavero.it\/tr\/#website\",\"url\":\"https:\/\/www.mugavero.it\/tr\/\",\"name\":\"Mugavero Fertilizers\",\"description\":\"It&#039;s Green, White and Red\",\"publisher\":{\"@id\":\"https:\/\/www.mugavero.it\/tr\/#organization\"},\"potentialAction\":[{\"@type\":\"SearchAction\",\"target\":{\"@type\":\"EntryPoint\",\"urlTemplate\":\"https:\/\/www.mugavero.it\/tr\/?s={search_term_string}\"},\"query-input\":{\"@type\":\"PropertyValueSpecification\",\"valueRequired\":true,\"valueName\":\"search_term_string\"}}],\"inLanguage\":\"es\"},{\"@type\":\"Organization\",\"@id\":\"https:\/\/www.mugavero.it\/tr\/#organization\",\"name\":\"Mugavero Fertilizzanti\",\"url\":\"https:\/\/www.mugavero.it\/tr\/\",\"logo\":{\"@type\":\"ImageObject\",\"inLanguage\":\"es\",\"@id\":\"https:\/\/www.mugavero.it\/tr\/#\/schema\/logo\/image\/\",\"url\":\"https:\/\/www.mugavero.it\/wp-content\/uploads\/2019\/03\/MUGAVERO-LOGO-ita.png\",\"contentUrl\":\"https:\/\/www.mugavero.it\/wp-content\/uploads\/2019\/03\/MUGAVERO-LOGO-ita.png\",\"width\":1000,\"height\":656,\"caption\":\"Mugavero Fertilizzanti\"},\"image\":{\"@id\":\"https:\/\/www.mugavero.it\/tr\/#\/schema\/logo\/image\/\"},\"sameAs\":[\"https:\/\/www.facebook.com\/mugaverofertilizers\/\",\"https:\/\/www.instagram.com\/mugaverofertilizers\/\",\"https:\/\/www.linkedin.com\/company\/mugavero-fertilizers-official\/\",\"https:\/\/www.youtube.com\/channel\/UCcVmJoiUaqBv_pMIGSe6E2A\"]}]}<\/script>\n<!-- \/ Yoast SEO plugin. -->","yoast_head_json":{"title":"NICAL | Mugavero","robots":{"index":"index","follow":"follow","max-snippet":"max-snippet:-1","max-image-preview":"max-image-preview:large","max-video-preview":"max-video-preview:-1"},"canonical":"https:\/\/www.mugavero.it\/es\/fertilizante\/nical\/","og_locale":"es_ES","og_type":"article","og_title":"NICAL | Mugavero","og_description":"N 15,5-0-0 + 26,5 Cao  El calcio contenido en NICAL aumenta la calidad del fruto y aumenta la resistencia de los tejidos, lo que permite prolongar el tiempo de conservaci\u00f3n del producto  25kg   Fertirrigaci\u00f3n","og_url":"https:\/\/www.mugavero.it\/es\/fertilizante\/nical\/","og_site_name":"Mugavero","article_publisher":"https:\/\/www.facebook.com\/mugaverofertilizers\/","article_modified_time":"2024-05-14T20:35:54+00:00","og_image":[{"width":1378,"height":1733,"url":"https:\/\/www.mugavero.it\/wp-content\/uploads\/2019\/01\/nical-1.png","type":"image\/png"}],"twitter_card":"summary_large_image","twitter_misc":{"Tiempo de lectura":"2 minutos"},"schema":{"@context":"https:\/\/schema.org","@graph":[{"@type":"WebPage","@id":"https:\/\/www.mugavero.it\/es\/fertilizante\/nical\/","url":"https:\/\/www.mugavero.it\/es\/fertilizante\/nical\/","name":"NICAL | Mugavero","isPartOf":{"@id":"https:\/\/www.mugavero.it\/tr\/#website"},"primaryImageOfPage":{"@id":"https:\/\/www.mugavero.it\/es\/fertilizante\/nical\/#primaryimage"},"image":{"@id":"https:\/\/www.mugavero.it\/es\/fertilizante\/nical\/#primaryimage"},"thumbnailUrl":"https:\/\/www.mugavero.it\/wp-content\/uploads\/2019\/01\/nical-1.png","datePublished":"2019-02-25T19:00:43+00:00","dateModified":"2024-05-14T20:35:54+00:00","breadcrumb":{"@id":"https:\/\/www.mugavero.it\/es\/fertilizante\/nical\/#breadcrumb"},"inLanguage":"es","potentialAction":[{"@type":"ReadAction","target":["https:\/\/www.mugavero.it\/es\/fertilizante\/nical\/"]}]},{"@type":"ImageObject","inLanguage":"es","@id":"https:\/\/www.mugavero.it\/es\/fertilizante\/nical\/#primaryimage","url":"https:\/\/www.mugavero.it\/wp-content\/uploads\/2019\/01\/nical-1.png","contentUrl":"https:\/\/www.mugavero.it\/wp-content\/uploads\/2019\/01\/nical-1.png","width":1378,"height":1733},{"@type":"BreadcrumbList","@id":"https:\/\/www.mugavero.it\/es\/fertilizante\/nical\/#breadcrumb","itemListElement":[{"@type":"ListItem","position":1,"name":"Home","item":"https:\/\/www.mugavero.it\/es\/"},{"@type":"ListItem","position":2,"name":"Catalogo","item":"https:\/\/www.mugavero.it\/tr\/katalog\/"},{"@type":"ListItem","position":3,"name":"NICAL"}]},{"@type":"WebSite","@id":"https:\/\/www.mugavero.it\/tr\/#website","url":"https:\/\/www.mugavero.it\/tr\/","name":"Mugavero Fertilizers","description":"It&#039;s Green, White and Red","publisher":{"@id":"https:\/\/www.mugavero.it\/tr\/#organization"},"potentialAction":[{"@type":"SearchAction","target":{"@type":"EntryPoint","urlTemplate":"https:\/\/www.mugavero.it\/tr\/?s={search_term_string}"},"query-input":{"@type":"PropertyValueSpecification","valueRequired":true,"valueName":"search_term_string"}}],"inLanguage":"es"},{"@type":"Organization","@id":"https:\/\/www.mugavero.it\/tr\/#organization","name":"Mugavero Fertilizzanti","url":"https:\/\/www.mugavero.it\/tr\/","logo":{"@type":"ImageObject","inLanguage":"es","@id":"https:\/\/www.mugavero.it\/tr\/#\/schema\/logo\/image\/","url":"https:\/\/www.mugavero.it\/wp-content\/uploads\/2019\/03\/MUGAVERO-LOGO-ita.png","contentUrl":"https:\/\/www.mugavero.it\/wp-content\/uploads\/2019\/03\/MUGAVERO-LOGO-ita.png","width":1000,"height":656,"caption":"Mugavero Fertilizzanti"},"image":{"@id":"https:\/\/www.mugavero.it\/tr\/#\/schema\/logo\/image\/"},"sameAs":["https:\/\/www.facebook.com\/mugaverofertilizers\/","https:\/\/www.instagram.com\/mugaverofertilizers\/","https:\/\/www.linkedin.com\/company\/mugavero-fertilizers-official\/","https:\/\/www.youtube.com\/channel\/UCcVmJoiUaqBv_pMIGSe6E2A"]}]}},"_links":{"self":[{"href":"https:\/\/www.mugavero.it\/es\/wp-json\/wp\/v2\/product\/2810"}],"collection":[{"href":"https:\/\/www.mugavero.it\/es\/wp-json\/wp\/v2\/product"}],"about":[{"href":"https:\/\/www.mugavero.it\/es\/wp-json\/wp\/v2\/types\/product"}],"wp:featuredmedia":[{"embeddable":true,"href":"https:\/\/www.mugavero.it\/es\/wp-json\/wp\/v2\/media\/12406"}],"wp:attachment":[{"href":"https:\/\/www.mugavero.it\/es\/wp-json\/wp\/v2\/media?parent=2810"}],"curies":[{"name":"wp","href":"https:\/\/api.w.org\/{rel}","templated":true}]}}