{"id":2806,"date":"2019-01-23T17:04:19","date_gmt":"2019-02-25T18:39:19","guid":{"rendered":"https:\/\/www.mugavero.it\/?post_type=product&#038;p=2806"},"modified":"2024-05-14T22:37:43","modified_gmt":"2024-05-14T20:37:43","slug":"magna-16","status":"publish","type":"product","link":"https:\/\/www.mugavero.it\/es\/fertilizante\/magna-16\/","title":{"rendered":"MAGNA 16"},"content":{"rendered":"<p>El sulfato de magnesio es un formulado en polvo soluble en agua para la prevenci\u00f3n y cura de las fisiopat\u00edas en\u00a0 diferentes cultivos. Pudi\u00e9ndose utilizar para la aplicaci\u00f3n por v\u00eda foliar como por v\u00eda radicular.<\/p>\n<p>El magnesio (Mg) act\u00faa como un catalizador en los procesos de formaci\u00f3n de clorofila y prote\u00ednas.<\/p>\n<p>Adem\u00e1s es esencial para la activaci\u00f3n de muchas enzimas, cataliza la reducci\u00f3n de los nitratos, permite la s\u00edntesis de vitamina C y vuelve a la planta m\u00e1s resistente contra los ataques de los par\u00e1sitos.<\/p>\n<p>El sulfato de magnesio se considera la fuente m\u00e1s eficiente de manganeso en la agricultura, y se puede usar tanto en la fertirrigaci\u00f3n como en aplicaci\u00f3n foliar.<\/p>\n<p>Magna 16 puede ser mezclado con otros fertilizantes y productos fitosanitarios, salvo que las indicaciones de los proveedores indiquen lo contrario. Se recomienda no usar el producto junto con tensoactivos, fosfatos, sustancias alcalinizantes u otros productos que puedan causar la precipitaci\u00f3n de las sales.<\/p>\n","protected":false},"excerpt":{"rendered":"<p>16 MgO + 32 SO3<\/p>\n<p>El sulfato de magnesio (<strong>MAGNA 16<\/strong>) es un formulado en polvo soluble en agua para la prevenci\u00f3n y cura de las fisiopat\u00edas en\u00a0 diferentes cultivos<\/p>\n<p><img decoding=\"async\" class=\"alignnone wp-image-7308\" src=\"https:\/\/www.mugavero.it\/wp-content\/uploads\/2019\/01\/SACCHETTO-1.png\" alt=\"\" width=\"41\" height=\"40\" srcset=\"https:\/\/www.mugavero.it\/wp-content\/uploads\/2019\/01\/SACCHETTO-1.png 418w, https:\/\/www.mugavero.it\/wp-content\/uploads\/2019\/01\/SACCHETTO-1-300x300.png 300w, https:\/\/www.mugavero.it\/wp-content\/uploads\/2019\/01\/SACCHETTO-1-150x150.png 150w, https:\/\/www.mugavero.it\/wp-content\/uploads\/2019\/01\/SACCHETTO-1-187x187.png 187w, https:\/\/www.mugavero.it\/wp-content\/uploads\/2019\/01\/SACCHETTO-1-100x100.png 100w\" sizes=\"(max-width: 41px) 100vw, 41px\" \/>25kg<\/p>\n<p><img decoding=\"async\" class=\"alignnone wp-image-7083 \" src=\"https:\/\/www.mugavero.it\/wp-content\/uploads\/2019\/01\/FERTIRRIGAZIONE.png\" alt=\"\" width=\"41\" height=\"41\" srcset=\"https:\/\/www.mugavero.it\/wp-content\/uploads\/2019\/01\/FERTIRRIGAZIONE.png 238w, https:\/\/www.mugavero.it\/wp-content\/uploads\/2019\/01\/FERTIRRIGAZIONE-150x150.png 150w, https:\/\/www.mugavero.it\/wp-content\/uploads\/2019\/01\/FERTIRRIGAZIONE-187x187.png 187w, https:\/\/www.mugavero.it\/wp-content\/uploads\/2019\/01\/FERTIRRIGAZIONE-100x100.png 100w\" sizes=\"(max-width: 41px) 100vw, 41px\" \/> <span style=\"font-weight: 400;\">Fertirrigaci\u00f3n<\/span><\/p>\n","protected":false},"featured_media":12427,"template":"","meta":{"_exactmetrics_skip_tracking":false,"_exactmetrics_sitenote_active":false,"_exactmetrics_sitenote_note":"","_exactmetrics_sitenote_category":0},"yoast_head":"<!-- This site is optimized with the Yoast SEO plugin v23.4 - https:\/\/yoast.com\/wordpress\/plugins\/seo\/ -->\n<title>MAGNA 16 | Mugavero<\/title>\n<meta name=\"robots\" content=\"index, follow, max-snippet:-1, max-image-preview:large, max-video-preview:-1\" \/>\n<link rel=\"canonical\" href=\"https:\/\/www.mugavero.it\/es\/fertilizante\/magna-16\/\" \/>\n<meta property=\"og:locale\" content=\"es_ES\" \/>\n<meta property=\"og:type\" content=\"article\" \/>\n<meta property=\"og:title\" content=\"MAGNA 16 | Mugavero\" \/>\n<meta property=\"og:description\" content=\"16 MgO + 32 SO3  El sulfato de magnesio (MAGNA 16) es un formulado en polvo soluble en agua para la prevenci\u00f3n y cura de las fisiopat\u00edas en\u00a0 diferentes cultivos  25kg   Fertirrigaci\u00f3n\" \/>\n<meta property=\"og:url\" content=\"https:\/\/www.mugavero.it\/es\/fertilizante\/magna-16\/\" \/>\n<meta property=\"og:site_name\" content=\"Mugavero\" \/>\n<meta property=\"article:publisher\" content=\"https:\/\/www.facebook.com\/mugaverofertilizers\/\" \/>\n<meta property=\"article:modified_time\" content=\"2024-05-14T20:37:43+00:00\" \/>\n<meta property=\"og:image\" content=\"https:\/\/www.mugavero.it\/wp-content\/uploads\/2019\/01\/MAGNA-16-1.png\" \/>\n\t<meta property=\"og:image:width\" content=\"1378\" \/>\n\t<meta property=\"og:image:height\" content=\"1733\" \/>\n\t<meta property=\"og:image:type\" content=\"image\/png\" \/>\n<meta name=\"twitter:card\" content=\"summary_large_image\" \/>\n<meta name=\"twitter:label1\" content=\"Tiempo de lectura\" \/>\n\t<meta name=\"twitter:data1\" content=\"2 minutos\" \/>\n<script type=\"application\/ld+json\" class=\"yoast-schema-graph\">{\"@context\":\"https:\/\/schema.org\",\"@graph\":[{\"@type\":\"WebPage\",\"@id\":\"https:\/\/www.mugavero.it\/es\/fertilizante\/magna-16\/\",\"url\":\"https:\/\/www.mugavero.it\/es\/fertilizante\/magna-16\/\",\"name\":\"MAGNA 16 | Mugavero\",\"isPartOf\":{\"@id\":\"https:\/\/www.mugavero.it\/tr\/#website\"},\"primaryImageOfPage\":{\"@id\":\"https:\/\/www.mugavero.it\/es\/fertilizante\/magna-16\/#primaryimage\"},\"image\":{\"@id\":\"https:\/\/www.mugavero.it\/es\/fertilizante\/magna-16\/#primaryimage\"},\"thumbnailUrl\":\"https:\/\/www.mugavero.it\/wp-content\/uploads\/2019\/01\/MAGNA-16-1.png\",\"datePublished\":\"2019-02-25T18:39:19+00:00\",\"dateModified\":\"2024-05-14T20:37:43+00:00\",\"breadcrumb\":{\"@id\":\"https:\/\/www.mugavero.it\/es\/fertilizante\/magna-16\/#breadcrumb\"},\"inLanguage\":\"es\",\"potentialAction\":[{\"@type\":\"ReadAction\",\"target\":[\"https:\/\/www.mugavero.it\/es\/fertilizante\/magna-16\/\"]}]},{\"@type\":\"ImageObject\",\"inLanguage\":\"es\",\"@id\":\"https:\/\/www.mugavero.it\/es\/fertilizante\/magna-16\/#primaryimage\",\"url\":\"https:\/\/www.mugavero.it\/wp-content\/uploads\/2019\/01\/MAGNA-16-1.png\",\"contentUrl\":\"https:\/\/www.mugavero.it\/wp-content\/uploads\/2019\/01\/MAGNA-16-1.png\",\"width\":1378,\"height\":1733},{\"@type\":\"BreadcrumbList\",\"@id\":\"https:\/\/www.mugavero.it\/es\/fertilizante\/magna-16\/#breadcrumb\",\"itemListElement\":[{\"@type\":\"ListItem\",\"position\":1,\"name\":\"Home\",\"item\":\"https:\/\/www.mugavero.it\/es\/\"},{\"@type\":\"ListItem\",\"position\":2,\"name\":\"Catalogo\",\"item\":\"https:\/\/www.mugavero.it\/tr\/katalog\/\"},{\"@type\":\"ListItem\",\"position\":3,\"name\":\"MAGNA 16\"}]},{\"@type\":\"WebSite\",\"@id\":\"https:\/\/www.mugavero.it\/tr\/#website\",\"url\":\"https:\/\/www.mugavero.it\/tr\/\",\"name\":\"Mugavero Fertilizers\",\"description\":\"It&#039;s Green, White and Red\",\"publisher\":{\"@id\":\"https:\/\/www.mugavero.it\/tr\/#organization\"},\"potentialAction\":[{\"@type\":\"SearchAction\",\"target\":{\"@type\":\"EntryPoint\",\"urlTemplate\":\"https:\/\/www.mugavero.it\/tr\/?s={search_term_string}\"},\"query-input\":{\"@type\":\"PropertyValueSpecification\",\"valueRequired\":true,\"valueName\":\"search_term_string\"}}],\"inLanguage\":\"es\"},{\"@type\":\"Organization\",\"@id\":\"https:\/\/www.mugavero.it\/tr\/#organization\",\"name\":\"Mugavero Fertilizzanti\",\"url\":\"https:\/\/www.mugavero.it\/tr\/\",\"logo\":{\"@type\":\"ImageObject\",\"inLanguage\":\"es\",\"@id\":\"https:\/\/www.mugavero.it\/tr\/#\/schema\/logo\/image\/\",\"url\":\"https:\/\/www.mugavero.it\/wp-content\/uploads\/2019\/03\/MUGAVERO-LOGO-ita.png\",\"contentUrl\":\"https:\/\/www.mugavero.it\/wp-content\/uploads\/2019\/03\/MUGAVERO-LOGO-ita.png\",\"width\":1000,\"height\":656,\"caption\":\"Mugavero Fertilizzanti\"},\"image\":{\"@id\":\"https:\/\/www.mugavero.it\/tr\/#\/schema\/logo\/image\/\"},\"sameAs\":[\"https:\/\/www.facebook.com\/mugaverofertilizers\/\",\"https:\/\/www.instagram.com\/mugaverofertilizers\/\",\"https:\/\/www.linkedin.com\/company\/mugavero-fertilizers-official\/\",\"https:\/\/www.youtube.com\/channel\/UCcVmJoiUaqBv_pMIGSe6E2A\"]}]}<\/script>\n<!-- \/ Yoast SEO plugin. -->","yoast_head_json":{"title":"MAGNA 16 | Mugavero","robots":{"index":"index","follow":"follow","max-snippet":"max-snippet:-1","max-image-preview":"max-image-preview:large","max-video-preview":"max-video-preview:-1"},"canonical":"https:\/\/www.mugavero.it\/es\/fertilizante\/magna-16\/","og_locale":"es_ES","og_type":"article","og_title":"MAGNA 16 | Mugavero","og_description":"16 MgO + 32 SO3  El sulfato de magnesio (MAGNA 16) es un formulado en polvo soluble en agua para la prevenci\u00f3n y cura de las fisiopat\u00edas en\u00a0 diferentes cultivos  25kg   Fertirrigaci\u00f3n","og_url":"https:\/\/www.mugavero.it\/es\/fertilizante\/magna-16\/","og_site_name":"Mugavero","article_publisher":"https:\/\/www.facebook.com\/mugaverofertilizers\/","article_modified_time":"2024-05-14T20:37:43+00:00","og_image":[{"width":1378,"height":1733,"url":"https:\/\/www.mugavero.it\/wp-content\/uploads\/2019\/01\/MAGNA-16-1.png","type":"image\/png"}],"twitter_card":"summary_large_image","twitter_misc":{"Tiempo de lectura":"2 minutos"},"schema":{"@context":"https:\/\/schema.org","@graph":[{"@type":"WebPage","@id":"https:\/\/www.mugavero.it\/es\/fertilizante\/magna-16\/","url":"https:\/\/www.mugavero.it\/es\/fertilizante\/magna-16\/","name":"MAGNA 16 | Mugavero","isPartOf":{"@id":"https:\/\/www.mugavero.it\/tr\/#website"},"primaryImageOfPage":{"@id":"https:\/\/www.mugavero.it\/es\/fertilizante\/magna-16\/#primaryimage"},"image":{"@id":"https:\/\/www.mugavero.it\/es\/fertilizante\/magna-16\/#primaryimage"},"thumbnailUrl":"https:\/\/www.mugavero.it\/wp-content\/uploads\/2019\/01\/MAGNA-16-1.png","datePublished":"2019-02-25T18:39:19+00:00","dateModified":"2024-05-14T20:37:43+00:00","breadcrumb":{"@id":"https:\/\/www.mugavero.it\/es\/fertilizante\/magna-16\/#breadcrumb"},"inLanguage":"es","potentialAction":[{"@type":"ReadAction","target":["https:\/\/www.mugavero.it\/es\/fertilizante\/magna-16\/"]}]},{"@type":"ImageObject","inLanguage":"es","@id":"https:\/\/www.mugavero.it\/es\/fertilizante\/magna-16\/#primaryimage","url":"https:\/\/www.mugavero.it\/wp-content\/uploads\/2019\/01\/MAGNA-16-1.png","contentUrl":"https:\/\/www.mugavero.it\/wp-content\/uploads\/2019\/01\/MAGNA-16-1.png","width":1378,"height":1733},{"@type":"BreadcrumbList","@id":"https:\/\/www.mugavero.it\/es\/fertilizante\/magna-16\/#breadcrumb","itemListElement":[{"@type":"ListItem","position":1,"name":"Home","item":"https:\/\/www.mugavero.it\/es\/"},{"@type":"ListItem","position":2,"name":"Catalogo","item":"https:\/\/www.mugavero.it\/tr\/katalog\/"},{"@type":"ListItem","position":3,"name":"MAGNA 16"}]},{"@type":"WebSite","@id":"https:\/\/www.mugavero.it\/tr\/#website","url":"https:\/\/www.mugavero.it\/tr\/","name":"Mugavero Fertilizers","description":"It&#039;s Green, White and Red","publisher":{"@id":"https:\/\/www.mugavero.it\/tr\/#organization"},"potentialAction":[{"@type":"SearchAction","target":{"@type":"EntryPoint","urlTemplate":"https:\/\/www.mugavero.it\/tr\/?s={search_term_string}"},"query-input":{"@type":"PropertyValueSpecification","valueRequired":true,"valueName":"search_term_string"}}],"inLanguage":"es"},{"@type":"Organization","@id":"https:\/\/www.mugavero.it\/tr\/#organization","name":"Mugavero Fertilizzanti","url":"https:\/\/www.mugavero.it\/tr\/","logo":{"@type":"ImageObject","inLanguage":"es","@id":"https:\/\/www.mugavero.it\/tr\/#\/schema\/logo\/image\/","url":"https:\/\/www.mugavero.it\/wp-content\/uploads\/2019\/03\/MUGAVERO-LOGO-ita.png","contentUrl":"https:\/\/www.mugavero.it\/wp-content\/uploads\/2019\/03\/MUGAVERO-LOGO-ita.png","width":1000,"height":656,"caption":"Mugavero Fertilizzanti"},"image":{"@id":"https:\/\/www.mugavero.it\/tr\/#\/schema\/logo\/image\/"},"sameAs":["https:\/\/www.facebook.com\/mugaverofertilizers\/","https:\/\/www.instagram.com\/mugaverofertilizers\/","https:\/\/www.linkedin.com\/company\/mugavero-fertilizers-official\/","https:\/\/www.youtube.com\/channel\/UCcVmJoiUaqBv_pMIGSe6E2A"]}]}},"_links":{"self":[{"href":"https:\/\/www.mugavero.it\/es\/wp-json\/wp\/v2\/product\/2806"}],"collection":[{"href":"https:\/\/www.mugavero.it\/es\/wp-json\/wp\/v2\/product"}],"about":[{"href":"https:\/\/www.mugavero.it\/es\/wp-json\/wp\/v2\/types\/product"}],"wp:featuredmedia":[{"embeddable":true,"href":"https:\/\/www.mugavero.it\/es\/wp-json\/wp\/v2\/media\/12427"}],"wp:attachment":[{"href":"https:\/\/www.mugavero.it\/es\/wp-json\/wp\/v2\/media?parent=2806"}],"curies":[{"name":"wp","href":"https:\/\/api.w.org\/{rel}","templated":true}]}}