{"id":2686,"date":"2019-02-21T11:35:00","date_gmt":"2019-02-21T10:35:00","guid":{"rendered":"https:\/\/www.mugavero.it\/?post_type=product&#038;p=2686"},"modified":"2021-05-20T11:15:05","modified_gmt":"2021-05-20T09:15:05","slug":"megaflor-31-82-np-mgo","status":"publish","type":"product","link":"https:\/\/www.mugavero.it\/es\/fertilizante\/megaflor-31-82-np-mgo\/","title":{"rendered":"MEGAFLOR 31.8(2) NP (MgO)"},"content":{"rendered":"<p>La l\u00ednea de productos MEGAFLOR, consiste en fertilizantes foliares, elaborados con los mas naturales y puros materiales, y con un perfecto balance, entre los macro y micro elementos esenciales. Este MEGAFLOR hecho en Italia, es citado entre los mejores fertilizantes foliares del mundo, ya que los productos tienen un 100% de r\u00e1pida solubilidad, y con una total ausencia de impurezas, metales pesados, cloro y carbonatos.<\/p>\n<p>La variedad de formulaciones de MEGAFLOR, pueden satisfacer las necesidades de cultivos, de todas las etapas vegetativas. Nuestra compa\u00f1\u00eda utiliza solamente f\u00f3sforo (P) derivados de fosfatos mono pot\u00e1sicos y mono amoniacos, mientas que el potasio (K), se deriva del nitrato de potasio. Toda la variedad de f\u00f3rmulas son enriquecidas con \u201ctrazos de elementos\u201d, en orden de mejorar las caracter\u00edsticas qu\u00edmicas y f\u00edsicas. Nuestra producci\u00f3n de planta hace f\u00f3rmulas hechas a la medida del cliente.<\/p>\n<p>El uso regular de MEGAFLOR, permite la eficiente integraci\u00f3n de la fertilizaci\u00f3n con el mejoramiento del desarrollo de la planta, mediante la suplencia de nutrientes en situaciones de estr\u00e9s: post trasplante, sequ\u00eda, ataques de pestes, agua estancada, entre otras, son algunos ejemplos. Esto en orden de incrementar la capacidad de producci\u00f3n en ambos t\u00e9rminos, cantidad y calidad.<\/p>\n<p>Los micro elementos quelados u org\u00e1nicos, previenen a las plantas, de los des\u00f3rdenes fisiol\u00f3gicos m\u00e1s comunes, deficiencias micro nutrientes y desequilibrios.<\/p>\n","protected":false},"excerpt":{"rendered":"<p>NP (MgO)<\/p>\n<p>La l\u00ednea de productos MEGAFLOR, consiste en fertilizantes foliares, elaborados con los mas naturales y puros materiales, y con un perfecto balance, entre los macro y micro elementos esenciales.<\/p>\n<p><img decoding=\"async\" class=\"alignnone wp-image-2468\" src=\"https:\/\/www.mugavero.it\/wp-content\/uploads\/2019\/02\/megaflorr.png\" alt=\"\" width=\"30\" height=\"30\" srcset=\"https:\/\/www.mugavero.it\/wp-content\/uploads\/2019\/02\/megaflorr.png 120w, https:\/\/www.mugavero.it\/wp-content\/uploads\/2019\/02\/megaflorr-100x100.png 100w\" sizes=\"(max-width: 30px) 100vw, 30px\" \/>Bolsas de aluminio\/ Balde de pl\u00e1stico<\/p>\n<p><img decoding=\"async\" class=\"alignnone wp-image-2472\" src=\"https:\/\/www.mugavero.it\/wp-content\/uploads\/2019\/02\/megaflorw.png\" alt=\"\" width=\"30\" height=\"30\" srcset=\"https:\/\/www.mugavero.it\/wp-content\/uploads\/2019\/02\/megaflorw.png 120w, https:\/\/www.mugavero.it\/wp-content\/uploads\/2019\/02\/megaflorw-100x100.png 100w\" sizes=\"(max-width: 30px) 100vw, 30px\" \/>1, 2, 10 Kg<\/p>\n<p><img decoding=\"async\" class=\"alignnone wp-image-2464\" src=\"https:\/\/www.mugavero.it\/wp-content\/uploads\/2019\/02\/megaflorc.png\" alt=\"\" width=\"30\" height=\"32\" \/>Formulaciones hechas a la medida, Disponible a requerimiento<\/p>\n<p>&nbsp;<\/p>\n","protected":false},"featured_media":5848,"template":"","meta":{"_exactmetrics_skip_tracking":false,"_exactmetrics_sitenote_active":false,"_exactmetrics_sitenote_note":"","_exactmetrics_sitenote_category":0},"yoast_head":"<!-- This site is optimized with the Yoast SEO plugin v23.4 - https:\/\/yoast.com\/wordpress\/plugins\/seo\/ -->\n<title>MEGAFLOR 31.8(2) NP (MgO) | Mugavero<\/title>\n<meta name=\"robots\" content=\"index, follow, max-snippet:-1, max-image-preview:large, max-video-preview:-1\" \/>\n<link rel=\"canonical\" href=\"https:\/\/www.mugavero.it\/es\/fertilizante\/megaflor-31-82-np-mgo\/\" \/>\n<meta property=\"og:locale\" content=\"es_ES\" \/>\n<meta property=\"og:type\" content=\"article\" \/>\n<meta property=\"og:title\" content=\"MEGAFLOR 31.8(2) NP (MgO) | Mugavero\" \/>\n<meta property=\"og:description\" content=\"NP (MgO)  La l\u00ednea de productos MEGAFLOR, consiste en fertilizantes foliares, elaborados con los mas naturales y puros materiales, y con un perfecto balance, entre los macro y micro elementos esenciales.  Bolsas de aluminio\/ Balde de pl\u00e1stico  1, 2, 10 Kg  Formulaciones hechas a la medida, Disponible a requerimiento  &nbsp;\" \/>\n<meta property=\"og:url\" content=\"https:\/\/www.mugavero.it\/es\/fertilizante\/megaflor-31-82-np-mgo\/\" \/>\n<meta property=\"og:site_name\" content=\"Mugavero\" \/>\n<meta property=\"article:publisher\" content=\"https:\/\/www.facebook.com\/mugaverofertilizers\/\" \/>\n<meta property=\"article:modified_time\" content=\"2021-05-20T09:15:05+00:00\" \/>\n<meta property=\"og:image\" content=\"https:\/\/www.mugavero.it\/wp-content\/uploads\/2019\/01\/megaflor-2.png\" \/>\n\t<meta property=\"og:image:width\" content=\"480\" \/>\n\t<meta property=\"og:image:height\" content=\"480\" \/>\n\t<meta property=\"og:image:type\" content=\"image\/png\" \/>\n<meta name=\"twitter:card\" content=\"summary_large_image\" \/>\n<meta name=\"twitter:label1\" content=\"Tiempo de lectura\" \/>\n\t<meta name=\"twitter:data1\" content=\"1 minuto\" \/>\n<script type=\"application\/ld+json\" class=\"yoast-schema-graph\">{\"@context\":\"https:\/\/schema.org\",\"@graph\":[{\"@type\":\"WebPage\",\"@id\":\"https:\/\/www.mugavero.it\/es\/fertilizante\/megaflor-31-82-np-mgo\/\",\"url\":\"https:\/\/www.mugavero.it\/es\/fertilizante\/megaflor-31-82-np-mgo\/\",\"name\":\"MEGAFLOR 31.8(2) NP (MgO) | Mugavero\",\"isPartOf\":{\"@id\":\"https:\/\/www.mugavero.it\/tr\/#website\"},\"primaryImageOfPage\":{\"@id\":\"https:\/\/www.mugavero.it\/es\/fertilizante\/megaflor-31-82-np-mgo\/#primaryimage\"},\"image\":{\"@id\":\"https:\/\/www.mugavero.it\/es\/fertilizante\/megaflor-31-82-np-mgo\/#primaryimage\"},\"thumbnailUrl\":\"https:\/\/www.mugavero.it\/wp-content\/uploads\/2019\/01\/megaflor-2.png\",\"datePublished\":\"2019-02-21T10:35:00+00:00\",\"dateModified\":\"2021-05-20T09:15:05+00:00\",\"breadcrumb\":{\"@id\":\"https:\/\/www.mugavero.it\/es\/fertilizante\/megaflor-31-82-np-mgo\/#breadcrumb\"},\"inLanguage\":\"es\",\"potentialAction\":[{\"@type\":\"ReadAction\",\"target\":[\"https:\/\/www.mugavero.it\/es\/fertilizante\/megaflor-31-82-np-mgo\/\"]}]},{\"@type\":\"ImageObject\",\"inLanguage\":\"es\",\"@id\":\"https:\/\/www.mugavero.it\/es\/fertilizante\/megaflor-31-82-np-mgo\/#primaryimage\",\"url\":\"https:\/\/www.mugavero.it\/wp-content\/uploads\/2019\/01\/megaflor-2.png\",\"contentUrl\":\"https:\/\/www.mugavero.it\/wp-content\/uploads\/2019\/01\/megaflor-2.png\",\"width\":480,\"height\":480},{\"@type\":\"BreadcrumbList\",\"@id\":\"https:\/\/www.mugavero.it\/es\/fertilizante\/megaflor-31-82-np-mgo\/#breadcrumb\",\"itemListElement\":[{\"@type\":\"ListItem\",\"position\":1,\"name\":\"Home\",\"item\":\"https:\/\/www.mugavero.it\/es\/\"},{\"@type\":\"ListItem\",\"position\":2,\"name\":\"Catalogo\",\"item\":\"https:\/\/www.mugavero.it\/tr\/katalog\/\"},{\"@type\":\"ListItem\",\"position\":3,\"name\":\"MEGAFLOR 31.8(2) NP (MgO)\"}]},{\"@type\":\"WebSite\",\"@id\":\"https:\/\/www.mugavero.it\/tr\/#website\",\"url\":\"https:\/\/www.mugavero.it\/tr\/\",\"name\":\"Mugavero Fertilizers\",\"description\":\"It&#039;s Green, White and Red\",\"publisher\":{\"@id\":\"https:\/\/www.mugavero.it\/tr\/#organization\"},\"potentialAction\":[{\"@type\":\"SearchAction\",\"target\":{\"@type\":\"EntryPoint\",\"urlTemplate\":\"https:\/\/www.mugavero.it\/tr\/?s={search_term_string}\"},\"query-input\":{\"@type\":\"PropertyValueSpecification\",\"valueRequired\":true,\"valueName\":\"search_term_string\"}}],\"inLanguage\":\"es\"},{\"@type\":\"Organization\",\"@id\":\"https:\/\/www.mugavero.it\/tr\/#organization\",\"name\":\"Mugavero Fertilizzanti\",\"url\":\"https:\/\/www.mugavero.it\/tr\/\",\"logo\":{\"@type\":\"ImageObject\",\"inLanguage\":\"es\",\"@id\":\"https:\/\/www.mugavero.it\/tr\/#\/schema\/logo\/image\/\",\"url\":\"https:\/\/www.mugavero.it\/wp-content\/uploads\/2019\/03\/MUGAVERO-LOGO-ita.png\",\"contentUrl\":\"https:\/\/www.mugavero.it\/wp-content\/uploads\/2019\/03\/MUGAVERO-LOGO-ita.png\",\"width\":1000,\"height\":656,\"caption\":\"Mugavero Fertilizzanti\"},\"image\":{\"@id\":\"https:\/\/www.mugavero.it\/tr\/#\/schema\/logo\/image\/\"},\"sameAs\":[\"https:\/\/www.facebook.com\/mugaverofertilizers\/\",\"https:\/\/www.instagram.com\/mugaverofertilizers\/\",\"https:\/\/www.linkedin.com\/company\/mugavero-fertilizers-official\/\",\"https:\/\/www.youtube.com\/channel\/UCcVmJoiUaqBv_pMIGSe6E2A\"]}]}<\/script>\n<!-- \/ Yoast SEO plugin. -->","yoast_head_json":{"title":"MEGAFLOR 31.8(2) NP (MgO) | Mugavero","robots":{"index":"index","follow":"follow","max-snippet":"max-snippet:-1","max-image-preview":"max-image-preview:large","max-video-preview":"max-video-preview:-1"},"canonical":"https:\/\/www.mugavero.it\/es\/fertilizante\/megaflor-31-82-np-mgo\/","og_locale":"es_ES","og_type":"article","og_title":"MEGAFLOR 31.8(2) NP (MgO) | Mugavero","og_description":"NP (MgO)  La l\u00ednea de productos MEGAFLOR, consiste en fertilizantes foliares, elaborados con los mas naturales y puros materiales, y con un perfecto balance, entre los macro y micro elementos esenciales.  Bolsas de aluminio\/ Balde de pl\u00e1stico  1, 2, 10 Kg  Formulaciones hechas a la medida, Disponible a requerimiento  &nbsp;","og_url":"https:\/\/www.mugavero.it\/es\/fertilizante\/megaflor-31-82-np-mgo\/","og_site_name":"Mugavero","article_publisher":"https:\/\/www.facebook.com\/mugaverofertilizers\/","article_modified_time":"2021-05-20T09:15:05+00:00","og_image":[{"width":480,"height":480,"url":"https:\/\/www.mugavero.it\/wp-content\/uploads\/2019\/01\/megaflor-2.png","type":"image\/png"}],"twitter_card":"summary_large_image","twitter_misc":{"Tiempo de lectura":"1 minuto"},"schema":{"@context":"https:\/\/schema.org","@graph":[{"@type":"WebPage","@id":"https:\/\/www.mugavero.it\/es\/fertilizante\/megaflor-31-82-np-mgo\/","url":"https:\/\/www.mugavero.it\/es\/fertilizante\/megaflor-31-82-np-mgo\/","name":"MEGAFLOR 31.8(2) NP (MgO) | Mugavero","isPartOf":{"@id":"https:\/\/www.mugavero.it\/tr\/#website"},"primaryImageOfPage":{"@id":"https:\/\/www.mugavero.it\/es\/fertilizante\/megaflor-31-82-np-mgo\/#primaryimage"},"image":{"@id":"https:\/\/www.mugavero.it\/es\/fertilizante\/megaflor-31-82-np-mgo\/#primaryimage"},"thumbnailUrl":"https:\/\/www.mugavero.it\/wp-content\/uploads\/2019\/01\/megaflor-2.png","datePublished":"2019-02-21T10:35:00+00:00","dateModified":"2021-05-20T09:15:05+00:00","breadcrumb":{"@id":"https:\/\/www.mugavero.it\/es\/fertilizante\/megaflor-31-82-np-mgo\/#breadcrumb"},"inLanguage":"es","potentialAction":[{"@type":"ReadAction","target":["https:\/\/www.mugavero.it\/es\/fertilizante\/megaflor-31-82-np-mgo\/"]}]},{"@type":"ImageObject","inLanguage":"es","@id":"https:\/\/www.mugavero.it\/es\/fertilizante\/megaflor-31-82-np-mgo\/#primaryimage","url":"https:\/\/www.mugavero.it\/wp-content\/uploads\/2019\/01\/megaflor-2.png","contentUrl":"https:\/\/www.mugavero.it\/wp-content\/uploads\/2019\/01\/megaflor-2.png","width":480,"height":480},{"@type":"BreadcrumbList","@id":"https:\/\/www.mugavero.it\/es\/fertilizante\/megaflor-31-82-np-mgo\/#breadcrumb","itemListElement":[{"@type":"ListItem","position":1,"name":"Home","item":"https:\/\/www.mugavero.it\/es\/"},{"@type":"ListItem","position":2,"name":"Catalogo","item":"https:\/\/www.mugavero.it\/tr\/katalog\/"},{"@type":"ListItem","position":3,"name":"MEGAFLOR 31.8(2) NP (MgO)"}]},{"@type":"WebSite","@id":"https:\/\/www.mugavero.it\/tr\/#website","url":"https:\/\/www.mugavero.it\/tr\/","name":"Mugavero Fertilizers","description":"It&#039;s Green, White and Red","publisher":{"@id":"https:\/\/www.mugavero.it\/tr\/#organization"},"potentialAction":[{"@type":"SearchAction","target":{"@type":"EntryPoint","urlTemplate":"https:\/\/www.mugavero.it\/tr\/?s={search_term_string}"},"query-input":{"@type":"PropertyValueSpecification","valueRequired":true,"valueName":"search_term_string"}}],"inLanguage":"es"},{"@type":"Organization","@id":"https:\/\/www.mugavero.it\/tr\/#organization","name":"Mugavero Fertilizzanti","url":"https:\/\/www.mugavero.it\/tr\/","logo":{"@type":"ImageObject","inLanguage":"es","@id":"https:\/\/www.mugavero.it\/tr\/#\/schema\/logo\/image\/","url":"https:\/\/www.mugavero.it\/wp-content\/uploads\/2019\/03\/MUGAVERO-LOGO-ita.png","contentUrl":"https:\/\/www.mugavero.it\/wp-content\/uploads\/2019\/03\/MUGAVERO-LOGO-ita.png","width":1000,"height":656,"caption":"Mugavero Fertilizzanti"},"image":{"@id":"https:\/\/www.mugavero.it\/tr\/#\/schema\/logo\/image\/"},"sameAs":["https:\/\/www.facebook.com\/mugaverofertilizers\/","https:\/\/www.instagram.com\/mugaverofertilizers\/","https:\/\/www.linkedin.com\/company\/mugavero-fertilizers-official\/","https:\/\/www.youtube.com\/channel\/UCcVmJoiUaqBv_pMIGSe6E2A"]}]}},"_links":{"self":[{"href":"https:\/\/www.mugavero.it\/es\/wp-json\/wp\/v2\/product\/2686"}],"collection":[{"href":"https:\/\/www.mugavero.it\/es\/wp-json\/wp\/v2\/product"}],"about":[{"href":"https:\/\/www.mugavero.it\/es\/wp-json\/wp\/v2\/types\/product"}],"wp:featuredmedia":[{"embeddable":true,"href":"https:\/\/www.mugavero.it\/es\/wp-json\/wp\/v2\/media\/5848"}],"wp:attachment":[{"href":"https:\/\/www.mugavero.it\/es\/wp-json\/wp\/v2\/media?parent=2686"}],"curies":[{"name":"wp","href":"https:\/\/api.w.org\/{rel}","templated":true}]}}