{"id":2629,"date":"2019-01-16T17:19:13","date_gmt":"2019-02-11T21:50:36","guid":{"rendered":"https:\/\/www.mugavero.it\/?post_type=product&#038;p=2629"},"modified":"2019-03-31T16:43:48","modified_gmt":"2019-03-31T14:43:48","slug":"viking-blu","status":"publish","type":"product","link":"https:\/\/www.mugavero.it\/es\/fertilizante\/viking-blu\/","title":{"rendered":"VIKING BLU"},"content":{"rendered":"<p>Los productos de la l\u00ednea <strong>VIKING<\/strong> son fertilizantes granulados NPK producidos con las materias primas m\u00e1s puras, conteniendo los tres elementos principales para la nutrici\u00f3n de las plantas: nitr\u00f3geno, f\u00f3sforo y potasio.<\/p>\n<p>El potasio procede principalmente del sulfato. Los distintos formulados no contienen ni cloruro ni sodio y gracias a la presencia de azufre los elementos fijados en el complejo de cambio pasan a estar disponibles para la planta.<\/p>\n<p>Los productos VIKING son id\u00f3neos para todos los cultivos hort\u00edcolas, \u00e1rboles y ornamentales aplic\u00e1ndolos en el suelo con medios adecuados, distribuidos sobre la superficie o localizados a lo largo de la hilera o l\u00ednea para abonados tanto de fondo como de cobertera.<\/p>\n<p>Los diferentes t\u00edtulos presentes, satisfacen las exigencias en todas las fases del ciclo de los cultivos.<br \/>\nLa acci\u00f3n acidificante del azufre permite la disponibilidad de los nutrientes que de otro modo estar\u00edan inmovilizados por las arcillas.<\/p>\n<p>Se presentan en formatos de 25 kg con colores vivos que identifican el producto<\/p>\n","protected":false},"excerpt":{"rendered":"<p>NPK 15-9-20 + 10\u00a0SO<sub>3<\/sub><\/p>\n<p>Los productos de la l\u00ednea <strong>VIKING<\/strong> son fertilizantes granulados NPK producidos con las materias primas m\u00e1s puras, conteniendo los tres elementos principales para la nutrici\u00f3n de las plantas: nitr\u00f3geno, f\u00f3sforo y potasio<\/p>\n<p><img decoding=\"async\" class=\"alignnone wp-image-2010\" src=\"https:\/\/www.mugavero.it\/wp-content\/uploads\/2019\/01\/pe.png\" alt=\"\" width=\"30\" height=\"30\" srcset=\"https:\/\/www.mugavero.it\/wp-content\/uploads\/2019\/01\/pe.png 120w, https:\/\/www.mugavero.it\/wp-content\/uploads\/2019\/01\/pe-100x100.png 100w\" sizes=\"(max-width: 30px) 100vw, 30px\" \/>SACO EN POLIETILENO<\/p>\n<p><img decoding=\"async\" class=\"alignnone wp-image-2012\" src=\"https:\/\/www.mugavero.it\/wp-content\/uploads\/2019\/01\/peso1.png\" alt=\"\" width=\"30\" height=\"30\" srcset=\"https:\/\/www.mugavero.it\/wp-content\/uploads\/2019\/01\/peso1.png 120w, https:\/\/www.mugavero.it\/wp-content\/uploads\/2019\/01\/peso1-100x100.png 100w\" sizes=\"(max-width: 30px) 100vw, 30px\" \/>25 kg<\/p>\n<p><img decoding=\"async\" class=\"alignnone wp-image-2008\" src=\"https:\/\/www.mugavero.it\/wp-content\/uploads\/2019\/01\/granula.png\" alt=\"\" width=\"30\" height=\"30\" srcset=\"https:\/\/www.mugavero.it\/wp-content\/uploads\/2019\/01\/granula.png 120w, https:\/\/www.mugavero.it\/wp-content\/uploads\/2019\/01\/granula-100x100.png 100w\" sizes=\"(max-width: 30px) 100vw, 30px\" \/>GRANULADO<\/p>\n<p><img decoding=\"async\" class=\"alignnone wp-image-2494\" src=\"https:\/\/www.mugavero.it\/wp-content\/uploads\/2019\/02\/chimic.png\" alt=\"\" width=\"30\" height=\"32\" \/>FORMULADO DISPONIBLE POR ENCARGO<\/p>\n<p>&nbsp;<\/p>\n","protected":false},"featured_media":2046,"template":"","meta":{"_exactmetrics_skip_tracking":false,"_exactmetrics_sitenote_active":false,"_exactmetrics_sitenote_note":"","_exactmetrics_sitenote_category":0},"yoast_head":"<!-- This site is optimized with the Yoast SEO plugin v23.4 - https:\/\/yoast.com\/wordpress\/plugins\/seo\/ -->\n<title>VIKING BLU | Mugavero<\/title>\n<meta name=\"robots\" content=\"index, follow, max-snippet:-1, max-image-preview:large, max-video-preview:-1\" \/>\n<link rel=\"canonical\" href=\"https:\/\/www.mugavero.it\/es\/fertilizante\/viking-blu\/\" \/>\n<meta property=\"og:locale\" content=\"es_ES\" \/>\n<meta property=\"og:type\" content=\"article\" \/>\n<meta property=\"og:title\" content=\"VIKING BLU | Mugavero\" \/>\n<meta property=\"og:description\" content=\"NPK 15-9-20 + 10\u00a0SO3  Los productos de la l\u00ednea VIKING son fertilizantes granulados NPK producidos con las materias primas m\u00e1s puras, conteniendo los tres elementos principales para la nutrici\u00f3n de las plantas: nitr\u00f3geno, f\u00f3sforo y potasio  SACO EN POLIETILENO  25 kg  GRANULADO  FORMULADO DISPONIBLE POR ENCARGO  &nbsp;\" \/>\n<meta property=\"og:url\" content=\"https:\/\/www.mugavero.it\/es\/fertilizante\/viking-blu\/\" \/>\n<meta property=\"og:site_name\" content=\"Mugavero\" \/>\n<meta property=\"article:publisher\" content=\"https:\/\/www.facebook.com\/mugaverofertilizers\/\" \/>\n<meta property=\"article:modified_time\" content=\"2019-03-31T14:43:48+00:00\" \/>\n<meta property=\"og:image\" content=\"https:\/\/www.mugavero.it\/wp-content\/uploads\/2019\/01\/02_viking_blu-1024x1024.png\" \/>\n\t<meta property=\"og:image:width\" content=\"1024\" \/>\n\t<meta property=\"og:image:height\" content=\"1024\" \/>\n\t<meta property=\"og:image:type\" content=\"image\/png\" \/>\n<meta name=\"twitter:card\" content=\"summary_large_image\" \/>\n<meta name=\"twitter:label1\" content=\"Tiempo de lectura\" \/>\n\t<meta name=\"twitter:data1\" content=\"1 minuto\" \/>\n<script type=\"application\/ld+json\" class=\"yoast-schema-graph\">{\"@context\":\"https:\/\/schema.org\",\"@graph\":[{\"@type\":\"WebPage\",\"@id\":\"https:\/\/www.mugavero.it\/es\/fertilizante\/viking-blu\/\",\"url\":\"https:\/\/www.mugavero.it\/es\/fertilizante\/viking-blu\/\",\"name\":\"VIKING BLU | Mugavero\",\"isPartOf\":{\"@id\":\"https:\/\/www.mugavero.it\/tr\/#website\"},\"primaryImageOfPage\":{\"@id\":\"https:\/\/www.mugavero.it\/es\/fertilizante\/viking-blu\/#primaryimage\"},\"image\":{\"@id\":\"https:\/\/www.mugavero.it\/es\/fertilizante\/viking-blu\/#primaryimage\"},\"thumbnailUrl\":\"https:\/\/www.mugavero.it\/wp-content\/uploads\/2019\/01\/02_viking_blu-1024x1024.png\",\"datePublished\":\"2019-02-11T21:50:36+00:00\",\"dateModified\":\"2019-03-31T14:43:48+00:00\",\"breadcrumb\":{\"@id\":\"https:\/\/www.mugavero.it\/es\/fertilizante\/viking-blu\/#breadcrumb\"},\"inLanguage\":\"es\",\"potentialAction\":[{\"@type\":\"ReadAction\",\"target\":[\"https:\/\/www.mugavero.it\/es\/fertilizante\/viking-blu\/\"]}]},{\"@type\":\"ImageObject\",\"inLanguage\":\"es\",\"@id\":\"https:\/\/www.mugavero.it\/es\/fertilizante\/viking-blu\/#primaryimage\",\"url\":\"https:\/\/www.mugavero.it\/wp-content\/uploads\/2019\/01\/02_viking_blu-1024x1024.png\",\"contentUrl\":\"https:\/\/www.mugavero.it\/wp-content\/uploads\/2019\/01\/02_viking_blu-1024x1024.png\",\"width\":1024,\"height\":1024},{\"@type\":\"BreadcrumbList\",\"@id\":\"https:\/\/www.mugavero.it\/es\/fertilizante\/viking-blu\/#breadcrumb\",\"itemListElement\":[{\"@type\":\"ListItem\",\"position\":1,\"name\":\"Home\",\"item\":\"https:\/\/www.mugavero.it\/es\/\"},{\"@type\":\"ListItem\",\"position\":2,\"name\":\"Catalogo\",\"item\":\"https:\/\/www.mugavero.it\/tr\/katalog\/\"},{\"@type\":\"ListItem\",\"position\":3,\"name\":\"VIKING BLU\"}]},{\"@type\":\"WebSite\",\"@id\":\"https:\/\/www.mugavero.it\/tr\/#website\",\"url\":\"https:\/\/www.mugavero.it\/tr\/\",\"name\":\"Mugavero Fertilizers\",\"description\":\"It&#039;s Green, White and Red\",\"publisher\":{\"@id\":\"https:\/\/www.mugavero.it\/tr\/#organization\"},\"potentialAction\":[{\"@type\":\"SearchAction\",\"target\":{\"@type\":\"EntryPoint\",\"urlTemplate\":\"https:\/\/www.mugavero.it\/tr\/?s={search_term_string}\"},\"query-input\":{\"@type\":\"PropertyValueSpecification\",\"valueRequired\":true,\"valueName\":\"search_term_string\"}}],\"inLanguage\":\"es\"},{\"@type\":\"Organization\",\"@id\":\"https:\/\/www.mugavero.it\/tr\/#organization\",\"name\":\"Mugavero Fertilizzanti\",\"url\":\"https:\/\/www.mugavero.it\/tr\/\",\"logo\":{\"@type\":\"ImageObject\",\"inLanguage\":\"es\",\"@id\":\"https:\/\/www.mugavero.it\/tr\/#\/schema\/logo\/image\/\",\"url\":\"https:\/\/www.mugavero.it\/wp-content\/uploads\/2019\/03\/MUGAVERO-LOGO-ita.png\",\"contentUrl\":\"https:\/\/www.mugavero.it\/wp-content\/uploads\/2019\/03\/MUGAVERO-LOGO-ita.png\",\"width\":1000,\"height\":656,\"caption\":\"Mugavero Fertilizzanti\"},\"image\":{\"@id\":\"https:\/\/www.mugavero.it\/tr\/#\/schema\/logo\/image\/\"},\"sameAs\":[\"https:\/\/www.facebook.com\/mugaverofertilizers\/\",\"https:\/\/www.instagram.com\/mugaverofertilizers\/\",\"https:\/\/www.linkedin.com\/company\/mugavero-fertilizers-official\/\",\"https:\/\/www.youtube.com\/channel\/UCcVmJoiUaqBv_pMIGSe6E2A\"]}]}<\/script>\n<!-- \/ Yoast SEO plugin. -->","yoast_head_json":{"title":"VIKING BLU | Mugavero","robots":{"index":"index","follow":"follow","max-snippet":"max-snippet:-1","max-image-preview":"max-image-preview:large","max-video-preview":"max-video-preview:-1"},"canonical":"https:\/\/www.mugavero.it\/es\/fertilizante\/viking-blu\/","og_locale":"es_ES","og_type":"article","og_title":"VIKING BLU | Mugavero","og_description":"NPK 15-9-20 + 10\u00a0SO3  Los productos de la l\u00ednea VIKING son fertilizantes granulados NPK producidos con las materias primas m\u00e1s puras, conteniendo los tres elementos principales para la nutrici\u00f3n de las plantas: nitr\u00f3geno, f\u00f3sforo y potasio  SACO EN POLIETILENO  25 kg  GRANULADO  FORMULADO DISPONIBLE POR ENCARGO  &nbsp;","og_url":"https:\/\/www.mugavero.it\/es\/fertilizante\/viking-blu\/","og_site_name":"Mugavero","article_publisher":"https:\/\/www.facebook.com\/mugaverofertilizers\/","article_modified_time":"2019-03-31T14:43:48+00:00","og_image":[{"width":1024,"height":1024,"url":"https:\/\/www.mugavero.it\/wp-content\/uploads\/2019\/01\/02_viking_blu-1024x1024.png","type":"image\/png"}],"twitter_card":"summary_large_image","twitter_misc":{"Tiempo de lectura":"1 minuto"},"schema":{"@context":"https:\/\/schema.org","@graph":[{"@type":"WebPage","@id":"https:\/\/www.mugavero.it\/es\/fertilizante\/viking-blu\/","url":"https:\/\/www.mugavero.it\/es\/fertilizante\/viking-blu\/","name":"VIKING BLU | Mugavero","isPartOf":{"@id":"https:\/\/www.mugavero.it\/tr\/#website"},"primaryImageOfPage":{"@id":"https:\/\/www.mugavero.it\/es\/fertilizante\/viking-blu\/#primaryimage"},"image":{"@id":"https:\/\/www.mugavero.it\/es\/fertilizante\/viking-blu\/#primaryimage"},"thumbnailUrl":"https:\/\/www.mugavero.it\/wp-content\/uploads\/2019\/01\/02_viking_blu-1024x1024.png","datePublished":"2019-02-11T21:50:36+00:00","dateModified":"2019-03-31T14:43:48+00:00","breadcrumb":{"@id":"https:\/\/www.mugavero.it\/es\/fertilizante\/viking-blu\/#breadcrumb"},"inLanguage":"es","potentialAction":[{"@type":"ReadAction","target":["https:\/\/www.mugavero.it\/es\/fertilizante\/viking-blu\/"]}]},{"@type":"ImageObject","inLanguage":"es","@id":"https:\/\/www.mugavero.it\/es\/fertilizante\/viking-blu\/#primaryimage","url":"https:\/\/www.mugavero.it\/wp-content\/uploads\/2019\/01\/02_viking_blu-1024x1024.png","contentUrl":"https:\/\/www.mugavero.it\/wp-content\/uploads\/2019\/01\/02_viking_blu-1024x1024.png","width":1024,"height":1024},{"@type":"BreadcrumbList","@id":"https:\/\/www.mugavero.it\/es\/fertilizante\/viking-blu\/#breadcrumb","itemListElement":[{"@type":"ListItem","position":1,"name":"Home","item":"https:\/\/www.mugavero.it\/es\/"},{"@type":"ListItem","position":2,"name":"Catalogo","item":"https:\/\/www.mugavero.it\/tr\/katalog\/"},{"@type":"ListItem","position":3,"name":"VIKING BLU"}]},{"@type":"WebSite","@id":"https:\/\/www.mugavero.it\/tr\/#website","url":"https:\/\/www.mugavero.it\/tr\/","name":"Mugavero Fertilizers","description":"It&#039;s Green, White and Red","publisher":{"@id":"https:\/\/www.mugavero.it\/tr\/#organization"},"potentialAction":[{"@type":"SearchAction","target":{"@type":"EntryPoint","urlTemplate":"https:\/\/www.mugavero.it\/tr\/?s={search_term_string}"},"query-input":{"@type":"PropertyValueSpecification","valueRequired":true,"valueName":"search_term_string"}}],"inLanguage":"es"},{"@type":"Organization","@id":"https:\/\/www.mugavero.it\/tr\/#organization","name":"Mugavero Fertilizzanti","url":"https:\/\/www.mugavero.it\/tr\/","logo":{"@type":"ImageObject","inLanguage":"es","@id":"https:\/\/www.mugavero.it\/tr\/#\/schema\/logo\/image\/","url":"https:\/\/www.mugavero.it\/wp-content\/uploads\/2019\/03\/MUGAVERO-LOGO-ita.png","contentUrl":"https:\/\/www.mugavero.it\/wp-content\/uploads\/2019\/03\/MUGAVERO-LOGO-ita.png","width":1000,"height":656,"caption":"Mugavero Fertilizzanti"},"image":{"@id":"https:\/\/www.mugavero.it\/tr\/#\/schema\/logo\/image\/"},"sameAs":["https:\/\/www.facebook.com\/mugaverofertilizers\/","https:\/\/www.instagram.com\/mugaverofertilizers\/","https:\/\/www.linkedin.com\/company\/mugavero-fertilizers-official\/","https:\/\/www.youtube.com\/channel\/UCcVmJoiUaqBv_pMIGSe6E2A"]}]}},"_links":{"self":[{"href":"https:\/\/www.mugavero.it\/es\/wp-json\/wp\/v2\/product\/2629"}],"collection":[{"href":"https:\/\/www.mugavero.it\/es\/wp-json\/wp\/v2\/product"}],"about":[{"href":"https:\/\/www.mugavero.it\/es\/wp-json\/wp\/v2\/types\/product"}],"wp:featuredmedia":[{"embeddable":true,"href":"https:\/\/www.mugavero.it\/es\/wp-json\/wp\/v2\/media\/2046"}],"wp:attachment":[{"href":"https:\/\/www.mugavero.it\/es\/wp-json\/wp\/v2\/media?parent=2629"}],"curies":[{"name":"wp","href":"https:\/\/api.w.org\/{rel}","templated":true}]}}