{"id":2612,"date":"2019-01-15T19:16:51","date_gmt":"2019-02-11T19:34:58","guid":{"rendered":"https:\/\/www.mugavero.it\/?post_type=product&#038;p=2612"},"modified":"2022-02-28T13:01:25","modified_gmt":"2022-02-28T12:01:25","slug":"aurea-46","status":"publish","type":"product","link":"https:\/\/www.mugavero.it\/es\/fertilizante\/aurea-46\/","title":{"rendered":"AUREA 46"},"content":{"rendered":"<p>Los productos de la l\u00ednea <strong>AUREA<\/strong> son fertilizantes de lenta liberaci\u00f3n. Contienen nitr\u00f3geno ureico tratado con <strong>NBTP<\/strong> \u201cN(nbutil) tiofosf\u00f3rico triamida\u201d, inhibidor qu\u00edmico de la ureasa.<\/p>\n<p>La enzima ureasa, en la naturaleza, es producida por hongos y bacterias que est\u00e1n presentes en el suelo en grandes cantidades. Inmediatamente despu\u00e9s de la aplicaci\u00f3n, la urea es hidrolizada por la enzima ureasa produciendo carbonato de amonio y amon\u00edaco. El cual se puede perder del medio por volatilizaci\u00f3n.<\/p>\n<p><strong>El<\/strong> <strong>NBPT inhibe la enzima ureasa<\/strong>, ralentizando as\u00ed la transformaci\u00f3n del nitr\u00f3geno ureico en amoniaco (altamente vol\u00e1til). De este modo se prolonga el tiempo de permanencia de la urea en el suelo y se reducen significativamente los fen\u00f3menos de volatilizaci\u00f3n debidos a un aumento de la concentraci\u00f3n de amon\u00edaco en el suelo.<\/p>\n<p>Ventajas:<\/p>\n<ul>\n<li>Significativa reducci\u00f3n de las p\u00e9rdidas de nitr\u00f3geno por volatilizaci\u00f3n (hasta el 50% del nitr\u00f3geno aplicado);<\/li>\n<li>Mayor cantidad de nitr\u00f3geno disponible para el cultivo de manera proporcional a las necesidades y en todas las fases cr\u00edticas para obtener mayor rendimiento y calidad.<\/li>\n<\/ul>\n<p>Nuestros productos AUREA respetan el medio ambiente y act\u00faan de acuerdo con las directivas de la Comisi\u00f3n Europea con respecto a la reducci\u00f3n de emisiones de CO2 atmosf\u00e9rico.<\/p>\n","protected":false},"excerpt":{"rendered":"<p>Los productos de la l\u00ednea <strong>AUREA<\/strong> son fertilizantes de lenta liberaci\u00f3n. Contienen nitr\u00f3geno ureico tratado con <strong>NBTP<\/strong> \u201cN(nbutil) tiofosf\u00f3rico triamida\u201d, inhibidor qu\u00edmico de la ureasa<\/p>\n<p><img decoding=\"async\" class=\"alignnone wp-image-1982\" src=\"https:\/\/www.mugavero.it\/wp-content\/uploads\/2017\/01\/rafia.png\" alt=\"\" width=\"30\" height=\"30\" srcset=\"https:\/\/www.mugavero.it\/wp-content\/uploads\/2017\/01\/rafia.png 120w, https:\/\/www.mugavero.it\/wp-content\/uploads\/2017\/01\/rafia-100x100.png 100w\" sizes=\"(max-width: 30px) 100vw, 30px\" \/>SACO EN POLIETILENO<\/p>\n<p><img decoding=\"async\" class=\"alignnone wp-image-1980\" src=\"https:\/\/www.mugavero.it\/wp-content\/uploads\/2017\/01\/peso.png\" alt=\"\" width=\"30\" height=\"30\" srcset=\"https:\/\/www.mugavero.it\/wp-content\/uploads\/2017\/01\/peso.png 120w, https:\/\/www.mugavero.it\/wp-content\/uploads\/2017\/01\/peso-100x100.png 100w\" sizes=\"(max-width: 30px) 100vw, 30px\" \/>25 kg<\/p>\n<p><img decoding=\"async\" class=\"alignnone wp-image-1978\" src=\"https:\/\/www.mugavero.it\/wp-content\/uploads\/2017\/01\/GRANULAR.png\" alt=\"\" width=\"30\" height=\"30\" srcset=\"https:\/\/www.mugavero.it\/wp-content\/uploads\/2017\/01\/GRANULAR.png 120w, https:\/\/www.mugavero.it\/wp-content\/uploads\/2017\/01\/GRANULAR-100x100.png 100w\" sizes=\"(max-width: 30px) 100vw, 30px\" \/>GRANULADO<\/p>\n","protected":false},"featured_media":2006,"template":"","meta":{"_exactmetrics_skip_tracking":false,"_exactmetrics_sitenote_active":false,"_exactmetrics_sitenote_note":"","_exactmetrics_sitenote_category":0},"yoast_head":"<!-- This site is optimized with the Yoast SEO plugin v23.4 - https:\/\/yoast.com\/wordpress\/plugins\/seo\/ -->\n<title>AUREA 46 | Mugavero<\/title>\n<meta name=\"robots\" content=\"index, follow, max-snippet:-1, max-image-preview:large, max-video-preview:-1\" \/>\n<link rel=\"canonical\" href=\"https:\/\/www.mugavero.it\/es\/fertilizante\/aurea-46\/\" \/>\n<meta property=\"og:locale\" content=\"es_ES\" \/>\n<meta property=\"og:type\" content=\"article\" \/>\n<meta property=\"og:title\" content=\"AUREA 46 | Mugavero\" \/>\n<meta property=\"og:description\" content=\"Los productos de la l\u00ednea AUREA son fertilizantes de lenta liberaci\u00f3n. Contienen nitr\u00f3geno ureico tratado con NBTP \u201cN(nbutil) tiofosf\u00f3rico triamida\u201d, inhibidor qu\u00edmico de la ureasa  SACO EN POLIETILENO  25 kg  GRANULADO\" \/>\n<meta property=\"og:url\" content=\"https:\/\/www.mugavero.it\/es\/fertilizante\/aurea-46\/\" \/>\n<meta property=\"og:site_name\" content=\"Mugavero\" \/>\n<meta property=\"article:publisher\" content=\"https:\/\/www.facebook.com\/mugaverofertilizers\/\" \/>\n<meta property=\"article:modified_time\" content=\"2022-02-28T12:01:25+00:00\" \/>\n<meta property=\"og:image\" content=\"https:\/\/www.mugavero.it\/wp-content\/uploads\/2019\/01\/aurea_46-1024x1024.png\" \/>\n\t<meta property=\"og:image:width\" content=\"1024\" \/>\n\t<meta property=\"og:image:height\" content=\"1024\" \/>\n\t<meta property=\"og:image:type\" content=\"image\/png\" \/>\n<meta name=\"twitter:card\" content=\"summary_large_image\" \/>\n<meta name=\"twitter:label1\" content=\"Tiempo de lectura\" \/>\n\t<meta name=\"twitter:data1\" content=\"1 minuto\" \/>\n<script type=\"application\/ld+json\" class=\"yoast-schema-graph\">{\"@context\":\"https:\/\/schema.org\",\"@graph\":[{\"@type\":\"WebPage\",\"@id\":\"https:\/\/www.mugavero.it\/es\/fertilizante\/aurea-46\/\",\"url\":\"https:\/\/www.mugavero.it\/es\/fertilizante\/aurea-46\/\",\"name\":\"AUREA 46 | Mugavero\",\"isPartOf\":{\"@id\":\"https:\/\/www.mugavero.it\/tr\/#website\"},\"primaryImageOfPage\":{\"@id\":\"https:\/\/www.mugavero.it\/es\/fertilizante\/aurea-46\/#primaryimage\"},\"image\":{\"@id\":\"https:\/\/www.mugavero.it\/es\/fertilizante\/aurea-46\/#primaryimage\"},\"thumbnailUrl\":\"https:\/\/www.mugavero.it\/wp-content\/uploads\/2019\/01\/aurea_46-1024x1024.png\",\"datePublished\":\"2019-02-11T19:34:58+00:00\",\"dateModified\":\"2022-02-28T12:01:25+00:00\",\"breadcrumb\":{\"@id\":\"https:\/\/www.mugavero.it\/es\/fertilizante\/aurea-46\/#breadcrumb\"},\"inLanguage\":\"es\",\"potentialAction\":[{\"@type\":\"ReadAction\",\"target\":[\"https:\/\/www.mugavero.it\/es\/fertilizante\/aurea-46\/\"]}]},{\"@type\":\"ImageObject\",\"inLanguage\":\"es\",\"@id\":\"https:\/\/www.mugavero.it\/es\/fertilizante\/aurea-46\/#primaryimage\",\"url\":\"https:\/\/www.mugavero.it\/wp-content\/uploads\/2019\/01\/aurea_46-1024x1024.png\",\"contentUrl\":\"https:\/\/www.mugavero.it\/wp-content\/uploads\/2019\/01\/aurea_46-1024x1024.png\",\"width\":1024,\"height\":1024},{\"@type\":\"BreadcrumbList\",\"@id\":\"https:\/\/www.mugavero.it\/es\/fertilizante\/aurea-46\/#breadcrumb\",\"itemListElement\":[{\"@type\":\"ListItem\",\"position\":1,\"name\":\"Home\",\"item\":\"https:\/\/www.mugavero.it\/es\/\"},{\"@type\":\"ListItem\",\"position\":2,\"name\":\"Catalogo\",\"item\":\"https:\/\/www.mugavero.it\/tr\/katalog\/\"},{\"@type\":\"ListItem\",\"position\":3,\"name\":\"AUREA 46\"}]},{\"@type\":\"WebSite\",\"@id\":\"https:\/\/www.mugavero.it\/tr\/#website\",\"url\":\"https:\/\/www.mugavero.it\/tr\/\",\"name\":\"Mugavero Fertilizers\",\"description\":\"It&#039;s Green, White and Red\",\"publisher\":{\"@id\":\"https:\/\/www.mugavero.it\/tr\/#organization\"},\"potentialAction\":[{\"@type\":\"SearchAction\",\"target\":{\"@type\":\"EntryPoint\",\"urlTemplate\":\"https:\/\/www.mugavero.it\/tr\/?s={search_term_string}\"},\"query-input\":{\"@type\":\"PropertyValueSpecification\",\"valueRequired\":true,\"valueName\":\"search_term_string\"}}],\"inLanguage\":\"es\"},{\"@type\":\"Organization\",\"@id\":\"https:\/\/www.mugavero.it\/tr\/#organization\",\"name\":\"Mugavero Fertilizzanti\",\"url\":\"https:\/\/www.mugavero.it\/tr\/\",\"logo\":{\"@type\":\"ImageObject\",\"inLanguage\":\"es\",\"@id\":\"https:\/\/www.mugavero.it\/tr\/#\/schema\/logo\/image\/\",\"url\":\"https:\/\/www.mugavero.it\/wp-content\/uploads\/2019\/03\/MUGAVERO-LOGO-ita.png\",\"contentUrl\":\"https:\/\/www.mugavero.it\/wp-content\/uploads\/2019\/03\/MUGAVERO-LOGO-ita.png\",\"width\":1000,\"height\":656,\"caption\":\"Mugavero Fertilizzanti\"},\"image\":{\"@id\":\"https:\/\/www.mugavero.it\/tr\/#\/schema\/logo\/image\/\"},\"sameAs\":[\"https:\/\/www.facebook.com\/mugaverofertilizers\/\",\"https:\/\/www.instagram.com\/mugaverofertilizers\/\",\"https:\/\/www.linkedin.com\/company\/mugavero-fertilizers-official\/\",\"https:\/\/www.youtube.com\/channel\/UCcVmJoiUaqBv_pMIGSe6E2A\"]}]}<\/script>\n<!-- \/ Yoast SEO plugin. -->","yoast_head_json":{"title":"AUREA 46 | Mugavero","robots":{"index":"index","follow":"follow","max-snippet":"max-snippet:-1","max-image-preview":"max-image-preview:large","max-video-preview":"max-video-preview:-1"},"canonical":"https:\/\/www.mugavero.it\/es\/fertilizante\/aurea-46\/","og_locale":"es_ES","og_type":"article","og_title":"AUREA 46 | Mugavero","og_description":"Los productos de la l\u00ednea AUREA son fertilizantes de lenta liberaci\u00f3n. Contienen nitr\u00f3geno ureico tratado con NBTP \u201cN(nbutil) tiofosf\u00f3rico triamida\u201d, inhibidor qu\u00edmico de la ureasa  SACO EN POLIETILENO  25 kg  GRANULADO","og_url":"https:\/\/www.mugavero.it\/es\/fertilizante\/aurea-46\/","og_site_name":"Mugavero","article_publisher":"https:\/\/www.facebook.com\/mugaverofertilizers\/","article_modified_time":"2022-02-28T12:01:25+00:00","og_image":[{"width":1024,"height":1024,"url":"https:\/\/www.mugavero.it\/wp-content\/uploads\/2019\/01\/aurea_46-1024x1024.png","type":"image\/png"}],"twitter_card":"summary_large_image","twitter_misc":{"Tiempo de lectura":"1 minuto"},"schema":{"@context":"https:\/\/schema.org","@graph":[{"@type":"WebPage","@id":"https:\/\/www.mugavero.it\/es\/fertilizante\/aurea-46\/","url":"https:\/\/www.mugavero.it\/es\/fertilizante\/aurea-46\/","name":"AUREA 46 | Mugavero","isPartOf":{"@id":"https:\/\/www.mugavero.it\/tr\/#website"},"primaryImageOfPage":{"@id":"https:\/\/www.mugavero.it\/es\/fertilizante\/aurea-46\/#primaryimage"},"image":{"@id":"https:\/\/www.mugavero.it\/es\/fertilizante\/aurea-46\/#primaryimage"},"thumbnailUrl":"https:\/\/www.mugavero.it\/wp-content\/uploads\/2019\/01\/aurea_46-1024x1024.png","datePublished":"2019-02-11T19:34:58+00:00","dateModified":"2022-02-28T12:01:25+00:00","breadcrumb":{"@id":"https:\/\/www.mugavero.it\/es\/fertilizante\/aurea-46\/#breadcrumb"},"inLanguage":"es","potentialAction":[{"@type":"ReadAction","target":["https:\/\/www.mugavero.it\/es\/fertilizante\/aurea-46\/"]}]},{"@type":"ImageObject","inLanguage":"es","@id":"https:\/\/www.mugavero.it\/es\/fertilizante\/aurea-46\/#primaryimage","url":"https:\/\/www.mugavero.it\/wp-content\/uploads\/2019\/01\/aurea_46-1024x1024.png","contentUrl":"https:\/\/www.mugavero.it\/wp-content\/uploads\/2019\/01\/aurea_46-1024x1024.png","width":1024,"height":1024},{"@type":"BreadcrumbList","@id":"https:\/\/www.mugavero.it\/es\/fertilizante\/aurea-46\/#breadcrumb","itemListElement":[{"@type":"ListItem","position":1,"name":"Home","item":"https:\/\/www.mugavero.it\/es\/"},{"@type":"ListItem","position":2,"name":"Catalogo","item":"https:\/\/www.mugavero.it\/tr\/katalog\/"},{"@type":"ListItem","position":3,"name":"AUREA 46"}]},{"@type":"WebSite","@id":"https:\/\/www.mugavero.it\/tr\/#website","url":"https:\/\/www.mugavero.it\/tr\/","name":"Mugavero Fertilizers","description":"It&#039;s Green, White and Red","publisher":{"@id":"https:\/\/www.mugavero.it\/tr\/#organization"},"potentialAction":[{"@type":"SearchAction","target":{"@type":"EntryPoint","urlTemplate":"https:\/\/www.mugavero.it\/tr\/?s={search_term_string}"},"query-input":{"@type":"PropertyValueSpecification","valueRequired":true,"valueName":"search_term_string"}}],"inLanguage":"es"},{"@type":"Organization","@id":"https:\/\/www.mugavero.it\/tr\/#organization","name":"Mugavero Fertilizzanti","url":"https:\/\/www.mugavero.it\/tr\/","logo":{"@type":"ImageObject","inLanguage":"es","@id":"https:\/\/www.mugavero.it\/tr\/#\/schema\/logo\/image\/","url":"https:\/\/www.mugavero.it\/wp-content\/uploads\/2019\/03\/MUGAVERO-LOGO-ita.png","contentUrl":"https:\/\/www.mugavero.it\/wp-content\/uploads\/2019\/03\/MUGAVERO-LOGO-ita.png","width":1000,"height":656,"caption":"Mugavero Fertilizzanti"},"image":{"@id":"https:\/\/www.mugavero.it\/tr\/#\/schema\/logo\/image\/"},"sameAs":["https:\/\/www.facebook.com\/mugaverofertilizers\/","https:\/\/www.instagram.com\/mugaverofertilizers\/","https:\/\/www.linkedin.com\/company\/mugavero-fertilizers-official\/","https:\/\/www.youtube.com\/channel\/UCcVmJoiUaqBv_pMIGSe6E2A"]}]}},"_links":{"self":[{"href":"https:\/\/www.mugavero.it\/es\/wp-json\/wp\/v2\/product\/2612"}],"collection":[{"href":"https:\/\/www.mugavero.it\/es\/wp-json\/wp\/v2\/product"}],"about":[{"href":"https:\/\/www.mugavero.it\/es\/wp-json\/wp\/v2\/types\/product"}],"wp:featuredmedia":[{"embeddable":true,"href":"https:\/\/www.mugavero.it\/es\/wp-json\/wp\/v2\/media\/2006"}],"wp:attachment":[{"href":"https:\/\/www.mugavero.it\/es\/wp-json\/wp\/v2\/media?parent=2612"}],"curies":[{"name":"wp","href":"https:\/\/api.w.org\/{rel}","templated":true}]}}