{"id":2606,"date":"2019-01-15T09:57:10","date_gmt":"2019-02-11T18:44:26","guid":{"rendered":"https:\/\/www.mugavero.it\/?post_type=product&#038;p=2606"},"modified":"2019-04-12T11:20:21","modified_gmt":"2019-04-12T09:20:21","slug":"midotec-21-13-8","status":"publish","type":"product","link":"https:\/\/www.mugavero.it\/es\/fertilizante\/midotec-21-13-8\/","title":{"rendered":"MIDOTEC 21.13.8"},"content":{"rendered":"<p>Los productos de la l\u00ednea MIDOTEC son fertilizantes granulados NPK de lenta liberaci\u00f3n que contienen inhibidores de la nitrificaci\u00f3n Diciandiamida (<strong>DCD<\/strong>) o 3,4 Dimetilpirazolo-fosfato (<strong>DMPP<\/strong>).<\/p>\n<p>El nitr\u00f3geno es fundamental para la nutrici\u00f3n de las plantas y asegura una alta producci\u00f3n en los cultivos.<\/p>\n<p>Normalmente el contenido de nitr\u00f3geno de los fertilizantes, se pierde r\u00e1pidamente en el medio despu\u00e9s de la aplicaci\u00f3n. Pero con los productos MIDOTEC estas pedidas se reducen considerablemente gracias a la presencia de la DCD \/ DMPP, que ralentiza el proceso de la nitrificaci\u00f3n (la transformaci\u00f3n del nitr\u00f3geno amoniacal a n\u00edtrico se ralentiza de 8-12 semanas).<\/p>\n<p>La DCD \/ DMPP inhibe las bater\u00edas Nitrosomonas, que son las responsables del proceso de nitrificaci\u00f3n. Por lo que el nitr\u00f3geno amoniacal permanece en el suelo por un largo periodo de tiempo, antes de transformarse en nitr\u00f3geno n\u00edtrico. En otras palabras, el nitr\u00f3geno que normalmente se perder\u00eda por volatilizaci\u00f3n o por lavado, permanece en el terreno y estar\u00e1 disponible para las plantas de 8 a 12 semanas.<\/p>\n<p>El uso de los fertilizantes MIDOTEC naturalmente conlleva ventajas econ\u00f3micas para los agricultores, en particular una mayor disponibilidad de nitr\u00f3geno para los cultivos que se traduce en una menor aplicaci\u00f3n de fertilizantes.<br \/>\nNuestros productos MIDOTEC (hecho en Italia) respetan el medio ambiente y act\u00faan de acuerdo con las directivas de la Comisi\u00f3n Europea con respecto a la reducci\u00f3n de emisiones de CO2 atmosf\u00e9rico.<\/p>\n<p>El producto puede ser distribuido sobre toda la superficie o localizado a lo largo de la fila o hilera para abonados de fondo o cobertera.<\/p>\n","protected":false},"excerpt":{"rendered":"<p>NPK 21-13-8 + 2 MgO + 7 SO<sub>3<\/sub><\/p>\n<p>Los productos de la l\u00ednea MIDOTEC son fertilizantes granulados NPK de lenta liberaci\u00f3n que contienen inhibidores de la nitrificaci\u00f3n Diciandiamida (<strong>DCD<\/strong>) o 3,4 Dimetilpirazolo-fosfato (<strong>DMPP<\/strong>)<\/p>\n<p><img decoding=\"async\" class=\"alignnone wp-image-1982\" src=\"https:\/\/www.mugavero.it\/wp-content\/uploads\/2017\/01\/rafia.png\" alt=\"\" width=\"30\" height=\"30\" srcset=\"https:\/\/www.mugavero.it\/wp-content\/uploads\/2017\/01\/rafia.png 120w, https:\/\/www.mugavero.it\/wp-content\/uploads\/2017\/01\/rafia-100x100.png 100w\" sizes=\"(max-width: 30px) 100vw, 30px\" \/>SACO EN POLIETILENO<\/p>\n<p><img decoding=\"async\" class=\"alignnone wp-image-1980\" src=\"https:\/\/www.mugavero.it\/wp-content\/uploads\/2017\/01\/peso.png\" alt=\"\" width=\"30\" height=\"30\" srcset=\"https:\/\/www.mugavero.it\/wp-content\/uploads\/2017\/01\/peso.png 120w, https:\/\/www.mugavero.it\/wp-content\/uploads\/2017\/01\/peso-100x100.png 100w\" sizes=\"(max-width: 30px) 100vw, 30px\" \/>25 kg<\/p>\n<p><img decoding=\"async\" class=\"alignnone wp-image-1978\" src=\"https:\/\/www.mugavero.it\/wp-content\/uploads\/2017\/01\/GRANULAR.png\" alt=\"\" width=\"30\" height=\"30\" srcset=\"https:\/\/www.mugavero.it\/wp-content\/uploads\/2017\/01\/GRANULAR.png 120w, https:\/\/www.mugavero.it\/wp-content\/uploads\/2017\/01\/GRANULAR-100x100.png 100w\" sizes=\"(max-width: 30px) 100vw, 30px\" \/>GRANULADO<\/p>\n","protected":false},"featured_media":4033,"template":"","meta":{"_exactmetrics_skip_tracking":false,"_exactmetrics_sitenote_active":false,"_exactmetrics_sitenote_note":"","_exactmetrics_sitenote_category":0},"yoast_head":"<!-- This site is optimized with the Yoast SEO plugin v23.4 - https:\/\/yoast.com\/wordpress\/plugins\/seo\/ -->\n<title>MIDOTEC 21.13.8 | Mugavero<\/title>\n<meta name=\"robots\" content=\"index, follow, max-snippet:-1, max-image-preview:large, max-video-preview:-1\" \/>\n<link rel=\"canonical\" href=\"https:\/\/www.mugavero.it\/fertilizante\/midotec-21-13-8\/\" \/>\n<meta property=\"og:locale\" content=\"es_ES\" \/>\n<meta property=\"og:type\" content=\"article\" \/>\n<meta property=\"og:title\" content=\"MIDOTEC 21.13.8 | Mugavero\" \/>\n<meta property=\"og:description\" content=\"NPK 21-13-8 + 2 MgO + 7 SO3  Los productos de la l\u00ednea MIDOTEC son fertilizantes granulados NPK de lenta liberaci\u00f3n que contienen inhibidores de la nitrificaci\u00f3n Diciandiamida (DCD) o 3,4 Dimetilpirazolo-fosfato (DMPP)  SACO EN POLIETILENO  25 kg  GRANULADO\" \/>\n<meta property=\"og:url\" content=\"https:\/\/www.mugavero.it\/fertilizante\/midotec-21-13-8\/\" \/>\n<meta property=\"og:site_name\" content=\"Mugavero\" \/>\n<meta property=\"article:publisher\" content=\"https:\/\/www.facebook.com\/mugaverofertilizers\/\" \/>\n<meta property=\"article:modified_time\" content=\"2019-04-12T09:20:21+00:00\" \/>\n<meta property=\"og:image\" content=\"https:\/\/www.mugavero.it\/wp-content\/uploads\/2019\/01\/MIDOTEC-21-13-8.png\" \/>\n\t<meta property=\"og:image:width\" content=\"1378\" \/>\n\t<meta property=\"og:image:height\" content=\"1733\" \/>\n\t<meta property=\"og:image:type\" content=\"image\/png\" \/>\n<meta name=\"twitter:card\" content=\"summary_large_image\" \/>\n<meta name=\"twitter:label1\" content=\"Tiempo de lectura\" \/>\n\t<meta name=\"twitter:data1\" content=\"1 minuto\" \/>\n<script type=\"application\/ld+json\" class=\"yoast-schema-graph\">{\"@context\":\"https:\/\/schema.org\",\"@graph\":[{\"@type\":\"WebPage\",\"@id\":\"https:\/\/www.mugavero.it\/fertilizante\/midotec-21-13-8\/\",\"url\":\"https:\/\/www.mugavero.it\/fertilizante\/midotec-21-13-8\/\",\"name\":\"MIDOTEC 21.13.8 | Mugavero\",\"isPartOf\":{\"@id\":\"https:\/\/www.mugavero.it\/tr\/#website\"},\"primaryImageOfPage\":{\"@id\":\"https:\/\/www.mugavero.it\/fertilizante\/midotec-21-13-8\/#primaryimage\"},\"image\":{\"@id\":\"https:\/\/www.mugavero.it\/fertilizante\/midotec-21-13-8\/#primaryimage\"},\"thumbnailUrl\":\"https:\/\/www.mugavero.it\/wp-content\/uploads\/2019\/01\/MIDOTEC-21-13-8.png\",\"datePublished\":\"2019-02-11T18:44:26+00:00\",\"dateModified\":\"2019-04-12T09:20:21+00:00\",\"breadcrumb\":{\"@id\":\"https:\/\/www.mugavero.it\/fertilizante\/midotec-21-13-8\/#breadcrumb\"},\"inLanguage\":\"es\",\"potentialAction\":[{\"@type\":\"ReadAction\",\"target\":[\"https:\/\/www.mugavero.it\/fertilizante\/midotec-21-13-8\/\"]}]},{\"@type\":\"ImageObject\",\"inLanguage\":\"es\",\"@id\":\"https:\/\/www.mugavero.it\/fertilizante\/midotec-21-13-8\/#primaryimage\",\"url\":\"https:\/\/www.mugavero.it\/wp-content\/uploads\/2019\/01\/MIDOTEC-21-13-8.png\",\"contentUrl\":\"https:\/\/www.mugavero.it\/wp-content\/uploads\/2019\/01\/MIDOTEC-21-13-8.png\",\"width\":1378,\"height\":1733},{\"@type\":\"BreadcrumbList\",\"@id\":\"https:\/\/www.mugavero.it\/fertilizante\/midotec-21-13-8\/#breadcrumb\",\"itemListElement\":[{\"@type\":\"ListItem\",\"position\":1,\"name\":\"Home\",\"item\":\"https:\/\/www.mugavero.it\/es\/\"},{\"@type\":\"ListItem\",\"position\":2,\"name\":\"Catalogo\",\"item\":\"https:\/\/www.mugavero.it\/tr\/katalog\/\"},{\"@type\":\"ListItem\",\"position\":3,\"name\":\"MIDOTEC 21.13.8\"}]},{\"@type\":\"WebSite\",\"@id\":\"https:\/\/www.mugavero.it\/tr\/#website\",\"url\":\"https:\/\/www.mugavero.it\/tr\/\",\"name\":\"Mugavero Fertilizers\",\"description\":\"It&#039;s Green, White and Red\",\"publisher\":{\"@id\":\"https:\/\/www.mugavero.it\/tr\/#organization\"},\"potentialAction\":[{\"@type\":\"SearchAction\",\"target\":{\"@type\":\"EntryPoint\",\"urlTemplate\":\"https:\/\/www.mugavero.it\/tr\/?s={search_term_string}\"},\"query-input\":{\"@type\":\"PropertyValueSpecification\",\"valueRequired\":true,\"valueName\":\"search_term_string\"}}],\"inLanguage\":\"es\"},{\"@type\":\"Organization\",\"@id\":\"https:\/\/www.mugavero.it\/tr\/#organization\",\"name\":\"Mugavero Fertilizzanti\",\"url\":\"https:\/\/www.mugavero.it\/tr\/\",\"logo\":{\"@type\":\"ImageObject\",\"inLanguage\":\"es\",\"@id\":\"https:\/\/www.mugavero.it\/tr\/#\/schema\/logo\/image\/\",\"url\":\"https:\/\/www.mugavero.it\/wp-content\/uploads\/2019\/03\/MUGAVERO-LOGO-ita.png\",\"contentUrl\":\"https:\/\/www.mugavero.it\/wp-content\/uploads\/2019\/03\/MUGAVERO-LOGO-ita.png\",\"width\":1000,\"height\":656,\"caption\":\"Mugavero Fertilizzanti\"},\"image\":{\"@id\":\"https:\/\/www.mugavero.it\/tr\/#\/schema\/logo\/image\/\"},\"sameAs\":[\"https:\/\/www.facebook.com\/mugaverofertilizers\/\",\"https:\/\/www.instagram.com\/mugaverofertilizers\/\",\"https:\/\/www.linkedin.com\/company\/mugavero-fertilizers-official\/\",\"https:\/\/www.youtube.com\/channel\/UCcVmJoiUaqBv_pMIGSe6E2A\"]}]}<\/script>\n<!-- \/ Yoast SEO plugin. -->","yoast_head_json":{"title":"MIDOTEC 21.13.8 | Mugavero","robots":{"index":"index","follow":"follow","max-snippet":"max-snippet:-1","max-image-preview":"max-image-preview:large","max-video-preview":"max-video-preview:-1"},"canonical":"https:\/\/www.mugavero.it\/fertilizante\/midotec-21-13-8\/","og_locale":"es_ES","og_type":"article","og_title":"MIDOTEC 21.13.8 | Mugavero","og_description":"NPK 21-13-8 + 2 MgO + 7 SO3  Los productos de la l\u00ednea MIDOTEC son fertilizantes granulados NPK de lenta liberaci\u00f3n que contienen inhibidores de la nitrificaci\u00f3n Diciandiamida (DCD) o 3,4 Dimetilpirazolo-fosfato (DMPP)  SACO EN POLIETILENO  25 kg  GRANULADO","og_url":"https:\/\/www.mugavero.it\/fertilizante\/midotec-21-13-8\/","og_site_name":"Mugavero","article_publisher":"https:\/\/www.facebook.com\/mugaverofertilizers\/","article_modified_time":"2019-04-12T09:20:21+00:00","og_image":[{"width":1378,"height":1733,"url":"https:\/\/www.mugavero.it\/wp-content\/uploads\/2019\/01\/MIDOTEC-21-13-8.png","type":"image\/png"}],"twitter_card":"summary_large_image","twitter_misc":{"Tiempo de lectura":"1 minuto"},"schema":{"@context":"https:\/\/schema.org","@graph":[{"@type":"WebPage","@id":"https:\/\/www.mugavero.it\/fertilizante\/midotec-21-13-8\/","url":"https:\/\/www.mugavero.it\/fertilizante\/midotec-21-13-8\/","name":"MIDOTEC 21.13.8 | Mugavero","isPartOf":{"@id":"https:\/\/www.mugavero.it\/tr\/#website"},"primaryImageOfPage":{"@id":"https:\/\/www.mugavero.it\/fertilizante\/midotec-21-13-8\/#primaryimage"},"image":{"@id":"https:\/\/www.mugavero.it\/fertilizante\/midotec-21-13-8\/#primaryimage"},"thumbnailUrl":"https:\/\/www.mugavero.it\/wp-content\/uploads\/2019\/01\/MIDOTEC-21-13-8.png","datePublished":"2019-02-11T18:44:26+00:00","dateModified":"2019-04-12T09:20:21+00:00","breadcrumb":{"@id":"https:\/\/www.mugavero.it\/fertilizante\/midotec-21-13-8\/#breadcrumb"},"inLanguage":"es","potentialAction":[{"@type":"ReadAction","target":["https:\/\/www.mugavero.it\/fertilizante\/midotec-21-13-8\/"]}]},{"@type":"ImageObject","inLanguage":"es","@id":"https:\/\/www.mugavero.it\/fertilizante\/midotec-21-13-8\/#primaryimage","url":"https:\/\/www.mugavero.it\/wp-content\/uploads\/2019\/01\/MIDOTEC-21-13-8.png","contentUrl":"https:\/\/www.mugavero.it\/wp-content\/uploads\/2019\/01\/MIDOTEC-21-13-8.png","width":1378,"height":1733},{"@type":"BreadcrumbList","@id":"https:\/\/www.mugavero.it\/fertilizante\/midotec-21-13-8\/#breadcrumb","itemListElement":[{"@type":"ListItem","position":1,"name":"Home","item":"https:\/\/www.mugavero.it\/es\/"},{"@type":"ListItem","position":2,"name":"Catalogo","item":"https:\/\/www.mugavero.it\/tr\/katalog\/"},{"@type":"ListItem","position":3,"name":"MIDOTEC 21.13.8"}]},{"@type":"WebSite","@id":"https:\/\/www.mugavero.it\/tr\/#website","url":"https:\/\/www.mugavero.it\/tr\/","name":"Mugavero Fertilizers","description":"It&#039;s Green, White and Red","publisher":{"@id":"https:\/\/www.mugavero.it\/tr\/#organization"},"potentialAction":[{"@type":"SearchAction","target":{"@type":"EntryPoint","urlTemplate":"https:\/\/www.mugavero.it\/tr\/?s={search_term_string}"},"query-input":{"@type":"PropertyValueSpecification","valueRequired":true,"valueName":"search_term_string"}}],"inLanguage":"es"},{"@type":"Organization","@id":"https:\/\/www.mugavero.it\/tr\/#organization","name":"Mugavero Fertilizzanti","url":"https:\/\/www.mugavero.it\/tr\/","logo":{"@type":"ImageObject","inLanguage":"es","@id":"https:\/\/www.mugavero.it\/tr\/#\/schema\/logo\/image\/","url":"https:\/\/www.mugavero.it\/wp-content\/uploads\/2019\/03\/MUGAVERO-LOGO-ita.png","contentUrl":"https:\/\/www.mugavero.it\/wp-content\/uploads\/2019\/03\/MUGAVERO-LOGO-ita.png","width":1000,"height":656,"caption":"Mugavero Fertilizzanti"},"image":{"@id":"https:\/\/www.mugavero.it\/tr\/#\/schema\/logo\/image\/"},"sameAs":["https:\/\/www.facebook.com\/mugaverofertilizers\/","https:\/\/www.instagram.com\/mugaverofertilizers\/","https:\/\/www.linkedin.com\/company\/mugavero-fertilizers-official\/","https:\/\/www.youtube.com\/channel\/UCcVmJoiUaqBv_pMIGSe6E2A"]}]}},"_links":{"self":[{"href":"https:\/\/www.mugavero.it\/es\/wp-json\/wp\/v2\/product\/2606"}],"collection":[{"href":"https:\/\/www.mugavero.it\/es\/wp-json\/wp\/v2\/product"}],"about":[{"href":"https:\/\/www.mugavero.it\/es\/wp-json\/wp\/v2\/types\/product"}],"wp:featuredmedia":[{"embeddable":true,"href":"https:\/\/www.mugavero.it\/es\/wp-json\/wp\/v2\/media\/4033"}],"wp:attachment":[{"href":"https:\/\/www.mugavero.it\/es\/wp-json\/wp\/v2\/media?parent=2606"}],"curies":[{"name":"wp","href":"https:\/\/api.w.org\/{rel}","templated":true}]}}