{"id":11809,"date":"2023-09-01T15:07:23","date_gmt":"2023-09-01T13:07:23","guid":{"rendered":"https:\/\/www.mugavero.it\/fertilizzante\/battiria-primus\/"},"modified":"2023-11-19T22:28:58","modified_gmt":"2023-11-19T21:28:58","slug":"battiria-primus","status":"publish","type":"product","link":"https:\/\/www.mugavero.it\/es\/fertilizante\/battiria-primus\/","title":{"rendered":"BATTIRIA Primus"},"content":{"rendered":"","protected":false},"excerpt":{"rendered":"<p>La l\u00ednea Battiria Coating incluye fertilizantes granulados bioactivados con la innovadora tecnolog\u00eda MAS, es decir, cubiertos con mol\u00e9culas bioactivas naturales que aportan beneficios al microbiota del suelo. El recubrimiento del gr\u00e1nulo aumenta la eficiencia y sostenibilidad del fertilizante al mismo tiempo que promueve la reconstituci\u00f3n de la poblaci\u00f3n microbiana del suelo.<\/p>\n<p><img decoding=\"async\" class=\"alignnone wp-image-7308\" src=\"https:\/\/www.mugavero.it\/wp-content\/uploads\/2019\/01\/SACCHETTO-1.png\" alt=\"\" width=\"41\" height=\"40\" srcset=\"https:\/\/www.mugavero.it\/wp-content\/uploads\/2019\/01\/SACCHETTO-1.png 418w, https:\/\/www.mugavero.it\/wp-content\/uploads\/2019\/01\/SACCHETTO-1-300x300.png 300w, https:\/\/www.mugavero.it\/wp-content\/uploads\/2019\/01\/SACCHETTO-1-150x150.png 150w, https:\/\/www.mugavero.it\/wp-content\/uploads\/2019\/01\/SACCHETTO-1-187x187.png 187w, https:\/\/www.mugavero.it\/wp-content\/uploads\/2019\/01\/SACCHETTO-1-100x100.png 100w\" sizes=\"(max-width: 41px) 100vw, 41px\" \/>25\/40 kg<\/p>\n<p><img decoding=\"async\" class=\"alignnone wp-image-7315\" src=\"https:\/\/www.mugavero.it\/wp-content\/uploads\/2019\/01\/SACCO-INDUSTRIALE.png\" alt=\"\" width=\"41\" height=\"41\" data-wp-editing=\"1\" srcset=\"https:\/\/www.mugavero.it\/wp-content\/uploads\/2019\/01\/SACCO-INDUSTRIALE.png 418w, https:\/\/www.mugavero.it\/wp-content\/uploads\/2019\/01\/SACCO-INDUSTRIALE-300x300.png 300w, https:\/\/www.mugavero.it\/wp-content\/uploads\/2019\/01\/SACCO-INDUSTRIALE-150x150.png 150w, https:\/\/www.mugavero.it\/wp-content\/uploads\/2019\/01\/SACCO-INDUSTRIALE-187x187.png 187w, https:\/\/www.mugavero.it\/wp-content\/uploads\/2019\/01\/SACCO-INDUSTRIALE-100x100.png 100w\" sizes=\"(max-width: 41px) 100vw, 41px\" \/> 600 kg<\/p>\n<p><img decoding=\"async\" class=\"alignnone wp-image-7301\" src=\"https:\/\/www.mugavero.it\/wp-content\/uploads\/2019\/01\/MECCANICA.png\" alt=\"\" width=\"41\" height=\"41\" srcset=\"https:\/\/www.mugavero.it\/wp-content\/uploads\/2019\/01\/MECCANICA.png 418w, https:\/\/www.mugavero.it\/wp-content\/uploads\/2019\/01\/MECCANICA-300x300.png 300w, https:\/\/www.mugavero.it\/wp-content\/uploads\/2019\/01\/MECCANICA-150x150.png 150w, https:\/\/www.mugavero.it\/wp-content\/uploads\/2019\/01\/MECCANICA-187x187.png 187w, https:\/\/www.mugavero.it\/wp-content\/uploads\/2019\/01\/MECCANICA-100x100.png 100w\" sizes=\"(max-width: 41px) 100vw, 41px\" \/>Aplicac\u00econ Mec\u00e0nica<\/p>\n<p><img decoding=\"async\" class=\"alignnone wp-image-7329\" src=\"https:\/\/www.mugavero.it\/wp-content\/uploads\/2019\/01\/LENTO-RILASCIO.png\" alt=\"\" width=\"41\" height=\"41\" srcset=\"https:\/\/www.mugavero.it\/wp-content\/uploads\/2019\/01\/LENTO-RILASCIO.png 418w, https:\/\/www.mugavero.it\/wp-content\/uploads\/2019\/01\/LENTO-RILASCIO-300x300.png 300w, https:\/\/www.mugavero.it\/wp-content\/uploads\/2019\/01\/LENTO-RILASCIO-150x150.png 150w, https:\/\/www.mugavero.it\/wp-content\/uploads\/2019\/01\/LENTO-RILASCIO-187x187.png 187w, https:\/\/www.mugavero.it\/wp-content\/uploads\/2019\/01\/LENTO-RILASCIO-100x100.png 100w\" sizes=\"(max-width: 41px) 100vw, 41px\" \/>\u00a0Lenta Liberaci\u00f3n<\/p>\n<p>&nbsp;<\/p>\n<p>Titolo : N.P. 16-20<\/p>\n<p>&nbsp;<\/p>\n<p>&nbsp;<\/p>\n","protected":false},"featured_media":11802,"template":"","meta":{"_exactmetrics_skip_tracking":false,"_exactmetrics_sitenote_active":false,"_exactmetrics_sitenote_note":"","_exactmetrics_sitenote_category":0},"yoast_head":"<!-- This site is optimized with the Yoast SEO plugin v23.4 - https:\/\/yoast.com\/wordpress\/plugins\/seo\/ -->\n<title>BATTIRIA Primus | Mugavero<\/title>\n<meta name=\"description\" content=\"La linea BATTIRIA coating \u00e8 indicata per la concimazione di fondo e di copertura di tutte le colture; i fertilizzanti BATTIRIA...\" \/>\n<meta name=\"robots\" content=\"index, follow, max-snippet:-1, max-image-preview:large, max-video-preview:-1\" \/>\n<link rel=\"canonical\" href=\"https:\/\/www.mugavero.it\/fertilizante\/battiria-primus\/\" \/>\n<meta property=\"og:locale\" content=\"es_ES\" \/>\n<meta property=\"og:type\" content=\"article\" \/>\n<meta property=\"og:title\" content=\"BATTIRIA Primus | Mugavero\" \/>\n<meta property=\"og:description\" content=\"La linea BATTIRIA coating \u00e8 indicata per la concimazione di fondo e di copertura di tutte le colture; i fertilizzanti BATTIRIA...\" \/>\n<meta property=\"og:url\" content=\"https:\/\/www.mugavero.it\/fertilizante\/battiria-primus\/\" \/>\n<meta property=\"og:site_name\" content=\"Mugavero\" \/>\n<meta property=\"article:publisher\" content=\"https:\/\/www.facebook.com\/mugaverofertilizers\/\" \/>\n<meta property=\"article:modified_time\" content=\"2023-11-19T21:28:58+00:00\" \/>\n<meta property=\"og:image\" content=\"https:\/\/www.mugavero.it\/wp-content\/uploads\/2023\/09\/battiria-coating-png.png\" \/>\n\t<meta property=\"og:image:width\" content=\"1378\" \/>\n\t<meta property=\"og:image:height\" content=\"1733\" \/>\n\t<meta property=\"og:image:type\" content=\"image\/png\" \/>\n<meta name=\"twitter:card\" content=\"summary_large_image\" \/>\n<script type=\"application\/ld+json\" class=\"yoast-schema-graph\">{\"@context\":\"https:\/\/schema.org\",\"@graph\":[{\"@type\":\"WebPage\",\"@id\":\"https:\/\/www.mugavero.it\/fertilizante\/battiria-primus\/\",\"url\":\"https:\/\/www.mugavero.it\/fertilizante\/battiria-primus\/\",\"name\":\"BATTIRIA Primus | Mugavero\",\"isPartOf\":{\"@id\":\"https:\/\/www.mugavero.it\/tr\/#website\"},\"primaryImageOfPage\":{\"@id\":\"https:\/\/www.mugavero.it\/fertilizante\/battiria-primus\/#primaryimage\"},\"image\":{\"@id\":\"https:\/\/www.mugavero.it\/fertilizante\/battiria-primus\/#primaryimage\"},\"thumbnailUrl\":\"https:\/\/www.mugavero.it\/wp-content\/uploads\/2023\/09\/battiria-coating-png.png\",\"datePublished\":\"2023-09-01T13:07:23+00:00\",\"dateModified\":\"2023-11-19T21:28:58+00:00\",\"description\":\"La linea BATTIRIA coating \u00e8 indicata per la concimazione di fondo e di copertura di tutte le colture; i fertilizzanti BATTIRIA...\",\"breadcrumb\":{\"@id\":\"https:\/\/www.mugavero.it\/fertilizante\/battiria-primus\/#breadcrumb\"},\"inLanguage\":\"es\",\"potentialAction\":[{\"@type\":\"ReadAction\",\"target\":[\"https:\/\/www.mugavero.it\/fertilizante\/battiria-primus\/\"]}]},{\"@type\":\"ImageObject\",\"inLanguage\":\"es\",\"@id\":\"https:\/\/www.mugavero.it\/fertilizante\/battiria-primus\/#primaryimage\",\"url\":\"https:\/\/www.mugavero.it\/wp-content\/uploads\/2023\/09\/battiria-coating-png.png\",\"contentUrl\":\"https:\/\/www.mugavero.it\/wp-content\/uploads\/2023\/09\/battiria-coating-png.png\",\"width\":1378,\"height\":1733},{\"@type\":\"BreadcrumbList\",\"@id\":\"https:\/\/www.mugavero.it\/fertilizante\/battiria-primus\/#breadcrumb\",\"itemListElement\":[{\"@type\":\"ListItem\",\"position\":1,\"name\":\"Home\",\"item\":\"https:\/\/www.mugavero.it\/es\/\"},{\"@type\":\"ListItem\",\"position\":2,\"name\":\"Catalogo\",\"item\":\"https:\/\/www.mugavero.it\/tr\/katalog\/\"},{\"@type\":\"ListItem\",\"position\":3,\"name\":\"BATTIRIA Primus\"}]},{\"@type\":\"WebSite\",\"@id\":\"https:\/\/www.mugavero.it\/tr\/#website\",\"url\":\"https:\/\/www.mugavero.it\/tr\/\",\"name\":\"Mugavero Fertilizers\",\"description\":\"It&#039;s Green, White and Red\",\"publisher\":{\"@id\":\"https:\/\/www.mugavero.it\/tr\/#organization\"},\"potentialAction\":[{\"@type\":\"SearchAction\",\"target\":{\"@type\":\"EntryPoint\",\"urlTemplate\":\"https:\/\/www.mugavero.it\/tr\/?s={search_term_string}\"},\"query-input\":{\"@type\":\"PropertyValueSpecification\",\"valueRequired\":true,\"valueName\":\"search_term_string\"}}],\"inLanguage\":\"es\"},{\"@type\":\"Organization\",\"@id\":\"https:\/\/www.mugavero.it\/tr\/#organization\",\"name\":\"Mugavero Fertilizzanti\",\"url\":\"https:\/\/www.mugavero.it\/tr\/\",\"logo\":{\"@type\":\"ImageObject\",\"inLanguage\":\"es\",\"@id\":\"https:\/\/www.mugavero.it\/tr\/#\/schema\/logo\/image\/\",\"url\":\"https:\/\/www.mugavero.it\/wp-content\/uploads\/2019\/03\/MUGAVERO-LOGO-ita.png\",\"contentUrl\":\"https:\/\/www.mugavero.it\/wp-content\/uploads\/2019\/03\/MUGAVERO-LOGO-ita.png\",\"width\":1000,\"height\":656,\"caption\":\"Mugavero Fertilizzanti\"},\"image\":{\"@id\":\"https:\/\/www.mugavero.it\/tr\/#\/schema\/logo\/image\/\"},\"sameAs\":[\"https:\/\/www.facebook.com\/mugaverofertilizers\/\",\"https:\/\/www.instagram.com\/mugaverofertilizers\/\",\"https:\/\/www.linkedin.com\/company\/mugavero-fertilizers-official\/\",\"https:\/\/www.youtube.com\/channel\/UCcVmJoiUaqBv_pMIGSe6E2A\"]}]}<\/script>\n<!-- \/ Yoast SEO plugin. -->","yoast_head_json":{"title":"BATTIRIA Primus | Mugavero","description":"La linea BATTIRIA coating \u00e8 indicata per la concimazione di fondo e di copertura di tutte le colture; i fertilizzanti BATTIRIA...","robots":{"index":"index","follow":"follow","max-snippet":"max-snippet:-1","max-image-preview":"max-image-preview:large","max-video-preview":"max-video-preview:-1"},"canonical":"https:\/\/www.mugavero.it\/fertilizante\/battiria-primus\/","og_locale":"es_ES","og_type":"article","og_title":"BATTIRIA Primus | Mugavero","og_description":"La linea BATTIRIA coating \u00e8 indicata per la concimazione di fondo e di copertura di tutte le colture; i fertilizzanti BATTIRIA...","og_url":"https:\/\/www.mugavero.it\/fertilizante\/battiria-primus\/","og_site_name":"Mugavero","article_publisher":"https:\/\/www.facebook.com\/mugaverofertilizers\/","article_modified_time":"2023-11-19T21:28:58+00:00","og_image":[{"width":1378,"height":1733,"url":"https:\/\/www.mugavero.it\/wp-content\/uploads\/2023\/09\/battiria-coating-png.png","type":"image\/png"}],"twitter_card":"summary_large_image","schema":{"@context":"https:\/\/schema.org","@graph":[{"@type":"WebPage","@id":"https:\/\/www.mugavero.it\/fertilizante\/battiria-primus\/","url":"https:\/\/www.mugavero.it\/fertilizante\/battiria-primus\/","name":"BATTIRIA Primus | Mugavero","isPartOf":{"@id":"https:\/\/www.mugavero.it\/tr\/#website"},"primaryImageOfPage":{"@id":"https:\/\/www.mugavero.it\/fertilizante\/battiria-primus\/#primaryimage"},"image":{"@id":"https:\/\/www.mugavero.it\/fertilizante\/battiria-primus\/#primaryimage"},"thumbnailUrl":"https:\/\/www.mugavero.it\/wp-content\/uploads\/2023\/09\/battiria-coating-png.png","datePublished":"2023-09-01T13:07:23+00:00","dateModified":"2023-11-19T21:28:58+00:00","description":"La linea BATTIRIA coating \u00e8 indicata per la concimazione di fondo e di copertura di tutte le colture; i fertilizzanti BATTIRIA...","breadcrumb":{"@id":"https:\/\/www.mugavero.it\/fertilizante\/battiria-primus\/#breadcrumb"},"inLanguage":"es","potentialAction":[{"@type":"ReadAction","target":["https:\/\/www.mugavero.it\/fertilizante\/battiria-primus\/"]}]},{"@type":"ImageObject","inLanguage":"es","@id":"https:\/\/www.mugavero.it\/fertilizante\/battiria-primus\/#primaryimage","url":"https:\/\/www.mugavero.it\/wp-content\/uploads\/2023\/09\/battiria-coating-png.png","contentUrl":"https:\/\/www.mugavero.it\/wp-content\/uploads\/2023\/09\/battiria-coating-png.png","width":1378,"height":1733},{"@type":"BreadcrumbList","@id":"https:\/\/www.mugavero.it\/fertilizante\/battiria-primus\/#breadcrumb","itemListElement":[{"@type":"ListItem","position":1,"name":"Home","item":"https:\/\/www.mugavero.it\/es\/"},{"@type":"ListItem","position":2,"name":"Catalogo","item":"https:\/\/www.mugavero.it\/tr\/katalog\/"},{"@type":"ListItem","position":3,"name":"BATTIRIA Primus"}]},{"@type":"WebSite","@id":"https:\/\/www.mugavero.it\/tr\/#website","url":"https:\/\/www.mugavero.it\/tr\/","name":"Mugavero Fertilizers","description":"It&#039;s Green, White and Red","publisher":{"@id":"https:\/\/www.mugavero.it\/tr\/#organization"},"potentialAction":[{"@type":"SearchAction","target":{"@type":"EntryPoint","urlTemplate":"https:\/\/www.mugavero.it\/tr\/?s={search_term_string}"},"query-input":{"@type":"PropertyValueSpecification","valueRequired":true,"valueName":"search_term_string"}}],"inLanguage":"es"},{"@type":"Organization","@id":"https:\/\/www.mugavero.it\/tr\/#organization","name":"Mugavero Fertilizzanti","url":"https:\/\/www.mugavero.it\/tr\/","logo":{"@type":"ImageObject","inLanguage":"es","@id":"https:\/\/www.mugavero.it\/tr\/#\/schema\/logo\/image\/","url":"https:\/\/www.mugavero.it\/wp-content\/uploads\/2019\/03\/MUGAVERO-LOGO-ita.png","contentUrl":"https:\/\/www.mugavero.it\/wp-content\/uploads\/2019\/03\/MUGAVERO-LOGO-ita.png","width":1000,"height":656,"caption":"Mugavero Fertilizzanti"},"image":{"@id":"https:\/\/www.mugavero.it\/tr\/#\/schema\/logo\/image\/"},"sameAs":["https:\/\/www.facebook.com\/mugaverofertilizers\/","https:\/\/www.instagram.com\/mugaverofertilizers\/","https:\/\/www.linkedin.com\/company\/mugavero-fertilizers-official\/","https:\/\/www.youtube.com\/channel\/UCcVmJoiUaqBv_pMIGSe6E2A"]}]}},"_links":{"self":[{"href":"https:\/\/www.mugavero.it\/es\/wp-json\/wp\/v2\/product\/11809"}],"collection":[{"href":"https:\/\/www.mugavero.it\/es\/wp-json\/wp\/v2\/product"}],"about":[{"href":"https:\/\/www.mugavero.it\/es\/wp-json\/wp\/v2\/types\/product"}],"wp:featuredmedia":[{"embeddable":true,"href":"https:\/\/www.mugavero.it\/es\/wp-json\/wp\/v2\/media\/11802"}],"wp:attachment":[{"href":"https:\/\/www.mugavero.it\/es\/wp-json\/wp\/v2\/media?parent=11809"}],"curies":[{"name":"wp","href":"https:\/\/api.w.org\/{rel}","templated":true}]}}